{"id":1367,"date":"2024-05-06T06:37:51","date_gmt":"2024-05-06T06:37:51","guid":{"rendered":"https:\/\/sentaiyuanbio.com\/?post_type=product&#038;p=1367"},"modified":"2025-02-24T07:20:05","modified_gmt":"2025-02-24T07:20:05","slug":"shirataki-konjak-fettuccine","status":"publish","type":"product","link":"https:\/\/sentaiyuanbio.com\/de\/produkt\/shirataki-konjak-fettuccine\/","title":{"rendered":"Miracle Noodle Fettuccine, Zuckerfreie Di\u00e4tnahrung"},"content":{"rendered":"<p class=\"translation-block\">Wundernudel-Fettuccine wird aus nat\u00fcrlichen l\u00f6slichen Ballaststoffen - <a href=\"https:\/\/sentaiyuanbio.com\/de\/produkt\/konjakwurzel-glucomannan\/\" target=\"_blank\" rel=\"noopener\">Konjakwurzel-Glucomannan<\/a> (KGM) und Wasser hergestellt, ist ein sehr kohlenhydratarmes und sehr niedrig glyk\u00e4misches nat\u00fcrliches Lebensmittel, Konjac-Nudeln k\u00f6nnen in vielen verschiedenen Arten und Formen wie Nudeln, alle Arten von Pasta hergestellt werden.<\/p>\n<p>Wundert\u00fcten-Fettuccine werden auch Shirataki-Nudeln oder Konnyaku-Nudeln genannt.<\/p>\n<p class=\"translation-block\">Die Wundernahrungsmittel sind wei\u00df, fast durchsichtig, gelatineartig und in mit Wasser gef\u00fcllten Plastikbeuteln verpackt. Sie bestehen haupts\u00e4chlich aus Konjak-Glucomannan <a href=\"https:\/\/hethstia.com\/soluble-and-insoluble-fiber-konjac-rice\/\" target=\"_blank\" rel=\"noopener\">l\u00f6slichen Ballaststoffen<\/a> und sind sehr niedrig glyk\u00e4misch und daher besonders gut f\u00fcr Menschen mit Diabetes geeignet.<\/p>\n<table class=\"aliDataTable\" style=\"width: 80%;\" border=\"1\">\n<tbody>\n<tr>\n<td style=\"text-align: center; background-color: #339d2f;\" colspan=\"2\" valign=\"top\"><span style=\"font-family: times new roman,times; color: #ffffff; font-size: 24px;\"><strong>Shirataki Fettuccine-Nudeln N\u00e4hrwertangaben<\/strong><\/span><\/td>\n<\/tr>\n<tr>\n<td>Gr\u00f6\u00dfe der Portion<\/td>\n<td>\u00a0\u00a0\u00a0\u00a0\u00a0\u00a0\u00a0\u00a0\u00a0\u00a0\u00a0\u00a0\u00a0\u00a0\u00a0\u00a0\u00a0\u00a0\u00a0 \u00a0\u00a0\u00a0100g<\/td>\n<\/tr>\n<tr>\n<td>Energie<\/td>\n<td>\u00a0\u00a0\u00a0\u00a0\u00a0\u00a0\u00a0\u00a0\u00a0\u00a0\u00a0\u00a0\u00a0\u00a0\u00a0\u00a0\u00a0\u00a0\u00a0 6kcal\/100g<\/td>\n<\/tr>\n<tr>\n<td>Eiwei\u00df<\/td>\n<td>\u00a0\u00a0\u00a0\u00a0\u00a0\u00a0\u00a0\u00a0\u00a0\u00a0\u00a0\u00a0\u00a0\u00a0\u00a0\u00a0\u00a0\u00a0\u00a0 &lt;0,5g\/100g<\/td>\n<\/tr>\n<tr>\n<td>Fett gesamt<\/td>\n<td>\u00a0\u00a0\u00a0\u00a0\u00a0\u00a0\u00a0\u00a0\u00a0\u00a0\u00a0\u00a0\u00a0\u00a0\u00a0\u00a0\u00a0\u00a0\u00a0 &lt;0,5g\/100g<\/td>\n<\/tr>\n<tr>\n<td>Ges\u00e4ttigte Fetts\u00e4uren<\/td>\n<td>\u00a0\u00a0\u00a0\u00a0\u00a0\u00a0\u00a0\u00a0\u00a0\u00a0\u00a0\u00a0\u00a0\u00a0\u00a0\u00a0\u00a0\u00a0\u00a0 &lt;0,1g\/100g<\/td>\n<\/tr>\n<tr>\n<td>Transfetts\u00e4uren<\/td>\n<td>\u00a0\u00a0\u00a0\u00a0\u00a0\u00a0\u00a0\u00a0\u00a0\u00a0\u00a0\u00a0\u00a0\u00a0\u00a0\u00a0\u00a0\u00a0\u00a0 &lt;0,1g\/100g<\/td>\n<\/tr>\n<tr>\n<td>Kohlenhydrate insgesamt<\/td>\n<td>\u00a0\u00a0\u00a0\u00a0\u00a0\u00a0\u00a0\u00a0\u00a0\u00a0\u00a0\u00a0\u00a0\u00a0\u00a0\u00a0\u00a0\u00a0\u00a0 3,5g\/100g<\/td>\n<\/tr>\n<tr>\n<td>Zucker<\/td>\n<td>\u00a0\u00a0\u00a0\u00a0\u00a0\u00a0\u00a0\u00a0\u00a0\u00a0\u00a0\u00a0\u00a0\u00a0\u00a0\u00a0\u00a0\u00a0\u00a0 &lt;0,5g\/100g<\/td>\n<\/tr>\n<tr>\n<td>Ballaststoffe<\/td>\n<td>\u00a0\u00a0\u00a0\u00a0\u00a0\u00a0\u00a0\u00a0\u00a0\u00a0\u00a0\u00a0\u00a0\u00a0\u00a0\u00a0\u00a0\u00a0\u00a0\u00a0 3,0g\/100g<\/td>\n<\/tr>\n<tr>\n<td>Natrium<\/td>\n<td>\u00a0\u00a0\u00a0\u00a0\u00a0\u00a0\u00a0\u00a0\u00a0\u00a0\u00a0\u00a0\u00a0\u00a0\u00a0\u00a0\u00a0\u00a0\u00a0\u00a0&lt;5mg\/100g<\/td>\n<\/tr>\n<\/tbody>\n<\/table>\n<p>&nbsp;<\/p>\n<h2>Wie man Miracle Noodle Fettuccine zubereitet:<\/h2>\n<p>1. Das Wasser aus der Packung abgie\u00dfen.<\/p>\n<p>2. Die Konjaknudeln unter flie\u00dfendem warmen Wasser gut absp\u00fclen und abtropfen lassen.<\/p>\n<p>3. Die Konjaknudeln in kochendem Wasser oder in der Mikrowelle 3-5 Minuten kochen.<\/p>\n<p>4. In die gew\u00fcnschte Nudelso\u00dfe, den Wok, die Suppe oder den Salat geben und genie\u00dfen!<\/p>\n<style>.embed-container { position: relative; padding-bottom: 56.25%; height: 0; overflow: hidden; max-width: 100%; } .embed-container iframe, .embed-container object, .embed-container embed { position: absolute; top: 0; left: 0; width: 100%; height: 100%; }<\/style>\n<div class=\"embed-container\"><iframe src=\"https:\/\/www.youtube.com\/embed\/NUjvaym7i74\" frameborder=\"0\" allowfullscreen=\"allowfullscreen\"><\/iframe><\/div>","protected":false},"excerpt":{"rendered":"<p>Miracle Noodle Fettuccine wird aus dem nat\u00fcrlichen l\u00f6slichen Ballaststoff Konjac Glucomannan (KGM) und Wasser hergestellt und ist ein sehr kohlenhydrat- und glyk\u00e4miearmes nat\u00fcrliches Lebensmittel.<\/p>","protected":false},"featured_media":3927,"template":"","meta":{"site-sidebar-layout":"default","site-content-layout":"","ast-site-content-layout":"default","site-content-style":"default","site-sidebar-style":"default","ast-global-header-display":"","ast-banner-title-visibility":"","ast-main-header-display":"","ast-hfb-above-header-display":"","ast-hfb-below-header-display":"","ast-hfb-mobile-header-display":"","site-post-title":"","ast-breadcrumbs-content":"","ast-featured-img":"","footer-sml-layout":"","ast-disable-related-posts":"","theme-transparent-header-meta":"default","adv-header-id-meta":"","stick-header-meta":"default","header-above-stick-meta":"","header-main-stick-meta":"","header-below-stick-meta":"","astra-migrate-meta-layouts":"set","ast-page-background-enabled":"default","ast-page-background-meta":{"desktop":{"background-color":"","background-image":"","background-repeat":"repeat","background-position":"center center","background-size":"auto","background-attachment":"scroll","background-type":"","background-media":"","overlay-type":"","overlay-color":"","overlay-opacity":"","overlay-gradient":""},"tablet":{"background-color":"","background-image":"","background-repeat":"repeat","background-position":"center center","background-size":"auto","background-attachment":"scroll","background-type":"","background-media":"","overlay-type":"","overlay-color":"","overlay-opacity":"","overlay-gradient":""},"mobile":{"background-color":"","background-image":"","background-repeat":"repeat","background-position":"center center","background-size":"auto","background-attachment":"scroll","background-type":"","background-media":"","overlay-type":"","overlay-color":"","overlay-opacity":"","overlay-gradient":""}},"ast-content-background-meta":{"desktop":{"background-color":"var(--ast-global-color-5)","background-image":"","background-repeat":"repeat","background-position":"center center","background-size":"auto","background-attachment":"scroll","background-type":"","background-media":"","overlay-type":"","overlay-color":"","overlay-opacity":"","overlay-gradient":""},"tablet":{"background-color":"var(--ast-global-color-5)","background-image":"","background-repeat":"repeat","background-position":"center center","background-size":"auto","background-attachment":"scroll","background-type":"","background-media":"","overlay-type":"","overlay-color":"","overlay-opacity":"","overlay-gradient":""},"mobile":{"background-color":"var(--ast-global-color-5)","background-image":"","background-repeat":"repeat","background-position":"center center","background-size":"auto","background-attachment":"scroll","background-type":"","background-media":"","overlay-type":"","overlay-color":"","overlay-opacity":"","overlay-gradient":""}}},"product_brand":[],"product_cat":[22],"product_tag":[31],"class_list":{"0":"post-1367","1":"product","2":"type-product","3":"status-publish","4":"has-post-thumbnail","6":"product_cat-konjac-pasta","7":"product_tag-konjac-fettuccine","8":"desktop-align-left","9":"tablet-align-left","10":"mobile-align-left","11":"ast-product-gallery-layout-horizontal-slider","12":"ast-product-tabs-layout-horizontal","14":"first","15":"instock","16":"shipping-taxable","17":"product-type-simple"},"_links":{"self":[{"href":"https:\/\/sentaiyuanbio.com\/de\/wp-json\/wp\/v2\/product\/1367","targetHints":{"allow":["GET"]}}],"collection":[{"href":"https:\/\/sentaiyuanbio.com\/de\/wp-json\/wp\/v2\/product"}],"about":[{"href":"https:\/\/sentaiyuanbio.com\/de\/wp-json\/wp\/v2\/types\/product"}],"version-history":[{"count":0,"href":"https:\/\/sentaiyuanbio.com\/de\/wp-json\/wp\/v2\/product\/1367\/revisions"}],"wp:featuredmedia":[{"embeddable":true,"href":"https:\/\/sentaiyuanbio.com\/de\/wp-json\/wp\/v2\/media\/3927"}],"wp:attachment":[{"href":"https:\/\/sentaiyuanbio.com\/de\/wp-json\/wp\/v2\/media?parent=1367"}],"wp:term":[{"taxonomy":"product_brand","embeddable":true,"href":"https:\/\/sentaiyuanbio.com\/de\/wp-json\/wp\/v2\/product_brand?post=1367"},{"taxonomy":"product_cat","embeddable":true,"href":"https:\/\/sentaiyuanbio.com\/de\/wp-json\/wp\/v2\/product_cat?post=1367"},{"taxonomy":"product_tag","embeddable":true,"href":"https:\/\/sentaiyuanbio.com\/de\/wp-json\/wp\/v2\/product_tag?post=1367"}],"curies":[{"name":"wp","href":"https:\/\/api.w.org\/{rel}","templated":true}]}}