{"id":1371,"date":"2024-05-06T07:02:38","date_gmt":"2024-05-06T07:02:38","guid":{"rendered":"https:\/\/sentaiyuanbio.com\/?post_type=product&#038;p=1371"},"modified":"2026-04-20T08:19:28","modified_gmt":"2026-04-20T08:19:28","slug":"konjak-nudeln-konjak-diat-wok-instantnudeln","status":"publish","type":"product","link":"https:\/\/sentaiyuanbio.com\/de\/produkt\/konjak-nudeln-konjak-diat-wok-instantnudeln\/","title":{"rendered":"Konjac-Nudel-Di\u00e4t, Hersteller von Instant-Nudeln"},"content":{"rendered":"<h2>Konjak-Nudeln Konjak-Di\u00e4t Wok-Instantnudeln<\/h2>\n<h3><strong>Informationen zum Produkt:<\/strong><\/h3>\n<p><strong>Was ist Konjak?<\/strong><\/p>\n<p>Die Konjakpflanze (Amorphophallus konjac) w\u00e4chst an H\u00e4ngen in einer H\u00f6he von 2000 bis 4000 Fu\u00df \u00fcber dem Meeresspiegel, wo sie die saubere Luft und das Wasser dieses Lebensraums genie\u00dft. Der essbare Teil der Pflanze <a href=\"https:\/\/sentaiyuanbio.com\/de\/konjak\/\" target=\"_blank\" rel=\"noopener\">Konjakpflanze<\/a> ist die Wurzel, die einer ovalf\u00f6rmigen Yamskartoffel oder Taro \u00e4hnelt. Es ist ein weit verbreiteter Irrtum, dass Konjak-Nudeln Yam-Nudeln sind - das sind sie nicht. Obwohl die Konjakwurzel anderen Wurzelgem\u00fcsen \u00e4hnlich sieht, geh\u00f6rt sie zu einer anderen Pflanzenfamilie. W\u00e4hrend Kartoffeln und Yamswurzeln bekannterma\u00dfen viel St\u00e4rke enthalten, hat Konjak einen hohen Ballaststoffgehalt und nur sehr wenig St\u00e4rke.<\/p>\n<h3><strong>Was sind die gesundheitlichen Vorteile von Konjak-Nudeln?<\/strong><\/h3>\n<p>Konjak-Nudeln werden aus Konjakmehl hergestellt, das den wasserl\u00f6slichen Ballaststoff Glucomannan enth\u00e4lt. Studien haben gezeigt, dass Konjak-Glucomannan in der Ern\u00e4hrung in vielerlei Hinsicht vorteilhaft f\u00fcr unsere Gesundheit ist<\/p>\n<p>1. Gewichtsmanagement - <a href=\"https:\/\/en.wikipedia.org\/wiki\/Glucomannan\" target=\"_blank\" rel=\"noopener\">Glucomannan<\/a> f\u00fcllt den Magen und verlangsamt den Verdauungsprozess, wodurch sich der Verbraucher l\u00e4nger \"satt\" f\u00fchlt und weniger Lust auf schwere Mahlzeiten oder Snacks hat.<\/p>\n<p>2. Hilfe bei der Kontrolle des Blutzuckerspiegels - Durch die Verl\u00e4ngerung der f\u00fcr die Verdauung einer Mahlzeit erforderlichen Zeit werden Zucker und Kohlenhydrate aus anderen Nahrungsmitteln langsamer verarbeitet, was Blutzuckerspitzen reduziert.<\/p>\n<p class=\"translation-block\">3. Senkung des Cholesterinspiegels - Glucomannan-Gel hemmt im Verdauungstrakt die Aufnahme von Lipiden wie <a href=\"https:\/\/medlineplus.gov\/ldlthebadcholesterol.html\" target=\"_blank\" rel=\"noopener\">LDL (schlechtes Cholesterin)<\/a>.<\/p>\n<p>4. Regulierung des Stuhlgangs - Wie bei vielen Lebensmitteln, die Ballaststoffe enthalten, kann Glucomannan helfen, den Stuhlgang zu regulieren.<\/p>\n<p><strong>Lagerungsbedingungen:<\/strong><\/p>\n<p>K\u00fchl und trocken lagern, direkte Sonneneinstrahlung vermeiden, nach dem \u00d6ffnen im K\u00fchlschrank aufbewahren und innerhalb von 3 Tagen aufbrauchen; nicht einfrieren<\/p>\n<p>1. Spezifikation: 1,2 cm*15 cm<\/p>\n<p class=\"translation-block\">2. Zertifikate:<strong> <\/strong>BRC, FDA, HACCP, HALAL, KOSHER;<\/p>\n<p>3. Lieferfrist: 30 Tage nach Erhalt Ihrer Anzahlung;<\/p>\n<p>4. Haltbarkeitsdauer: 12 Monate<\/p>\n<h3><strong>Die Essensanweisungen f\u00fcr<\/strong><strong> vorgekochte Konjak-Nudeln:<\/strong><\/h3>\n<p>1. \u00d6ffnen Sie die Verpackung und lassen Sie die Fl\u00fcssigkeit ablaufen;<\/p>\n<p>2. Die Nudeln zwei bis drei Minuten unter flie\u00dfendem Leitungswasser absp\u00fclen;<\/p>\n<p>3. Die Nudeln in eine Pfanne geben und 2-3 Minuten anbraten, Gew\u00fcrze, So\u00dfen oder Suppe nach Wunsch hinzuf\u00fcgen;<\/p>\n<p>4. Wenn Sie nicht braten m\u00f6chten, k\u00f6nnen Sie die Nudeln 1-2 Minuten in der Mikrowelle erw\u00e4rmen;<\/p>\n<p>Bitte beachten Sie, dass die Nudeln sehr saugf\u00e4hig sind und daher die Saucen und den Geschmack der gekochten Nudeln aufnehmen.<\/p>\n<h3><strong>Die Verzehrsanleitung f\u00fcr Instant-Konjak-Nudeln:<\/strong><\/h3>\n<p>1. \u00d6ffnen Sie die Verpackung und lassen Sie die Fl\u00fcssigkeit ablaufen;<\/p>\n<p>2. Die Nudeln zwei bis drei Minuten unter flie\u00dfendem Leitungswasser waschen;<\/p>\n<p>3. Die Nudeln in eine Sch\u00fcssel geben, abgekochtes Wasser hinzuf\u00fcgen und das abgekochte Wasser abgie\u00dfen;<\/p>\n<p>4. Nach Belieben Gew\u00fcrze, So\u00dfen oder Suppen hinzuf\u00fcgen;<\/p>\n<p>5. Dann k\u00f6nnen Sie es genie\u00dfen.<\/p>\n<p>Bitte beachten Sie, dass die Nudeln sehr saugf\u00e4hig sind und daher die Saucen und den Geschmack der gekochten Nudeln aufnehmen.<\/p>\n<h3><strong>N\u00e4hrwertangaben<\/strong><\/h3>\n<table class=\"aliDataTable\" style=\"width: 681px; height: 418px;\">\n<tbody>\n<tr align=\"left\">\n<td style=\"width: 130.5pt; color: #000000; font-size: 10pt; font-style: normal;\"><span style=\"font-family: times new roman,times; font-size: 18px;\">Portionsgr\u00f6\u00dfe<\/span><\/td>\n<td style=\"width: 89.25pt; color: #000000; font-size: 10pt; font-style: normal;\"><span style=\"color: #3366ff; font-family: times new roman,times; font-size: 18px;\">100g<\/span><\/td>\n<\/tr>\n<tr align=\"left\">\n<td style=\"color: #000000; font-size: 10pt; font-style: normal;\"><span style=\"font-family: times new roman,times; font-size: 18px;\">Energie<\/span><\/td>\n<td style=\"color: #000000; font-size: 10pt; font-style: normal;\"><span style=\"color: #3366ff; font-family: times new roman,times; font-size: 18px;\">6 kcal<\/span><\/td>\n<\/tr>\n<tr align=\"left\">\n<td style=\"color: #000000; font-size: 10pt; font-style: normal;\"><span style=\"font-family: times new roman,times; font-size: 18px;\">Eiwei\u00df<\/span><\/td>\n<td style=\"color: #000000; font-size: 10pt; font-style: normal;\"><span style=\"color: #3366ff; font-family: times new roman,times; font-size: 18px;\">&lt;0.5g<\/span><\/td>\n<\/tr>\n<tr align=\"left\">\n<td style=\"color: #000000; font-size: 10pt; font-style: normal;\"><span style=\"font-family: times new roman,times; font-size: 18px;\">Fett gesamt<\/span><\/td>\n<td style=\"color: #000000; font-size: 10pt; font-style: normal;\"><span style=\"color: #3366ff; font-family: times new roman,times; font-size: 18px;\">&lt;0.5g<\/span><\/td>\n<\/tr>\n<tr align=\"left\">\n<td style=\"color: #000000; font-size: 10pt; font-style: normal;\"><span style=\"font-family: times new roman,times; font-size: 18px;\">Ges\u00e4ttigte Fetts\u00e4uren<\/span><\/td>\n<td style=\"color: #000000; font-size: 10pt; font-style: normal;\"><span style=\"color: #3366ff; font-family: times new roman,times; font-size: 18px;\">&lt;0.1g<\/span><\/td>\n<\/tr>\n<tr align=\"left\">\n<td style=\"color: #000000; font-size: 10pt; font-style: normal;\"><span style=\"font-family: times new roman,times; font-size: 18px;\">Transfetts\u00e4uren<\/span><\/td>\n<td style=\"color: #000000; font-size: 10pt; font-style: normal;\"><span style=\"color: #3366ff; font-family: times new roman,times; font-size: 18px;\">&lt;0.1g<\/span><\/td>\n<\/tr>\n<tr align=\"left\">\n<td style=\"color: #000000; font-size: 10pt; font-style: normal;\"><span style=\"font-family: times new roman,times; font-size: 18px;\">Kohlenhydrate insgesamt<\/span><\/td>\n<td style=\"color: #000000; font-size: 10pt; font-style: normal;\"><span style=\"color: #3366ff; font-family: times new roman,times; font-size: 18px;\">3.5g<\/span><\/td>\n<\/tr>\n<tr align=\"left\">\n<td style=\"color: #000000; font-size: 10pt; font-style: normal;\"><span style=\"font-family: times new roman,times; font-size: 18px;\">Zucker<\/span><\/td>\n<td style=\"color: #000000; font-size: 10pt; font-style: normal;\"><span style=\"color: #3366ff; font-family: times new roman,times; font-size: 18px;\">&lt;0.5g<\/span><\/td>\n<\/tr>\n<tr align=\"left\">\n<td style=\"color: #000000; font-size: 10pt; font-style: normal;\"><span style=\"font-family: times new roman,times; font-size: 18px;\">Ballaststoffe<\/span><\/td>\n<td style=\"color: #000000; font-size: 10pt; font-style: normal;\"><span style=\"color: #3366ff; font-family: times new roman,times; font-size: 18px;\">3.0g<\/span><\/td>\n<\/tr>\n<tr align=\"left\">\n<td style=\"color: #000000; font-size: 10pt; font-style: normal;\"><span style=\"font-family: times new roman,times; font-size: 18px;\">Natrium<\/span><\/td>\n<td style=\"color: #000000; font-size: 10pt; font-style: normal;\"><span style=\"color: #3366ff; font-family: times new roman,times; font-size: 18px;\">&lt;5mg<\/span><\/td>\n<\/tr>\n<\/tbody>\n<\/table>\n<div id=\"gtx-trans\" style=\"position: absolute; left: 287px; top: 377.328px;\">\n<div class=\"gtx-trans-icon\"><\/div>\n<\/div>","protected":false},"excerpt":{"rendered":"<p>Konjak-Nudeln werden aus Konjakmehl hergestellt, das den wasserl\u00f6slichen Ballaststoff Glucomannan enth\u00e4lt. Studien haben gezeigt, dass Konjak-Glucomannan in der Ern\u00e4hrung in vielerlei Hinsicht gesundheitsf\u00f6rdernd ist.<\/p>","protected":false},"featured_media":3859,"template":"","meta":{"site-sidebar-layout":"default","site-content-layout":"","ast-site-content-layout":"default","site-content-style":"default","site-sidebar-style":"default","ast-global-header-display":"","ast-banner-title-visibility":"","ast-main-header-display":"","ast-hfb-above-header-display":"","ast-hfb-below-header-display":"","ast-hfb-mobile-header-display":"","site-post-title":"","ast-breadcrumbs-content":"","ast-featured-img":"","footer-sml-layout":"","ast-disable-related-posts":"","theme-transparent-header-meta":"default","adv-header-id-meta":"","stick-header-meta":"default","header-above-stick-meta":"","header-main-stick-meta":"","header-below-stick-meta":"","astra-migrate-meta-layouts":"set","ast-page-background-enabled":"default","ast-page-background-meta":{"desktop":{"background-color":"","background-image":"","background-repeat":"repeat","background-position":"center center","background-size":"auto","background-attachment":"scroll","background-type":"","background-media":"","overlay-type":"","overlay-color":"","overlay-opacity":"","overlay-gradient":""},"tablet":{"background-color":"","background-image":"","background-repeat":"repeat","background-position":"center center","background-size":"auto","background-attachment":"scroll","background-type":"","background-media":"","overlay-type":"","overlay-color":"","overlay-opacity":"","overlay-gradient":""},"mobile":{"background-color":"","background-image":"","background-repeat":"repeat","background-position":"center center","background-size":"auto","background-attachment":"scroll","background-type":"","background-media":"","overlay-type":"","overlay-color":"","overlay-opacity":"","overlay-gradient":""}},"ast-content-background-meta":{"desktop":{"background-color":"var(--ast-global-color-5)","background-image":"","background-repeat":"repeat","background-position":"center center","background-size":"auto","background-attachment":"scroll","background-type":"","background-media":"","overlay-type":"","overlay-color":"","overlay-opacity":"","overlay-gradient":""},"tablet":{"background-color":"var(--ast-global-color-5)","background-image":"","background-repeat":"repeat","background-position":"center center","background-size":"auto","background-attachment":"scroll","background-type":"","background-media":"","overlay-type":"","overlay-color":"","overlay-opacity":"","overlay-gradient":""},"mobile":{"background-color":"var(--ast-global-color-5)","background-image":"","background-repeat":"repeat","background-position":"center center","background-size":"auto","background-attachment":"scroll","background-type":"","background-media":"","overlay-type":"","overlay-color":"","overlay-opacity":"","overlay-gradient":""}}},"product_brand":[],"product_cat":[22],"product_tag":[32],"class_list":{"0":"post-1371","1":"product","2":"type-product","3":"status-publish","4":"has-post-thumbnail","6":"product_cat-konjac-pasta","7":"product_tag-konjac-pasta","8":"desktop-align-left","9":"tablet-align-left","10":"mobile-align-left","11":"ast-product-gallery-layout-horizontal-slider","12":"ast-product-tabs-layout-horizontal","14":"first","15":"instock","16":"shipping-taxable","17":"product-type-simple"},"_links":{"self":[{"href":"https:\/\/sentaiyuanbio.com\/de\/wp-json\/wp\/v2\/product\/1371","targetHints":{"allow":["GET"]}}],"collection":[{"href":"https:\/\/sentaiyuanbio.com\/de\/wp-json\/wp\/v2\/product"}],"about":[{"href":"https:\/\/sentaiyuanbio.com\/de\/wp-json\/wp\/v2\/types\/product"}],"version-history":[{"count":1,"href":"https:\/\/sentaiyuanbio.com\/de\/wp-json\/wp\/v2\/product\/1371\/revisions"}],"predecessor-version":[{"id":6156,"href":"https:\/\/sentaiyuanbio.com\/de\/wp-json\/wp\/v2\/product\/1371\/revisions\/6156"}],"wp:featuredmedia":[{"embeddable":true,"href":"https:\/\/sentaiyuanbio.com\/de\/wp-json\/wp\/v2\/media\/3859"}],"wp:attachment":[{"href":"https:\/\/sentaiyuanbio.com\/de\/wp-json\/wp\/v2\/media?parent=1371"}],"wp:term":[{"taxonomy":"product_brand","embeddable":true,"href":"https:\/\/sentaiyuanbio.com\/de\/wp-json\/wp\/v2\/product_brand?post=1371"},{"taxonomy":"product_cat","embeddable":true,"href":"https:\/\/sentaiyuanbio.com\/de\/wp-json\/wp\/v2\/product_cat?post=1371"},{"taxonomy":"product_tag","embeddable":true,"href":"https:\/\/sentaiyuanbio.com\/de\/wp-json\/wp\/v2\/product_tag?post=1371"}],"curies":[{"name":"wp","href":"https:\/\/api.w.org\/{rel}","templated":true}]}}