{"id":1375,"date":"2024-05-06T07:16:40","date_gmt":"2024-05-06T07:16:40","guid":{"rendered":"https:\/\/sentaiyuanbio.com\/?post_type=product&#038;p=1375"},"modified":"2025-02-27T01:43:32","modified_gmt":"2025-02-27T01:43:32","slug":"reine-konjac-udon-nudeln-ohne-starke","status":"publish","type":"product","link":"https:\/\/sentaiyuanbio.com\/de\/produkt\/reine-konjac-udon-nudeln-ohne-starke\/","title":{"rendered":"Konjak Udon-Nudeln, Reine Konjak-Nudeln ohne St\u00e4rke"},"content":{"rendered":"<h2>Konjak Udon-Nudeln Beschreibung<\/h2>\n<p>Konjak-Nudeln werden manchmal auch als <a href=\"https:\/\/sentaiyuanbio.com\/de\/product-category\/konjak-nudeln\/\" target=\"_blank\" rel=\"noopener\">Shirataki-Nudeln<\/a>. Sie werden aus pulverisiertem Konjak hergestellt, einem st\u00e4rkehaltigen Wurzelgem\u00fcse, das in ganz Asien angebaut wird.<\/p>\n<p>Die wichtigste Zutat f\u00fcr Konjak Udon sind Konjak-Nudeln. Konjak-Udon-Nudeln eignen sich hervorragend als Beilage zu asiatischen Suppen und Eint\u00f6pfen.<\/p>\n<p>Konjak-Nudeln haben wenig Eigengeschmack. Am besten schmecken sie in w\u00fcrzigen Suppen, Currys und Pfannengerichten. Sie k\u00f6nnen auch kalt mit Sojasauce, Mirin und Ingwerdressing serviert werden.<\/p>\n<p>Die nat\u00fcrlichen Pflanzenfasern in Konjak-Nudeln stillen nicht nur Ihren Hunger, sondern helfen Ihnen auch beim Abnehmen. Ob Sie also abnehmen m\u00f6chten, ohne zu hungern, oder ob Sie <a href=\"https:\/\/my.clevelandclinic.org\/health\/diseases\/7104-diabetes\" target=\"_blank\" rel=\"noopener\">Diabetiker<\/a> Auf der Suche nach einer zucker- und kohlenhydratfreien Alternative zu Nudeln ist Konjak eine ideale Alternative f\u00fcr alle, die gut aussehen und dies auch bleiben wollen - ohne schlechtes Gewissen!<\/p>\n<h2>Konjak Udon-Nudeln Spezifikationen:<\/h2>\n<p>Durchmesser: 1,8-2,5 mm<\/p>\n<p>L\u00e4nge: 15-20cm<\/p>\n<p>Gewicht: 200g\/Beutel oder nach Ihren Anforderungen.<\/p>\n<p>Lagerung: An einem k\u00fchlen und trockenen Ort aufbewahren. Von starkem Licht und Hitze fernhalten.<\/p>\n<p>Lieferf\u00e4higkeit: 3000X20HQ\/Jahr<\/p>\n<p>Haltbarkeit: 1 Jahr bei sachgem\u00e4\u00dfer Lagerung.<\/p>\n<h2>N\u00e4hrwertangaben<\/h2>\n<p>100 Gramm Konjak Udon-Nudeln haben etwa 12 Kalorien.<\/p>\n<p>Der Kohlenhydratgehalt betr\u00e4gt 1,7 Gramm.<\/p>\n<p><strong>Kalorienarm<\/strong>: Konjak Udon-Nudeln haben nur 12 Kalorien pro 100 g, was f\u00fcr Menschen geeignet ist, die ihre Kalorienzufuhr kontrollieren.<\/p>\n<p><strong>Hochgradig s\u00e4ttigend<\/strong>: Da Konjak-Udon-Nudeln kein Eiwei\u00df und kein Fett enthalten, k\u00f6nnen sie das S\u00e4ttigungsgef\u00fchl steigern, aber man sollte darauf achten, sie mit anderen n\u00e4hrstoffreichen Lebensmitteln wie Gem\u00fcse und Fleisch zu kombinieren, um eine ausgewogene Ern\u00e4hrung zu gew\u00e4hrleisten.<\/p>\n<table class=\"aliDataTable\" style=\"width: 293px;\">\n<tbody>\n<tr align=\"left\">\n<td style=\"font-style: normal; width: 130.5pt; color: #000000; font-size: 10pt;\"><span style=\"font-family: georgia, palatino; font-size: 16px;\">Portionsgr\u00f6\u00dfe<\/span><\/td>\n<td style=\"font-style: normal; width: 89.25pt; color: #000000; font-size: 10pt;\"><span style=\"font-family: georgia, palatino; color: #3366ff; font-size: 16px;\">100g<\/span><\/td>\n<\/tr>\n<tr align=\"left\">\n<td style=\"font-style: normal; color: #000000; font-size: 10pt;\"><span style=\"font-family: georgia, palatino; font-size: 16px;\">Energie<\/span><\/td>\n<td style=\"font-style: normal; color: #000000; font-size: 10pt;\"><span style=\"font-family: georgia, palatino; color: #3366ff; font-size: 16px;\">6 kcal<\/span><\/td>\n<\/tr>\n<tr align=\"left\">\n<td style=\"font-style: normal; color: #000000; font-size: 10pt;\"><span style=\"font-family: georgia, palatino; font-size: 16px;\">Eiwei\u00df<\/span><\/td>\n<td style=\"font-style: normal; color: #000000; font-size: 10pt;\"><span style=\"font-family: georgia, palatino; color: #3366ff; font-size: 16px;\">&lt;0.5g<\/span><\/td>\n<\/tr>\n<tr align=\"left\">\n<td style=\"font-style: normal; color: #000000; font-size: 10pt;\"><span style=\"font-family: georgia, palatino; font-size: 16px;\">Fett gesamt<\/span><\/td>\n<td style=\"font-style: normal; color: #000000; font-size: 10pt;\"><span style=\"font-family: georgia, palatino; color: #3366ff; font-size: 16px;\">&lt;0.5g<\/span><\/td>\n<\/tr>\n<tr align=\"left\">\n<td style=\"font-style: normal; color: #000000; font-size: 10pt;\"><span style=\"font-family: georgia, palatino; font-size: 16px;\">Ges\u00e4ttigte Fetts\u00e4uren<\/span><\/td>\n<td style=\"font-style: normal; color: #000000; font-size: 10pt;\"><span style=\"font-family: georgia, palatino; color: #3366ff; font-size: 16px;\">&lt;0.1g<\/span><\/td>\n<\/tr>\n<tr align=\"left\">\n<td style=\"font-style: normal; color: #000000; font-size: 10pt;\"><span style=\"font-family: georgia, palatino; font-size: 16px;\">Transfetts\u00e4uren<\/span><\/td>\n<td style=\"font-style: normal; color: #000000; font-size: 10pt;\"><span style=\"font-family: georgia, palatino; color: #3366ff; font-size: 16px;\">&lt;0.1g<\/span><\/td>\n<\/tr>\n<tr align=\"left\">\n<td style=\"font-style: normal; color: #000000; font-size: 10pt;\"><span style=\"font-family: georgia, palatino; font-size: 16px;\">Kohlenhydrate insgesamt<\/span><\/td>\n<td style=\"font-style: normal; color: #000000; font-size: 10pt;\"><span style=\"font-family: georgia, palatino; color: #3366ff; font-size: 16px;\">3.5g<\/span><\/td>\n<\/tr>\n<tr align=\"left\">\n<td style=\"font-style: normal; color: #000000; font-size: 10pt;\"><span style=\"font-family: georgia, palatino; font-size: 16px;\">Zucker<\/span><\/td>\n<td style=\"font-style: normal; color: #000000; font-size: 10pt;\"><span style=\"font-family: georgia, palatino; color: #3366ff; font-size: 16px;\">&lt;0.5g<\/span><\/td>\n<\/tr>\n<tr align=\"left\">\n<td style=\"font-style: normal; color: #000000; font-size: 10pt;\"><span style=\"font-family: georgia, palatino; font-size: 16px;\">Ballaststoffe<\/span><\/td>\n<td style=\"font-style: normal; color: #000000; font-size: 10pt;\"><span style=\"font-family: georgia, palatino; color: #3366ff; font-size: 16px;\">3.0g<\/span><\/td>\n<\/tr>\n<tr align=\"left\">\n<td style=\"font-style: normal; color: #000000; font-size: 10pt;\"><span style=\"font-family: georgia, palatino; font-size: 16px;\">Natrium<\/span><\/td>\n<td style=\"font-style: normal; color: #000000; font-size: 10pt;\"><span style=\"font-family: georgia, palatino; color: #3366ff; font-size: 16px;\">&lt;5mg<\/span><\/td>\n<\/tr>\n<\/tbody>\n<\/table>\n<div id=\"gtx-trans\" style=\"position: absolute; left: 794px; top: -2px;\">\n<div class=\"gtx-trans-icon\"><\/div>\n<\/div>","protected":false},"excerpt":{"rendered":"<p>Die nat\u00fcrlichen Pflanzenfasern in Konjak Udon-Nudeln stillen den Hunger und helfen beim Abnehmen.<\/p>\n<div id=\"gtx-trans\" style=\"position: absolute; left: 326px; top: -3px;\">\n<div class=\"gtx-trans-icon\"><\/div>\n<\/div>","protected":false},"featured_media":4222,"template":"","meta":{"site-sidebar-layout":"default","site-content-layout":"","ast-site-content-layout":"default","site-content-style":"default","site-sidebar-style":"default","ast-global-header-display":"","ast-banner-title-visibility":"","ast-main-header-display":"","ast-hfb-above-header-display":"","ast-hfb-below-header-display":"","ast-hfb-mobile-header-display":"","site-post-title":"","ast-breadcrumbs-content":"","ast-featured-img":"","footer-sml-layout":"","ast-disable-related-posts":"","theme-transparent-header-meta":"default","adv-header-id-meta":"","stick-header-meta":"default","header-above-stick-meta":"","header-main-stick-meta":"","header-below-stick-meta":"","astra-migrate-meta-layouts":"set","ast-page-background-enabled":"default","ast-page-background-meta":{"desktop":{"background-color":"","background-image":"","background-repeat":"repeat","background-position":"center center","background-size":"auto","background-attachment":"scroll","background-type":"","background-media":"","overlay-type":"","overlay-color":"","overlay-opacity":"","overlay-gradient":""},"tablet":{"background-color":"","background-image":"","background-repeat":"repeat","background-position":"center center","background-size":"auto","background-attachment":"scroll","background-type":"","background-media":"","overlay-type":"","overlay-color":"","overlay-opacity":"","overlay-gradient":""},"mobile":{"background-color":"","background-image":"","background-repeat":"repeat","background-position":"center center","background-size":"auto","background-attachment":"scroll","background-type":"","background-media":"","overlay-type":"","overlay-color":"","overlay-opacity":"","overlay-gradient":""}},"ast-content-background-meta":{"desktop":{"background-color":"var(--ast-global-color-5)","background-image":"","background-repeat":"repeat","background-position":"center center","background-size":"auto","background-attachment":"scroll","background-type":"","background-media":"","overlay-type":"","overlay-color":"","overlay-opacity":"","overlay-gradient":""},"tablet":{"background-color":"var(--ast-global-color-5)","background-image":"","background-repeat":"repeat","background-position":"center center","background-size":"auto","background-attachment":"scroll","background-type":"","background-media":"","overlay-type":"","overlay-color":"","overlay-opacity":"","overlay-gradient":""},"mobile":{"background-color":"var(--ast-global-color-5)","background-image":"","background-repeat":"repeat","background-position":"center center","background-size":"auto","background-attachment":"scroll","background-type":"","background-media":"","overlay-type":"","overlay-color":"","overlay-opacity":"","overlay-gradient":""}}},"product_brand":[],"product_cat":[22],"product_tag":[],"class_list":{"0":"post-1375","1":"product","2":"type-product","3":"status-publish","4":"has-post-thumbnail","6":"product_cat-konjac-pasta","7":"desktop-align-left","8":"tablet-align-left","9":"mobile-align-left","10":"ast-product-gallery-layout-horizontal-slider","11":"ast-product-tabs-layout-horizontal","13":"first","14":"instock","15":"shipping-taxable","16":"product-type-simple"},"_links":{"self":[{"href":"https:\/\/sentaiyuanbio.com\/de\/wp-json\/wp\/v2\/product\/1375","targetHints":{"allow":["GET"]}}],"collection":[{"href":"https:\/\/sentaiyuanbio.com\/de\/wp-json\/wp\/v2\/product"}],"about":[{"href":"https:\/\/sentaiyuanbio.com\/de\/wp-json\/wp\/v2\/types\/product"}],"version-history":[{"count":0,"href":"https:\/\/sentaiyuanbio.com\/de\/wp-json\/wp\/v2\/product\/1375\/revisions"}],"wp:featuredmedia":[{"embeddable":true,"href":"https:\/\/sentaiyuanbio.com\/de\/wp-json\/wp\/v2\/media\/4222"}],"wp:attachment":[{"href":"https:\/\/sentaiyuanbio.com\/de\/wp-json\/wp\/v2\/media?parent=1375"}],"wp:term":[{"taxonomy":"product_brand","embeddable":true,"href":"https:\/\/sentaiyuanbio.com\/de\/wp-json\/wp\/v2\/product_brand?post=1375"},{"taxonomy":"product_cat","embeddable":true,"href":"https:\/\/sentaiyuanbio.com\/de\/wp-json\/wp\/v2\/product_cat?post=1375"},{"taxonomy":"product_tag","embeddable":true,"href":"https:\/\/sentaiyuanbio.com\/de\/wp-json\/wp\/v2\/product_tag?post=1375"}],"curies":[{"name":"wp","href":"https:\/\/api.w.org\/{rel}","templated":true}]}}