{"id":1383,"date":"2024-01-06T07:52:27","date_gmt":"2024-01-06T07:52:27","guid":{"rendered":"https:\/\/sentaiyuanbio.com\/?post_type=product&#038;p=1383"},"modified":"2025-02-24T07:31:14","modified_gmt":"2025-02-24T07:31:14","slug":"konjakkuchen","status":"publish","type":"product","link":"https:\/\/sentaiyuanbio.com\/de\/produkt\/konjakkuchen\/","title":{"rendered":"Konjak-Kuchen, Konjak-Tofu, Shirataki-Tofu"},"content":{"rendered":"<h2><strong>Was ist Konjak?<\/strong><\/h2>\n<p>Die Konjakpflanze (Amorphophallus konjac) w\u00e4chst an H\u00e4ngen in einer H\u00f6he von 2000 bis 4000 Fu\u00df \u00fcber dem Meeresspiegel, wo sie die saubere Luft und das saubere Wasser dieses Lebensraums genie\u00dft. Der essbare Teil der Konjakpflanze ist die Wurzel, die einer ovalen Yamskartoffel oder Taro \u00e4hnelt. Ein weit verbreiteter Irrtum ist, dass Konjak-Nudeln Yam-Nudeln sind - das sind sie nicht. Obwohl die Konjakwurzel anderen Wurzelgem\u00fcsen \u00e4hnlich sieht, geh\u00f6rt sie zu einer anderen Pflanzenfamilie. W\u00e4hrend Kartoffeln und Yamswurzeln bekannterma\u00dfen viel St\u00e4rke enthalten, hat Konjak einen hohen Ballaststoffgehalt und nur sehr wenig St\u00e4rke.<\/p>\n<h2><strong>Was sind die gesundheitlichen Vorteile von Konjak-Kuchen (Konjak-Tofu)?<\/strong><\/h2>\n<p>Konjakkuchen wird aus Konjakmehl hergestellt, das den wasserl\u00f6slichen Ballaststoff Glucomannan enth\u00e4lt. Studien haben gezeigt, dass Konjak-Glucomannan in der Ern\u00e4hrung in vielerlei Hinsicht vorteilhaft f\u00fcr unsere Gesundheit ist<\/p>\n<p>1. Gewichtsmanagement - <a href=\"https:\/\/sentaiyuanbio.com\/de\/produkt\/glutenfreies-konjak-glucomannan\/\" target=\"_blank\" rel=\"noopener\">Glucomannan<\/a> f\u00fcllt den Magen und verlangsamt den Verdauungsprozess, wodurch sich der Verbraucher l\u00e4nger \"satt\" f\u00fchlt und weniger Lust auf schwere Mahlzeiten oder Snacks hat.<\/p>\n<p>2. Hilfe bei der Kontrolle des Blutzuckerspiegels - Durch die Verl\u00e4ngerung der f\u00fcr die Verdauung einer Mahlzeit erforderlichen Zeit werden Zucker und Kohlenhydrate aus anderen Nahrungsmitteln langsamer verarbeitet, was Blutzuckerspitzen reduziert.<\/p>\n<p class=\"translation-block\">3. Senkung des Cholesterinspiegels - Glucomannan-Gel hemmt im Verdauungstrakt die Aufnahme von Lipiden wie <a href=\"https:\/\/medlineplus.gov\/ldlthebadcholesterol.html\" target=\"_blank\" rel=\"noopener\">LDL (schlechtes Cholesterin)<\/a>.<\/p>\n<p>4. Regulierung des Stuhlgangs - Wie bei vielen Lebensmitteln, die <a href=\"https:\/\/www.betterhealth.vic.gov.au\/health\/healthyliving\/fibre-in-food\" target=\"_blank\" rel=\"noopener\">Ballaststoffe<\/a>, Glucomannan kann zur Regulierung des Stuhlgangs beitragen.<\/p>\n<h2><strong>Lagerungsbedingungen:<\/strong><\/h2>\n<p>K\u00fchl und trocken lagern, direkte Sonneneinstrahlung vermeiden, nach dem \u00d6ffnen im K\u00fchlschrank aufbewahren und innerhalb von 3 Tagen aufbrauchen; nicht einfrieren<\/p>\n<p>1. Spezifikation: 2,4 mm*15 cm<\/p>\n<p class=\"translation-block\">2. Zertifikate:<strong> <\/strong>BRC, FDA, HACCP, HALAL, KOSHER;<\/p>\n<p>3. Lieferfrist: 30 Tage nach Erhalt Ihrer Anzahlung;<\/p>\n<p>4. Haltbarkeitsdauer: 12 Monate;<\/p>","protected":false},"excerpt":{"rendered":"<p>Konjakkuchen (Konjak-Tofu) wird hergestellt aus <a href=\"https:\/\/sentaiyuanbio.com\/de\/produkt\/konjakmehl-yamswurzel-konjakpulver\/\" target=\"_blank\" rel=\"noopener\">Konjakmehl<\/a> die den wasserl\u00f6slichen Ballaststoff Glucomannan enthalten. Studien haben gezeigt, dass Konjak-Glucomannan in der Ern\u00e4hrung in vielerlei Hinsicht vorteilhaft f\u00fcr unsere Gesundheit ist.<\/p>","protected":false},"featured_media":1384,"template":"","meta":{"site-sidebar-layout":"default","site-content-layout":"","ast-site-content-layout":"default","site-content-style":"default","site-sidebar-style":"default","ast-global-header-display":"","ast-banner-title-visibility":"","ast-main-header-display":"","ast-hfb-above-header-display":"","ast-hfb-below-header-display":"","ast-hfb-mobile-header-display":"","site-post-title":"","ast-breadcrumbs-content":"","ast-featured-img":"","footer-sml-layout":"","ast-disable-related-posts":"","theme-transparent-header-meta":"default","adv-header-id-meta":"","stick-header-meta":"default","header-above-stick-meta":"","header-main-stick-meta":"","header-below-stick-meta":"","astra-migrate-meta-layouts":"set","ast-page-background-enabled":"default","ast-page-background-meta":{"desktop":{"background-color":"","background-image":"","background-repeat":"repeat","background-position":"center center","background-size":"auto","background-attachment":"scroll","background-type":"","background-media":"","overlay-type":"","overlay-color":"","overlay-opacity":"","overlay-gradient":""},"tablet":{"background-color":"","background-image":"","background-repeat":"repeat","background-position":"center center","background-size":"auto","background-attachment":"scroll","background-type":"","background-media":"","overlay-type":"","overlay-color":"","overlay-opacity":"","overlay-gradient":""},"mobile":{"background-color":"","background-image":"","background-repeat":"repeat","background-position":"center center","background-size":"auto","background-attachment":"scroll","background-type":"","background-media":"","overlay-type":"","overlay-color":"","overlay-opacity":"","overlay-gradient":""}},"ast-content-background-meta":{"desktop":{"background-color":"var(--ast-global-color-5)","background-image":"","background-repeat":"repeat","background-position":"center center","background-size":"auto","background-attachment":"scroll","background-type":"","background-media":"","overlay-type":"","overlay-color":"","overlay-opacity":"","overlay-gradient":""},"tablet":{"background-color":"var(--ast-global-color-5)","background-image":"","background-repeat":"repeat","background-position":"center center","background-size":"auto","background-attachment":"scroll","background-type":"","background-media":"","overlay-type":"","overlay-color":"","overlay-opacity":"","overlay-gradient":""},"mobile":{"background-color":"var(--ast-global-color-5)","background-image":"","background-repeat":"repeat","background-position":"center center","background-size":"auto","background-attachment":"scroll","background-type":"","background-media":"","overlay-type":"","overlay-color":"","overlay-opacity":"","overlay-gradient":""}}},"product_brand":[],"product_cat":[22],"product_tag":[38],"class_list":{"0":"post-1383","1":"product","2":"type-product","3":"status-publish","4":"has-post-thumbnail","6":"product_cat-konjac-pasta","7":"product_tag-konjac-cake","8":"desktop-align-left","9":"tablet-align-left","10":"mobile-align-left","11":"ast-product-gallery-layout-horizontal-slider","12":"ast-product-tabs-layout-horizontal","14":"first","15":"instock","16":"shipping-taxable","17":"product-type-simple"},"_links":{"self":[{"href":"https:\/\/sentaiyuanbio.com\/de\/wp-json\/wp\/v2\/product\/1383","targetHints":{"allow":["GET"]}}],"collection":[{"href":"https:\/\/sentaiyuanbio.com\/de\/wp-json\/wp\/v2\/product"}],"about":[{"href":"https:\/\/sentaiyuanbio.com\/de\/wp-json\/wp\/v2\/types\/product"}],"version-history":[{"count":0,"href":"https:\/\/sentaiyuanbio.com\/de\/wp-json\/wp\/v2\/product\/1383\/revisions"}],"wp:featuredmedia":[{"embeddable":true,"href":"https:\/\/sentaiyuanbio.com\/de\/wp-json\/wp\/v2\/media\/1384"}],"wp:attachment":[{"href":"https:\/\/sentaiyuanbio.com\/de\/wp-json\/wp\/v2\/media?parent=1383"}],"wp:term":[{"taxonomy":"product_brand","embeddable":true,"href":"https:\/\/sentaiyuanbio.com\/de\/wp-json\/wp\/v2\/product_brand?post=1383"},{"taxonomy":"product_cat","embeddable":true,"href":"https:\/\/sentaiyuanbio.com\/de\/wp-json\/wp\/v2\/product_cat?post=1383"},{"taxonomy":"product_tag","embeddable":true,"href":"https:\/\/sentaiyuanbio.com\/de\/wp-json\/wp\/v2\/product_tag?post=1383"}],"curies":[{"name":"wp","href":"https:\/\/api.w.org\/{rel}","templated":true}]}}