{"id":1394,"date":"2024-05-07T07:25:31","date_gmt":"2024-05-07T07:25:31","guid":{"rendered":"https:\/\/sentaiyuanbio.com\/?post_type=product&#038;p=1394"},"modified":"2026-01-06T02:30:07","modified_gmt":"2026-01-06T02:30:07","slug":"bio-shirataki-engelshaar-nudeln","status":"publish","type":"product","link":"https:\/\/sentaiyuanbio.com\/de\/produkt\/bio-shirataki-engelshaar-nudeln\/","title":{"rendered":"Bio Shirataki Engelshaar, Skinny Konjak Nudeln 6 Kcal"},"content":{"rendered":"<h2>Bio Shirataki Engelshaar Spezifikationen:<\/h2>\n<p>Durchmesser: 1,8-2,5 mm<\/p>\n<p>L\u00e4nge: 10-20cm<\/p>\n<p>Gewicht: 200g\/Beutel oder nach Ihren Anforderungen.<\/p>\n<p>Lagerung: An einem k\u00fchlen und trockenen Ort aufbewahren. Von starkem Licht und Hitze fernhalten.<\/p>\n<p>Lieferf\u00e4higkeit: 3000X20HQ\/Jahr<\/p>\n<p>Haltbarkeit: 1 Jahr bei sachgem\u00e4\u00dfer Lagerung.<\/p>\n<h2>Bio Shirataki Engelshaar N\u00e4hrwertangaben<\/h2>\n<table>\n<tbody>\n<tr align=\"left\">\n<td>Portionsgr\u00f6\u00dfe<\/td>\n<td>100g<\/td>\n<\/tr>\n<tr align=\"left\">\n<td>Energie<\/td>\n<td>6 kcal<\/td>\n<\/tr>\n<tr align=\"left\">\n<td>Eiwei\u00df<\/td>\n<td>&lt;0.5g<\/td>\n<\/tr>\n<tr align=\"left\">\n<td>Fett gesamt<\/td>\n<td>&lt;0.5g<\/td>\n<\/tr>\n<tr align=\"left\">\n<td>Ges\u00e4ttigte Fetts\u00e4uren<\/td>\n<td>&lt;0.1g<\/td>\n<\/tr>\n<tr align=\"left\">\n<td>Transfetts\u00e4uren<\/td>\n<td>&lt;0.1g<\/td>\n<\/tr>\n<tr align=\"left\">\n<td>Kohlenhydrate insgesamt<\/td>\n<td>3.5g<\/td>\n<\/tr>\n<tr align=\"left\">\n<td>Zucker<\/td>\n<td>&lt;0.5g<\/td>\n<\/tr>\n<tr align=\"left\">\n<td>Ballaststoffe<\/td>\n<td>3.0g<\/td>\n<\/tr>\n<tr align=\"left\">\n<td>Natrium<\/td>\n<td>&lt;5mg<\/td>\n<\/tr>\n<\/tbody>\n<\/table>\n<p>Sie hei\u00dfen Skinny Konjak-Nudeln und sehen nicht aus wie andere Nudeln. Das liegt daran, dass sie aus einer Pflanze namens Konjak hergestellt werden. Konjak wird seit Tausenden von Jahren verwendet, ist reich an Ballaststoffen und enth\u00e4lt bemerkenswert wenig Kohlenhydrate. Aber was sie ph\u00e4nomenal macht, ist, dass sie die gr\u00f6\u00dften, reichhaltigsten und wildesten Geschmacksrichtungen einf\u00e4ngt, die man sich vorstellen kann. Schlie\u00dflich ist keine Zutat vom Tisch, wenn Ihre Pasta nur 9 Kalorien hat. Nehmen Sie sich also eine Sch\u00fcssel und f\u00fcllen Sie sie bis zum Rand mit So\u00dfe, Br\u00fche oder Fleischb\u00e4llchen in H\u00fclle und F\u00fclle. Es ist Zeit f\u00fcr Bio-Shirataki-Engelshaar!<\/p>\n<p><strong>Hier sind einige Vorteile davon:<\/strong><\/p>\n<p><strong>Kalorienarm:<\/strong> Weil sie so wenig Kalorien hat, ist sie eine beliebte Option f\u00fcr Menschen, die ihren Kalorienverbrauch einschr\u00e4nken wollen. Im Vergleich zu herk\u00f6mmlichen Nudeln auf Weizenbasis, die viel mehr Kalorien haben k\u00f6nnen, hat eine typische Portion dieser Nudeln nur sehr wenige Kalorien.<\/p>\n<p><strong>Wenig Kohlenhydrate<\/strong>: Da sie extrem wenig Kohlenhydrate enth\u00e4lt, kann sie auch von Personen verzehrt werden, die sich kohlenhydratarm oder ketogen ern\u00e4hren. Sie ist besonders hilfreich f\u00fcr Menschen, die Kohlenhydrate einsparen wollen, ohne auf den Geschmack der Pasta zu verzichten.<\/p>\n<p><strong>Reich an Ballaststoffen<\/strong>: Der hohe Gehalt an Ballaststoffen kann die Verdauung und das S\u00e4ttigungsgef\u00fchl verbessern. Regelm\u00e4\u00dfiger Stuhlgang und eine verbesserte Darmgesundheit sind ebenfalls auf den hohen Ballaststoffgehalt der Konjak-Nudeln zur\u00fcckzuf\u00fchren.<\/p>\n<p><strong>Glutenfrei<\/strong>: Da es glutenfrei ist, kann es auch von Menschen genossen werden, die empfindlich auf Gluten reagieren oder eine glutenfreie Di\u00e4t einhalten m\u00fcssen. F\u00fcr diejenigen, die Gluten nicht meiden k\u00f6nnen, aber dennoch ein Nudelgericht genie\u00dfen m\u00f6chten, bietet es eine nudel\u00e4hnliche Alternative.<\/p>\n<p><strong>Blutzuckermanagement<\/strong>: Der Blutzuckerspiegel wird aufgrund seines geringen Kohlenhydratgehalts nicht wesentlich beeinflusst. Wegen seines niedrigen <a href=\"https:\/\/www.healthline.com\/nutrition\/glycemic-index\" target=\"_blank\" rel=\"noopener\">glyk\u00e4mischer Index<\/a>, Der Verzehr f\u00fchrt nicht zu einem sprunghaften Anstieg des Blutzuckerspiegels. F\u00fcr Menschen, die an Diabetes leiden oder versuchen, ihren Blutzuckerspiegel auszugleichen, kann dies hilfreich sein.<\/p>\n<p><strong>Vielseitig und anpassungsf\u00e4hig<\/strong>: Es kann ersetzt werden durch <strong>normale Nudeln<\/strong> in einer Vielzahl von Gerichten. Sie k\u00f6nnen damit kalorienarme, gesunde Versionen Ihrer Lieblingsnudelgerichte zubereiten, da es den Geschmack der So\u00dfen und anderen Zutaten, mit denen es gekocht wird, aufnimmt.<\/p>\n<p><strong>Gewichtskontrolle<\/strong>: Aufgrund seiner geringen Kalorienzahl und seines hohen Ballaststoffgehalts ist es eine gute Wahl zur Gewichtskontrolle. Es kann dazu beitragen, die Gesamtkalorienzufuhr zu reduzieren, indem es eine s\u00e4ttigende und herzhafte Mahlzeit bietet, die die Bem\u00fchungen um Gewichtsabnahme und Portionskontrolle unterst\u00fctzt.<\/p>\n<p><strong>Leicht zu kochen<\/strong>: Es wird in der Regel verpackt geliefert und muss nur wenig gekocht werden. Es ist eine praktische Wahl f\u00fcr Menschen mit hektischen Terminen oder wenig Kocherfahrung, da es schnell durch Kochen oder Pfannenr\u00fchren zubereitet werden kann.<\/p>\n<p><img fetchpriority=\"high\" decoding=\"async\" class=\"alignnone wp-image-5150 size-full\" title=\"Magere Konjak-Nudeln\" src=\"https:\/\/sentaiyuanbio.com\/wp-content\/uploads\/2024\/05\/Skinny-Konjac-Noodles-4.webp\" alt=\"Magere Konjak-Nudeln\" width=\"1000\" height=\"1000\" srcset=\"https:\/\/sentaiyuanbio.com\/wp-content\/uploads\/2024\/05\/Skinny-Konjac-Noodles-4.webp 1000w, https:\/\/sentaiyuanbio.com\/wp-content\/uploads\/2024\/05\/Skinny-Konjac-Noodles-4-600x600.webp 600w, https:\/\/sentaiyuanbio.com\/wp-content\/uploads\/2024\/05\/Skinny-Konjac-Noodles-4-100x100.webp 100w, https:\/\/sentaiyuanbio.com\/wp-content\/uploads\/2024\/05\/Skinny-Konjac-Noodles-4-300x300.webp 300w, https:\/\/sentaiyuanbio.com\/wp-content\/uploads\/2024\/05\/Skinny-Konjac-Noodles-4-150x150.webp 150w, https:\/\/sentaiyuanbio.com\/wp-content\/uploads\/2024\/05\/Skinny-Konjac-Noodles-4-768x768.webp 768w\" sizes=\"(max-width: 1000px) 100vw, 1000px\" \/> <img decoding=\"async\" class=\"alignnone wp-image-5148 size-full\" title=\"Magere Konjak-Nudeln\" src=\"https:\/\/sentaiyuanbio.com\/wp-content\/uploads\/2024\/05\/Skinny-Konjac-Noodles-1.webp\" alt=\"Magere Konjak-Nudeln\" width=\"1000\" height=\"1000\" srcset=\"https:\/\/sentaiyuanbio.com\/wp-content\/uploads\/2024\/05\/Skinny-Konjac-Noodles-1.webp 1000w, https:\/\/sentaiyuanbio.com\/wp-content\/uploads\/2024\/05\/Skinny-Konjac-Noodles-1-600x600.webp 600w, https:\/\/sentaiyuanbio.com\/wp-content\/uploads\/2024\/05\/Skinny-Konjac-Noodles-1-100x100.webp 100w, https:\/\/sentaiyuanbio.com\/wp-content\/uploads\/2024\/05\/Skinny-Konjac-Noodles-1-300x300.webp 300w, https:\/\/sentaiyuanbio.com\/wp-content\/uploads\/2024\/05\/Skinny-Konjac-Noodles-1-150x150.webp 150w, https:\/\/sentaiyuanbio.com\/wp-content\/uploads\/2024\/05\/Skinny-Konjac-Noodles-1-768x768.webp 768w\" sizes=\"(max-width: 1000px) 100vw, 1000px\" \/> <img decoding=\"async\" class=\"alignnone wp-image-5149 size-full\" title=\"Magere Konjak-Nudeln\" src=\"https:\/\/sentaiyuanbio.com\/wp-content\/uploads\/2024\/05\/Skinny-Konjac-Noodles-2.webp\" alt=\"Magere Konjak-Nudeln\" width=\"1000\" height=\"1000\" srcset=\"https:\/\/sentaiyuanbio.com\/wp-content\/uploads\/2024\/05\/Skinny-Konjac-Noodles-2.webp 1000w, https:\/\/sentaiyuanbio.com\/wp-content\/uploads\/2024\/05\/Skinny-Konjac-Noodles-2-600x600.webp 600w, https:\/\/sentaiyuanbio.com\/wp-content\/uploads\/2024\/05\/Skinny-Konjac-Noodles-2-100x100.webp 100w, https:\/\/sentaiyuanbio.com\/wp-content\/uploads\/2024\/05\/Skinny-Konjac-Noodles-2-300x300.webp 300w, https:\/\/sentaiyuanbio.com\/wp-content\/uploads\/2024\/05\/Skinny-Konjac-Noodles-2-150x150.webp 150w, https:\/\/sentaiyuanbio.com\/wp-content\/uploads\/2024\/05\/Skinny-Konjac-Noodles-2-768x768.webp 768w\" sizes=\"(max-width: 1000px) 100vw, 1000px\" \/><\/p>","protected":false},"excerpt":{"rendered":"<p>Bio-Shirataki-Engelshaar wird aus biologischem Anbau hergestellt <a href=\"https:\/\/sentaiyuanbio.com\/de\/produkt\/konjakwurzel-glucomannan\/\" target=\"_blank\" rel=\"noopener\">Konjakmehl<\/a> enth\u00e4lt den wasserl\u00f6slichen Ballaststoff Glucomannan. Er ist in vielerlei Hinsicht vorteilhaft f\u00fcr unsere Gesundheit.<\/p>","protected":false},"featured_media":3910,"template":"","meta":{"site-sidebar-layout":"default","site-content-layout":"","ast-site-content-layout":"default","site-content-style":"default","site-sidebar-style":"default","ast-global-header-display":"","ast-banner-title-visibility":"","ast-main-header-display":"","ast-hfb-above-header-display":"","ast-hfb-below-header-display":"","ast-hfb-mobile-header-display":"","site-post-title":"","ast-breadcrumbs-content":"","ast-featured-img":"","footer-sml-layout":"","ast-disable-related-posts":"","theme-transparent-header-meta":"default","adv-header-id-meta":"","stick-header-meta":"default","header-above-stick-meta":"","header-main-stick-meta":"","header-below-stick-meta":"","astra-migrate-meta-layouts":"set","ast-page-background-enabled":"default","ast-page-background-meta":{"desktop":{"background-color":"","background-image":"","background-repeat":"repeat","background-position":"center center","background-size":"auto","background-attachment":"scroll","background-type":"","background-media":"","overlay-type":"","overlay-color":"","overlay-opacity":"","overlay-gradient":""},"tablet":{"background-color":"","background-image":"","background-repeat":"repeat","background-position":"center center","background-size":"auto","background-attachment":"scroll","background-type":"","background-media":"","overlay-type":"","overlay-color":"","overlay-opacity":"","overlay-gradient":""},"mobile":{"background-color":"","background-image":"","background-repeat":"repeat","background-position":"center center","background-size":"auto","background-attachment":"scroll","background-type":"","background-media":"","overlay-type":"","overlay-color":"","overlay-opacity":"","overlay-gradient":""}},"ast-content-background-meta":{"desktop":{"background-color":"var(--ast-global-color-5)","background-image":"","background-repeat":"repeat","background-position":"center center","background-size":"auto","background-attachment":"scroll","background-type":"","background-media":"","overlay-type":"","overlay-color":"","overlay-opacity":"","overlay-gradient":""},"tablet":{"background-color":"var(--ast-global-color-5)","background-image":"","background-repeat":"repeat","background-position":"center center","background-size":"auto","background-attachment":"scroll","background-type":"","background-media":"","overlay-type":"","overlay-color":"","overlay-opacity":"","overlay-gradient":""},"mobile":{"background-color":"var(--ast-global-color-5)","background-image":"","background-repeat":"repeat","background-position":"center center","background-size":"auto","background-attachment":"scroll","background-type":"","background-media":"","overlay-type":"","overlay-color":"","overlay-opacity":"","overlay-gradient":""}}},"product_brand":[],"product_cat":[22],"product_tag":[30,29],"class_list":{"0":"post-1394","1":"product","2":"type-product","3":"status-publish","4":"has-post-thumbnail","6":"product_cat-konjac-pasta","7":"product_tag-konjac-angel-hair","8":"product_tag-konjac-spaghetti","9":"desktop-align-left","10":"tablet-align-left","11":"mobile-align-left","12":"ast-product-gallery-layout-horizontal-slider","13":"ast-product-tabs-layout-horizontal","15":"first","16":"instock","17":"shipping-taxable","18":"product-type-simple"},"_links":{"self":[{"href":"https:\/\/sentaiyuanbio.com\/de\/wp-json\/wp\/v2\/product\/1394","targetHints":{"allow":["GET"]}}],"collection":[{"href":"https:\/\/sentaiyuanbio.com\/de\/wp-json\/wp\/v2\/product"}],"about":[{"href":"https:\/\/sentaiyuanbio.com\/de\/wp-json\/wp\/v2\/types\/product"}],"version-history":[{"count":0,"href":"https:\/\/sentaiyuanbio.com\/de\/wp-json\/wp\/v2\/product\/1394\/revisions"}],"wp:featuredmedia":[{"embeddable":true,"href":"https:\/\/sentaiyuanbio.com\/de\/wp-json\/wp\/v2\/media\/3910"}],"wp:attachment":[{"href":"https:\/\/sentaiyuanbio.com\/de\/wp-json\/wp\/v2\/media?parent=1394"}],"wp:term":[{"taxonomy":"product_brand","embeddable":true,"href":"https:\/\/sentaiyuanbio.com\/de\/wp-json\/wp\/v2\/product_brand?post=1394"},{"taxonomy":"product_cat","embeddable":true,"href":"https:\/\/sentaiyuanbio.com\/de\/wp-json\/wp\/v2\/product_cat?post=1394"},{"taxonomy":"product_tag","embeddable":true,"href":"https:\/\/sentaiyuanbio.com\/de\/wp-json\/wp\/v2\/product_tag?post=1394"}],"curies":[{"name":"wp","href":"https:\/\/api.w.org\/{rel}","templated":true}]}}