{"id":1398,"date":"2024-05-07T07:34:16","date_gmt":"2024-05-07T07:34:16","guid":{"rendered":"https:\/\/sentaiyuanbio.com\/?post_type=product&#038;p=1398"},"modified":"2026-01-06T02:04:38","modified_gmt":"2026-01-06T02:04:38","slug":"shirataki-spaghetti-konjak-nudeln","status":"publish","type":"product","link":"https:\/\/sentaiyuanbio.com\/de\/produkt\/shirataki-spaghetti-konjak-nudeln\/","title":{"rendered":"Shirataki Spaghetti Konjak-Nudeln Instant-Nudeln"},"content":{"rendered":"<h2>Shirataki Spaghetti Konjak Nudeln Instant Nudeln OEM<\/h2>\n<p><strong>Informationen zum Produkt:<\/strong><\/p>\n<h3>Was ist Konjak?<\/h3>\n<p>Die Konjakpflanze (<a href=\"https:\/\/en.wikipedia.org\/wiki\/Amorphophallus\" target=\"_blank\" rel=\"noopener\">Amorphophallus<\/a> konjac) w\u00e4chst an H\u00e4ngen in einer H\u00f6he von 2000 bis 4000 Fu\u00df \u00fcber dem Meeresspiegel, wo sie die saubere Luft und das Wasser dieses Lebensraums genie\u00dft. Der essbare Teil der Konjakpflanze ist die Wurzel, die einer ovalen Yamswurzel, Kartoffel oder Taro \u00e4hnelt. Ein weit verbreiteter Irrtum ist, dass Konjak-Nudeln Yam-Nudeln sind - das sind sie nicht. Obwohl die Konjakwurzel anderen Wurzelgem\u00fcsen \u00e4hnlich sieht, geh\u00f6rt sie zu einer anderen Pflanzenfamilie. W\u00e4hrend Kartoffeln und Yamswurzeln bekannterma\u00dfen viel St\u00e4rke enthalten, hat Konjak einen hohen Ballaststoffgehalt und nur sehr wenig St\u00e4rke.<\/p>\n<h3>Was sind die gesundheitlichen Vorteile von Shirataki-Spaghetti?<\/h3>\n<p>Konjak-Nudeln werden aus Konjakmehl hergestellt, das den wasserl\u00f6slichen Ballaststoff Glucomannan enth\u00e4lt. Studien haben gezeigt <a href=\"https:\/\/sentaiyuanbio.com\/de\/produkt\/glutenfreies-konjak-glucomannan\/\" target=\"_blank\" rel=\"noopener\">Konjak-Glucomannan<\/a> in der Ern\u00e4hrung ist in vielerlei Hinsicht vorteilhaft f\u00fcr unsere Gesundheit<\/p>\n<p>1. Gewichtsregulierung - Glucomannan f\u00fcllt den Magen und verlangsamt die Verdauung, was dem Verbraucher hilft, sich l\u00e4nger \"satt\" zu f\u00fchlen und das Verlangen nach schweren Mahlzeiten oder Snacks zu reduzieren.<br \/>\n2. Hilfe bei der Kontrolle des Blutzuckerspiegels - Durch die Verl\u00e4ngerung der f\u00fcr die Verdauung einer Mahlzeit erforderlichen Zeit werden Zucker und Kohlenhydrate aus anderen Nahrungsmitteln langsamer verarbeitet, was Blutzuckerspitzen reduziert.<br \/>\n3. Senkung des Cholesterinspiegels - Glucomannan-Gel hemmt im Verdauungstrakt die Aufnahme von Lipiden, wie LDL (schlechtes Cholesterin).<br \/>\n4. Regulierung des Stuhlgangs - Wie bei vielen Lebensmitteln, die Ballaststoffe enthalten, kann Glucomannan helfen, den Stuhlgang zu regulieren.<\/p>\n<p><strong>Lagerungsbedingungen:<\/strong><\/p>\n<p>K\u00fchl und trocken lagern, direkte Sonneneinstrahlung vermeiden, nach dem \u00d6ffnen im K\u00fchlschrank aufbewahren und innerhalb von 3 Tagen aufbrauchen; nicht einfrieren<\/p>\n<p>1. Spezifikation: 2,4 mm*15 cm<br \/>\n2. Bescheinigungen: BRC, FDA, HACCP, HALAL, KOSCHER;<br \/>\n3. Lieferfrist: 30 Tage nach Erhalt Ihrer Anzahlung;<br \/>\n4. Haltbarkeitsdauer: 12 Monate;<\/p>\n<h3>Die Verzehrsanleitung f\u00fcr vorgekochte Shirataki-Spaghetti:<\/h3>\n<p>1. \u00d6ffnen Sie die Verpackung und lassen Sie die Fl\u00fcssigkeit ablaufen.<br \/>\n2. Die Spaghetti zwei bis drei Minuten unter flie\u00dfendem Leitungswasser absp\u00fclen;<br \/>\n3. Die Spaghetti in eine Pfanne geben und 2-3 Minuten anbraten. Nach Belieben Gew\u00fcrze, So\u00dfen oder Suppe hinzuf\u00fcgen.<br \/>\n4. Wenn Sie die Nudeln nicht braten m\u00f6chten, k\u00f6nnen Sie sie auch 1-2 Minuten in der Mikrowelle erhitzen.<\/p>\n<p>Bitte beachten Sie, dass die Spaghetti sehr saugf\u00e4hig sind. Sie nehmen die So\u00dfen auf und nehmen die Aromen an, mit denen Sie sie kochen.<\/p>\n<h3>Die Verzehrsanweisung f\u00fcr Instant-Spaghetti Shirataki:<\/h3>\n<p>1. \u00d6ffnen Sie die Verpackung und lassen Sie die Fl\u00fcssigkeit ablaufen.<br \/>\n2. Die Spaghetti zwei bis drei Minuten unter flie\u00dfendem Leitungswasser waschen;<br \/>\n3. Die Spaghetti in eine Sch\u00fcssel geben, abgekochtes Wasser hinzuf\u00fcgen und das Wasser abgie\u00dfen.<br \/>\n4. Nach Belieben Gew\u00fcrze, So\u00dfen oder Suppen hinzuf\u00fcgen;<br \/>\n5. Dann k\u00f6nnen Sie es genie\u00dfen.<\/p>\n<p><img fetchpriority=\"high\" decoding=\"async\" class=\"alignnone wp-image-5153 size-full\" title=\"Konjac-Nudeln Instant-Nudeln\" src=\"https:\/\/sentaiyuanbio.com\/wp-content\/uploads\/2024\/05\/Konjac-Pasta-Instant-Noodles-2.webp\" alt=\"Konjac-Nudeln Instant-Nudeln\" width=\"800\" height=\"800\" srcset=\"https:\/\/sentaiyuanbio.com\/wp-content\/uploads\/2024\/05\/Konjac-Pasta-Instant-Noodles-2.webp 800w, https:\/\/sentaiyuanbio.com\/wp-content\/uploads\/2024\/05\/Konjac-Pasta-Instant-Noodles-2-600x600.webp 600w, https:\/\/sentaiyuanbio.com\/wp-content\/uploads\/2024\/05\/Konjac-Pasta-Instant-Noodles-2-100x100.webp 100w, https:\/\/sentaiyuanbio.com\/wp-content\/uploads\/2024\/05\/Konjac-Pasta-Instant-Noodles-2-300x300.webp 300w, https:\/\/sentaiyuanbio.com\/wp-content\/uploads\/2024\/05\/Konjac-Pasta-Instant-Noodles-2-150x150.webp 150w, https:\/\/sentaiyuanbio.com\/wp-content\/uploads\/2024\/05\/Konjac-Pasta-Instant-Noodles-2-768x768.webp 768w\" sizes=\"(max-width: 800px) 100vw, 800px\" \/> <img decoding=\"async\" class=\"alignnone wp-image-5152 size-full\" title=\"Shirataki Spaghetti Konjak-Nudeln Instant-Nudeln\" src=\"https:\/\/sentaiyuanbio.com\/wp-content\/uploads\/2024\/05\/Konjac-Pasta-Instant-Noodles-1.webp\" alt=\"Shirataki Spaghetti Konjak-Nudeln Instant-Nudeln\" width=\"800\" height=\"800\" srcset=\"https:\/\/sentaiyuanbio.com\/wp-content\/uploads\/2024\/05\/Konjac-Pasta-Instant-Noodles-1.webp 800w, https:\/\/sentaiyuanbio.com\/wp-content\/uploads\/2024\/05\/Konjac-Pasta-Instant-Noodles-1-600x600.webp 600w, https:\/\/sentaiyuanbio.com\/wp-content\/uploads\/2024\/05\/Konjac-Pasta-Instant-Noodles-1-100x100.webp 100w, https:\/\/sentaiyuanbio.com\/wp-content\/uploads\/2024\/05\/Konjac-Pasta-Instant-Noodles-1-300x300.webp 300w, https:\/\/sentaiyuanbio.com\/wp-content\/uploads\/2024\/05\/Konjac-Pasta-Instant-Noodles-1-150x150.webp 150w, https:\/\/sentaiyuanbio.com\/wp-content\/uploads\/2024\/05\/Konjac-Pasta-Instant-Noodles-1-768x768.webp 768w\" sizes=\"(max-width: 800px) 100vw, 800px\" \/> <img decoding=\"async\" class=\"alignnone wp-image-5154 size-full\" title=\"Shirataki Spaghetti Konjak-Nudeln Instant-Nudeln\" src=\"https:\/\/sentaiyuanbio.com\/wp-content\/uploads\/2024\/05\/Konjac-Pasta-Instant-Noodles-3.webp\" alt=\"Shirataki Spaghetti Konjak-Nudeln Instant-Nudeln\" width=\"800\" height=\"800\" srcset=\"https:\/\/sentaiyuanbio.com\/wp-content\/uploads\/2024\/05\/Konjac-Pasta-Instant-Noodles-3.webp 800w, https:\/\/sentaiyuanbio.com\/wp-content\/uploads\/2024\/05\/Konjac-Pasta-Instant-Noodles-3-600x600.webp 600w, https:\/\/sentaiyuanbio.com\/wp-content\/uploads\/2024\/05\/Konjac-Pasta-Instant-Noodles-3-100x100.webp 100w, https:\/\/sentaiyuanbio.com\/wp-content\/uploads\/2024\/05\/Konjac-Pasta-Instant-Noodles-3-300x300.webp 300w, https:\/\/sentaiyuanbio.com\/wp-content\/uploads\/2024\/05\/Konjac-Pasta-Instant-Noodles-3-150x150.webp 150w, https:\/\/sentaiyuanbio.com\/wp-content\/uploads\/2024\/05\/Konjac-Pasta-Instant-Noodles-3-768x768.webp 768w\" sizes=\"(max-width: 800px) 100vw, 800px\" \/><\/p>","protected":false},"excerpt":{"rendered":"<p>Shirataki-Spaghetti werden aus Konjakmehl hergestellt, das den wasserl\u00f6slichen Ballaststoff Glucomannan enth\u00e4lt. Studien haben gezeigt, dass Konjak-Glucomannan in der Ern\u00e4hrung in vielerlei Hinsicht vorteilhaft f\u00fcr unsere Gesundheit ist<\/p>","protected":false},"featured_media":3917,"template":"","meta":{"site-sidebar-layout":"default","site-content-layout":"","ast-site-content-layout":"default","site-content-style":"default","site-sidebar-style":"default","ast-global-header-display":"","ast-banner-title-visibility":"","ast-main-header-display":"","ast-hfb-above-header-display":"","ast-hfb-below-header-display":"","ast-hfb-mobile-header-display":"","site-post-title":"","ast-breadcrumbs-content":"","ast-featured-img":"","footer-sml-layout":"","ast-disable-related-posts":"","theme-transparent-header-meta":"default","adv-header-id-meta":"","stick-header-meta":"default","header-above-stick-meta":"","header-main-stick-meta":"","header-below-stick-meta":"","astra-migrate-meta-layouts":"set","ast-page-background-enabled":"default","ast-page-background-meta":{"desktop":{"background-color":"","background-image":"","background-repeat":"repeat","background-position":"center center","background-size":"auto","background-attachment":"scroll","background-type":"","background-media":"","overlay-type":"","overlay-color":"","overlay-opacity":"","overlay-gradient":""},"tablet":{"background-color":"","background-image":"","background-repeat":"repeat","background-position":"center center","background-size":"auto","background-attachment":"scroll","background-type":"","background-media":"","overlay-type":"","overlay-color":"","overlay-opacity":"","overlay-gradient":""},"mobile":{"background-color":"","background-image":"","background-repeat":"repeat","background-position":"center center","background-size":"auto","background-attachment":"scroll","background-type":"","background-media":"","overlay-type":"","overlay-color":"","overlay-opacity":"","overlay-gradient":""}},"ast-content-background-meta":{"desktop":{"background-color":"var(--ast-global-color-5)","background-image":"","background-repeat":"repeat","background-position":"center center","background-size":"auto","background-attachment":"scroll","background-type":"","background-media":"","overlay-type":"","overlay-color":"","overlay-opacity":"","overlay-gradient":""},"tablet":{"background-color":"var(--ast-global-color-5)","background-image":"","background-repeat":"repeat","background-position":"center center","background-size":"auto","background-attachment":"scroll","background-type":"","background-media":"","overlay-type":"","overlay-color":"","overlay-opacity":"","overlay-gradient":""},"mobile":{"background-color":"var(--ast-global-color-5)","background-image":"","background-repeat":"repeat","background-position":"center center","background-size":"auto","background-attachment":"scroll","background-type":"","background-media":"","overlay-type":"","overlay-color":"","overlay-opacity":"","overlay-gradient":""}}},"product_brand":[],"product_cat":[22],"product_tag":[32,29],"class_list":{"0":"post-1398","1":"product","2":"type-product","3":"status-publish","4":"has-post-thumbnail","6":"product_cat-konjac-pasta","7":"product_tag-konjac-pasta","8":"product_tag-konjac-spaghetti","9":"desktop-align-left","10":"tablet-align-left","11":"mobile-align-left","12":"ast-product-gallery-layout-horizontal-slider","13":"ast-product-tabs-layout-horizontal","15":"first","16":"instock","17":"shipping-taxable","18":"product-type-simple"},"_links":{"self":[{"href":"https:\/\/sentaiyuanbio.com\/de\/wp-json\/wp\/v2\/product\/1398","targetHints":{"allow":["GET"]}}],"collection":[{"href":"https:\/\/sentaiyuanbio.com\/de\/wp-json\/wp\/v2\/product"}],"about":[{"href":"https:\/\/sentaiyuanbio.com\/de\/wp-json\/wp\/v2\/types\/product"}],"version-history":[{"count":0,"href":"https:\/\/sentaiyuanbio.com\/de\/wp-json\/wp\/v2\/product\/1398\/revisions"}],"wp:featuredmedia":[{"embeddable":true,"href":"https:\/\/sentaiyuanbio.com\/de\/wp-json\/wp\/v2\/media\/3917"}],"wp:attachment":[{"href":"https:\/\/sentaiyuanbio.com\/de\/wp-json\/wp\/v2\/media?parent=1398"}],"wp:term":[{"taxonomy":"product_brand","embeddable":true,"href":"https:\/\/sentaiyuanbio.com\/de\/wp-json\/wp\/v2\/product_brand?post=1398"},{"taxonomy":"product_cat","embeddable":true,"href":"https:\/\/sentaiyuanbio.com\/de\/wp-json\/wp\/v2\/product_cat?post=1398"},{"taxonomy":"product_tag","embeddable":true,"href":"https:\/\/sentaiyuanbio.com\/de\/wp-json\/wp\/v2\/product_tag?post=1398"}],"curies":[{"name":"wp","href":"https:\/\/api.w.org\/{rel}","templated":true}]}}