{"id":1402,"date":"2024-05-07T07:47:42","date_gmt":"2024-05-07T07:47:42","guid":{"rendered":"https:\/\/sentaiyuanbio.com\/?post_type=product&#038;p=1402"},"modified":"2026-03-27T03:11:34","modified_gmt":"2026-03-27T03:11:34","slug":"reine-konjak-fettuccine","status":"publish","type":"product","link":"https:\/\/sentaiyuanbio.com\/de\/produkt\/reine-konjak-fettuccine\/","title":{"rendered":"Shirataki Fettuccine-Nudeln f\u00f6rdern die Verdauung"},"content":{"rendered":"<p>Die nat\u00fcrlichen Pflanzenfasern in reinen Konjak-Fettuccine-Nudeln stillen nicht nur Ihren Hunger, sondern helfen Ihnen auch beim Abnehmen. Ob Sie also abnehmen m\u00f6chten, ohne zu hungern, oder ob Sie <a href=\"https:\/\/www.nhs.uk\/conditions\/diabetes\/\" target=\"_blank\" rel=\"noopener\">Diabetiker<\/a> auf der Suche nach einer zuckerfreien und kohlenhydratfreien Alternative zu Nudeln, <a href=\"https:\/\/sentaiyuanbio.com\/de\/konjak\/\" target=\"_blank\" rel=\"noopener\">Konjak<\/a> ist eine ideale Alternative f\u00fcr alle, die gut aussehen und es auch bleiben wollen - ohne schlechtes Gewissen!<\/p>\n<h2>Shirataki Fettuccine-Nudeln Spezifikation<\/h2>\n<table>\n<tbody>\n<tr>\n<td>Produktname<\/td>\n<td>Shirataki Fettuccine Nudeln<\/td>\n<\/tr>\n<tr>\n<td>Hauptbestandteil<\/td>\n<td>Konjak-Pulver, Wasser<\/td>\n<\/tr>\n<tr>\n<td>Geschm\u00e4cker<\/td>\n<td>Original, Karotte, Tomate, Hafer, Spinat, Meeresalgen, Sojabohnen, K\u00fcrbis und mehr<\/td>\n<\/tr>\n<tr>\n<td>Merkmal<\/td>\n<td>Geruchsneutral, kalorienarm, kohlenhydratarm, glutenfrei, zuckerfrei, fettfrei, GMO-frei, ballaststoffreich<\/td>\n<\/tr>\n<tr>\n<td>Funktionen<\/td>\n<td>Vegetarische Ern\u00e4hrung, Gewichtsabnahme, S\u00e4ttigung erh\u00f6hen<\/td>\n<\/tr>\n<tr>\n<td>Ballaststoffe<\/td>\n<td>2,8g\/100g<\/td>\n<\/tr>\n<tr>\n<td>Energie<\/td>\n<td>6 KCAL<\/td>\n<\/tr>\n<tr>\n<td>Kochzeit<\/td>\n<td>0-2 Minute<\/td>\n<\/tr>\n<tr>\n<td>Haltbarkeitsdauer<\/td>\n<td>18Monate<\/td>\n<\/tr>\n<\/tbody>\n<\/table>\n<p>Gewicht: 200g\/Beutel oder nach Ihren Anforderungen.<\/p>\n<p>Lagerung: An einem k\u00fchlen und trockenen Ort aufbewahren. Von starkem Licht und Hitze fernhalten.<\/p>\n<h2>Shirataki Fettuccine-Nudeln Funktionen:<\/h2>\n<p>Entgiftung, Di\u00e4t, Stuhlgang, Magenreinigung, Krankheitsvorbeugung, Vorbeugung gegen Diabetes, Salzausgleich, Kalziumerg\u00e4nzung, Krebsvorbeugung.<\/p>","protected":false},"excerpt":{"rendered":"<p>Die nat\u00fcrlichen Pflanzenfasern in den reinen Shirataki-Fettuccine-Nudeln stillen nicht nur Ihren Hunger, sondern helfen Ihnen auch beim Abnehmen. Also, ob Sie suchen, um Gewicht zu verlieren, ohne zu hungern.<\/p>","protected":false},"featured_media":3920,"template":"","meta":{"site-sidebar-layout":"default","site-content-layout":"","ast-site-content-layout":"default","site-content-style":"default","site-sidebar-style":"default","ast-global-header-display":"","ast-banner-title-visibility":"","ast-main-header-display":"","ast-hfb-above-header-display":"","ast-hfb-below-header-display":"","ast-hfb-mobile-header-display":"","site-post-title":"","ast-breadcrumbs-content":"","ast-featured-img":"","footer-sml-layout":"","ast-disable-related-posts":"","theme-transparent-header-meta":"default","adv-header-id-meta":"","stick-header-meta":"default","header-above-stick-meta":"","header-main-stick-meta":"","header-below-stick-meta":"","astra-migrate-meta-layouts":"set","ast-page-background-enabled":"default","ast-page-background-meta":{"desktop":{"background-color":"","background-image":"","background-repeat":"repeat","background-position":"center center","background-size":"auto","background-attachment":"scroll","background-type":"","background-media":"","overlay-type":"","overlay-color":"","overlay-opacity":"","overlay-gradient":""},"tablet":{"background-color":"","background-image":"","background-repeat":"repeat","background-position":"center center","background-size":"auto","background-attachment":"scroll","background-type":"","background-media":"","overlay-type":"","overlay-color":"","overlay-opacity":"","overlay-gradient":""},"mobile":{"background-color":"","background-image":"","background-repeat":"repeat","background-position":"center center","background-size":"auto","background-attachment":"scroll","background-type":"","background-media":"","overlay-type":"","overlay-color":"","overlay-opacity":"","overlay-gradient":""}},"ast-content-background-meta":{"desktop":{"background-color":"var(--ast-global-color-5)","background-image":"","background-repeat":"repeat","background-position":"center center","background-size":"auto","background-attachment":"scroll","background-type":"","background-media":"","overlay-type":"","overlay-color":"","overlay-opacity":"","overlay-gradient":""},"tablet":{"background-color":"var(--ast-global-color-5)","background-image":"","background-repeat":"repeat","background-position":"center center","background-size":"auto","background-attachment":"scroll","background-type":"","background-media":"","overlay-type":"","overlay-color":"","overlay-opacity":"","overlay-gradient":""},"mobile":{"background-color":"var(--ast-global-color-5)","background-image":"","background-repeat":"repeat","background-position":"center center","background-size":"auto","background-attachment":"scroll","background-type":"","background-media":"","overlay-type":"","overlay-color":"","overlay-opacity":"","overlay-gradient":""}}},"product_brand":[],"product_cat":[22],"product_tag":[31],"class_list":{"0":"post-1402","1":"product","2":"type-product","3":"status-publish","4":"has-post-thumbnail","6":"product_cat-konjac-pasta","7":"product_tag-konjac-fettuccine","8":"desktop-align-left","9":"tablet-align-left","10":"mobile-align-left","11":"ast-product-gallery-layout-horizontal-slider","12":"ast-product-tabs-layout-horizontal","14":"first","15":"instock","16":"shipping-taxable","17":"product-type-simple"},"_links":{"self":[{"href":"https:\/\/sentaiyuanbio.com\/de\/wp-json\/wp\/v2\/product\/1402","targetHints":{"allow":["GET"]}}],"collection":[{"href":"https:\/\/sentaiyuanbio.com\/de\/wp-json\/wp\/v2\/product"}],"about":[{"href":"https:\/\/sentaiyuanbio.com\/de\/wp-json\/wp\/v2\/types\/product"}],"version-history":[{"count":2,"href":"https:\/\/sentaiyuanbio.com\/de\/wp-json\/wp\/v2\/product\/1402\/revisions"}],"predecessor-version":[{"id":6023,"href":"https:\/\/sentaiyuanbio.com\/de\/wp-json\/wp\/v2\/product\/1402\/revisions\/6023"}],"wp:featuredmedia":[{"embeddable":true,"href":"https:\/\/sentaiyuanbio.com\/de\/wp-json\/wp\/v2\/media\/3920"}],"wp:attachment":[{"href":"https:\/\/sentaiyuanbio.com\/de\/wp-json\/wp\/v2\/media?parent=1402"}],"wp:term":[{"taxonomy":"product_brand","embeddable":true,"href":"https:\/\/sentaiyuanbio.com\/de\/wp-json\/wp\/v2\/product_brand?post=1402"},{"taxonomy":"product_cat","embeddable":true,"href":"https:\/\/sentaiyuanbio.com\/de\/wp-json\/wp\/v2\/product_cat?post=1402"},{"taxonomy":"product_tag","embeddable":true,"href":"https:\/\/sentaiyuanbio.com\/de\/wp-json\/wp\/v2\/product_tag?post=1402"}],"curies":[{"name":"wp","href":"https:\/\/api.w.org\/{rel}","templated":true}]}}