{"id":1427,"date":"2024-05-07T09:07:38","date_gmt":"2024-05-07T09:07:38","guid":{"rendered":"https:\/\/sentaiyuanbio.com\/?post_type=product&#038;p=1427"},"modified":"2025-03-03T06:06:27","modified_gmt":"2025-03-03T06:06:27","slug":"gruner-tee-schlank-kalorienarm-konjak-glucomannan-ballaststoffe","status":"publish","type":"product","link":"https:\/\/sentaiyuanbio.com\/de\/produkt\/gruner-tee-schlank-kalorienarm-konjak-glucomannan-ballaststoffe\/","title":{"rendered":"Gr\u00fcner Tee schlank kalorienarm Konjak Glucomannan Ballaststoffe"},"content":{"rendered":"<p>Glucomannan ist ein wasserl\u00f6slicher Ballaststoff, der aus der Konjakwurzel (Amorphophallus Konjac) gewonnen wird. Er kann tats\u00e4chlich bis zum 100-fachen seines Eigengewichts an Wasser aufnehmen und speichern! Wie andere Formen von <a href=\"https:\/\/www.betterhealth.vic.gov.au\/health\/healthyliving\/fibre-in-food#:~:text=Dietary%20fibre%20is%20found%20in%20wholegrain%20cereals%20and%20fruit%20and,keep%20the%20digestive%20system%20healthy.\" target=\"_blank\" rel=\"noopener\">Ballaststoffe<\/a>, Glucomannan tr\u00e4gt zur Aufrechterhaltung einer normalen Darm-\/Kolonfunktion und zur Regulierung der Transitzeit sowie zur F\u00f6rderung der Regelm\u00e4\u00dfigkeit des Darms und einer gesunden Verdauungsfunktion bei. Diese volumenbildende Wirkung wirkt sich auch positiv auf den Blutzuckerspiegel aus und tr\u00e4gt dazu bei, die Blutzuckerkontrolle aufrechtzuerhalten und zu verbessern und somit das Verlangen nach Zucker zu verringern, was es auch f\u00fcr Diabetiker sehr n\u00fctzlich macht. Da es sich im Magen ausdehnt, kann Glucomannan f\u00fcr Menschen, die abnehmen wollen, n\u00fctzlich sein, da es den Appetit reduziert, da es ein S\u00e4ttigungsgef\u00fchl vermittelt.<\/p>\n<p><strong>Konjak Glucomannan Merkmale:<\/strong><br \/>\n-glutenfrei<br \/>\n-zuckerfrei<br \/>\n-kalorienarm<br \/>\n-low carb<br \/>\n-kein Fett<br \/>\n-reiche Ballaststoffe<\/p>\n<p><strong>Konjak Glucomannan Vorteile:<\/strong><br \/>\n1. Hilft bei der Regulierung des Blutzuckerspiegels bei Diabetes Typ 2Hilft bei der Regulierung des Blutzuckerspiegels bei Diabetes Typ 2<br \/>\n2. Voller Ballaststoffe, stimuliert den Darm und hilft, sch\u00e4dliche Giftstoffe aus dem K\u00f6rper auszuscheiden<br \/>\n3. Senken Sie Ihren Cholesterinspiegel<br \/>\n4. Gro\u00dfartig f\u00fcr Ihr Herz und Gehirn...<\/p>\n<p><strong>Konjak Glucomannan-Pulver Anwendung:<\/strong><\/p>\n<p>1. Konjak in der Lebensmittelproduktion<\/p>\n<p>2. Konjak in Getr\u00e4nken<\/p>\n<p>3. Konjak in der Pharmazie<\/p>\n<p>4. Konjak in Kosmetika<\/p>\n<p>5. Konjak in der Landwirtschaft\/Tierfutter<\/p>\n<p>6. Konjak in anderen Branchen<\/p>","protected":false},"excerpt":{"rendered":"<p>Konjak Glucomannan Eigenschaften: glutenfrei, zuckerfrei, kalorienarm, kohlenhydratarm, fettfrei, Ballaststoffe. Gro\u00dfartig f\u00fcr Ihr Herz und Gehirn.<\/p>","protected":false},"featured_media":4506,"template":"","meta":{"site-sidebar-layout":"default","site-content-layout":"","ast-site-content-layout":"default","site-content-style":"default","site-sidebar-style":"default","ast-global-header-display":"","ast-banner-title-visibility":"","ast-main-header-display":"","ast-hfb-above-header-display":"","ast-hfb-below-header-display":"","ast-hfb-mobile-header-display":"","site-post-title":"","ast-breadcrumbs-content":"","ast-featured-img":"","footer-sml-layout":"","ast-disable-related-posts":"","theme-transparent-header-meta":"default","adv-header-id-meta":"","stick-header-meta":"default","header-above-stick-meta":"","header-main-stick-meta":"","header-below-stick-meta":"","astra-migrate-meta-layouts":"set","ast-page-background-enabled":"default","ast-page-background-meta":{"desktop":{"background-color":"","background-image":"","background-repeat":"repeat","background-position":"center center","background-size":"auto","background-attachment":"scroll","background-type":"","background-media":"","overlay-type":"","overlay-color":"","overlay-opacity":"","overlay-gradient":""},"tablet":{"background-color":"","background-image":"","background-repeat":"repeat","background-position":"center center","background-size":"auto","background-attachment":"scroll","background-type":"","background-media":"","overlay-type":"","overlay-color":"","overlay-opacity":"","overlay-gradient":""},"mobile":{"background-color":"","background-image":"","background-repeat":"repeat","background-position":"center center","background-size":"auto","background-attachment":"scroll","background-type":"","background-media":"","overlay-type":"","overlay-color":"","overlay-opacity":"","overlay-gradient":""}},"ast-content-background-meta":{"desktop":{"background-color":"var(--ast-global-color-5)","background-image":"","background-repeat":"repeat","background-position":"center center","background-size":"auto","background-attachment":"scroll","background-type":"","background-media":"","overlay-type":"","overlay-color":"","overlay-opacity":"","overlay-gradient":""},"tablet":{"background-color":"var(--ast-global-color-5)","background-image":"","background-repeat":"repeat","background-position":"center center","background-size":"auto","background-attachment":"scroll","background-type":"","background-media":"","overlay-type":"","overlay-color":"","overlay-opacity":"","overlay-gradient":""},"mobile":{"background-color":"var(--ast-global-color-5)","background-image":"","background-repeat":"repeat","background-position":"center center","background-size":"auto","background-attachment":"scroll","background-type":"","background-media":"","overlay-type":"","overlay-color":"","overlay-opacity":"","overlay-gradient":""}}},"product_brand":[],"product_cat":[24],"product_tag":[43,41],"class_list":{"0":"post-1427","1":"product","2":"type-product","3":"status-publish","4":"has-post-thumbnail","6":"product_cat-konjac-dietary-fiber","7":"product_tag-konjac-flour","8":"product_tag-konjac-glucomannan","9":"desktop-align-left","10":"tablet-align-left","11":"mobile-align-left","12":"ast-product-gallery-layout-horizontal-slider","13":"ast-product-tabs-layout-horizontal","15":"first","16":"instock","17":"shipping-taxable","18":"product-type-simple"},"_links":{"self":[{"href":"https:\/\/sentaiyuanbio.com\/de\/wp-json\/wp\/v2\/product\/1427","targetHints":{"allow":["GET"]}}],"collection":[{"href":"https:\/\/sentaiyuanbio.com\/de\/wp-json\/wp\/v2\/product"}],"about":[{"href":"https:\/\/sentaiyuanbio.com\/de\/wp-json\/wp\/v2\/types\/product"}],"version-history":[{"count":0,"href":"https:\/\/sentaiyuanbio.com\/de\/wp-json\/wp\/v2\/product\/1427\/revisions"}],"wp:featuredmedia":[{"embeddable":true,"href":"https:\/\/sentaiyuanbio.com\/de\/wp-json\/wp\/v2\/media\/4506"}],"wp:attachment":[{"href":"https:\/\/sentaiyuanbio.com\/de\/wp-json\/wp\/v2\/media?parent=1427"}],"wp:term":[{"taxonomy":"product_brand","embeddable":true,"href":"https:\/\/sentaiyuanbio.com\/de\/wp-json\/wp\/v2\/product_brand?post=1427"},{"taxonomy":"product_cat","embeddable":true,"href":"https:\/\/sentaiyuanbio.com\/de\/wp-json\/wp\/v2\/product_cat?post=1427"},{"taxonomy":"product_tag","embeddable":true,"href":"https:\/\/sentaiyuanbio.com\/de\/wp-json\/wp\/v2\/product_tag?post=1427"}],"curies":[{"name":"wp","href":"https:\/\/api.w.org\/{rel}","templated":true}]}}