{"id":1430,"date":"2024-05-07T09:26:37","date_gmt":"2024-05-07T09:26:37","guid":{"rendered":"https:\/\/sentaiyuanbio.com\/?post_type=product&#038;p=1430"},"modified":"2025-03-03T06:04:38","modified_gmt":"2025-03-03T06:04:38","slug":"glutenfreies-konjak-glucomannan","status":"publish","type":"product","link":"https:\/\/sentaiyuanbio.com\/de\/produkt\/glutenfreies-konjak-glucomannan\/","title":{"rendered":"Glutenfreie Konjak-Glucomannan-Ballaststoffe mit wenig Fett"},"content":{"rendered":"<h3>Glutenfreies Konjak Glucomannan Beschreibung<\/h3>\n<p>Glucomannan ist ein wasserl\u00f6slicher Ballaststoff, der aus der Konjakwurzel (Amorphophallus Konjac) gewonnen wird. Er kann tats\u00e4chlich bis zum 100-fachen seines Eigengewichts an Wasser aufnehmen und halten! Wie andere Ballaststoffe tr\u00e4gt Glucomannan zur Aufrechterhaltung einer normalen Darmfunktion und zur Regulierung der Transitzeit bei und f\u00f6rdert die Regelm\u00e4\u00dfigkeit des Darms und eine gesunde Verdauungsfunktion. Diese volumenbildende Wirkung wirkt sich auch positiv auf den Blutzuckerspiegel aus und tr\u00e4gt dazu bei, die Blutzuckerkontrolle aufrechtzuerhalten und zu verbessern und somit das Verlangen nach Zucker zu verringern, was es auch f\u00fcr Diabetiker sehr n\u00fctzlich macht. Da es sich im Magen ausdehnt, kann Glucomannan f\u00fcr Menschen, die abnehmen wollen, n\u00fctzlich sein, da es den Appetit reduziert, da es ein S\u00e4ttigungsgef\u00fchl vermittelt.<\/p>\n<p><strong>Glutenfreies Konjak Glucomannan Eigenschaften:<\/strong><br \/>\n-glutenfrei<br \/>\n-zuckerfrei<br \/>\n-kalorienarm<br \/>\n-low carb<br \/>\n-kein Fett<br \/>\n-reiche Ballaststoffe<\/p>\n<p><strong>Konjak Vorteile:<\/strong><br \/>\n1. Hilft bei der Regulierung des Blutzuckerspiegels bei Diabetes Typ 2Hilft bei der Regulierung des Blutzuckerspiegels bei Diabetes Typ 2<br \/>\n2. Voller Ballaststoffe, regt den Darm an und hilft, sch\u00e4dliche Giftstoffe aus dem K\u00f6rper auszuscheiden<br \/>\n3. Senken Sie Ihren Cholesterinspiegel<br \/>\n4. Gro\u00dfartig f\u00fcr Ihr Herz und Gehirn...<\/p>\n<p><strong>Konjak Glucomannan-Pulver Anwendung:<\/strong><\/p>\n<p>1. Konjak in der Lebensmittelproduktion<\/p>\n<p>2. Konjak in Getr\u00e4nken<\/p>\n<p>3. Konjak in der Pharmazie<\/p>\n<p>4. Konjak in Kosmetika<\/p>\n<p>5. Konjak in der Landwirtschaft\/Tierfutter<\/p>\n<p>6. Konjak in anderen Branchen<\/p>","protected":false},"excerpt":{"rendered":"<p>Glutenfreies Konjak Glucomannan Vorteile.1. hilft bei der Regulierung des Blutzuckerspiegels bei Typ 2 DiabetesHilft bei der Regulierung des Blutzuckerspiegels bei Typ 2 Diabetes. 2. Voller Ballaststoffe, regt den Darm an und hilft, sch\u00e4dliche Giftstoffe aus dem K\u00f6rper auszuscheiden.<\/p>","protected":false},"featured_media":4509,"template":"","meta":{"site-sidebar-layout":"default","site-content-layout":"","ast-site-content-layout":"default","site-content-style":"default","site-sidebar-style":"default","ast-global-header-display":"","ast-banner-title-visibility":"","ast-main-header-display":"","ast-hfb-above-header-display":"","ast-hfb-below-header-display":"","ast-hfb-mobile-header-display":"","site-post-title":"","ast-breadcrumbs-content":"","ast-featured-img":"","footer-sml-layout":"","ast-disable-related-posts":"","theme-transparent-header-meta":"default","adv-header-id-meta":"","stick-header-meta":"default","header-above-stick-meta":"","header-main-stick-meta":"","header-below-stick-meta":"","astra-migrate-meta-layouts":"set","ast-page-background-enabled":"default","ast-page-background-meta":{"desktop":{"background-color":"","background-image":"","background-repeat":"repeat","background-position":"center center","background-size":"auto","background-attachment":"scroll","background-type":"","background-media":"","overlay-type":"","overlay-color":"","overlay-opacity":"","overlay-gradient":""},"tablet":{"background-color":"","background-image":"","background-repeat":"repeat","background-position":"center center","background-size":"auto","background-attachment":"scroll","background-type":"","background-media":"","overlay-type":"","overlay-color":"","overlay-opacity":"","overlay-gradient":""},"mobile":{"background-color":"","background-image":"","background-repeat":"repeat","background-position":"center center","background-size":"auto","background-attachment":"scroll","background-type":"","background-media":"","overlay-type":"","overlay-color":"","overlay-opacity":"","overlay-gradient":""}},"ast-content-background-meta":{"desktop":{"background-color":"var(--ast-global-color-5)","background-image":"","background-repeat":"repeat","background-position":"center center","background-size":"auto","background-attachment":"scroll","background-type":"","background-media":"","overlay-type":"","overlay-color":"","overlay-opacity":"","overlay-gradient":""},"tablet":{"background-color":"var(--ast-global-color-5)","background-image":"","background-repeat":"repeat","background-position":"center center","background-size":"auto","background-attachment":"scroll","background-type":"","background-media":"","overlay-type":"","overlay-color":"","overlay-opacity":"","overlay-gradient":""},"mobile":{"background-color":"var(--ast-global-color-5)","background-image":"","background-repeat":"repeat","background-position":"center center","background-size":"auto","background-attachment":"scroll","background-type":"","background-media":"","overlay-type":"","overlay-color":"","overlay-opacity":"","overlay-gradient":""}}},"product_brand":[],"product_cat":[24],"product_tag":[41],"class_list":{"0":"post-1430","1":"product","2":"type-product","3":"status-publish","4":"has-post-thumbnail","6":"product_cat-konjac-dietary-fiber","7":"product_tag-konjac-glucomannan","8":"desktop-align-left","9":"tablet-align-left","10":"mobile-align-left","11":"ast-product-gallery-layout-horizontal-slider","12":"ast-product-tabs-layout-horizontal","14":"first","15":"instock","16":"shipping-taxable","17":"product-type-simple"},"_links":{"self":[{"href":"https:\/\/sentaiyuanbio.com\/de\/wp-json\/wp\/v2\/product\/1430","targetHints":{"allow":["GET"]}}],"collection":[{"href":"https:\/\/sentaiyuanbio.com\/de\/wp-json\/wp\/v2\/product"}],"about":[{"href":"https:\/\/sentaiyuanbio.com\/de\/wp-json\/wp\/v2\/types\/product"}],"version-history":[{"count":0,"href":"https:\/\/sentaiyuanbio.com\/de\/wp-json\/wp\/v2\/product\/1430\/revisions"}],"wp:featuredmedia":[{"embeddable":true,"href":"https:\/\/sentaiyuanbio.com\/de\/wp-json\/wp\/v2\/media\/4509"}],"wp:attachment":[{"href":"https:\/\/sentaiyuanbio.com\/de\/wp-json\/wp\/v2\/media?parent=1430"}],"wp:term":[{"taxonomy":"product_brand","embeddable":true,"href":"https:\/\/sentaiyuanbio.com\/de\/wp-json\/wp\/v2\/product_brand?post=1430"},{"taxonomy":"product_cat","embeddable":true,"href":"https:\/\/sentaiyuanbio.com\/de\/wp-json\/wp\/v2\/product_cat?post=1430"},{"taxonomy":"product_tag","embeddable":true,"href":"https:\/\/sentaiyuanbio.com\/de\/wp-json\/wp\/v2\/product_tag?post=1430"}],"curies":[{"name":"wp","href":"https:\/\/api.w.org\/{rel}","templated":true}]}}