{"id":1501,"date":"2024-05-08T06:43:31","date_gmt":"2024-05-08T06:43:31","guid":{"rendered":"https:\/\/sentaiyuanbio.com\/?post_type=product&#038;p=1501"},"modified":"2025-06-17T05:36:59","modified_gmt":"2025-06-17T05:36:59","slug":"konjak-ballaststoffe-fettarm","status":"publish","type":"product","link":"https:\/\/sentaiyuanbio.com\/de\/produkt\/konjak-ballaststoffe-fettarm\/","title":{"rendered":"Leckere Konjak Ballaststoffe fettarm, kalorienarm, fettfrei"},"content":{"rendered":"<h3>Konjac Ballaststoffe Beschreibung<\/h3>\n<p>Konjac-Ballaststoffe sind wasserl\u00f6sliche Ballaststoffe, die aus der Konjac-Wurzel gewonnen werden (<a href=\"https:\/\/sentaiyuanbio.com\/de\/konjak\/\" target=\"_blank\" rel=\"noopener\">Amorphophallus<\/a> Konjac). Es kann bis zum 100-fachen seines Gewichts an Wasser aufnehmen und speichern! Wie andere Ballaststoffe tr\u00e4gt Glucomannan zur Aufrechterhaltung einer normalen Darmfunktion und zur Regulierung der Transitzeit bei und f\u00f6rdert die Regelm\u00e4\u00dfigkeit des Darms und eine gesunde Verdauungsfunktion. Diese volumenbildende Wirkung wirkt sich auch positiv auf den Blutzuckerspiegel aus und tr\u00e4gt dazu bei, die Blutzuckerkontrolle aufrechtzuerhalten und zu verbessern und somit das Verlangen nach Zucker zu verringern, was es auch f\u00fcr Diabetiker sehr n\u00fctzlich macht. Da es sich im Magen ausdehnt, kann Glucomannan f\u00fcr Menschen, die abnehmen wollen, n\u00fctzlich sein, da es den Appetit reduziert, da es ein S\u00e4ttigungsgef\u00fchl vermittelt.<\/p>\n<p><strong>Konjac Ballaststoffe Merkmale:<\/strong><br \/>\n-glutenfrei<br \/>\n-zuckerfrei<br \/>\n-kalorienarm<br \/>\n-low carb<br \/>\n-kein Fett<br \/>\n-reiche Ballaststoffe<\/p>\n<p><strong>Vorteile:<\/strong><br \/>\n1. Hilft bei der Regulierung des Blutzuckerspiegels, der bei <a href=\"https:\/\/www.mayoclinic.org\/diseases-conditions\/type-2-diabetes\/symptoms-causes\/syc-20351193\" target=\"_blank\" rel=\"noopener\">Typ-2-Diabetes<\/a> hilft bei der Regulierung des Blutzuckerspiegels bei Diabetes Typ 2<br \/>\n2. Voller Ballaststoffe, regt den Darm an und hilft, sch\u00e4dliche Giftstoffe aus dem K\u00f6rper auszuscheiden<br \/>\n3. Senken Sie Ihren Cholesterinspiegel<br \/>\n4. Gro\u00dfartig f\u00fcr Ihr Herz und Gehirn...<\/p>\n<p><strong>Anwendung:<\/strong><\/p>\n<p>1. Konjak in der Lebensmittelproduktion<\/p>\n<p>2. Konjak in Getr\u00e4nken<\/p>\n<p>3. Konjak in der Pharmazie<\/p>\n<p>4. Konjak in Kosmetika<\/p>\n<p>5. Konjak in der Landwirtschaft\/Tierfutter<\/p>\n<p>6. Konjak in anderen Branchen<\/p>\n<p><img fetchpriority=\"high\" decoding=\"async\" class=\"alignnone wp-image-5159 size-full\" title=\"Konjac Ballaststoffe fettarm\" src=\"https:\/\/sentaiyuanbio.com\/wp-content\/uploads\/2024\/05\/Konjac-dietary-fiber-low-fat-4.webp\" alt=\"Konjac Ballaststoffe fettarm\" width=\"800\" height=\"800\" srcset=\"https:\/\/sentaiyuanbio.com\/wp-content\/uploads\/2024\/05\/Konjac-dietary-fiber-low-fat-4.webp 800w, https:\/\/sentaiyuanbio.com\/wp-content\/uploads\/2024\/05\/Konjac-dietary-fiber-low-fat-4-600x600.webp 600w, https:\/\/sentaiyuanbio.com\/wp-content\/uploads\/2024\/05\/Konjac-dietary-fiber-low-fat-4-100x100.webp 100w, https:\/\/sentaiyuanbio.com\/wp-content\/uploads\/2024\/05\/Konjac-dietary-fiber-low-fat-4-300x300.webp 300w, https:\/\/sentaiyuanbio.com\/wp-content\/uploads\/2024\/05\/Konjac-dietary-fiber-low-fat-4-150x150.webp 150w, https:\/\/sentaiyuanbio.com\/wp-content\/uploads\/2024\/05\/Konjac-dietary-fiber-low-fat-4-768x768.webp 768w\" sizes=\"(max-width: 800px) 100vw, 800px\" \/> <img decoding=\"async\" class=\"alignnone wp-image-5158 size-full\" title=\"Konjac Ballaststoffe fettarm\" src=\"https:\/\/sentaiyuanbio.com\/wp-content\/uploads\/2024\/05\/Konjac-dietary-fiber-low-fat-3.webp\" alt=\"Konjac Ballaststoffe fettarm\" width=\"800\" height=\"800\" srcset=\"https:\/\/sentaiyuanbio.com\/wp-content\/uploads\/2024\/05\/Konjac-dietary-fiber-low-fat-3.webp 800w, https:\/\/sentaiyuanbio.com\/wp-content\/uploads\/2024\/05\/Konjac-dietary-fiber-low-fat-3-600x600.webp 600w, https:\/\/sentaiyuanbio.com\/wp-content\/uploads\/2024\/05\/Konjac-dietary-fiber-low-fat-3-100x100.webp 100w, https:\/\/sentaiyuanbio.com\/wp-content\/uploads\/2024\/05\/Konjac-dietary-fiber-low-fat-3-300x300.webp 300w, https:\/\/sentaiyuanbio.com\/wp-content\/uploads\/2024\/05\/Konjac-dietary-fiber-low-fat-3-150x150.webp 150w, https:\/\/sentaiyuanbio.com\/wp-content\/uploads\/2024\/05\/Konjac-dietary-fiber-low-fat-3-768x768.webp 768w\" sizes=\"(max-width: 800px) 100vw, 800px\" \/> <img decoding=\"async\" class=\"alignnone wp-image-5157 size-full\" title=\"Konjac Ballaststoffe fettarm\" src=\"https:\/\/sentaiyuanbio.com\/wp-content\/uploads\/2024\/05\/Konjac-dietary-fiber-low-fat-2.webp\" alt=\"Konjac Ballaststoffe fettarm\" width=\"800\" height=\"800\" srcset=\"https:\/\/sentaiyuanbio.com\/wp-content\/uploads\/2024\/05\/Konjac-dietary-fiber-low-fat-2.webp 800w, https:\/\/sentaiyuanbio.com\/wp-content\/uploads\/2024\/05\/Konjac-dietary-fiber-low-fat-2-600x600.webp 600w, https:\/\/sentaiyuanbio.com\/wp-content\/uploads\/2024\/05\/Konjac-dietary-fiber-low-fat-2-100x100.webp 100w, https:\/\/sentaiyuanbio.com\/wp-content\/uploads\/2024\/05\/Konjac-dietary-fiber-low-fat-2-300x300.webp 300w, https:\/\/sentaiyuanbio.com\/wp-content\/uploads\/2024\/05\/Konjac-dietary-fiber-low-fat-2-150x150.webp 150w, https:\/\/sentaiyuanbio.com\/wp-content\/uploads\/2024\/05\/Konjac-dietary-fiber-low-fat-2-768x768.webp 768w\" sizes=\"(max-width: 800px) 100vw, 800px\" \/> <img loading=\"lazy\" decoding=\"async\" class=\"alignnone wp-image-5156 size-full\" title=\"Konjac Ballaststoffe fettarm\" src=\"https:\/\/sentaiyuanbio.com\/wp-content\/uploads\/2024\/05\/Konjac-dietary-fiber-low-fat-1.webp\" alt=\"Konjac Ballaststoffe fettarm\" width=\"800\" height=\"800\" srcset=\"https:\/\/sentaiyuanbio.com\/wp-content\/uploads\/2024\/05\/Konjac-dietary-fiber-low-fat-1.webp 800w, https:\/\/sentaiyuanbio.com\/wp-content\/uploads\/2024\/05\/Konjac-dietary-fiber-low-fat-1-600x600.webp 600w, https:\/\/sentaiyuanbio.com\/wp-content\/uploads\/2024\/05\/Konjac-dietary-fiber-low-fat-1-100x100.webp 100w, https:\/\/sentaiyuanbio.com\/wp-content\/uploads\/2024\/05\/Konjac-dietary-fiber-low-fat-1-300x300.webp 300w, https:\/\/sentaiyuanbio.com\/wp-content\/uploads\/2024\/05\/Konjac-dietary-fiber-low-fat-1-150x150.webp 150w, https:\/\/sentaiyuanbio.com\/wp-content\/uploads\/2024\/05\/Konjac-dietary-fiber-low-fat-1-768x768.webp 768w\" sizes=\"(max-width: 800px) 100vw, 800px\" \/><\/p>","protected":false},"excerpt":{"rendered":"<p>Konjac Ballaststoffe Eigenschaften: glutenfrei, zuckerfrei, kalorienarm, kohlenhydratarm, fettfrei und reich an Ballaststoffen.  Vorteile: Hilft bei der Regulierung des Blutzuckerspiegels bei Diabetes Typ 2Hilft bei der Regulierung des Blutzuckerspiegels bei Diabetes Typ 2.<\/p>\n<div id=\"gtx-trans\" style=\"position: absolute; left: 469px; top: -3px;\">\n<div class=\"gtx-trans-icon\"><\/div>\n<\/div>","protected":false},"featured_media":4504,"template":"","meta":{"site-sidebar-layout":"default","site-content-layout":"","ast-site-content-layout":"default","site-content-style":"default","site-sidebar-style":"default","ast-global-header-display":"","ast-banner-title-visibility":"","ast-main-header-display":"","ast-hfb-above-header-display":"","ast-hfb-below-header-display":"","ast-hfb-mobile-header-display":"","site-post-title":"","ast-breadcrumbs-content":"","ast-featured-img":"","footer-sml-layout":"","ast-disable-related-posts":"","theme-transparent-header-meta":"default","adv-header-id-meta":"","stick-header-meta":"default","header-above-stick-meta":"","header-main-stick-meta":"","header-below-stick-meta":"","astra-migrate-meta-layouts":"set","ast-page-background-enabled":"default","ast-page-background-meta":{"desktop":{"background-color":"","background-image":"","background-repeat":"repeat","background-position":"center center","background-size":"auto","background-attachment":"scroll","background-type":"","background-media":"","overlay-type":"","overlay-color":"","overlay-opacity":"","overlay-gradient":""},"tablet":{"background-color":"","background-image":"","background-repeat":"repeat","background-position":"center center","background-size":"auto","background-attachment":"scroll","background-type":"","background-media":"","overlay-type":"","overlay-color":"","overlay-opacity":"","overlay-gradient":""},"mobile":{"background-color":"","background-image":"","background-repeat":"repeat","background-position":"center center","background-size":"auto","background-attachment":"scroll","background-type":"","background-media":"","overlay-type":"","overlay-color":"","overlay-opacity":"","overlay-gradient":""}},"ast-content-background-meta":{"desktop":{"background-color":"var(--ast-global-color-5)","background-image":"","background-repeat":"repeat","background-position":"center center","background-size":"auto","background-attachment":"scroll","background-type":"","background-media":"","overlay-type":"","overlay-color":"","overlay-opacity":"","overlay-gradient":""},"tablet":{"background-color":"var(--ast-global-color-5)","background-image":"","background-repeat":"repeat","background-position":"center center","background-size":"auto","background-attachment":"scroll","background-type":"","background-media":"","overlay-type":"","overlay-color":"","overlay-opacity":"","overlay-gradient":""},"mobile":{"background-color":"var(--ast-global-color-5)","background-image":"","background-repeat":"repeat","background-position":"center center","background-size":"auto","background-attachment":"scroll","background-type":"","background-media":"","overlay-type":"","overlay-color":"","overlay-opacity":"","overlay-gradient":""}}},"product_brand":[],"product_cat":[24],"product_tag":[43,41],"class_list":{"0":"post-1501","1":"product","2":"type-product","3":"status-publish","4":"has-post-thumbnail","6":"product_cat-konjac-dietary-fiber","7":"product_tag-konjac-flour","8":"product_tag-konjac-glucomannan","9":"desktop-align-left","10":"tablet-align-left","11":"mobile-align-left","12":"ast-product-gallery-layout-horizontal-slider","13":"ast-product-tabs-layout-horizontal","15":"first","16":"instock","17":"shipping-taxable","18":"product-type-simple"},"_links":{"self":[{"href":"https:\/\/sentaiyuanbio.com\/de\/wp-json\/wp\/v2\/product\/1501","targetHints":{"allow":["GET"]}}],"collection":[{"href":"https:\/\/sentaiyuanbio.com\/de\/wp-json\/wp\/v2\/product"}],"about":[{"href":"https:\/\/sentaiyuanbio.com\/de\/wp-json\/wp\/v2\/types\/product"}],"version-history":[{"count":0,"href":"https:\/\/sentaiyuanbio.com\/de\/wp-json\/wp\/v2\/product\/1501\/revisions"}],"wp:featuredmedia":[{"embeddable":true,"href":"https:\/\/sentaiyuanbio.com\/de\/wp-json\/wp\/v2\/media\/4504"}],"wp:attachment":[{"href":"https:\/\/sentaiyuanbio.com\/de\/wp-json\/wp\/v2\/media?parent=1501"}],"wp:term":[{"taxonomy":"product_brand","embeddable":true,"href":"https:\/\/sentaiyuanbio.com\/de\/wp-json\/wp\/v2\/product_brand?post=1501"},{"taxonomy":"product_cat","embeddable":true,"href":"https:\/\/sentaiyuanbio.com\/de\/wp-json\/wp\/v2\/product_cat?post=1501"},{"taxonomy":"product_tag","embeddable":true,"href":"https:\/\/sentaiyuanbio.com\/de\/wp-json\/wp\/v2\/product_tag?post=1501"}],"curies":[{"name":"wp","href":"https:\/\/api.w.org\/{rel}","templated":true}]}}