{"id":1508,"date":"2024-05-08T07:06:55","date_gmt":"2024-05-08T07:06:55","guid":{"rendered":"https:\/\/sentaiyuanbio.com\/?post_type=product&#038;p=1508"},"modified":"2025-07-22T03:05:30","modified_gmt":"2025-07-22T03:05:30","slug":"konjak-badeschwamm-2","status":"publish","type":"product","link":"https:\/\/sentaiyuanbio.com\/de\/produkt\/konjak-badeschwamm-2\/","title":{"rendered":"Tiefenreinigender wellenf\u00f6rmiger Konjac-Badeschwamm"},"content":{"rendered":"<h3>Konjac-Badeschwamm Beschreibung<\/h3>\n<p>Gro\u00dfh\u00e4ndler kosmetische trockene Welle Rechteck Konjac Badeschwamm<\/p>\n<p><strong>1. Was ist ein Konjac-Badeschwamm?<\/strong><\/p>\n<p>Der Konjac-Badeschwamm ist eine Art 100% Naturschwamm zur Reinigung von Gesicht und K\u00f6rper! Er wird aus der Konjac-Pflanze hergestellt.<\/p>\n<p>Da er unglaublich weich und sanft ist, eignet er sich f\u00fcr alle Hauttypen, auch f\u00fcr die von Neugeborenen. Da der Konjac-Schwamm Konjac-Glucomannan enth\u00e4lt, ist er ideal zur Tiefenreinigung, Entgiftung, Hydratisierung und zum Ausgleich! Die t\u00e4gliche Anwendung bringt den nat\u00fcrlichen Glanz und die Weichheit der Haut zur\u00fcck, das wahre Geheimnis der asiatischen Sch\u00f6nheiten!<\/p>\n<p>Die wichtigsten Vorteile des Konjac-Schwamms<\/p>\n<p>Sicherheit: Der Schwamm ist 100% nat\u00fcrlich durch die Fermentierung der essbaren Konjac-Faser. Keine chemischen Zusatzstoffe hinzugef\u00fcgt<\/p>\n<p>Sanfte Massage und Exfoliation: Verbessern Sie die Blutzirkulation und entfernen Sie die abgestorbene Nagelhaut.<\/p>\n<p>Tiefenreinigung: Die weiche Oberfl\u00e4che kann die porenverstopfenden Verunreinigungen entfernen.<\/p>\n<p>Nat\u00fcrliche schwache Alkalinit\u00e4t: Der Konjac-Schwamm hat nat\u00fcrliche schwache Alkalinit\u00e4t, so dass er helfen kann, die schwache Alkalinit\u00e4t zu halten.<\/p>\n<p>Alkalinit\u00e4tsstatus des menschlichen K\u00f6rpers, gleicht den PH-Wert aus und kann auch Ihr Gesicht und Ihren K\u00f6rper selbst reinigen<\/p>\n<p>ohne Reinigungsmilch oder Duschgel.<\/p>\n<p>Keine Stimulation: geeignet f\u00fcr empfindliche Haut, sogar f\u00fcr Babyhaut.<\/p>\n<p>&nbsp;<\/p>\n<p><strong>2. Verwendung\/Richtung\u00a0<\/strong><\/p>\n<p>1. F\u00fcr den t\u00e4glichen Gebrauch, anstelle von Wattepads, Waschlappen, T\u00fcchern oder Kunstschw\u00e4mmen.<\/p>\n<p>2. Vor dem ersten Gebrauch, tr\u00e4nken Sie den Schwamm gr\u00fcndlich f\u00fcr 3-5 Minuten in warmem Wasser. Lassen Sie den Schwamm immer vollst\u00e4ndig hydratisieren, bevor Sie ihn auf der Haut verwenden.<\/p>\n<p>3. Massieren Sie Gesicht und K\u00f6rper sanft in kreisenden Bewegungen. Bei Verwendung zus\u00e4tzlicher Reinigungsmittel die H\u00e4lfte der \u00fcblichen Menge verwenden.<\/p>\n<p>4. Nach dem Gebrauch, immer sauber und sp\u00fclen Schwamm gut, h\u00e4ngen Sie es mit befestigten Schnur gr\u00fcndlich zu trocknen.<\/p>\n<p>5. Einmal pro Woche mit kochendem Wasser sterilisieren.<\/p>\n<p>&nbsp;<\/p>\n<p><strong>3. Vorsicht<\/strong><\/p>\n<p>NUR verwenden, wenn der Schwamm vollst\u00e4ndig hydratisiert ist.<\/p>\n<p>Verwenden Sie es nicht, wenn die Oberfl\u00e4che besch\u00e4digt ist.<\/p>\n<p>Die besten Ergebnisse erzielen Sie, wenn Sie sie alle 2-3 Monate austauschen und entsorgen, wenn sie anf\u00e4ngt, kaputt zu gehen oder abgenutzt aussieht.<\/p>\n<p>Nicht zum Verzehr geeignet.<\/p>\n<p>Von Kindern und Tieren fernhalten.<\/p>\n<p>&nbsp;<\/p>\n<p><strong>4. Wie zu verwenden<\/strong><\/p>\n<p>1. Aufweichen durch Einweichen in warmem Wasser f\u00fcr 3 - 5 Minuten.<\/p>\n<p>2. Das \u00fcbersch\u00fcssige Wasser im Schwamm sanft aussto\u00dfen.<\/p>\n<p>3. Massieren Sie Ihr Gesicht\/Ihren K\u00f6rper mit dem Schwamm in kreisender Richtung, entweder mit oder ohne Reinigungsseife.<\/p>\n<p>4. Nach dem Gebrauch absp\u00fclen und an einem k\u00fchlen Ort f\u00fcr den n\u00e4chsten Gebrauch trocknen.<\/p>\n<div id=\"gtx-trans\" style=\"position: absolute; left: 873px; top: 175.797px;\">\n<div class=\"gtx-trans-icon\"><\/div>\n<\/div>","protected":false},"excerpt":{"rendered":"<p>Was ist ein Konjac-Badeschwamm? Der Konjac-Badeschwamm ist eine Art 100% Naturschwamm zur Reinigung von Gesicht und K\u00f6rper! Er wird aus der Konjac-Pflanze hergestellt.<\/p>","protected":false},"featured_media":1509,"template":"","meta":{"site-sidebar-layout":"default","site-content-layout":"","ast-site-content-layout":"default","site-content-style":"default","site-sidebar-style":"default","ast-global-header-display":"","ast-banner-title-visibility":"","ast-main-header-display":"","ast-hfb-above-header-display":"","ast-hfb-below-header-display":"","ast-hfb-mobile-header-display":"","site-post-title":"","ast-breadcrumbs-content":"","ast-featured-img":"","footer-sml-layout":"","ast-disable-related-posts":"","theme-transparent-header-meta":"default","adv-header-id-meta":"","stick-header-meta":"default","header-above-stick-meta":"","header-main-stick-meta":"","header-below-stick-meta":"","astra-migrate-meta-layouts":"set","ast-page-background-enabled":"default","ast-page-background-meta":{"desktop":{"background-color":"","background-image":"","background-repeat":"repeat","background-position":"center center","background-size":"auto","background-attachment":"scroll","background-type":"","background-media":"","overlay-type":"","overlay-color":"","overlay-opacity":"","overlay-gradient":""},"tablet":{"background-color":"","background-image":"","background-repeat":"repeat","background-position":"center center","background-size":"auto","background-attachment":"scroll","background-type":"","background-media":"","overlay-type":"","overlay-color":"","overlay-opacity":"","overlay-gradient":""},"mobile":{"background-color":"","background-image":"","background-repeat":"repeat","background-position":"center center","background-size":"auto","background-attachment":"scroll","background-type":"","background-media":"","overlay-type":"","overlay-color":"","overlay-opacity":"","overlay-gradient":""}},"ast-content-background-meta":{"desktop":{"background-color":"var(--ast-global-color-5)","background-image":"","background-repeat":"repeat","background-position":"center center","background-size":"auto","background-attachment":"scroll","background-type":"","background-media":"","overlay-type":"","overlay-color":"","overlay-opacity":"","overlay-gradient":""},"tablet":{"background-color":"var(--ast-global-color-5)","background-image":"","background-repeat":"repeat","background-position":"center center","background-size":"auto","background-attachment":"scroll","background-type":"","background-media":"","overlay-type":"","overlay-color":"","overlay-opacity":"","overlay-gradient":""},"mobile":{"background-color":"var(--ast-global-color-5)","background-image":"","background-repeat":"repeat","background-position":"center center","background-size":"auto","background-attachment":"scroll","background-type":"","background-media":"","overlay-type":"","overlay-color":"","overlay-opacity":"","overlay-gradient":""}}},"product_brand":[],"product_cat":[25],"product_tag":[44],"class_list":{"0":"post-1508","1":"product","2":"type-product","3":"status-publish","4":"has-post-thumbnail","6":"product_cat-konjac-sponge","7":"product_tag-konjac-sponge","8":"desktop-align-left","9":"tablet-align-left","10":"mobile-align-left","11":"ast-product-gallery-layout-horizontal-slider","12":"ast-product-gallery-with-no-image","13":"ast-product-tabs-layout-horizontal","15":"first","16":"instock","17":"shipping-taxable","18":"product-type-simple"},"_links":{"self":[{"href":"https:\/\/sentaiyuanbio.com\/de\/wp-json\/wp\/v2\/product\/1508","targetHints":{"allow":["GET"]}}],"collection":[{"href":"https:\/\/sentaiyuanbio.com\/de\/wp-json\/wp\/v2\/product"}],"about":[{"href":"https:\/\/sentaiyuanbio.com\/de\/wp-json\/wp\/v2\/types\/product"}],"version-history":[{"count":0,"href":"https:\/\/sentaiyuanbio.com\/de\/wp-json\/wp\/v2\/product\/1508\/revisions"}],"wp:featuredmedia":[{"embeddable":true,"href":"https:\/\/sentaiyuanbio.com\/de\/wp-json\/wp\/v2\/media\/1509"}],"wp:attachment":[{"href":"https:\/\/sentaiyuanbio.com\/de\/wp-json\/wp\/v2\/media?parent=1508"}],"wp:term":[{"taxonomy":"product_brand","embeddable":true,"href":"https:\/\/sentaiyuanbio.com\/de\/wp-json\/wp\/v2\/product_brand?post=1508"},{"taxonomy":"product_cat","embeddable":true,"href":"https:\/\/sentaiyuanbio.com\/de\/wp-json\/wp\/v2\/product_cat?post=1508"},{"taxonomy":"product_tag","embeddable":true,"href":"https:\/\/sentaiyuanbio.com\/de\/wp-json\/wp\/v2\/product_tag?post=1508"}],"curies":[{"name":"wp","href":"https:\/\/api.w.org\/{rel}","templated":true}]}}