{"id":1514,"date":"2024-05-08T07:17:14","date_gmt":"2024-05-08T07:17:14","guid":{"rendered":"https:\/\/sentaiyuanbio.com\/?post_type=product&#038;p=1514"},"modified":"2025-07-22T03:05:29","modified_gmt":"2025-07-22T03:05:29","slug":"flachkugel-konjakschwamm","status":"publish","type":"product","link":"https:\/\/sentaiyuanbio.com\/de\/produkt\/flachkugel-konjakschwamm\/","title":{"rendered":"Schwarzer Holzkohleschwamm mit flacher Kugel aus Konjak f\u00fcr das Gesicht"},"content":{"rendered":"<h3>Konjac-Schwamm mit flachem Ball Beschreibung<\/h3>\n<p>Gro\u00dfh\u00e4ndler kosmetische trockene Welle Rechteck schwarz Holzkohle flachen Ball Gesichts Konjac Schwamm<\/p>\n<p><strong>1. Was ist ein Konjac-Schwamm mit flachem Ball?<\/strong><\/p>\n<p>Flache Kugel Konjac Schwamm ist eine Art von 100% nat\u00fcrlichen Schwamm f\u00fcr die Reinigung von Gesicht und K\u00f6rper! Es ist aus Konjac Pflanze gemacht.<\/p>\n<p>Da er unglaublich weich und sanft ist, eignet er sich f\u00fcr alle Hauttypen, auch f\u00fcr die von Neugeborenen. Dank des Konjac-Glucomannan-Gehalts ist der Konjac-Schwamm ideal zur Tiefenreinigung, Entgiftung, Hydratisierung und zum Ausgleich! Die t\u00e4gliche Anwendung bringt den nat\u00fcrlichen Glanz und die Weichheit der Haut zur\u00fcck, das wahre Geheimnis der asiatischen Sch\u00f6nheiten!<\/p>\n<p>Die wichtigsten Vorteile des Konjac-Schwamms<\/p>\n<p>Sicherheit: Der Schwamm ist 100% nat\u00fcrlich durch die Fermentierung der essbaren Konjac-Faser. Keine chemischen Zusatzstoffe hinzugef\u00fcgt<\/p>\n<p>Sanfte Massage und Exfoliation: Verbessert die Blutzirkulation und entfernt die abgestorbene Nagelhaut.<\/p>\n<p>Tiefenreinigung: Die weiche Oberfl\u00e4che kann die porenverstopfenden Verunreinigungen entfernen.<\/p>\n<p>Nat\u00fcrliche schwache Alkalinit\u00e4t: Der Konjac-Schwamm hat nat\u00fcrliche schwache Alkalinit\u00e4t, so dass er helfen kann, die schwache Alkalinit\u00e4t zu halten.<\/p>\n<p>Alkalinit\u00e4tsstatus des menschlichen K\u00f6rpers, gleicht den PH-Wert aus und kann auch Ihr Gesicht und Ihren K\u00f6rper selbst reinigen<\/p>\n<p>ohne Reinigungsmilch oder Duschgel.<\/p>\n<p>Keine Stimulation: geeignet f\u00fcr empfindliche Haut, sogar f\u00fcr Babyhaut.<\/p>\n<p>&nbsp;<\/p>\n<p><strong>2. Verwendung\/Richtung<\/strong><\/p>\n<p>1. F\u00fcr den t\u00e4glichen Gebrauch, anstelle von Wattepads, Waschlappen, T\u00fcchern oder Kunstschw\u00e4mmen.<\/p>\n<p>2. Vor dem ersten Gebrauch, Schwamm gr\u00fcndlich einweichen f\u00fcr 3-5 Minuten in warmem Wasser. Lassen Sie den Schwamm immer vollst\u00e4ndig hydratisieren, bevor Sie ihn auf der Haut anwenden.<\/p>\n<p>3. Massieren Sie Gesicht und K\u00f6rper sanft in kreisenden Bewegungen. Bei Verwendung zus\u00e4tzlicher Reinigungsmittel die H\u00e4lfte der \u00fcblichen Menge verwenden.<\/p>\n<p>4. Nach Gebrauch immer reinigen und sp\u00fclen Schwamm gut, h\u00e4ngen mit befestigten Schnur gr\u00fcndlich zu trocknen. .<\/p>\n<p>5. Einmal pro Woche mit kochendem Wasser sterilisieren.<\/p>\n<p>&nbsp;<\/p>\n<p><strong>3. Vorsicht<\/strong><\/p>\n<p>NUR verwenden, wenn der Schwamm vollst\u00e4ndig hydratisiert ist.<\/p>\n<p>Verwenden Sie es nicht, wenn die Oberfl\u00e4che besch\u00e4digt ist.<\/p>\n<p>Die besten Ergebnisse erzielen Sie, wenn Sie sie alle 2-3 Monate austauschen und entsorgen, wenn sie anf\u00e4ngt, kaputt zu gehen oder abgenutzt aussieht.<\/p>\n<p>Nicht zum Verzehr geeignet.<\/p>\n<p>Von Kindern und Tieren fernhalten.<\/p>\n<p>&nbsp;<\/p>\n<p><strong>4. Wie zu verwenden<\/strong><\/p>\n<p>1. Aufweichen durch Einweichen in warmem Wasser f\u00fcr 3 - 5 Minuten.<\/p>\n<p>2. Dr\u00fccken Sie das \u00fcbersch\u00fcssige Wasser im Schwamm sanft aus.<\/p>\n<p>3. Massieren Sie Ihr Gesicht\/Ihren K\u00f6rper mit dem Schwamm in kreisender Richtung, entweder mit oder ohne Reinigungsseife.<\/p>\n<p>4. Nach dem Gebrauch absp\u00fclen und an einem k\u00fchlen Ort f\u00fcr den n\u00e4chsten Gebrauch trocknen.<\/p>","protected":false},"excerpt":{"rendered":"<p>Schwarzer Holzkohle flache Kugel Konjac Schwamm ist eine Art von 100% nat\u00fcrlichen Schwamm f\u00fcr die Reinigung von Gesicht und K\u00f6rper! Er wird aus der Konjac-Pflanze hergestellt.<\/p>","protected":false},"featured_media":1515,"template":"","meta":{"site-sidebar-layout":"default","site-content-layout":"","ast-site-content-layout":"default","site-content-style":"default","site-sidebar-style":"default","ast-global-header-display":"","ast-banner-title-visibility":"","ast-main-header-display":"","ast-hfb-above-header-display":"","ast-hfb-below-header-display":"","ast-hfb-mobile-header-display":"","site-post-title":"","ast-breadcrumbs-content":"","ast-featured-img":"","footer-sml-layout":"","ast-disable-related-posts":"","theme-transparent-header-meta":"default","adv-header-id-meta":"","stick-header-meta":"default","header-above-stick-meta":"","header-main-stick-meta":"","header-below-stick-meta":"","astra-migrate-meta-layouts":"set","ast-page-background-enabled":"default","ast-page-background-meta":{"desktop":{"background-color":"","background-image":"","background-repeat":"repeat","background-position":"center center","background-size":"auto","background-attachment":"scroll","background-type":"","background-media":"","overlay-type":"","overlay-color":"","overlay-opacity":"","overlay-gradient":""},"tablet":{"background-color":"","background-image":"","background-repeat":"repeat","background-position":"center center","background-size":"auto","background-attachment":"scroll","background-type":"","background-media":"","overlay-type":"","overlay-color":"","overlay-opacity":"","overlay-gradient":""},"mobile":{"background-color":"","background-image":"","background-repeat":"repeat","background-position":"center center","background-size":"auto","background-attachment":"scroll","background-type":"","background-media":"","overlay-type":"","overlay-color":"","overlay-opacity":"","overlay-gradient":""}},"ast-content-background-meta":{"desktop":{"background-color":"var(--ast-global-color-5)","background-image":"","background-repeat":"repeat","background-position":"center center","background-size":"auto","background-attachment":"scroll","background-type":"","background-media":"","overlay-type":"","overlay-color":"","overlay-opacity":"","overlay-gradient":""},"tablet":{"background-color":"var(--ast-global-color-5)","background-image":"","background-repeat":"repeat","background-position":"center center","background-size":"auto","background-attachment":"scroll","background-type":"","background-media":"","overlay-type":"","overlay-color":"","overlay-opacity":"","overlay-gradient":""},"mobile":{"background-color":"var(--ast-global-color-5)","background-image":"","background-repeat":"repeat","background-position":"center center","background-size":"auto","background-attachment":"scroll","background-type":"","background-media":"","overlay-type":"","overlay-color":"","overlay-opacity":"","overlay-gradient":""}}},"product_brand":[],"product_cat":[25],"product_tag":[44],"class_list":{"0":"post-1514","1":"product","2":"type-product","3":"status-publish","4":"has-post-thumbnail","6":"product_cat-konjac-sponge","7":"product_tag-konjac-sponge","8":"desktop-align-left","9":"tablet-align-left","10":"mobile-align-left","11":"ast-product-gallery-layout-horizontal-slider","12":"ast-product-tabs-layout-horizontal","14":"first","15":"instock","16":"shipping-taxable","17":"product-type-simple"},"_links":{"self":[{"href":"https:\/\/sentaiyuanbio.com\/de\/wp-json\/wp\/v2\/product\/1514","targetHints":{"allow":["GET"]}}],"collection":[{"href":"https:\/\/sentaiyuanbio.com\/de\/wp-json\/wp\/v2\/product"}],"about":[{"href":"https:\/\/sentaiyuanbio.com\/de\/wp-json\/wp\/v2\/types\/product"}],"version-history":[{"count":0,"href":"https:\/\/sentaiyuanbio.com\/de\/wp-json\/wp\/v2\/product\/1514\/revisions"}],"wp:featuredmedia":[{"embeddable":true,"href":"https:\/\/sentaiyuanbio.com\/de\/wp-json\/wp\/v2\/media\/1515"}],"wp:attachment":[{"href":"https:\/\/sentaiyuanbio.com\/de\/wp-json\/wp\/v2\/media?parent=1514"}],"wp:term":[{"taxonomy":"product_brand","embeddable":true,"href":"https:\/\/sentaiyuanbio.com\/de\/wp-json\/wp\/v2\/product_brand?post=1514"},{"taxonomy":"product_cat","embeddable":true,"href":"https:\/\/sentaiyuanbio.com\/de\/wp-json\/wp\/v2\/product_cat?post=1514"},{"taxonomy":"product_tag","embeddable":true,"href":"https:\/\/sentaiyuanbio.com\/de\/wp-json\/wp\/v2\/product_tag?post=1514"}],"curies":[{"name":"wp","href":"https:\/\/api.w.org\/{rel}","templated":true}]}}