{"id":2019,"date":"2024-05-15T03:12:06","date_gmt":"2024-05-15T03:12:06","guid":{"rendered":"https:\/\/sentaiyuanbio.com\/?post_type=product&#038;p=2019"},"modified":"2024-05-16T02:41:10","modified_gmt":"2024-05-16T02:41:10","slug":"konjak-chips","status":"publish","type":"product","link":"https:\/\/sentaiyuanbio.com\/de\/produkt\/konjak-chips\/","title":{"rendered":"Konjak-Chips, Konjak-Wurzel-Chips"},"content":{"rendered":"<p>Konjak-Chips zu Araceae Pflanze Konjak als Rohstoff, nehmen Sie das Rhizom dieser Pflanze nach der Verarbeitung in d\u00fcnne Scheiben schneiden mit Sonneneinstrahlung und nat\u00fcrliche Trocknung und damit in trockenen Konjak-Chips gemacht. Die urspr\u00fcngliche Toxizit\u00e4t von Konjak wurde vollst\u00e4ndig entfernt, wobei die meisten N\u00e4hrstoffe im Konjak erhalten blieben. Frisches Konjakwasser machte etwa 80-85% aus, Glucomannan etwa 7%, und St\u00e4rke, Fasern und Verunreinigungen machten etwa 8% aus, nachdem das Wasser auf 15% oder weniger getrocknet wurde.<\/p>\n<h2>Die Rolle und Wirksamkeit von Konjak-Chips<\/h2>\n<p><strong>1. Hilft bei der Gewichtsabnahme:<\/strong> Konjak-Chips sind reich an Ballaststoffen, die das S\u00e4ttigungsgef\u00fchl wirksam verst\u00e4rken k\u00f6nnen und so helfen, die Ern\u00e4hrung zu kontrollieren und das Abnehmen zu f\u00f6rdern.<\/p>\n<p><strong>2. den Cholesterinspiegel senken:<\/strong> Die l\u00f6slichen Ballaststoffe k\u00f6nnen \u00fcbersch\u00fcssiges Cholesterin im Verdauungstrakt adsorbieren und aus dem K\u00f6rper transportieren, was sich positiv auf das Lipidmanagement auswirkt.<\/p>\n<p><strong>3. Diabetes-Pr\u00e4vention:<\/strong> Die zucker- und glyk\u00e4miearmen Eigenschaften von Konjak tragen zur Stabilisierung des Blutzuckerspiegels bei und eignen sich daher f\u00fcr Diabetiker und Menschen, die den Zucker kontrollieren m\u00fcssen.<\/p>\n<p><strong>4. St\u00e4rkung der Immunit\u00e4t:<\/strong> Reichhaltige Ballaststoffe k\u00f6nnen nicht nur das Darmmilieu verbessern, sondern auch das Wachstum n\u00fctzlicher Bakterien f\u00f6rdern und damit indirekt die Immunit\u00e4t st\u00e4rken.<\/p>\n<p><strong>Auswirkungen:<\/strong> L\u00f6st den Schleim auf und vertreibt die Stagnation, f\u00f6rdert die Blutstauung und d\u00e4mpft die Schwellung.<\/p>\n<p><strong>Anwendung und Dosierung:<\/strong> F\u00fcr die innere Anwendung 10-20 Gramm Suppe auskochen (2 Stunden lang auskochen lassen und den Saft einnehmen).<\/p>\n<p><strong>Externe Verwendung:<\/strong> F\u00fcgen Sie Essig hinzu und mahlen Sie ihn zu Saft oder kochen Sie ihn und zerdr\u00fccken Sie ihn, um ihn \u00e4u\u00dferlich anzuwenden.<\/p>\n<h2>Konjak-Chips Chinesische Medizin Physiotherapie Heilmittel<\/h2>\n<h3><\/h3>\n<h3>Behandlung von Hirntumoren<\/h3>\n<p>1, 30 Gramm Konjak-Flocken, zun\u00e4chst f\u00fcr 2 Stunden ausgekocht, dann f\u00fcgen Sie 9 Gramm Flohkraut, 6 Gramm rohes S\u00fc\u00dfholz Abkochung, 1 Mal pro Tag. F\u00fcr Erbrechen f\u00fcgen Sie Ingwer halben Sommer 9 Gramm. Bei Nasenverstopfung f\u00fcgen Sie Gans nicht essen Gras 9 Gramm; f\u00fcr Blutungen f\u00fcgen schwarze Gardenie 15 Gramm. (\"Das Mutterland Medizin Grundwissen\")<\/p>\n<p>2, Konjakflocken (zuerst 2 Stunden lang ausgekocht), Tong Guan San je 30 Gramm, 10 Gramm Cang Er, 15 Gramm Hexagonal Vine, 30 Gramm Fleabane. 1 Mal pro Tag mit Wasser ausgekocht einnehmen. (Yunnan Anti-Krebs Chinesische Kr\u00e4utermedizin)<\/p>\n<h3>Behandlung von Nasopharynxkarzinom<\/h3>\n<p>Konjak-Flocken (zuerst 2 Stunden lang ausgekocht), gemahlene Knochenhaut, Enten-Mittelfu\u00dfgras je 30 Gramm, 15 Gramm Flohkraut. Mit Wasser auskochen und 3 Mal t\u00e4glich einnehmen. (Tumordiagnose und -behandlung)<\/p>\n<h3>Behandlung von Schilddr\u00fcsenkrebs<\/h3>\n<p>30 Gramm Konjak, zuerst 2 Stunden lang ausgekocht, dann 15 Gramm Algen, Pueraria-Wurzel, XuanShen, 30 Gramm CangErGao, GuanZhong, und 60 Gramm rohe Auster, wenn der Tumor hart ist, und nehmen Sie es durch Auskochen, einmal t\u00e4glich. (Diagnose und Pr\u00e4vention von Tumoren)<\/p>\n<h3>Heilung von Ohrspeichelkrebs<\/h3>\n<p>Konjak (vorher 2 Stunden lang gebraten), je 30 g Isatis-Wurzel, je 15 g Gei\u00dfblatt und Bergbohnenwurzel. Abkochung in Wasser und einmal t\u00e4glich einnehmen. (\"Chinesische Anti-Krebs-Kr\u00e4uterpr\u00e4parate\")<\/p>\n<h3>Behandlung von Enddarmkrebs<\/h3>\n<p>Einzelne Konjak 60 Gramm wird in den Schweinedarm (etwa 20 Zentimeter lang), beide Enden mit einem Faden Ligatur, kochen f\u00fcr 4 Stunden, essen Schweinedarm, und trinken Suppe (\"Yunnan Anti-Krebs-Kr\u00e4uter\")<\/p>\n<h3>Behandlung von Leuk\u00e4mie<\/h3>\n<p>Konjak (erste ausgekocht f\u00fcr 2 Stunden), Rhabarber (nach der n\u00e4chsten), Schweinef\u00fc\u00dfe, halb Lotus, wei\u00dfe Blume Schlange Zunge Gras 30 Gramm jeweils, Strychnin (erste ausgekocht) 0,9 Gramm. Mit Wasser auskochen und 2 Mal t\u00e4glich einnehmen. (<a href=\"https:\/\/www.zs-hospital.sh.cn\/\" target=\"_blank\" rel=\"noopener\">Shanghai Zhongshan Krankenhaus Verordnung<\/a>)<\/p>\n<p>Besonderer Hinweis: Essen Sie nicht versehentlich die Reste des Arzneimittels, wenn Sie dieses Produkt einnehmen, um Vergiftungen zu vermeiden.<\/p>","protected":false},"excerpt":{"rendered":"<p>Konjak-Chips zu Araceae Pflanze Konjak als Rohstoff, nehmen Sie das Rhizom dieser Pflanze nach der Verarbeitung in d\u00fcnne Scheiben schneiden mit Sonneneinstrahlung und nat\u00fcrliche Trocknung und damit in trockenen Konjak-Chips gemacht. Die urspr\u00fcngliche Toxizit\u00e4t von Konjak wurde alle entfernt, die meisten der N\u00e4hrstoffe in der Konjak behalten.<\/p>","protected":false},"featured_media":2020,"template":"","meta":{"site-sidebar-layout":"default","site-content-layout":"","ast-site-content-layout":"default","site-content-style":"default","site-sidebar-style":"default","ast-global-header-display":"","ast-banner-title-visibility":"","ast-main-header-display":"","ast-hfb-above-header-display":"","ast-hfb-below-header-display":"","ast-hfb-mobile-header-display":"","site-post-title":"","ast-breadcrumbs-content":"","ast-featured-img":"","footer-sml-layout":"","ast-disable-related-posts":"","theme-transparent-header-meta":"default","adv-header-id-meta":"","stick-header-meta":"default","header-above-stick-meta":"","header-main-stick-meta":"","header-below-stick-meta":"","astra-migrate-meta-layouts":"set","ast-page-background-enabled":"default","ast-page-background-meta":{"desktop":{"background-color":"","background-image":"","background-repeat":"repeat","background-position":"center center","background-size":"auto","background-attachment":"scroll","background-type":"","background-media":"","overlay-type":"","overlay-color":"","overlay-opacity":"","overlay-gradient":""},"tablet":{"background-color":"","background-image":"","background-repeat":"repeat","background-position":"center center","background-size":"auto","background-attachment":"scroll","background-type":"","background-media":"","overlay-type":"","overlay-color":"","overlay-opacity":"","overlay-gradient":""},"mobile":{"background-color":"","background-image":"","background-repeat":"repeat","background-position":"center center","background-size":"auto","background-attachment":"scroll","background-type":"","background-media":"","overlay-type":"","overlay-color":"","overlay-opacity":"","overlay-gradient":""}},"ast-content-background-meta":{"desktop":{"background-color":"var(--ast-global-color-5)","background-image":"","background-repeat":"repeat","background-position":"center center","background-size":"auto","background-attachment":"scroll","background-type":"","background-media":"","overlay-type":"","overlay-color":"","overlay-opacity":"","overlay-gradient":""},"tablet":{"background-color":"var(--ast-global-color-5)","background-image":"","background-repeat":"repeat","background-position":"center center","background-size":"auto","background-attachment":"scroll","background-type":"","background-media":"","overlay-type":"","overlay-color":"","overlay-opacity":"","overlay-gradient":""},"mobile":{"background-color":"var(--ast-global-color-5)","background-image":"","background-repeat":"repeat","background-position":"center center","background-size":"auto","background-attachment":"scroll","background-type":"","background-media":"","overlay-type":"","overlay-color":"","overlay-opacity":"","overlay-gradient":""}}},"product_brand":[],"product_cat":[24],"product_tag":[41],"class_list":{"0":"post-2019","1":"product","2":"type-product","3":"status-publish","4":"has-post-thumbnail","6":"product_cat-konjac-dietary-fiber","7":"product_tag-konjac-glucomannan","8":"desktop-align-left","9":"tablet-align-left","10":"mobile-align-left","11":"ast-product-gallery-layout-horizontal-slider","12":"ast-product-tabs-layout-horizontal","14":"first","15":"instock","16":"shipping-taxable","17":"product-type-simple"},"_links":{"self":[{"href":"https:\/\/sentaiyuanbio.com\/de\/wp-json\/wp\/v2\/product\/2019","targetHints":{"allow":["GET"]}}],"collection":[{"href":"https:\/\/sentaiyuanbio.com\/de\/wp-json\/wp\/v2\/product"}],"about":[{"href":"https:\/\/sentaiyuanbio.com\/de\/wp-json\/wp\/v2\/types\/product"}],"version-history":[{"count":0,"href":"https:\/\/sentaiyuanbio.com\/de\/wp-json\/wp\/v2\/product\/2019\/revisions"}],"wp:featuredmedia":[{"embeddable":true,"href":"https:\/\/sentaiyuanbio.com\/de\/wp-json\/wp\/v2\/media\/2020"}],"wp:attachment":[{"href":"https:\/\/sentaiyuanbio.com\/de\/wp-json\/wp\/v2\/media?parent=2019"}],"wp:term":[{"taxonomy":"product_brand","embeddable":true,"href":"https:\/\/sentaiyuanbio.com\/de\/wp-json\/wp\/v2\/product_brand?post=2019"},{"taxonomy":"product_cat","embeddable":true,"href":"https:\/\/sentaiyuanbio.com\/de\/wp-json\/wp\/v2\/product_cat?post=2019"},{"taxonomy":"product_tag","embeddable":true,"href":"https:\/\/sentaiyuanbio.com\/de\/wp-json\/wp\/v2\/product_tag?post=2019"}],"curies":[{"name":"wp","href":"https:\/\/api.w.org\/{rel}","templated":true}]}}