{"id":2024,"date":"2024-05-16T03:48:48","date_gmt":"2024-05-16T03:48:48","guid":{"rendered":"https:\/\/sentaiyuanbio.com\/?post_type=product&#038;p=2024"},"modified":"2025-02-26T08:41:42","modified_gmt":"2025-02-26T08:41:42","slug":"trockener-shirataki-reis","status":"publish","type":"product","link":"https:\/\/sentaiyuanbio.com\/de\/produkt\/trockener-shirataki-reis\/","title":{"rendered":"Trockener Shirataki-Reis, Konjak Shirataki-Reis lose"},"content":{"rendered":"<p>Der trockene Shirataki-Reis von Sentaiyuan ist kalorienarm, reich an Ballaststoffen und f\u00f6rdert die Verdauung.<br \/>\nJe 100 Gramm Shirataki-Reis enthalten 2,8 Gramm Ballaststoffe, nur 6 Kalorien und kein Fett.<\/p>\n<p>Sentaiyuan's <a href=\"https:\/\/sentaiyuanbio.com\/de\/konjakprodukt\/\" target=\"_blank\" rel=\"noopener\">Konjak-Produkte<\/a> haben mehrere Zertifizierungen erhalten, darunter IFS, BRC, KOSHER, HALAL und HACCP, um sicherzustellen, dass Sie Produkte von h\u00f6chster Qualit\u00e4t erhalten. Die Verpackung besteht aus einem frischen Innenbeutel und einem Stehbeutel oder Karton f\u00fcr eine einfache Lagerung.<\/p>\n<p>Mit einer Lieferzeit von 15-30 Werktagen k\u00f6nnen Sie Ihre Bestellung getrost aufgeben und sicher sein, dass Sie sie umgehend erhalten werden. F\u00fcr Ihre Bequemlichkeit, akzeptieren wir verschiedene Zahlungsarten wie L\/C, D\/A, D\/P, T\/T, <a href=\"https:\/\/www.westernunion.com\/hk\/en\/home.html\" target=\"_blank\" rel=\"noopener\">Western Union<\/a>, <a href=\"https:\/\/www.moneygram.com\/\" target=\"_blank\" rel=\"noopener\">MoneyGram<\/a>und <a href=\"https:\/\/www.paypal.com\/\" target=\"_blank\" rel=\"noopener\">PayPal<\/a>.<\/p>\n<p>Sentaiyuan ist in der Lage, 3.000 20-Fu\u00df-Container pro Jahr zu produzieren.<\/p>\n<p>Entscheiden Sie sich f\u00fcr den trockenen Shirataki-Reis von Sentaiyuan als k\u00f6stliche, schuldfreie Alternative zu herk\u00f6mmlichem Reis und verbessern Sie Ihr Esserlebnis, w\u00e4hrend Sie gleichzeitig Ihre Gesundheit und Ihr Wohlbefinden in den Vordergrund stellen.<\/p>\n<h2>Trockener Shirataki-Reis Spezifikation<\/h2>\n<table width=\"100%\" cellspacing=\"0\" cellpadding=\"0\">\n<colgroup>\n<col style=\"width: 180px;\" width=\"215\" \/>\n<col style=\"width: 383px;\" width=\"383\" \/> <\/colgroup>\n<tbody>\n<tr style=\"height: 20px;\">\n<td width=\"180\" height=\"20\">Produktname<\/td>\n<td width=\"392\">Trockener Shirataki-Reis<\/td>\n<\/tr>\n<tr style=\"height: 20px;\">\n<td width=\"180\" height=\"21\">Hauptbestandteil<\/td>\n<td width=\"392\"><a href=\"https:\/\/sentaiyuanbio.com\/de\/produkt\/konjakmehl-yamswurzel-konjakpulver\/\" target=\"_blank\" rel=\"noopener\">Konjakmehl<\/a>, Wasser<\/td>\n<\/tr>\n<tr style=\"height: 39px;\">\n<td width=\"180\" height=\"39\">Merkmal<\/td>\n<td width=\"392\">Geruchsneutral, kalorienarm, kohlenhydratarm, glutenfrei, zuckerfrei, fettfrei, GMO-frei, ballaststoffreich<\/td>\n<\/tr>\n<tr style=\"height: 41px;\">\n<td width=\"180\" height=\"41\">Funktionen<\/td>\n<td width=\"392\">Vegetarische Ern\u00e4hrung, Gewichtsabnahme, S\u00e4ttigung erh\u00f6hen<\/td>\n<\/tr>\n<tr style=\"height: 20px;\">\n<td width=\"180\" height=\"21\">Ballaststoffe<\/td>\n<td width=\"392\">2,8g\/100g<\/td>\n<\/tr>\n<tr style=\"height: 20px;\">\n<td width=\"180\" height=\"21\">Kochzeit<\/td>\n<td width=\"392\">8 Minute<\/td>\n<\/tr>\n<tr style=\"height: 20px;\">\n<td width=\"180\" height=\"21\">Fettgehalt<\/td>\n<td width=\"392\">&lt;0,1g\/100g<\/td>\n<\/tr>\n<tr style=\"height: 20px;\">\n<td width=\"180\" height=\"21\">Gewicht<\/td>\n<td width=\"392\">0,08 kg<\/td>\n<\/tr>\n<tr style=\"height: 20px;\">\n<td width=\"180\" height=\"21\">Haltbarkeitsdauer<\/td>\n<td width=\"392\">24Monate<\/td>\n<\/tr>\n<tr style=\"height: 20px;\">\n<td width=\"180\" height=\"21\">Bescheinigungen<\/td>\n<td width=\"392\">IFS, BRC, KOSHER, HALAL, HACCP<\/td>\n<\/tr>\n<tr style=\"height: 20px;\">\n<td width=\"180\" height=\"21\">Paket<\/td>\n<td width=\"392\">Innenbeutel + Stehbeutel\/ Papierschachtel<\/td>\n<\/tr>\n<tr style=\"height: 20px;\">\n<td width=\"180\" height=\"21\">Lagerung<\/td>\n<td width=\"392\">Raumtemperatur, k\u00fchler, trockener Ort, direkte Sonneneinstrahlung vermeiden<\/td>\n<\/tr>\n<tr style=\"height: 20px;\">\n<td width=\"180\" height=\"21\">Dienst<\/td>\n<td width=\"392\">OEM, ODM, OBM<\/td>\n<\/tr>\n<tr style=\"height: 20px;\">\n<td width=\"180\" height=\"21\">Lieferfrist<\/td>\n<td width=\"392\">15-30 Arbeitstage<\/td>\n<\/tr>\n<\/tbody>\n<\/table>\n<h2>Vorteile von trockenem Shirataki-Reis gegen\u00fcber herk\u00f6mmlichem Reis:<\/h2>\n<p>Di\u00e4tfreundlich, gesundheitsf\u00f6rdernd, entspannend und dennoch s\u00e4ttigend, kalorienarm, kohlenhydratarm, ballaststoffreich, glutenfrei, gelartige Textur, praktisch geschmacksneutral, s\u00e4ttigungsf\u00f6rdernd, f\u00fcr eine Vielzahl von Ern\u00e4hrungseinschr\u00e4nkungen geeignet und kann beim Gewichtsmanagement helfen.<\/p>\n<h2>Wie kocht man trockenen Shirataki-Reis?<\/h2>\n<p>Bitte befolgen Sie diese einfachen Schritte zur Vorbereitung:<\/p>\n<p>ENTLEEREN UND SP\u00dcLEN: Die Packung \u00f6ffnen und die Fl\u00fcssigkeit abgie\u00dfen. Den Shirataki-Reis 1-2 Minuten lang gr\u00fcndlich in kaltem Wasser absp\u00fclen. Den gemischten Reis, die So\u00dfe und die Zutaten in einen Topf geben und bei niedriger Hitze erw\u00e4rmen, bis er warm ist. Alternativ k\u00f6nnen Sie die Mischung auch 1-2 Minuten lang in der Mikrowelle erw\u00e4rmen, bis sie die gew\u00fcnschte Temperatur erreicht hat.<br \/>\nAuf einem Teller anrichten und nach Belieben mit weiteren Zutaten garnieren.<\/p>\n<style>.embed-container { position: relative; padding-bottom: 56.25%; height: 0; overflow: hidden; max-width: 100%; } .embed-container iframe, .embed-container object, .embed-container embed { position: absolute; top: 0; left: 0; width: 100%; height: 100%; }<\/style>\n<div class=\"embed-container\"><iframe src=\"https:\/\/www.youtube.com\/embed\/vlSLWHphDkk\" frameborder=\"0\" allowfullscreen=\"allowfullscreen\"><\/iframe><\/div>","protected":false},"excerpt":{"rendered":"<p>Der trockene Shirataki-Reis von Sentaiyuan ist kalorienarm, reich an Ballaststoffen und f\u00f6rdert die Verdauung.<br \/>\nJe 100 Gramm Shirataki-Reis enthalten 2,8 Gramm Ballaststoffe, nur 6 Kalorien und kein Fett.<\/p>","protected":false},"featured_media":3938,"template":"","meta":{"site-sidebar-layout":"default","site-content-layout":"","ast-site-content-layout":"default","site-content-style":"default","site-sidebar-style":"default","ast-global-header-display":"","ast-banner-title-visibility":"","ast-main-header-display":"","ast-hfb-above-header-display":"","ast-hfb-below-header-display":"","ast-hfb-mobile-header-display":"","site-post-title":"","ast-breadcrumbs-content":"","ast-featured-img":"","footer-sml-layout":"","ast-disable-related-posts":"","theme-transparent-header-meta":"default","adv-header-id-meta":"","stick-header-meta":"default","header-above-stick-meta":"","header-main-stick-meta":"","header-below-stick-meta":"","astra-migrate-meta-layouts":"set","ast-page-background-enabled":"default","ast-page-background-meta":{"desktop":{"background-color":"","background-image":"","background-repeat":"repeat","background-position":"center center","background-size":"auto","background-attachment":"scroll","background-type":"","background-media":"","overlay-type":"","overlay-color":"","overlay-opacity":"","overlay-gradient":""},"tablet":{"background-color":"","background-image":"","background-repeat":"repeat","background-position":"center center","background-size":"auto","background-attachment":"scroll","background-type":"","background-media":"","overlay-type":"","overlay-color":"","overlay-opacity":"","overlay-gradient":""},"mobile":{"background-color":"","background-image":"","background-repeat":"repeat","background-position":"center center","background-size":"auto","background-attachment":"scroll","background-type":"","background-media":"","overlay-type":"","overlay-color":"","overlay-opacity":"","overlay-gradient":""}},"ast-content-background-meta":{"desktop":{"background-color":"var(--ast-global-color-5)","background-image":"","background-repeat":"repeat","background-position":"center center","background-size":"auto","background-attachment":"scroll","background-type":"","background-media":"","overlay-type":"","overlay-color":"","overlay-opacity":"","overlay-gradient":""},"tablet":{"background-color":"var(--ast-global-color-5)","background-image":"","background-repeat":"repeat","background-position":"center center","background-size":"auto","background-attachment":"scroll","background-type":"","background-media":"","overlay-type":"","overlay-color":"","overlay-opacity":"","overlay-gradient":""},"mobile":{"background-color":"var(--ast-global-color-5)","background-image":"","background-repeat":"repeat","background-position":"center center","background-size":"auto","background-attachment":"scroll","background-type":"","background-media":"","overlay-type":"","overlay-color":"","overlay-opacity":"","overlay-gradient":""}}},"product_brand":[],"product_cat":[50],"product_tag":[37],"class_list":{"0":"post-2024","1":"product","2":"type-product","3":"status-publish","4":"has-post-thumbnail","6":"product_cat-shirataki-dried-rice","7":"product_tag-konjac-rice","8":"desktop-align-left","9":"tablet-align-left","10":"mobile-align-left","11":"ast-product-gallery-layout-horizontal-slider","12":"ast-product-tabs-layout-horizontal","14":"first","15":"instock","16":"shipping-taxable","17":"product-type-simple"},"_links":{"self":[{"href":"https:\/\/sentaiyuanbio.com\/de\/wp-json\/wp\/v2\/product\/2024","targetHints":{"allow":["GET"]}}],"collection":[{"href":"https:\/\/sentaiyuanbio.com\/de\/wp-json\/wp\/v2\/product"}],"about":[{"href":"https:\/\/sentaiyuanbio.com\/de\/wp-json\/wp\/v2\/types\/product"}],"version-history":[{"count":0,"href":"https:\/\/sentaiyuanbio.com\/de\/wp-json\/wp\/v2\/product\/2024\/revisions"}],"wp:featuredmedia":[{"embeddable":true,"href":"https:\/\/sentaiyuanbio.com\/de\/wp-json\/wp\/v2\/media\/3938"}],"wp:attachment":[{"href":"https:\/\/sentaiyuanbio.com\/de\/wp-json\/wp\/v2\/media?parent=2024"}],"wp:term":[{"taxonomy":"product_brand","embeddable":true,"href":"https:\/\/sentaiyuanbio.com\/de\/wp-json\/wp\/v2\/product_brand?post=2024"},{"taxonomy":"product_cat","embeddable":true,"href":"https:\/\/sentaiyuanbio.com\/de\/wp-json\/wp\/v2\/product_cat?post=2024"},{"taxonomy":"product_tag","embeddable":true,"href":"https:\/\/sentaiyuanbio.com\/de\/wp-json\/wp\/v2\/product_tag?post=2024"}],"curies":[{"name":"wp","href":"https:\/\/api.w.org\/{rel}","templated":true}]}}