{"id":2062,"date":"2024-06-05T08:54:42","date_gmt":"2024-06-05T08:54:42","guid":{"rendered":"https:\/\/sentaiyuanbio.com\/?post_type=product&#038;p=2062"},"modified":"2025-02-26T08:46:23","modified_gmt":"2025-02-26T08:46:23","slug":"trockener-roter-shirataki-reis","status":"publish","type":"product","link":"https:\/\/sentaiyuanbio.com\/de\/produkt\/trockener-roter-shirataki-reis\/","title":{"rendered":"Roter Shirataki-Reis, getrockneter roter Konjak-Reis, lose"},"content":{"rendered":"<p>Trockener roter Shirataki-Reis ist reich an Ballaststoffen, enth\u00e4lt wenig Kohlenhydrate, hat wenig Kalorien und einen niedrigen glyk\u00e4mischen Index. Dieser Reis hat einen tollen Geschmack und sieht dem Langkornreis sehr \u00e4hnlich.<\/p>\n<p>Hergestellt aus hochwertigem Non-GMO <a href=\"https:\/\/sentaiyuanbio.com\/de\/produkt\/konjakwurzel-glucomannan\/\" target=\"_blank\" rel=\"noopener\">Konjakmehl<\/a> und rotem Reismehl hergestellt wird, ist es bis zu 24 Monate haltbar.<\/p>\n<h2>Spezifikation<\/h2>\n<p><strong>Zutat<\/strong>: Konjak-Pulver, rotes Reismehl, Wasser.<\/p>\n<p><strong>Gr\u00f6\u00dfe<\/strong>: 2mm x 5mm.<\/p>\n<p><strong>Nettogewicht<\/strong>80g\/Beutel, 1kg\/Beutel, oder kundenspezifische Verpackungsgr\u00f6\u00dfe.<\/p>\n<p><strong>Haltbarkeitsdauer<\/strong>: 24 Monate.<\/p>\n<p><strong>Paket<\/strong>: Stehbeutel + Karton.<\/p>\n<p><img fetchpriority=\"high\" decoding=\"async\" class=\"alignnone wp-image-2074 size-full\" src=\"https:\/\/sentaiyuanbio.com\/wp-content\/uploads\/2024\/06\/dry-shirataki-red-rice-full-page-1.jpg\" alt=\"trockener roter Konjac-Reis\" width=\"750\" height=\"1045\" srcset=\"https:\/\/sentaiyuanbio.com\/wp-content\/uploads\/2024\/06\/dry-shirataki-red-rice-full-page-1.jpg 750w, https:\/\/sentaiyuanbio.com\/wp-content\/uploads\/2024\/06\/dry-shirataki-red-rice-full-page-1-215x300.jpg 215w, https:\/\/sentaiyuanbio.com\/wp-content\/uploads\/2024\/06\/dry-shirataki-red-rice-full-page-1-735x1024.jpg 735w, https:\/\/sentaiyuanbio.com\/wp-content\/uploads\/2024\/06\/dry-shirataki-red-rice-full-page-1-431x600.jpg 431w, https:\/\/sentaiyuanbio.com\/wp-content\/uploads\/2024\/06\/dry-shirataki-red-rice-full-page-1-600x836.jpg 600w\" sizes=\"(max-width: 750px) 100vw, 750px\" \/><img decoding=\"async\" class=\"alignnone wp-image-2073 size-full\" src=\"https:\/\/sentaiyuanbio.com\/wp-content\/uploads\/2024\/06\/dry-shirataki-red-rice-full-page-2.jpg\" alt=\"trockener roter Konjakreis\" width=\"750\" height=\"916\" srcset=\"https:\/\/sentaiyuanbio.com\/wp-content\/uploads\/2024\/06\/dry-shirataki-red-rice-full-page-2.jpg 750w, https:\/\/sentaiyuanbio.com\/wp-content\/uploads\/2024\/06\/dry-shirataki-red-rice-full-page-2-246x300.jpg 246w, https:\/\/sentaiyuanbio.com\/wp-content\/uploads\/2024\/06\/dry-shirataki-red-rice-full-page-2-491x600.jpg 491w, https:\/\/sentaiyuanbio.com\/wp-content\/uploads\/2024\/06\/dry-shirataki-red-rice-full-page-2-600x733.jpg 600w\" sizes=\"(max-width: 750px) 100vw, 750px\" \/><img decoding=\"async\" class=\"alignnone wp-image-2072 size-full\" src=\"https:\/\/sentaiyuanbio.com\/wp-content\/uploads\/2024\/06\/dry-shirataki-red-rice-full-page-3.jpg\" alt=\"trockener roter Shirataki-Reis\" width=\"750\" height=\"1159\" srcset=\"https:\/\/sentaiyuanbio.com\/wp-content\/uploads\/2024\/06\/dry-shirataki-red-rice-full-page-3.jpg 750w, https:\/\/sentaiyuanbio.com\/wp-content\/uploads\/2024\/06\/dry-shirataki-red-rice-full-page-3-194x300.jpg 194w, https:\/\/sentaiyuanbio.com\/wp-content\/uploads\/2024\/06\/dry-shirataki-red-rice-full-page-3-663x1024.jpg 663w, https:\/\/sentaiyuanbio.com\/wp-content\/uploads\/2024\/06\/dry-shirataki-red-rice-full-page-3-388x600.jpg 388w, https:\/\/sentaiyuanbio.com\/wp-content\/uploads\/2024\/06\/dry-shirataki-red-rice-full-page-3-600x927.jpg 600w\" sizes=\"(max-width: 750px) 100vw, 750px\" \/><\/p>\n<h2>Zutatenliste<\/h2>\n<table cellspacing=\"0\" cellpadding=\"0\">\n<colgroup>\n<col style=\"width: 180px;\" width=\"215\" \/>\n<col style=\"width: 383px;\" width=\"383\" \/> <\/colgroup>\n<tbody>\n<tr>\n<td colspan=\"3\" align=\"center\">Zutaten f\u00fcr getrockneten roten Konjak-Reis<\/td>\n<\/tr>\n<tr>\n<td align=\"center\">Nein.<\/td>\n<td align=\"center\">Material<\/td>\n<td align=\"center\">%<\/td>\n<\/tr>\n<tr>\n<td align=\"center\">1<\/td>\n<td align=\"center\">Konjakmehl<\/td>\n<td align=\"center\">46<\/td>\n<\/tr>\n<tr>\n<td align=\"center\">2<\/td>\n<td align=\"center\">Rotes Reismehl<\/td>\n<td align=\"center\">44<\/td>\n<\/tr>\n<tr>\n<td align=\"center\">3<\/td>\n<td align=\"center\">Wasser<\/td>\n<td align=\"center\">10<\/td>\n<\/tr>\n<tr>\n<td colspan=\"2\" align=\"center\">Summe<\/td>\n<td align=\"center\">100<\/td>\n<\/tr>\n<\/tbody>\n<\/table>\n<h2>N\u00e4hrwertangaben f\u00fcr 100 g Trockenreis<\/h2>\n<table cellspacing=\"0\" cellpadding=\"0\">\n<colgroup>\n<col style=\"width: 180px;\" width=\"215\" \/>\n<col style=\"width: 383px;\" width=\"383\" \/> <\/colgroup>\n<tbody>\n<tr>\n<td align=\"center\" width=\"284\"><b>Energie<\/b><\/td>\n<td align=\"center\" width=\"284\">347 Kcal<\/td>\n<\/tr>\n<tr>\n<td align=\"center\" width=\"284\"><b>Kohlenhydrate<\/b><\/td>\n<td align=\"center\" width=\"284\">69.2g<\/td>\n<\/tr>\n<tr>\n<td align=\"center\" width=\"284\"><b>Fett insgesamt<\/b><\/td>\n<td align=\"center\" width=\"284\">2.9g<\/td>\n<\/tr>\n<tr>\n<td align=\"center\" width=\"284\"><b>Eiwei\u00df<\/b><\/td>\n<td align=\"center\" width=\"284\">7.8g<\/td>\n<\/tr>\n<tr>\n<td align=\"center\" width=\"284\"><b>Ballaststoffe<\/b><\/td>\n<td align=\"center\" width=\"284\">6.3g<\/td>\n<\/tr>\n<tr>\n<td align=\"center\" width=\"284\"><b>Natrium<\/b><\/td>\n<td align=\"center\" width=\"284\">10 mg<\/td>\n<\/tr>\n<\/tbody>\n<\/table>\n<h2>N\u00e4hrwertangaben f\u00fcr 100 g gekochten Reis<\/h2>\n<table cellspacing=\"0\" cellpadding=\"0\">\n<colgroup>\n<col style=\"width: 180px;\" width=\"215\" \/>\n<col style=\"width: 383px;\" width=\"383\" \/> <\/colgroup>\n<tbody>\n<tr>\n<td align=\"center\" width=\"284\"><b>Energie<\/b><\/td>\n<td align=\"center\" width=\"284\">70 Kcal<\/td>\n<\/tr>\n<tr>\n<td align=\"center\" width=\"284\"><b>Kohlenhydrate<\/b><\/td>\n<td align=\"center\" width=\"284\">13.8g<\/td>\n<\/tr>\n<tr>\n<td align=\"center\" width=\"284\"><b>Fett insgesamt<\/b><\/td>\n<td align=\"center\" width=\"284\">0.6g<\/td>\n<\/tr>\n<tr>\n<td align=\"center\" width=\"284\"><b>Eiwei\u00df<\/b><\/td>\n<td align=\"center\" width=\"284\">1.6g<\/td>\n<\/tr>\n<tr>\n<td align=\"center\" width=\"284\"><b>Ballaststoffe<\/b><\/td>\n<td align=\"center\" width=\"284\">1.3g<\/td>\n<\/tr>\n<tr>\n<td align=\"center\" width=\"284\"><b>Natrium<\/b><\/td>\n<td align=\"center\" width=\"284\">2 mg<\/td>\n<\/tr>\n<\/tbody>\n<\/table>\n<h2>Der Vorteil von trockenem rotem Shirataki-Reis:<\/h2>\n<ol>\n<li>Weniger Kohlenhydrate<\/li>\n<li>Weniger Kalorien<\/li>\n<li>Niedriger glyk\u00e4mischer Index<\/li>\n<li>Reich an Ballaststoffen<\/li>\n<li>L\u00e4ngere Haltbarkeitsdauer 24 Monate<\/li>\n<li>Guter Geschmack, Geschmack und Aussehen sind dem Langkornreis sehr \u00e4hnlich.<\/li>\n<\/ol>\n<p><img loading=\"lazy\" decoding=\"async\" class=\"alignnone wp-image-2066 size-full\" src=\"https:\/\/sentaiyuanbio.com\/wp-content\/uploads\/2024\/06\/Dry-Shirataki-Red-Rice-3.jpg\" alt=\"Roter Konjac-Reis trocken\" width=\"1000\" height=\"1000\" srcset=\"https:\/\/sentaiyuanbio.com\/wp-content\/uploads\/2024\/06\/Dry-Shirataki-Red-Rice-3.jpg 1000w, https:\/\/sentaiyuanbio.com\/wp-content\/uploads\/2024\/06\/Dry-Shirataki-Red-Rice-3-600x600.jpg 600w, https:\/\/sentaiyuanbio.com\/wp-content\/uploads\/2024\/06\/Dry-Shirataki-Red-Rice-3-100x100.jpg 100w, https:\/\/sentaiyuanbio.com\/wp-content\/uploads\/2024\/06\/Dry-Shirataki-Red-Rice-3-300x300.jpg 300w, https:\/\/sentaiyuanbio.com\/wp-content\/uploads\/2024\/06\/Dry-Shirataki-Red-Rice-3-150x150.jpg 150w, https:\/\/sentaiyuanbio.com\/wp-content\/uploads\/2024\/06\/Dry-Shirataki-Red-Rice-3-768x768.jpg 768w\" sizes=\"(max-width: 1000px) 100vw, 1000px\" \/><\/p>\n<h2>Warum sollten Sie unseren trockenen roten Shirataki-Reis w\u00e4hlen?<\/h2>\n<ul>\n<li><strong>Ges\u00fcnder<\/strong>: Ganz gleich, ob Sie Ihr Gewicht kontrollieren, Ihren Blutzucker \u00fcberwachen oder sich ges\u00fcnder ern\u00e4hren m\u00f6chten, unsere Produkte sind die perfekte Kombination aus Geschmack und Gesundheit.<\/li>\n<li><strong>Hochwertige Zutaten<\/strong>: Unser Reis wird sorgf\u00e4ltig mit Konjakmehl, rotem Reismehl und Wasser gemischt, um Geschmack und Qualit\u00e4t zu gew\u00e4hrleisten.<\/li>\n<li><strong>Vielseitigkeit<\/strong>: Einfach zu servieren, mikrowellengeeignet und l\u00e4sst sich leicht an jedes Rezept anpassen.<\/li>\n<li><strong>Kundenzufriedenheit<\/strong>: Wir arbeiten hart, um sicherzustellen, dass Sie bei Mori State Source die besten Qualit\u00e4tsprodukte und den besten Kundendienst erhalten.<\/li>\n<\/ul>\n<h2>Wie kocht man trockenen roten Shirataki-Reis?<\/h2>\n<p>Legen Sie 40 Gramm getrockneten roten Shirataki-Reis in 60-80 Gramm hei\u00dfes Wasser f\u00fcr 15 Minuten oder 3-4 Minuten in die Mikrowelle. Dann genie\u00dfen Sie ihn.<\/p>\n<p><img loading=\"lazy\" decoding=\"async\" class=\"alignleft wp-image-2068 size-full\" src=\"https:\/\/sentaiyuanbio.com\/wp-content\/uploads\/2024\/06\/Cooking-instruction.jpg\" alt=\"Wie kocht man trockenen roten Shirataki-Reis?\" width=\"800\" height=\"800\" srcset=\"https:\/\/sentaiyuanbio.com\/wp-content\/uploads\/2024\/06\/Cooking-instruction.jpg 800w, https:\/\/sentaiyuanbio.com\/wp-content\/uploads\/2024\/06\/Cooking-instruction-600x600.jpg 600w, https:\/\/sentaiyuanbio.com\/wp-content\/uploads\/2024\/06\/Cooking-instruction-100x100.jpg 100w, https:\/\/sentaiyuanbio.com\/wp-content\/uploads\/2024\/06\/Cooking-instruction-300x300.jpg 300w, https:\/\/sentaiyuanbio.com\/wp-content\/uploads\/2024\/06\/Cooking-instruction-150x150.jpg 150w, https:\/\/sentaiyuanbio.com\/wp-content\/uploads\/2024\/06\/Cooking-instruction-768x768.jpg 768w\" sizes=\"(max-width: 800px) 100vw, 800px\" \/><\/p>\n<p>&nbsp;<\/p>","protected":false},"excerpt":{"rendered":"<p>Sentaiyuan getrockneter roter Konjakreis wird aus Konjakmehl und rotem Reismehl hergestellt. Er ist kalorienarm, reich an Ballaststoffen und f\u00f6rdert die Verdauung.<br \/>\n100 Gramm gekochter roter Konjakreis enthalten 1,3 Gramm Ballaststoffe, 14 Gramm Kohlenhydrate, 70 Kalorien und kein Fett.<\/p>\n<div id=\"gtx-trans\" style=\"position: absolute; left: 979px; top: -3px;\">\n<div class=\"gtx-trans-icon\"><\/div>\n<\/div>","protected":false},"featured_media":4177,"template":"","meta":{"site-sidebar-layout":"default","site-content-layout":"","ast-site-content-layout":"default","site-content-style":"default","site-sidebar-style":"default","ast-global-header-display":"","ast-banner-title-visibility":"","ast-main-header-display":"","ast-hfb-above-header-display":"","ast-hfb-below-header-display":"","ast-hfb-mobile-header-display":"","site-post-title":"","ast-breadcrumbs-content":"","ast-featured-img":"","footer-sml-layout":"","ast-disable-related-posts":"","theme-transparent-header-meta":"default","adv-header-id-meta":"","stick-header-meta":"default","header-above-stick-meta":"","header-main-stick-meta":"","header-below-stick-meta":"","astra-migrate-meta-layouts":"set","ast-page-background-enabled":"default","ast-page-background-meta":{"desktop":{"background-color":"","background-image":"","background-repeat":"repeat","background-position":"center center","background-size":"auto","background-attachment":"scroll","background-type":"","background-media":"","overlay-type":"","overlay-color":"","overlay-opacity":"","overlay-gradient":""},"tablet":{"background-color":"","background-image":"","background-repeat":"repeat","background-position":"center center","background-size":"auto","background-attachment":"scroll","background-type":"","background-media":"","overlay-type":"","overlay-color":"","overlay-opacity":"","overlay-gradient":""},"mobile":{"background-color":"","background-image":"","background-repeat":"repeat","background-position":"center center","background-size":"auto","background-attachment":"scroll","background-type":"","background-media":"","overlay-type":"","overlay-color":"","overlay-opacity":"","overlay-gradient":""}},"ast-content-background-meta":{"desktop":{"background-color":"var(--ast-global-color-5)","background-image":"","background-repeat":"repeat","background-position":"center center","background-size":"auto","background-attachment":"scroll","background-type":"","background-media":"","overlay-type":"","overlay-color":"","overlay-opacity":"","overlay-gradient":""},"tablet":{"background-color":"var(--ast-global-color-5)","background-image":"","background-repeat":"repeat","background-position":"center center","background-size":"auto","background-attachment":"scroll","background-type":"","background-media":"","overlay-type":"","overlay-color":"","overlay-opacity":"","overlay-gradient":""},"mobile":{"background-color":"var(--ast-global-color-5)","background-image":"","background-repeat":"repeat","background-position":"center center","background-size":"auto","background-attachment":"scroll","background-type":"","background-media":"","overlay-type":"","overlay-color":"","overlay-opacity":"","overlay-gradient":""}}},"product_brand":[],"product_cat":[50],"product_tag":[37],"class_list":{"0":"post-2062","1":"product","2":"type-product","3":"status-publish","4":"has-post-thumbnail","6":"product_cat-shirataki-dried-rice","7":"product_tag-konjac-rice","8":"desktop-align-left","9":"tablet-align-left","10":"mobile-align-left","11":"ast-product-gallery-layout-horizontal-slider","12":"ast-product-tabs-layout-horizontal","14":"first","15":"instock","16":"shipping-taxable","17":"product-type-simple"},"_links":{"self":[{"href":"https:\/\/sentaiyuanbio.com\/de\/wp-json\/wp\/v2\/product\/2062","targetHints":{"allow":["GET"]}}],"collection":[{"href":"https:\/\/sentaiyuanbio.com\/de\/wp-json\/wp\/v2\/product"}],"about":[{"href":"https:\/\/sentaiyuanbio.com\/de\/wp-json\/wp\/v2\/types\/product"}],"version-history":[{"count":0,"href":"https:\/\/sentaiyuanbio.com\/de\/wp-json\/wp\/v2\/product\/2062\/revisions"}],"wp:featuredmedia":[{"embeddable":true,"href":"https:\/\/sentaiyuanbio.com\/de\/wp-json\/wp\/v2\/media\/4177"}],"wp:attachment":[{"href":"https:\/\/sentaiyuanbio.com\/de\/wp-json\/wp\/v2\/media?parent=2062"}],"wp:term":[{"taxonomy":"product_brand","embeddable":true,"href":"https:\/\/sentaiyuanbio.com\/de\/wp-json\/wp\/v2\/product_brand?post=2062"},{"taxonomy":"product_cat","embeddable":true,"href":"https:\/\/sentaiyuanbio.com\/de\/wp-json\/wp\/v2\/product_cat?post=2062"},{"taxonomy":"product_tag","embeddable":true,"href":"https:\/\/sentaiyuanbio.com\/de\/wp-json\/wp\/v2\/product_tag?post=2062"}],"curies":[{"name":"wp","href":"https:\/\/api.w.org\/{rel}","templated":true}]}}