{"id":2080,"date":"2024-06-17T09:44:56","date_gmt":"2024-06-17T09:44:56","guid":{"rendered":"https:\/\/sentaiyuanbio.com\/?post_type=product&#038;p=2080"},"modified":"2025-02-26T08:48:29","modified_gmt":"2025-02-26T08:48:29","slug":"trockener-shirataki-mais-reis","status":"publish","type":"product","link":"https:\/\/sentaiyuanbio.com\/de\/produkt\/trockener-shirataki-mais-reis\/","title":{"rendered":"Trockener Shirataki-Maisreis, getrockneter Konjak-Mais-Reis lose"},"content":{"rendered":"<p>Wir stellen den trockenen Shirataki-Reis vor, einen Konjak-Reis, der auf die Bed\u00fcrfnisse gesundheitsbewusster Verbraucher zugeschnitten ist. Der Reisersatz wird aus einer einzigartigen Mischung aus <a href=\"https:\/\/sentaiyuanbio.com\/de\/produkt\/konjakwurzel-glucomannan\/\" target=\"_blank\" rel=\"noopener\">Konjakmehl<\/a>, Maisst\u00e4rke und Wasser und bietet eine Vielzahl von gesundheitlichen Vorteilen, ohne den Geschmack und die Konsistenz von traditionellem Langkornreis zu ver\u00e4ndern.<\/p>\n<h2>Spezifikation<\/h2>\n<p><strong>Zutat<\/strong>: Konjakmehl, Maismehl, Wasser.<\/p>\n<p><strong>Gr\u00f6\u00dfe<\/strong>: 2mm x 5mm.<\/p>\n<p><strong>Nettogewicht<\/strong>80g\/Beutel, 1kg\/Beutel, oder kundenspezifische Verpackungsgr\u00f6\u00dfe.<\/p>\n<p><strong>Haltbarkeitsdauer<\/strong>: 24 Monate.<\/p>\n<p><strong>Paket<\/strong>: Stehbeutel + Karton.<\/p>\n<h2>Trockener Shirataki-Mais-Reis Zutatenliste<\/h2>\n<table cellspacing=\"0\" cellpadding=\"0\">\n<colgroup>\n<col style=\"width: 180px;\" width=\"215\" \/>\n<col style=\"width: 383px;\" width=\"383\" \/> <\/colgroup>\n<tbody>\n<tr>\n<td colspan=\"3\" align=\"center\">Zutaten f\u00fcr trockenen Shirataki-Mais-Reis<\/td>\n<\/tr>\n<tr>\n<td align=\"center\">Nein.<\/td>\n<td align=\"center\">Material<\/td>\n<td align=\"center\">%<\/td>\n<\/tr>\n<tr>\n<td align=\"center\">1<\/td>\n<td align=\"center\">Konjakmehl<\/td>\n<td align=\"center\">46<\/td>\n<\/tr>\n<tr>\n<td align=\"center\">2<\/td>\n<td align=\"center\">Rotes Reismehl<\/td>\n<td align=\"center\">44<\/td>\n<\/tr>\n<tr>\n<td align=\"center\">3<\/td>\n<td align=\"center\">Wasser<\/td>\n<td align=\"center\">10<\/td>\n<\/tr>\n<tr>\n<td colspan=\"2\" align=\"center\">Summe<\/td>\n<td align=\"center\">100<\/td>\n<\/tr>\n<\/tbody>\n<\/table>\n<h2>N\u00e4hrwertangaben f\u00fcr 100 g Trockenreis<\/h2>\n<table cellspacing=\"0\" cellpadding=\"0\">\n<colgroup>\n<col style=\"width: 180px;\" width=\"215\" \/>\n<col style=\"width: 383px;\" width=\"383\" \/> <\/colgroup>\n<tbody>\n<tr>\n<td align=\"center\" width=\"284\"><b>Energie<\/b><\/td>\n<td align=\"center\" width=\"284\">370 Kcal<\/td>\n<\/tr>\n<tr>\n<td align=\"center\" width=\"284\"><b>Kohlenhydrate<\/b><\/td>\n<td align=\"center\" width=\"284\">73.6g<\/td>\n<\/tr>\n<tr>\n<td align=\"center\" width=\"284\"><b>Fett insgesamt<\/b><\/td>\n<td align=\"center\" width=\"284\">3.2g<\/td>\n<\/tr>\n<tr>\n<td align=\"center\" width=\"284\"><b>Eiwei\u00df<\/b><\/td>\n<td align=\"center\" width=\"284\">7.9g<\/td>\n<\/tr>\n<tr>\n<td align=\"center\" width=\"284\"><b>Ballaststoffe<\/b><\/td>\n<td align=\"center\" width=\"284\">7.4g<\/td>\n<\/tr>\n<tr>\n<td align=\"center\" width=\"284\"><b>Natrium<\/b><\/td>\n<td align=\"center\" width=\"284\">2 mg<\/td>\n<\/tr>\n<\/tbody>\n<\/table>\n<h2>N\u00e4hrwertangaben f\u00fcr 100 g gekochten Reis<\/h2>\n<table cellspacing=\"0\" cellpadding=\"0\">\n<colgroup>\n<col style=\"width: 180px;\" width=\"215\" \/>\n<col style=\"width: 383px;\" width=\"383\" \/> <\/colgroup>\n<tbody>\n<tr>\n<td align=\"center\" width=\"284\"><b>Energie<\/b><\/td>\n<td align=\"center\" width=\"284\">70 Kcal<\/td>\n<\/tr>\n<tr>\n<td align=\"center\" width=\"284\"><b>Kohlenhydrate<\/b><\/td>\n<td align=\"center\" width=\"284\">14.7g<\/td>\n<\/tr>\n<tr>\n<td align=\"center\" width=\"284\"><b>Fett insgesamt<\/b><\/td>\n<td align=\"center\" width=\"284\">0.6g<\/td>\n<\/tr>\n<tr>\n<td align=\"center\" width=\"284\"><b>Eiwei\u00df<\/b><\/td>\n<td align=\"center\" width=\"284\">1.6g<\/td>\n<\/tr>\n<tr>\n<td align=\"center\" width=\"284\"><b>Ballaststoffe<\/b><\/td>\n<td align=\"center\" width=\"284\">1.5g<\/td>\n<\/tr>\n<tr>\n<td align=\"center\" width=\"284\"><b>Natrium<\/b><\/td>\n<td align=\"center\" width=\"284\">0 mg<\/td>\n<\/tr>\n<\/tbody>\n<\/table>\n<p><img fetchpriority=\"high\" decoding=\"async\" class=\"alignnone wp-image-3979 size-full\" src=\"https:\/\/sentaiyuanbio.com\/wp-content\/uploads\/2024\/06\/Dried-Konjac-Corn-Rice-Bulk.webp\" alt=\"Getrockneter Konjac-Mais-Reis lose\" width=\"1000\" height=\"1000\" srcset=\"https:\/\/sentaiyuanbio.com\/wp-content\/uploads\/2024\/06\/Dried-Konjac-Corn-Rice-Bulk.webp 1000w, https:\/\/sentaiyuanbio.com\/wp-content\/uploads\/2024\/06\/Dried-Konjac-Corn-Rice-Bulk-600x600.webp 600w, https:\/\/sentaiyuanbio.com\/wp-content\/uploads\/2024\/06\/Dried-Konjac-Corn-Rice-Bulk-100x100.webp 100w, https:\/\/sentaiyuanbio.com\/wp-content\/uploads\/2024\/06\/Dried-Konjac-Corn-Rice-Bulk-300x300.webp 300w, https:\/\/sentaiyuanbio.com\/wp-content\/uploads\/2024\/06\/Dried-Konjac-Corn-Rice-Bulk-150x150.webp 150w, https:\/\/sentaiyuanbio.com\/wp-content\/uploads\/2024\/06\/Dried-Konjac-Corn-Rice-Bulk-768x768.webp 768w\" sizes=\"(max-width: 1000px) 100vw, 1000px\" \/><\/p>\n<h2>Wichtigste Vorteile von trockenem Shirataki-Maisreis<\/h2>\n<ul>\n<li>1. Weniger Kohlenhydrate: Ideal f\u00fcr kohlenhydratarme Di\u00e4ten, hilft es Ihnen, Ihre Aufnahme von Kohlenhydraten zu reduzieren, ohne auf Ihren Lieblingsreis zu verzichten.<\/li>\n<li>2. Weniger Kalorien: Mit nur 70 kcal pro 100 g gekochtem Reis ist diese Reisalternative perfekt f\u00fcr alle, die ihre Kalorienzufuhr kontrollieren wollen.<\/li>\n<li>3. Niedrig <a href=\"https:\/\/www.diabetes.ca\/DiabetesCanadaWebsite\/media\/Managing-My-Diabetes\/Tools%20and%20Resources\/glycemic-index-food-guide.pdf\" target=\"_blank\" rel=\"noopener\">Glyk\u00e4mischer Index<\/a> (GI): Hilft bei der Aufrechterhaltung eines stabilen Blutzuckerspiegels und ist daher eine ausgezeichnete Wahl f\u00fcr Diabetiker und Blutzuckermessger\u00e4te.<\/li>\n<li>4. Reich an Ballaststoffen: Der hohe Ballaststoffgehalt unterst\u00fctzt die Verdauung, f\u00f6rdert die S\u00e4ttigung und unterst\u00fctzt die allgemeine Darmgesundheit.<\/li>\n<li>5. Lange Haltbarkeit: Mit einer Haltbarkeit von 24 Monaten k\u00f6nnen Sie dieses Grundnahrungsmittel lagern, ohne sich Sorgen machen zu m\u00fcssen, dass es schlecht wird.<\/li>\n<li>6. Gro\u00dfartiger Geschmack und Beschaffenheit: Genie\u00dfen Sie den vertrauten Geschmack und das Aussehen von Langkornreis, was ihn zu einer vielseitigen Erg\u00e4nzung jeder Mahlzeit macht.<\/li>\n<\/ul>\n<p><img decoding=\"async\" class=\"alignnone wp-image-2082 size-full\" src=\"https:\/\/sentaiyuanbio.com\/wp-content\/uploads\/2024\/06\/Dried-Shirataki-Corn-Rice-1.jpg\" alt=\"Getrockneter Konjac-Mais-Reis lose\" width=\"750\" height=\"600\" srcset=\"https:\/\/sentaiyuanbio.com\/wp-content\/uploads\/2024\/06\/Dried-Shirataki-Corn-Rice-1.jpg 750w, https:\/\/sentaiyuanbio.com\/wp-content\/uploads\/2024\/06\/Dried-Shirataki-Corn-Rice-1-300x240.jpg 300w, https:\/\/sentaiyuanbio.com\/wp-content\/uploads\/2024\/06\/Dried-Shirataki-Corn-Rice-1-600x480.jpg 600w\" sizes=\"(max-width: 750px) 100vw, 750px\" \/><img decoding=\"async\" class=\"alignnone wp-image-2083 size-full\" style=\"font-style: inherit; font-weight: 600;\" src=\"https:\/\/sentaiyuanbio.com\/wp-content\/uploads\/2024\/06\/Dried-Shirataki-Corn-Rice-2.jpg\" alt=\"Getrockneter Konjac-Mais-Reis lose\" width=\"750\" height=\"433\" srcset=\"https:\/\/sentaiyuanbio.com\/wp-content\/uploads\/2024\/06\/Dried-Shirataki-Corn-Rice-2.jpg 750w, https:\/\/sentaiyuanbio.com\/wp-content\/uploads\/2024\/06\/Dried-Shirataki-Corn-Rice-2-300x173.jpg 300w, https:\/\/sentaiyuanbio.com\/wp-content\/uploads\/2024\/06\/Dried-Shirataki-Corn-Rice-2-600x346.jpg 600w\" sizes=\"(max-width: 750px) 100vw, 750px\" \/><img loading=\"lazy\" decoding=\"async\" class=\"alignnone wp-image-2084 size-full\" style=\"font-size: 16px; font-style: inherit; font-weight: 600;\" src=\"https:\/\/sentaiyuanbio.com\/wp-content\/uploads\/2024\/06\/Dried-Shirataki-Corn-Rice-3.jpg\" alt=\"Trockener Shirataki-Mais-Reis\" width=\"750\" height=\"423\" srcset=\"https:\/\/sentaiyuanbio.com\/wp-content\/uploads\/2024\/06\/Dried-Shirataki-Corn-Rice-3.jpg 750w, https:\/\/sentaiyuanbio.com\/wp-content\/uploads\/2024\/06\/Dried-Shirataki-Corn-Rice-3-300x169.jpg 300w, https:\/\/sentaiyuanbio.com\/wp-content\/uploads\/2024\/06\/Dried-Shirataki-Corn-Rice-3-600x338.jpg 600w\" sizes=\"(max-width: 750px) 100vw, 750px\" \/><img loading=\"lazy\" decoding=\"async\" class=\"alignnone wp-image-2085 size-full\" style=\"font-size: 16px; font-style: inherit; font-weight: 600;\" src=\"https:\/\/sentaiyuanbio.com\/wp-content\/uploads\/2024\/06\/Dried-Shirataki-Corn-Rice-4.jpg\" alt=\"Getrockneter Konjac-Mais-Reis\" width=\"750\" height=\"552\" srcset=\"https:\/\/sentaiyuanbio.com\/wp-content\/uploads\/2024\/06\/Dried-Shirataki-Corn-Rice-4.jpg 750w, https:\/\/sentaiyuanbio.com\/wp-content\/uploads\/2024\/06\/Dried-Shirataki-Corn-Rice-4-300x221.jpg 300w, https:\/\/sentaiyuanbio.com\/wp-content\/uploads\/2024\/06\/Dried-Shirataki-Corn-Rice-4-600x442.jpg 600w\" sizes=\"(max-width: 750px) 100vw, 750px\" \/><img loading=\"lazy\" decoding=\"async\" class=\"alignnone wp-image-2086 size-full\" src=\"https:\/\/sentaiyuanbio.com\/wp-content\/uploads\/2024\/06\/Dried-Shirataki-Corn-Rice-5.jpg\" alt=\"Getrockneter Konjac-Mais-Reis\" width=\"750\" height=\"629\" srcset=\"https:\/\/sentaiyuanbio.com\/wp-content\/uploads\/2024\/06\/Dried-Shirataki-Corn-Rice-5.jpg 750w, https:\/\/sentaiyuanbio.com\/wp-content\/uploads\/2024\/06\/Dried-Shirataki-Corn-Rice-5-300x252.jpg 300w, https:\/\/sentaiyuanbio.com\/wp-content\/uploads\/2024\/06\/Dried-Shirataki-Corn-Rice-5-600x503.jpg 600w\" sizes=\"(max-width: 750px) 100vw, 750px\" \/><img loading=\"lazy\" decoding=\"async\" class=\"alignnone wp-image-2088 size-full\" style=\"font-size: 16px; font-style: inherit; font-weight: 600;\" src=\"https:\/\/sentaiyuanbio.com\/wp-content\/uploads\/2024\/06\/Dried-Shirataki-Corn-Rice-7.jpg\" alt=\"Getrockneter Konjac-Mais-Reis lose\" width=\"750\" height=\"728\" srcset=\"https:\/\/sentaiyuanbio.com\/wp-content\/uploads\/2024\/06\/Dried-Shirataki-Corn-Rice-7.jpg 750w, https:\/\/sentaiyuanbio.com\/wp-content\/uploads\/2024\/06\/Dried-Shirataki-Corn-Rice-7-300x291.jpg 300w, https:\/\/sentaiyuanbio.com\/wp-content\/uploads\/2024\/06\/Dried-Shirataki-Corn-Rice-7-600x582.jpg 600w\" sizes=\"(max-width: 750px) 100vw, 750px\" \/><\/p>\n<p>Getrockneter Shirataki-Reis ist einfach zuzubereiten und kann in einer Vielzahl von Gerichten verwendet werden, von Pfannengerichten bis hin zu Salaten.<\/p>\n<p>Sein Geschmack und seine Beschaffenheit sind dem Langkornreis sehr \u00e4hnlich, so dass er eine nahtlose Alternative f\u00fcr Ihre Lieblingsrezepte darstellt.<\/p>","protected":false},"excerpt":{"rendered":"<p>Wir stellen den trockenen Shirataki-Maisreis vor, einen Konjak-Reis, der auf die Bed\u00fcrfnisse gesundheitsbewusster Verbraucher zugeschnitten ist.<\/p>\n<p>Der Reisersatz wird aus einer einzigartigen Mischung aus Konjakmehl, Maisst\u00e4rke und Wasser hergestellt und bietet eine Vielzahl von gesundheitlichen Vorteilen, ohne den Geschmack und die Konsistenz von traditionellem Langkornreis zu ver\u00e4ndern.<\/p>","protected":false},"featured_media":4178,"template":"","meta":{"site-sidebar-layout":"default","site-content-layout":"","ast-site-content-layout":"default","site-content-style":"default","site-sidebar-style":"default","ast-global-header-display":"","ast-banner-title-visibility":"","ast-main-header-display":"","ast-hfb-above-header-display":"","ast-hfb-below-header-display":"","ast-hfb-mobile-header-display":"","site-post-title":"","ast-breadcrumbs-content":"","ast-featured-img":"","footer-sml-layout":"","ast-disable-related-posts":"","theme-transparent-header-meta":"default","adv-header-id-meta":"","stick-header-meta":"default","header-above-stick-meta":"","header-main-stick-meta":"","header-below-stick-meta":"","astra-migrate-meta-layouts":"set","ast-page-background-enabled":"default","ast-page-background-meta":{"desktop":{"background-color":"","background-image":"","background-repeat":"repeat","background-position":"center center","background-size":"auto","background-attachment":"scroll","background-type":"","background-media":"","overlay-type":"","overlay-color":"","overlay-opacity":"","overlay-gradient":""},"tablet":{"background-color":"","background-image":"","background-repeat":"repeat","background-position":"center center","background-size":"auto","background-attachment":"scroll","background-type":"","background-media":"","overlay-type":"","overlay-color":"","overlay-opacity":"","overlay-gradient":""},"mobile":{"background-color":"","background-image":"","background-repeat":"repeat","background-position":"center center","background-size":"auto","background-attachment":"scroll","background-type":"","background-media":"","overlay-type":"","overlay-color":"","overlay-opacity":"","overlay-gradient":""}},"ast-content-background-meta":{"desktop":{"background-color":"var(--ast-global-color-5)","background-image":"","background-repeat":"repeat","background-position":"center center","background-size":"auto","background-attachment":"scroll","background-type":"","background-media":"","overlay-type":"","overlay-color":"","overlay-opacity":"","overlay-gradient":""},"tablet":{"background-color":"var(--ast-global-color-5)","background-image":"","background-repeat":"repeat","background-position":"center center","background-size":"auto","background-attachment":"scroll","background-type":"","background-media":"","overlay-type":"","overlay-color":"","overlay-opacity":"","overlay-gradient":""},"mobile":{"background-color":"var(--ast-global-color-5)","background-image":"","background-repeat":"repeat","background-position":"center center","background-size":"auto","background-attachment":"scroll","background-type":"","background-media":"","overlay-type":"","overlay-color":"","overlay-opacity":"","overlay-gradient":""}}},"product_brand":[],"product_cat":[50],"product_tag":[37],"class_list":{"0":"post-2080","1":"product","2":"type-product","3":"status-publish","4":"has-post-thumbnail","6":"product_cat-shirataki-dried-rice","7":"product_tag-konjac-rice","8":"desktop-align-left","9":"tablet-align-left","10":"mobile-align-left","11":"ast-product-gallery-layout-horizontal-slider","12":"ast-product-tabs-layout-horizontal","14":"first","15":"instock","16":"shipping-taxable","17":"product-type-simple"},"_links":{"self":[{"href":"https:\/\/sentaiyuanbio.com\/de\/wp-json\/wp\/v2\/product\/2080","targetHints":{"allow":["GET"]}}],"collection":[{"href":"https:\/\/sentaiyuanbio.com\/de\/wp-json\/wp\/v2\/product"}],"about":[{"href":"https:\/\/sentaiyuanbio.com\/de\/wp-json\/wp\/v2\/types\/product"}],"version-history":[{"count":0,"href":"https:\/\/sentaiyuanbio.com\/de\/wp-json\/wp\/v2\/product\/2080\/revisions"}],"wp:featuredmedia":[{"embeddable":true,"href":"https:\/\/sentaiyuanbio.com\/de\/wp-json\/wp\/v2\/media\/4178"}],"wp:attachment":[{"href":"https:\/\/sentaiyuanbio.com\/de\/wp-json\/wp\/v2\/media?parent=2080"}],"wp:term":[{"taxonomy":"product_brand","embeddable":true,"href":"https:\/\/sentaiyuanbio.com\/de\/wp-json\/wp\/v2\/product_brand?post=2080"},{"taxonomy":"product_cat","embeddable":true,"href":"https:\/\/sentaiyuanbio.com\/de\/wp-json\/wp\/v2\/product_cat?post=2080"},{"taxonomy":"product_tag","embeddable":true,"href":"https:\/\/sentaiyuanbio.com\/de\/wp-json\/wp\/v2\/product_tag?post=2080"}],"curies":[{"name":"wp","href":"https:\/\/api.w.org\/{rel}","templated":true}]}}