{"id":2162,"date":"2024-07-03T06:11:20","date_gmt":"2024-07-03T06:11:20","guid":{"rendered":"https:\/\/sentaiyuanbio.com\/?post_type=product&#038;p=2162"},"modified":"2025-02-27T02:24:13","modified_gmt":"2025-02-27T02:24:13","slug":"shirataki-nudeln-ramen-kimchi","status":"publish","type":"product","link":"https:\/\/sentaiyuanbio.com\/de\/produkt\/shirataki-nudeln-ramen-kimchi\/","title":{"rendered":"Shirataki-Nudeln Ramen Kimchi-Geschmack Low Carb"},"content":{"rendered":"<h2>Shirataki Nudeln Ramen Kimchi-Geschmack Zutaten:<\/h2>\n<p><strong>Sauce<\/strong>: Wasser, Glukosesirup, Chilisauce (Pfeffer, Speisesalz), Knoblauch, Speiseessenz, Pflanzen\u00f6l, wei\u00dfer Kristallzucker, Speisesalz, Tomatensauce, Hefeextrakt, Verdickungsmittel (<a href=\"https:\/\/en.wikipedia.org\/wiki\/Acetylated_distarch_adipate\" target=\"_blank\" rel=\"noopener\">acetyliertes Distarchadipat<\/a>), Gew\u00fcrz, Geschmacksverst\u00e4rker (5'- aromatisiertes Dinatriumnukleotid), S\u00e4ureregulator (Zitronens\u00e4ure).<br \/>\n<strong>Ramen<\/strong>: Braunes Reismehl, Buchweizenmehl, <a href=\"https:\/\/sentaiyuanbio.com\/de\/produkt\/konjak-pulver\/\" target=\"_blank\" rel=\"noopener\">Konjakmehl<\/a>, Wasser<br \/>\n<strong>Allergene<\/strong>: Enth\u00e4lt Weizen und dessen Erzeugnisse.<br \/>\n<strong>Nettogewicht<\/strong>: 20g(Sauce)+50g(Nudeln)<br \/>\n<strong>Haltbarkeitsdauer<\/strong>: 14 Monate<br \/>\n<strong>Lagerung<\/strong>: An einem k\u00fchlen und trockenen Ort aufbewahren. Von starkem Licht und Hitze fernhalten. Vor starkem Licht und Hitze sch\u00fctzen. Nach dem \u00d6ffnen gek\u00fchlt aufbewahren und innerhalb von 24 Stunden verbrauchen.<\/p>\n<h2>Shirataki Nudeln Ramen Kimchi-Geschmack Merkmale:<\/h2>\n<p>-glutenfrei<br \/>\n-zuckerfrei<br \/>\n-kalorienarm<br \/>\n-low carb<br \/>\n-niedriges Natrium<br \/>\n-fettarm, nur 1,71 Gramm Gesamtfett pro Portion<br \/>\n-GVO-frei und allergenbewusst<br \/>\n-\u00d6kologisch vertr\u00e4gliche Ern\u00e4hrung<br \/>\n-schnell und einfach<\/p>\n<table border=\"1\" cellspacing=\"1\">\n<tbody>\n<tr>\n<td width=\"284\"><b>N\u00e4hrwertangaben<\/b><\/td>\n<td width=\"284\"><b>Pro Portion<\/b><\/td>\n<\/tr>\n<tr>\n<td width=\"284\"><b>Energie<\/b><\/td>\n<td width=\"284\">231Kcal<\/td>\n<\/tr>\n<tr>\n<td width=\"284\"><b>Eiwei\u00df<\/b><\/td>\n<td width=\"284\">4.23g<\/td>\n<\/tr>\n<tr>\n<td width=\"284\"><b>Fett gesamt<\/b><\/td>\n<td width=\"284\">2.39g<\/td>\n<\/tr>\n<tr>\n<td width=\"284\"><b>Kohlenhydrate insgesamt<\/b><\/td>\n<td width=\"284\">47.55g<\/td>\n<\/tr>\n<tr>\n<td width=\"284\"><b>Ballaststoffe<\/b><\/td>\n<td width=\"284\">2g<\/td>\n<\/tr>\n<tr>\n<td width=\"284\"><b>Natrium<\/b><\/td>\n<td width=\"284\">644,2mg<\/td>\n<\/tr>\n<\/tbody>\n<\/table>\n<p><img fetchpriority=\"high\" decoding=\"async\" class=\"alignnone wp-image-2197 size-full\" src=\"https:\/\/sentaiyuanbio.com\/wp-content\/uploads\/2024\/07\/shirataki-noodle-1.jpg\" alt=\"Shirataki-Nudel \" width=\"750\" height=\"591\" srcset=\"https:\/\/sentaiyuanbio.com\/wp-content\/uploads\/2024\/07\/shirataki-noodle-1.jpg 750w, https:\/\/sentaiyuanbio.com\/wp-content\/uploads\/2024\/07\/shirataki-noodle-1-300x236.jpg 300w, https:\/\/sentaiyuanbio.com\/wp-content\/uploads\/2024\/07\/shirataki-noodle-1-600x473.jpg 600w\" sizes=\"(max-width: 750px) 100vw, 750px\" \/><img decoding=\"async\" class=\"alignnone wp-image-2198 size-full\" src=\"https:\/\/sentaiyuanbio.com\/wp-content\/uploads\/2024\/07\/shirataki-noodle-2.jpg\" alt=\"Shirataki-Nudel \" width=\"750\" height=\"658\" srcset=\"https:\/\/sentaiyuanbio.com\/wp-content\/uploads\/2024\/07\/shirataki-noodle-2.jpg 750w, https:\/\/sentaiyuanbio.com\/wp-content\/uploads\/2024\/07\/shirataki-noodle-2-300x263.jpg 300w, https:\/\/sentaiyuanbio.com\/wp-content\/uploads\/2024\/07\/shirataki-noodle-2-600x526.jpg 600w\" sizes=\"(max-width: 750px) 100vw, 750px\" \/><img decoding=\"async\" class=\"alignnone wp-image-2199 size-full\" src=\"https:\/\/sentaiyuanbio.com\/wp-content\/uploads\/2024\/07\/shirataki-noodle-3.jpg\" alt=\"Shirataki-Nudel \" width=\"750\" height=\"973\" srcset=\"https:\/\/sentaiyuanbio.com\/wp-content\/uploads\/2024\/07\/shirataki-noodle-3.jpg 750w, https:\/\/sentaiyuanbio.com\/wp-content\/uploads\/2024\/07\/shirataki-noodle-3-231x300.jpg 231w, https:\/\/sentaiyuanbio.com\/wp-content\/uploads\/2024\/07\/shirataki-noodle-3-462x600.jpg 462w, https:\/\/sentaiyuanbio.com\/wp-content\/uploads\/2024\/07\/shirataki-noodle-3-600x778.jpg 600w\" sizes=\"(max-width: 750px) 100vw, 750px\" \/><img loading=\"lazy\" decoding=\"async\" class=\"alignnone wp-image-2200 size-full\" src=\"https:\/\/sentaiyuanbio.com\/wp-content\/uploads\/2024\/07\/shirataki-noodle-4.jpg\" alt=\"Shirataki-Nudel \" width=\"750\" height=\"684\" srcset=\"https:\/\/sentaiyuanbio.com\/wp-content\/uploads\/2024\/07\/shirataki-noodle-4.jpg 750w, https:\/\/sentaiyuanbio.com\/wp-content\/uploads\/2024\/07\/shirataki-noodle-4-300x274.jpg 300w, https:\/\/sentaiyuanbio.com\/wp-content\/uploads\/2024\/07\/shirataki-noodle-4-600x547.jpg 600w\" sizes=\"(max-width: 750px) 100vw, 750px\" \/><img loading=\"lazy\" decoding=\"async\" class=\"alignnone wp-image-2201 size-full\" src=\"https:\/\/sentaiyuanbio.com\/wp-content\/uploads\/2024\/07\/shirataki-noodle-5.jpg\" alt=\"Shirataki-Nudel \" width=\"750\" height=\"634\" srcset=\"https:\/\/sentaiyuanbio.com\/wp-content\/uploads\/2024\/07\/shirataki-noodle-5.jpg 750w, https:\/\/sentaiyuanbio.com\/wp-content\/uploads\/2024\/07\/shirataki-noodle-5-300x254.jpg 300w, https:\/\/sentaiyuanbio.com\/wp-content\/uploads\/2024\/07\/shirataki-noodle-5-600x507.jpg 600w\" sizes=\"(max-width: 750px) 100vw, 750px\" \/><img loading=\"lazy\" decoding=\"async\" class=\"alignnone wp-image-2202 size-full\" src=\"https:\/\/sentaiyuanbio.com\/wp-content\/uploads\/2024\/07\/shirataki-noodle-6.jpg\" alt=\"Shirataki-Nudel \" width=\"750\" height=\"660\" srcset=\"https:\/\/sentaiyuanbio.com\/wp-content\/uploads\/2024\/07\/shirataki-noodle-6.jpg 750w, https:\/\/sentaiyuanbio.com\/wp-content\/uploads\/2024\/07\/shirataki-noodle-6-300x264.jpg 300w, https:\/\/sentaiyuanbio.com\/wp-content\/uploads\/2024\/07\/shirataki-noodle-6-600x528.jpg 600w\" sizes=\"(max-width: 750px) 100vw, 750px\" \/><\/p>","protected":false},"excerpt":{"rendered":"<p>Shirataki Noodle Ramen Kimchi Flavor ist fettarm, reich an N\u00e4hrstoffen, f\u00f6rdert die Verdauung und ist die perfekte Wahl f\u00fcr ein gesundes Verlangen nach einer schnellen, herzhaften Mahlzeit. Jede Portion Ramen enth\u00e4lt 231 Kalorien, 4 g Eiwei\u00df und 47 g Kohlenhydrate.<\/p>","protected":false},"featured_media":4238,"template":"","meta":{"site-sidebar-layout":"default","site-content-layout":"","ast-site-content-layout":"default","site-content-style":"default","site-sidebar-style":"default","ast-global-header-display":"","ast-banner-title-visibility":"","ast-main-header-display":"","ast-hfb-above-header-display":"","ast-hfb-below-header-display":"","ast-hfb-mobile-header-display":"","site-post-title":"","ast-breadcrumbs-content":"","ast-featured-img":"","footer-sml-layout":"","ast-disable-related-posts":"","theme-transparent-header-meta":"default","adv-header-id-meta":"","stick-header-meta":"default","header-above-stick-meta":"","header-main-stick-meta":"","header-below-stick-meta":"","astra-migrate-meta-layouts":"set","ast-page-background-enabled":"default","ast-page-background-meta":{"desktop":{"background-color":"","background-image":"","background-repeat":"repeat","background-position":"center center","background-size":"auto","background-attachment":"scroll","background-type":"","background-media":"","overlay-type":"","overlay-color":"","overlay-opacity":"","overlay-gradient":""},"tablet":{"background-color":"","background-image":"","background-repeat":"repeat","background-position":"center center","background-size":"auto","background-attachment":"scroll","background-type":"","background-media":"","overlay-type":"","overlay-color":"","overlay-opacity":"","overlay-gradient":""},"mobile":{"background-color":"","background-image":"","background-repeat":"repeat","background-position":"center center","background-size":"auto","background-attachment":"scroll","background-type":"","background-media":"","overlay-type":"","overlay-color":"","overlay-opacity":"","overlay-gradient":""}},"ast-content-background-meta":{"desktop":{"background-color":"var(--ast-global-color-5)","background-image":"","background-repeat":"repeat","background-position":"center center","background-size":"auto","background-attachment":"scroll","background-type":"","background-media":"","overlay-type":"","overlay-color":"","overlay-opacity":"","overlay-gradient":""},"tablet":{"background-color":"var(--ast-global-color-5)","background-image":"","background-repeat":"repeat","background-position":"center center","background-size":"auto","background-attachment":"scroll","background-type":"","background-media":"","overlay-type":"","overlay-color":"","overlay-opacity":"","overlay-gradient":""},"mobile":{"background-color":"var(--ast-global-color-5)","background-image":"","background-repeat":"repeat","background-position":"center center","background-size":"auto","background-attachment":"scroll","background-type":"","background-media":"","overlay-type":"","overlay-color":"","overlay-opacity":"","overlay-gradient":""}}},"product_brand":[],"product_cat":[51],"product_tag":[40],"class_list":{"0":"post-2162","1":"product","2":"type-product","3":"status-publish","4":"has-post-thumbnail","6":"product_cat-konjac-ramen","7":"product_tag-konjac-cup-noodles","8":"desktop-align-left","9":"tablet-align-left","10":"mobile-align-left","11":"ast-product-gallery-layout-horizontal-slider","12":"ast-product-tabs-layout-horizontal","14":"first","15":"instock","16":"shipping-taxable","17":"product-type-simple"},"_links":{"self":[{"href":"https:\/\/sentaiyuanbio.com\/de\/wp-json\/wp\/v2\/product\/2162","targetHints":{"allow":["GET"]}}],"collection":[{"href":"https:\/\/sentaiyuanbio.com\/de\/wp-json\/wp\/v2\/product"}],"about":[{"href":"https:\/\/sentaiyuanbio.com\/de\/wp-json\/wp\/v2\/types\/product"}],"version-history":[{"count":0,"href":"https:\/\/sentaiyuanbio.com\/de\/wp-json\/wp\/v2\/product\/2162\/revisions"}],"wp:featuredmedia":[{"embeddable":true,"href":"https:\/\/sentaiyuanbio.com\/de\/wp-json\/wp\/v2\/media\/4238"}],"wp:attachment":[{"href":"https:\/\/sentaiyuanbio.com\/de\/wp-json\/wp\/v2\/media?parent=2162"}],"wp:term":[{"taxonomy":"product_brand","embeddable":true,"href":"https:\/\/sentaiyuanbio.com\/de\/wp-json\/wp\/v2\/product_brand?post=2162"},{"taxonomy":"product_cat","embeddable":true,"href":"https:\/\/sentaiyuanbio.com\/de\/wp-json\/wp\/v2\/product_cat?post=2162"},{"taxonomy":"product_tag","embeddable":true,"href":"https:\/\/sentaiyuanbio.com\/de\/wp-json\/wp\/v2\/product_tag?post=2162"}],"curies":[{"name":"wp","href":"https:\/\/api.w.org\/{rel}","templated":true}]}}