{"id":2167,"date":"2024-07-04T02:21:05","date_gmt":"2024-07-04T02:21:05","guid":{"rendered":"https:\/\/sentaiyuanbio.com\/?post_type=product&#038;p=2167"},"modified":"2025-02-27T02:23:03","modified_gmt":"2025-02-27T02:23:03","slug":"shirataki-nudeln-ramen-mit-rotem-currygeschmack","status":"publish","type":"product","link":"https:\/\/sentaiyuanbio.com\/de\/produkt\/shirataki-nudeln-ramen-mit-rotem-currygeschmack\/","title":{"rendered":"Shirataki-Nudeln Ramen mit rotem Curry-Geschmack"},"content":{"rendered":"<h2>Shirataki-Nudeln Ramen Roter Curry-Geschmack Zutaten:<\/h2>\n<p><strong>Sauce<\/strong>: Wasser, Wei\u00dfzucker, Pflanzen\u00f6l, Speisesalz, Zwiebel, Knoblauch, Currypulver, Ingwer, Tomatenmark, Paprikapulver, Hefeextrakt, Paprikapulver, Gew\u00fcrze (schwarzes Paprikapulver, Zwiebelpulver), Speiseessenz, Dinatrium <a href=\"https:\/\/www.sciencedirect.com\/topics\/agricultural-and-biological-sciences\/ribonucleotide\" target=\"_blank\" rel=\"noopener\">5'-Ribonukleotid<\/a>, Zitronens\u00e4ure.<br \/>\n<strong>Ramen<\/strong>: Braunes Reismehl, Buchweizenmehl,<a href=\"https:\/\/sentaiyuanbio.com\/de\/produkt\/konjak-pulver\/\" target=\"_blank\" rel=\"noopener\"> Konjakmehl<\/a>, Wasser.<br \/>\n<strong>Allergene<\/strong>: Enth\u00e4lt Weizen und dessen Erzeugnisse.<br \/>\n<strong>Nettogewicht<\/strong>: 20g(Sauce)+50g(Nudeln)<br \/>\n<strong>Haltbarkeitsdauer<\/strong>: 14 Monate<br \/>\n<strong>Lagerung<\/strong>: An einem k\u00fchlen und trockenen Ort aufbewahren. Von starkem Licht und Hitze fernhalten. Vor starkem Licht und Hitze sch\u00fctzen. Nach dem \u00d6ffnen gek\u00fchlt aufbewahren und innerhalb von 24 Stunden verbrauchen.<\/p>\n<h2>Shirataki-Nudeln Ramen Roter Curry-Geschmack Merkmale:<\/h2>\n<p>-glutenfrei<br \/>\n-zuckerfrei<br \/>\n-kalorienarm<br \/>\n-low carb<br \/>\n-niedriges Natrium<br \/>\n-fettarm, nur 1,71 Gramm Gesamtfett pro Portion<br \/>\n-GVO-frei und allergenbewusst<br \/>\n-\u00d6kologisch vertr\u00e4gliche Ern\u00e4hrung<br \/>\n-schnell und einfach<\/p>\n<table border=\"1\" cellspacing=\"1\">\n<tbody>\n<tr>\n<td width=\"284\"><b>N\u00e4hrwertangaben<\/b><\/td>\n<td width=\"284\"><b>Pro Portion<\/b><\/td>\n<\/tr>\n<tr>\n<td width=\"284\"><b>Energie<\/b><\/td>\n<td width=\"284\">235Kcal<\/td>\n<\/tr>\n<tr>\n<td width=\"284\"><b>Eiwei\u00df<\/b><\/td>\n<td width=\"284\">4.17g<\/td>\n<\/tr>\n<tr>\n<td width=\"284\"><b>Fett gesamt<\/b><\/td>\n<td width=\"284\">3.53g<\/td>\n<\/tr>\n<tr>\n<td width=\"284\"><b>Kohlenhydrate insgesamt<\/b><\/td>\n<td width=\"284\">46g<\/td>\n<\/tr>\n<tr>\n<td width=\"284\"><b>Ballaststoffe<\/b><\/td>\n<td width=\"284\">2g<\/td>\n<\/tr>\n<tr>\n<td width=\"284\"><b>Natrium<\/b><\/td>\n<td width=\"284\">724mg<\/td>\n<\/tr>\n<\/tbody>\n<\/table>\n<p><img fetchpriority=\"high\" decoding=\"async\" class=\"alignnone wp-image-2183 size-full\" src=\"https:\/\/sentaiyuanbio.com\/wp-content\/uploads\/2024\/07\/Konjac-Noodles-Ramen-1.jpg\" alt=\"Shirataki-Ramen\" width=\"750\" height=\"601\" srcset=\"https:\/\/sentaiyuanbio.com\/wp-content\/uploads\/2024\/07\/Konjac-Noodles-Ramen-1.jpg 750w, https:\/\/sentaiyuanbio.com\/wp-content\/uploads\/2024\/07\/Konjac-Noodles-Ramen-1-300x240.jpg 300w, https:\/\/sentaiyuanbio.com\/wp-content\/uploads\/2024\/07\/Konjac-Noodles-Ramen-1-600x481.jpg 600w\" sizes=\"(max-width: 750px) 100vw, 750px\" \/><img decoding=\"async\" class=\"alignnone wp-image-2184 size-full\" src=\"https:\/\/sentaiyuanbio.com\/wp-content\/uploads\/2024\/07\/Konjac-Noodles-Ramen-2.jpg\" alt=\"Shirataki-Ramen\" width=\"750\" height=\"656\" srcset=\"https:\/\/sentaiyuanbio.com\/wp-content\/uploads\/2024\/07\/Konjac-Noodles-Ramen-2.jpg 750w, https:\/\/sentaiyuanbio.com\/wp-content\/uploads\/2024\/07\/Konjac-Noodles-Ramen-2-300x262.jpg 300w, https:\/\/sentaiyuanbio.com\/wp-content\/uploads\/2024\/07\/Konjac-Noodles-Ramen-2-600x525.jpg 600w\" sizes=\"(max-width: 750px) 100vw, 750px\" \/><img decoding=\"async\" class=\"alignnone wp-image-2185 size-full\" src=\"https:\/\/sentaiyuanbio.com\/wp-content\/uploads\/2024\/07\/Konjac-Noodles-Ramen-3.jpg\" alt=\"Shirataki-Ramen\" width=\"750\" height=\"712\" srcset=\"https:\/\/sentaiyuanbio.com\/wp-content\/uploads\/2024\/07\/Konjac-Noodles-Ramen-3.jpg 750w, https:\/\/sentaiyuanbio.com\/wp-content\/uploads\/2024\/07\/Konjac-Noodles-Ramen-3-300x285.jpg 300w, https:\/\/sentaiyuanbio.com\/wp-content\/uploads\/2024\/07\/Konjac-Noodles-Ramen-3-600x570.jpg 600w\" sizes=\"(max-width: 750px) 100vw, 750px\" \/><img loading=\"lazy\" decoding=\"async\" class=\"alignnone wp-image-2186 size-full\" src=\"https:\/\/sentaiyuanbio.com\/wp-content\/uploads\/2024\/07\/Konjac-Noodles-Ramen-4.jpg\" alt=\"Shirataki-Ramen\" width=\"750\" height=\"619\" srcset=\"https:\/\/sentaiyuanbio.com\/wp-content\/uploads\/2024\/07\/Konjac-Noodles-Ramen-4.jpg 750w, https:\/\/sentaiyuanbio.com\/wp-content\/uploads\/2024\/07\/Konjac-Noodles-Ramen-4-300x248.jpg 300w, https:\/\/sentaiyuanbio.com\/wp-content\/uploads\/2024\/07\/Konjac-Noodles-Ramen-4-600x495.jpg 600w\" sizes=\"(max-width: 750px) 100vw, 750px\" \/><img loading=\"lazy\" decoding=\"async\" class=\"alignnone wp-image-2187 size-full\" src=\"https:\/\/sentaiyuanbio.com\/wp-content\/uploads\/2024\/07\/Konjac-Noodles-Ramen-5.jpg\" alt=\"Shirataki-Ramen\" width=\"750\" height=\"664\" srcset=\"https:\/\/sentaiyuanbio.com\/wp-content\/uploads\/2024\/07\/Konjac-Noodles-Ramen-5.jpg 750w, https:\/\/sentaiyuanbio.com\/wp-content\/uploads\/2024\/07\/Konjac-Noodles-Ramen-5-300x266.jpg 300w, https:\/\/sentaiyuanbio.com\/wp-content\/uploads\/2024\/07\/Konjac-Noodles-Ramen-5-600x531.jpg 600w\" sizes=\"(max-width: 750px) 100vw, 750px\" \/><img loading=\"lazy\" decoding=\"async\" class=\"alignnone wp-image-2188 size-full\" src=\"https:\/\/sentaiyuanbio.com\/wp-content\/uploads\/2024\/07\/Konjac-Noodles-Ramen-6.jpg\" alt=\"Konjac-Nudeln Ramen\" width=\"750\" height=\"748\" srcset=\"https:\/\/sentaiyuanbio.com\/wp-content\/uploads\/2024\/07\/Konjac-Noodles-Ramen-6.jpg 750w, https:\/\/sentaiyuanbio.com\/wp-content\/uploads\/2024\/07\/Konjac-Noodles-Ramen-6-100x100.jpg 100w, https:\/\/sentaiyuanbio.com\/wp-content\/uploads\/2024\/07\/Konjac-Noodles-Ramen-6-300x300.jpg 300w, https:\/\/sentaiyuanbio.com\/wp-content\/uploads\/2024\/07\/Konjac-Noodles-Ramen-6-150x150.jpg 150w, https:\/\/sentaiyuanbio.com\/wp-content\/uploads\/2024\/07\/Konjac-Noodles-Ramen-6-600x598.jpg 600w\" sizes=\"(max-width: 750px) 100vw, 750px\" \/><\/p>","protected":false},"excerpt":{"rendered":"<p>Unsere Ramen mit rotem Currygeschmack und Shirataki-Nudeln sind fettarm, n\u00e4hrstoffreich und erf\u00fcllen die Bed\u00fcrfnisse von Menschen, die auf Gesundheit und Geschmack achten. Jede Portion Ramen enth\u00e4lt 235 Kalorien, 4 g Eiwei\u00df und 46 g Kohlenhydrate.<\/p>","protected":false},"featured_media":4237,"template":"","meta":{"site-sidebar-layout":"default","site-content-layout":"","ast-site-content-layout":"default","site-content-style":"default","site-sidebar-style":"default","ast-global-header-display":"","ast-banner-title-visibility":"","ast-main-header-display":"","ast-hfb-above-header-display":"","ast-hfb-below-header-display":"","ast-hfb-mobile-header-display":"","site-post-title":"","ast-breadcrumbs-content":"","ast-featured-img":"","footer-sml-layout":"","ast-disable-related-posts":"","theme-transparent-header-meta":"default","adv-header-id-meta":"","stick-header-meta":"default","header-above-stick-meta":"","header-main-stick-meta":"","header-below-stick-meta":"","astra-migrate-meta-layouts":"set","ast-page-background-enabled":"default","ast-page-background-meta":{"desktop":{"background-color":"","background-image":"","background-repeat":"repeat","background-position":"center center","background-size":"auto","background-attachment":"scroll","background-type":"","background-media":"","overlay-type":"","overlay-color":"","overlay-opacity":"","overlay-gradient":""},"tablet":{"background-color":"","background-image":"","background-repeat":"repeat","background-position":"center center","background-size":"auto","background-attachment":"scroll","background-type":"","background-media":"","overlay-type":"","overlay-color":"","overlay-opacity":"","overlay-gradient":""},"mobile":{"background-color":"","background-image":"","background-repeat":"repeat","background-position":"center center","background-size":"auto","background-attachment":"scroll","background-type":"","background-media":"","overlay-type":"","overlay-color":"","overlay-opacity":"","overlay-gradient":""}},"ast-content-background-meta":{"desktop":{"background-color":"var(--ast-global-color-5)","background-image":"","background-repeat":"repeat","background-position":"center center","background-size":"auto","background-attachment":"scroll","background-type":"","background-media":"","overlay-type":"","overlay-color":"","overlay-opacity":"","overlay-gradient":""},"tablet":{"background-color":"var(--ast-global-color-5)","background-image":"","background-repeat":"repeat","background-position":"center center","background-size":"auto","background-attachment":"scroll","background-type":"","background-media":"","overlay-type":"","overlay-color":"","overlay-opacity":"","overlay-gradient":""},"mobile":{"background-color":"var(--ast-global-color-5)","background-image":"","background-repeat":"repeat","background-position":"center center","background-size":"auto","background-attachment":"scroll","background-type":"","background-media":"","overlay-type":"","overlay-color":"","overlay-opacity":"","overlay-gradient":""}}},"product_brand":[],"product_cat":[51],"product_tag":[40],"class_list":{"0":"post-2167","1":"product","2":"type-product","3":"status-publish","4":"has-post-thumbnail","6":"product_cat-konjac-ramen","7":"product_tag-konjac-cup-noodles","8":"desktop-align-left","9":"tablet-align-left","10":"mobile-align-left","11":"ast-product-gallery-layout-horizontal-slider","12":"ast-product-tabs-layout-horizontal","14":"first","15":"instock","16":"shipping-taxable","17":"product-type-simple"},"_links":{"self":[{"href":"https:\/\/sentaiyuanbio.com\/de\/wp-json\/wp\/v2\/product\/2167","targetHints":{"allow":["GET"]}}],"collection":[{"href":"https:\/\/sentaiyuanbio.com\/de\/wp-json\/wp\/v2\/product"}],"about":[{"href":"https:\/\/sentaiyuanbio.com\/de\/wp-json\/wp\/v2\/types\/product"}],"version-history":[{"count":0,"href":"https:\/\/sentaiyuanbio.com\/de\/wp-json\/wp\/v2\/product\/2167\/revisions"}],"wp:featuredmedia":[{"embeddable":true,"href":"https:\/\/sentaiyuanbio.com\/de\/wp-json\/wp\/v2\/media\/4237"}],"wp:attachment":[{"href":"https:\/\/sentaiyuanbio.com\/de\/wp-json\/wp\/v2\/media?parent=2167"}],"wp:term":[{"taxonomy":"product_brand","embeddable":true,"href":"https:\/\/sentaiyuanbio.com\/de\/wp-json\/wp\/v2\/product_brand?post=2167"},{"taxonomy":"product_cat","embeddable":true,"href":"https:\/\/sentaiyuanbio.com\/de\/wp-json\/wp\/v2\/product_cat?post=2167"},{"taxonomy":"product_tag","embeddable":true,"href":"https:\/\/sentaiyuanbio.com\/de\/wp-json\/wp\/v2\/product_tag?post=2167"}],"curies":[{"name":"wp","href":"https:\/\/api.w.org\/{rel}","templated":true}]}}