{"id":2215,"date":"2024-07-05T07:26:29","date_gmt":"2024-07-05T07:26:29","guid":{"rendered":"https:\/\/sentaiyuanbio.com\/?post_type=product&#038;p=2215"},"modified":"2025-06-05T05:53:37","modified_gmt":"2025-06-05T05:53:37","slug":"lychee-konjak-gelee","status":"publish","type":"product","link":"https:\/\/sentaiyuanbio.com\/de\/produkt\/lychee-konjak-gelee\/","title":{"rendered":"Lychee-Konjak-Gelee, Kollagen-Peptid Lychee"},"content":{"rendered":"<h2>1. Lychee-Konjakfrucht-Gelee Zutaten<\/h2>\n<p>Wasser, Lychee-Konzentrat-Saft, <a href=\"https:\/\/www.healthline.com\/nutrition\/erythritol\" target=\"_blank\" rel=\"noopener\">Erythritol<\/a>, <a href=\"https:\/\/sentaiyuanbio.com\/de\/produkt\/konjak-pulver\/\" target=\"_blank\" rel=\"noopener\">Konjak-Pulver<\/a>, Carrageenan, Zitronens\u00e4ure, <a href=\"https:\/\/www.webmd.com\/vitamins\/ai\/ingredientmono-1606\/collagen-peptides\" target=\"_blank\" rel=\"noopener\">Kollagen-Peptid<\/a>, Kaliumchlorid, <a href=\"https:\/\/en.wikipedia.org\/wiki\/Potassium_sorbate\" target=\"_blank\" rel=\"noopener\">Kaliumsorbat<\/a>, Vitamin C.<\/p>\n<h2>2. Lychee Konjak Gelee Spezifikationen Gewicht und Gr\u00f6\u00dfe<\/h2>\n<p>Gr\u00f6\u00dfe des Produkts: Anpassbar<br \/>\nNettogewicht: 150g<br \/>\nBruttogewicht: 155g<br \/>\nArt der Verpackung: Stehbeutel<\/p>\n<h2>3. Physikalische Eigenschaften von Lychee-Konjak-Gelee<\/h2>\n<p>Farbe: Transparente Farbe<br \/>\nGeschmack: Lychee-Aroma<br \/>\nBeschaffenheit: Weich und geschmeidig<br \/>\nPhysikalisches Erscheinungsbild: Halbfl\u00fcssiges Gel<\/p>\n<h2>4. Produktmerkmal<\/h2>\n<p>Instant-Typ\/vorgekochter Typ: Sofortige Art<br \/>\nGlutenfrei: (Ja\/Nein) Ja<br \/>\nGVO-frei: (Ja\/Nein) Ja<br \/>\nKein Allergen: (Ja\/Nein) Ja<br \/>\nKeine Zusatzstoffe: (Ja\/Nein) Ja<br \/>\nBio verf\u00fcgbar: (Ja\/Nein) Nein<\/p>\n<h2>5. Sonstige Angaben<\/h2>\n<p>Haltbarkeitsdauer: 18 Monate<br \/>\nLagerung: An einem k\u00fchlen, trockenen Ort aufbewahren. Am besten gek\u00fchlt servieren. Nach dem \u00d6ffnen in den K\u00fchlschrank stellen und innerhalb von 1 Tag verbrauchen.<\/p>\n<table border=\"1\" cellspacing=\"1\">\n<tbody>\n<tr>\n<td align=\"center\" width=\"284\">N\u00e4hrwertangaben<\/td>\n<td align=\"center\" width=\"284\">Pro 100ml<\/td>\n<td align=\"center\" width=\"284\">Pro 150ml Portion<\/td>\n<\/tr>\n<tr>\n<td align=\"center\" width=\"284\">Energie<\/td>\n<td align=\"center\" width=\"284\">6Kcal<\/td>\n<td align=\"center\" width=\"284\">7Kcal<\/td>\n<\/tr>\n<tr>\n<td align=\"center\" width=\"284\">Eiwei\u00df<\/td>\n<td align=\"center\" width=\"284\">1.02g<\/td>\n<td align=\"center\" width=\"284\">2g<\/td>\n<\/tr>\n<tr>\n<td align=\"center\" width=\"284\">Fett insgesamt<\/td>\n<td align=\"center\" width=\"284\">0g<\/td>\n<td align=\"center\" width=\"284\">0g<\/td>\n<\/tr>\n<tr>\n<td align=\"center\" width=\"284\">Transfette<\/td>\n<td align=\"center\" width=\"284\">0g<\/td>\n<td align=\"center\" width=\"284\">0g<\/td>\n<\/tr>\n<tr>\n<td align=\"center\" width=\"284\">Kohlenhydrate insgesamt<\/td>\n<td align=\"center\" width=\"284\">0.7g<\/td>\n<td align=\"center\" width=\"284\">&lt;1g<\/td>\n<\/tr>\n<tr>\n<td align=\"center\" width=\"284\">Ballaststoffe<\/td>\n<td align=\"center\" width=\"284\">0.3g<\/td>\n<td align=\"center\" width=\"284\">0.45g<\/td>\n<\/tr>\n<tr>\n<td align=\"center\" width=\"284\">Natrium<\/td>\n<td align=\"center\" width=\"284\">14mg<\/td>\n<td align=\"center\" width=\"284\">20mg<\/td>\n<\/tr>\n<tr>\n<td align=\"center\" width=\"284\">Zucker<\/td>\n<td align=\"center\" width=\"284\">0g<\/td>\n<td align=\"center\" width=\"284\">0g<\/td>\n<\/tr>\n<tr>\n<td align=\"center\" width=\"284\">Vitamin C<\/td>\n<td align=\"center\" width=\"284\">265mg<\/td>\n<td align=\"center\" width=\"284\">400mg<\/td>\n<\/tr>\n<\/tbody>\n<\/table>\n<p><img fetchpriority=\"high\" decoding=\"async\" class=\"alignnone wp-image-3612 size-full\" src=\"https:\/\/sentaiyuanbio.com\/wp-content\/uploads\/2024\/07\/Lychee-konjac-jelly5_5.webp\" alt=\"Lychee-Konjak-Gelee\" width=\"750\" height=\"530\" srcset=\"https:\/\/sentaiyuanbio.com\/wp-content\/uploads\/2024\/07\/Lychee-konjac-jelly5_5.webp 750w, https:\/\/sentaiyuanbio.com\/wp-content\/uploads\/2024\/07\/Lychee-konjac-jelly5_5-300x212.webp 300w, https:\/\/sentaiyuanbio.com\/wp-content\/uploads\/2024\/07\/Lychee-konjac-jelly5_5-600x424.webp 600w\" sizes=\"(max-width: 750px) 100vw, 750px\" \/> <img decoding=\"async\" class=\"alignnone wp-image-3611 size-full\" src=\"https:\/\/sentaiyuanbio.com\/wp-content\/uploads\/2024\/07\/Lychee-konjac-jelly4_4.webp\" alt=\"Lychee-Konjak-Gelee\" width=\"750\" height=\"613\" srcset=\"https:\/\/sentaiyuanbio.com\/wp-content\/uploads\/2024\/07\/Lychee-konjac-jelly4_4.webp 750w, https:\/\/sentaiyuanbio.com\/wp-content\/uploads\/2024\/07\/Lychee-konjac-jelly4_4-300x245.webp 300w, https:\/\/sentaiyuanbio.com\/wp-content\/uploads\/2024\/07\/Lychee-konjac-jelly4_4-600x490.webp 600w\" sizes=\"(max-width: 750px) 100vw, 750px\" \/> <img decoding=\"async\" class=\"alignnone wp-image-3610 size-full\" src=\"https:\/\/sentaiyuanbio.com\/wp-content\/uploads\/2024\/07\/Lychee-konjac-jelly3_3.webp\" alt=\"Lychee-Konjak-Gelee\" width=\"750\" height=\"619\" srcset=\"https:\/\/sentaiyuanbio.com\/wp-content\/uploads\/2024\/07\/Lychee-konjac-jelly3_3.webp 750w, https:\/\/sentaiyuanbio.com\/wp-content\/uploads\/2024\/07\/Lychee-konjac-jelly3_3-300x248.webp 300w, https:\/\/sentaiyuanbio.com\/wp-content\/uploads\/2024\/07\/Lychee-konjac-jelly3_3-600x495.webp 600w\" sizes=\"(max-width: 750px) 100vw, 750px\" \/> <img loading=\"lazy\" decoding=\"async\" class=\"alignnone wp-image-3608 size-full\" src=\"https:\/\/sentaiyuanbio.com\/wp-content\/uploads\/2024\/07\/Lychee-konjac-jelly1_1.webp\" alt=\"Lychee-Konjak-Gelee\" width=\"750\" height=\"612\" srcset=\"https:\/\/sentaiyuanbio.com\/wp-content\/uploads\/2024\/07\/Lychee-konjac-jelly1_1.webp 750w, https:\/\/sentaiyuanbio.com\/wp-content\/uploads\/2024\/07\/Lychee-konjac-jelly1_1-300x245.webp 300w, https:\/\/sentaiyuanbio.com\/wp-content\/uploads\/2024\/07\/Lychee-konjac-jelly1_1-600x490.webp 600w\" sizes=\"(max-width: 750px) 100vw, 750px\" \/> <img loading=\"lazy\" decoding=\"async\" class=\"alignnone wp-image-3609 size-full\" src=\"https:\/\/sentaiyuanbio.com\/wp-content\/uploads\/2024\/07\/Lychee-konjac-jelly2_2.webp\" alt=\"Lychee-Konjak-Gelee\" width=\"750\" height=\"631\" srcset=\"https:\/\/sentaiyuanbio.com\/wp-content\/uploads\/2024\/07\/Lychee-konjac-jelly2_2.webp 750w, https:\/\/sentaiyuanbio.com\/wp-content\/uploads\/2024\/07\/Lychee-konjac-jelly2_2-300x252.webp 300w, https:\/\/sentaiyuanbio.com\/wp-content\/uploads\/2024\/07\/Lychee-konjac-jelly2_2-600x505.webp 600w\" sizes=\"(max-width: 750px) 100vw, 750px\" \/><\/p>\n<h2>Kollagenpeptid-Testbericht<\/h2>\n<table border=\"1\" cellspacing=\"1\">\n<tbody>\n<tr>\n<td width=\"284\"><b>Pr\u00fcfling(e)<\/b><\/td>\n<td width=\"284\">Einheit<\/td>\n<td width=\"284\">Pr\u00fcfmethode(n)<\/td>\n<td width=\"284\">Testergebnis(e)<br \/>\n003<\/td>\n<td width=\"284\">LOQ<\/td>\n<\/tr>\n<tr>\n<td width=\"284\"><b>Cholesterin<\/b><\/td>\n<td width=\"284\">mg\/100 g<\/td>\n<td width=\"284\">AOAC 994.10<\/td>\n<td width=\"284\">ND<\/td>\n<td width=\"284\">1<\/td>\n<\/tr>\n<tr>\n<td width=\"284\"><b>Eiwei\u00df<\/b><\/td>\n<td width=\"284\">%<\/td>\n<td width=\"284\">AOAC 2001.11<\/td>\n<td width=\"284\">2<\/td>\n<td width=\"284\">-<\/td>\n<\/tr>\n<tr>\n<td width=\"284\"><b>lron(Fe)<\/b><\/td>\n<td width=\"284\">mg\/100 g<\/td>\n<td width=\"284\">AOAC 984.27<\/td>\n<td width=\"284\">ND<\/td>\n<td width=\"284\">0.10<\/td>\n<\/tr>\n<tr>\n<td width=\"284\"><b>Kalium(K)<\/b><\/td>\n<td width=\"284\">mg\/100 g<\/td>\n<td width=\"284\">AOAC 984.27<\/td>\n<td width=\"284\">41.98<\/td>\n<td width=\"284\">0.10<\/td>\n<\/tr>\n<tr>\n<td width=\"284\"><b>Kalzium(Ca)<\/b><\/td>\n<td width=\"284\">mg\/100 g<\/td>\n<td width=\"284\">AOAC 984.27<\/td>\n<td width=\"284\">12.89<\/td>\n<td width=\"284\">0.10<\/td>\n<\/tr>\n<tr>\n<td width=\"284\"><b>Natrium(Na)<\/b><\/td>\n<td width=\"284\">mg\/100 g<\/td>\n<td width=\"284\">AOAC 984.27<\/td>\n<td width=\"284\">14.20<\/td>\n<td width=\"284\">0.10<\/td>\n<\/tr>\n<tr>\n<td width=\"284\"><b>*Feuchtigkeit<\/b><\/td>\n<td width=\"284\">%<\/td>\n<td width=\"284\">AOAC 930.04<\/td>\n<td width=\"284\">98.1<\/td>\n<td width=\"284\">-<\/td>\n<\/tr>\n<tr>\n<td width=\"284\"><b>*Asche<\/b><\/td>\n<td width=\"284\">g\/100 g<\/td>\n<td width=\"284\">AOAC 930.05<\/td>\n<td width=\"284\">0.20<\/td>\n<td width=\"284\">-<\/td>\n<\/tr>\n<tr>\n<td width=\"284\"><b>Ballaststoffe<\/b><\/td>\n<td width=\"284\">g\/100 g<\/td>\n<td width=\"284\">AOAC 991.43<\/td>\n<td width=\"284\">0.3<\/td>\n<td width=\"284\">-<\/td>\n<\/tr>\n<tr>\n<td width=\"284\"><b>Fett insgesamt<\/b><\/td>\n<td width=\"284\">g\/100 g<\/td>\n<td width=\"284\">AOAC 996.06<\/td>\n<td width=\"284\">ND<\/td>\n<td width=\"284\">0.01<\/td>\n<\/tr>\n<tr>\n<td width=\"284\"><b>Ges\u00e4ttigtes Fett<\/b><\/td>\n<td width=\"284\">g\/100 g<\/td>\n<td width=\"284\">AOAC 996.06<\/td>\n<td width=\"284\">ND<\/td>\n<td width=\"284\">0.01<\/td>\n<\/tr>\n<tr>\n<td width=\"284\"><b>Transfette<\/b><\/td>\n<td width=\"284\">g\/100 g<\/td>\n<td width=\"284\">AOAC 996.06<\/td>\n<td width=\"284\">ND<\/td>\n<td width=\"284\">0.01<\/td>\n<\/tr>\n<tr>\n<td width=\"284\"><b>Fruktose<\/b><\/td>\n<td width=\"284\">g\/100 g<\/td>\n<td width=\"284\">AOAC 982.14<\/td>\n<td width=\"284\">ND<\/td>\n<td width=\"284\">0.4<\/td>\n<\/tr>\n<tr>\n<td width=\"284\"><b>Glukose<\/b><\/td>\n<td width=\"284\">g\/100 g<\/td>\n<td width=\"284\">AOAC 982.14<\/td>\n<td width=\"284\">ND<\/td>\n<td width=\"284\">0.4<\/td>\n<\/tr>\n<tr>\n<td width=\"284\"><b>Saccharose<\/b><\/td>\n<td width=\"284\">g\/100 g<\/td>\n<td width=\"284\">AOAC 982.14<\/td>\n<td width=\"284\">ND<\/td>\n<td width=\"284\">0.4<\/td>\n<\/tr>\n<tr>\n<td width=\"284\"><b>Maltose<\/b><\/td>\n<td width=\"284\">g\/100 g<\/td>\n<td width=\"284\">AOAC 982.14<\/td>\n<td width=\"284\">ND<\/td>\n<td width=\"284\">0.4<\/td>\n<\/tr>\n<tr>\n<td width=\"284\"><b>Laktose<\/b><\/td>\n<td width=\"284\">g\/100 g<\/td>\n<td width=\"284\">AOAC 982.14<\/td>\n<td width=\"284\">ND<\/td>\n<td width=\"284\">0.4<\/td>\n<\/tr>\n<tr>\n<td width=\"284\"><b>Gesamt (Fructose+ Glucose+ Sucrose+ Altose+ Lactose)<\/b><\/td>\n<td width=\"284\">g\/100 g<\/td>\n<td width=\"284\">AOAC 982.14<\/td>\n<td width=\"284\">ND<\/td>\n<td width=\"284\">-<\/td>\n<\/tr>\n<tr>\n<td width=\"284\"><b>Vitamin D2<\/b><\/td>\n<td width=\"284\">ug\/100 g<\/td>\n<td width=\"284\">BS EN 12821:2009<\/td>\n<td width=\"284\">ND<\/td>\n<td width=\"284\">2<\/td>\n<\/tr>\n<tr>\n<td width=\"284\"><b>Vitamin D3<\/b><\/td>\n<td width=\"284\">ug\/100 g<\/td>\n<td width=\"284\">BS EN 12821:2009<\/td>\n<td width=\"284\">ND<\/td>\n<td width=\"284\">2<\/td>\n<\/tr>\n<\/tbody>\n<\/table>\n<p><b><a href=\"https:\/\/sentaiyuanbio.com\/wp-content\/uploads\/woocommerce_uploads\/2024\/07\/Lychee-konjac-jelly-collagen-peptide-test-report-uedz2b.pdf\" target=\"_blank\" rel=\"noopener\">Download des Testberichts<\/a><\/b><\/p>\n<h2>Wissen \u00fcber Litschi-Konjak-Fruchtgummi<\/h2>\n<p><iframe title=\"YouTube-Video-Player\" src=\"https:\/\/www.youtube.com\/embed\/RIUXfeX4Whs?si=_IraB2FK_cjp7mem\" width=\"750\" height=\"500\" frameborder=\"0\" allowfullscreen=\"allowfullscreen\"><\/iframe><\/p>","protected":false},"excerpt":{"rendered":"<p>Dieses Lychee-Konjak-Gelee wird mit Lychee-Extrakt und Konjak-Pulver hergestellt. Es ist zuckerfrei, kalorienarm, reich an Kollagenpeptiden und Vitamin C und enth\u00e4lt nur 6 Kalorien pro Beutel. Verpackt in einem Beutel mit Ausgie\u00dfer, ist dieses Gelee leicht zu transportieren und gew\u00e4hrleistet, dass Sie es jederzeit und \u00fcberall genie\u00dfen k\u00f6nnen.<\/p>","protected":false},"featured_media":4267,"template":"","meta":{"site-sidebar-layout":"default","site-content-layout":"","ast-site-content-layout":"default","site-content-style":"default","site-sidebar-style":"default","ast-global-header-display":"","ast-banner-title-visibility":"","ast-main-header-display":"","ast-hfb-above-header-display":"","ast-hfb-below-header-display":"","ast-hfb-mobile-header-display":"","site-post-title":"","ast-breadcrumbs-content":"","ast-featured-img":"","footer-sml-layout":"","ast-disable-related-posts":"","theme-transparent-header-meta":"default","adv-header-id-meta":"","stick-header-meta":"default","header-above-stick-meta":"","header-main-stick-meta":"","header-below-stick-meta":"","astra-migrate-meta-layouts":"set","ast-page-background-enabled":"default","ast-page-background-meta":{"desktop":{"background-color":"","background-image":"","background-repeat":"repeat","background-position":"center center","background-size":"auto","background-attachment":"scroll","background-type":"","background-media":"","overlay-type":"","overlay-color":"","overlay-opacity":"","overlay-gradient":""},"tablet":{"background-color":"","background-image":"","background-repeat":"repeat","background-position":"center center","background-size":"auto","background-attachment":"scroll","background-type":"","background-media":"","overlay-type":"","overlay-color":"","overlay-opacity":"","overlay-gradient":""},"mobile":{"background-color":"","background-image":"","background-repeat":"repeat","background-position":"center center","background-size":"auto","background-attachment":"scroll","background-type":"","background-media":"","overlay-type":"","overlay-color":"","overlay-opacity":"","overlay-gradient":""}},"ast-content-background-meta":{"desktop":{"background-color":"var(--ast-global-color-5)","background-image":"","background-repeat":"repeat","background-position":"center center","background-size":"auto","background-attachment":"scroll","background-type":"","background-media":"","overlay-type":"","overlay-color":"","overlay-opacity":"","overlay-gradient":""},"tablet":{"background-color":"var(--ast-global-color-5)","background-image":"","background-repeat":"repeat","background-position":"center center","background-size":"auto","background-attachment":"scroll","background-type":"","background-media":"","overlay-type":"","overlay-color":"","overlay-opacity":"","overlay-gradient":""},"mobile":{"background-color":"var(--ast-global-color-5)","background-image":"","background-repeat":"repeat","background-position":"center center","background-size":"auto","background-attachment":"scroll","background-type":"","background-media":"","overlay-type":"","overlay-color":"","overlay-opacity":"","overlay-gradient":""}}},"product_brand":[],"product_cat":[52],"product_tag":[53],"class_list":{"0":"post-2215","1":"product","2":"type-product","3":"status-publish","4":"has-post-thumbnail","6":"product_cat-konjac-powder-jelly","7":"product_tag-konjac-jelly-snack","8":"desktop-align-left","9":"tablet-align-left","10":"mobile-align-left","11":"ast-product-gallery-layout-horizontal-slider","12":"ast-product-tabs-layout-horizontal","14":"first","15":"instock","16":"downloadable","17":"shipping-taxable","18":"product-type-simple"},"_links":{"self":[{"href":"https:\/\/sentaiyuanbio.com\/de\/wp-json\/wp\/v2\/product\/2215","targetHints":{"allow":["GET"]}}],"collection":[{"href":"https:\/\/sentaiyuanbio.com\/de\/wp-json\/wp\/v2\/product"}],"about":[{"href":"https:\/\/sentaiyuanbio.com\/de\/wp-json\/wp\/v2\/types\/product"}],"version-history":[{"count":0,"href":"https:\/\/sentaiyuanbio.com\/de\/wp-json\/wp\/v2\/product\/2215\/revisions"}],"wp:featuredmedia":[{"embeddable":true,"href":"https:\/\/sentaiyuanbio.com\/de\/wp-json\/wp\/v2\/media\/4267"}],"wp:attachment":[{"href":"https:\/\/sentaiyuanbio.com\/de\/wp-json\/wp\/v2\/media?parent=2215"}],"wp:term":[{"taxonomy":"product_brand","embeddable":true,"href":"https:\/\/sentaiyuanbio.com\/de\/wp-json\/wp\/v2\/product_brand?post=2215"},{"taxonomy":"product_cat","embeddable":true,"href":"https:\/\/sentaiyuanbio.com\/de\/wp-json\/wp\/v2\/product_cat?post=2215"},{"taxonomy":"product_tag","embeddable":true,"href":"https:\/\/sentaiyuanbio.com\/de\/wp-json\/wp\/v2\/product_tag?post=2215"}],"curies":[{"name":"wp","href":"https:\/\/api.w.org\/{rel}","templated":true}]}}