{"id":2233,"date":"2024-07-08T07:51:22","date_gmt":"2024-07-08T07:51:22","guid":{"rendered":"https:\/\/sentaiyuanbio.com\/?post_type=product&#038;p=2233"},"modified":"2025-06-05T05:41:12","modified_gmt":"2025-06-05T05:41:12","slug":"konjak-gelee-orange-kollagen-geschmack","status":"publish","type":"product","link":"https:\/\/sentaiyuanbio.com\/de\/produkt\/konjak-gelee-orange-kollagen-geschmack\/","title":{"rendered":"Konjak-Gelee Orange-Kollagen-Geschmack"},"content":{"rendered":"<p>Genie\u00dfen Sie den s\u00fc\u00dfen Konjak-Gelee-Orange-Kollagen-Geschmack von Orangen-Konjak-Gelee, verpackt in Standbeuteln. Mit einer weichen Textur und schmelzen im Mund, werden diese Gelees sicherlich Ihre Stimmung den ganzen Tag erfreuen!<\/p>\n<h2>1. Konjak-Gelee Orange Zutaten<\/h2>\n<p>Wasser, Orangensaftkonzentrat, <a href=\"https:\/\/www.healthline.com\/nutrition\/erythritol\" target=\"_blank\" rel=\"noopener\">Erythritol<\/a>, <a href=\"https:\/\/sentaiyuanbio.com\/de\/produkt\/konjak-pulver\/\" target=\"_blank\" rel=\"noopener\">Konjak-Pulver<\/a>, Carrageenan, Zitronens\u00e4ure, <a href=\"https:\/\/www.drugs.com\/potassium_chloride.html\" target=\"_blank\" rel=\"noopener\">Kaliumchlorid<\/a>, Kaliumsorbat, Vitamin C und Kollagenpeptid.<\/p>\n<h2>2. Konjak Gelee Orange Spezifikationen Gewicht und Gr\u00f6\u00dfe<\/h2>\n<p>Produktgr\u00f6\u00dfe: individuell gestalten<br \/>\nNettogewicht: 150g<br \/>\nBruttogewicht: 155g<br \/>\nArt der Verpackung: Stehbeutel<\/p>\n<h2>3. Konnyaku Gelee Orange physikalische Spezifikationen<\/h2>\n<p>Farbe: Gelb<br \/>\nGeschmack: Orangengeschmack<br \/>\nBeschaffenheit: Weich und geschmeidig<br \/>\nPhysikalisches Erscheinungsbild: Halbfl\u00fcssiges Gel<\/p>\n<h2>4. Produktmerkmal<\/h2>\n<p><strong>\u00a0Gelatineartige Textur<\/strong>: Die Einbeziehung von <a href=\"https:\/\/sentaiyuanbio.com\/de\/product-category\/konjak-ballaststoffe\/\" target=\"_blank\" rel=\"noopener\">Konjak-Ballaststoffe<\/a>, Das aus der Wurzel der Konjak-Pflanze gewonnene Wasser tr\u00e4gt zu seiner gallertartigen Konsistenz bei. Er hat eine leicht z\u00e4he und federnde Textur, was ihn zu einem angenehmen und ungew\u00f6hnlichen Getr\u00e4nk macht.<\/p>\n<p><strong>Kalorienarm<\/strong>: Es wird h\u00e4ufig als kalorienarmes Getr\u00e4nk beworben. Es wird h\u00e4ufig als Alternative zu kalorienreichen Getr\u00e4nken wie Limonaden und Fruchts\u00e4ften verwendet. Diese Eigenschaft macht es ideal f\u00fcr Menschen, die auf ihren Kalorienverbrauch achten m\u00fcssen.<\/p>\n<p><strong>Ballaststoffgehalt<\/strong>: Es ist reich an Ballaststoffen, insbesondere an l\u00f6slichen Ballaststoffen, die als Glucomannan bekannt sind und aus der Konjak-Pflanze stammen. Glucomannan ist bekannt f\u00fcr seine F\u00e4higkeit, Wasser zu absorbieren und ein gelartiges Material im Verdauungssystem zu bilden, das das S\u00e4ttigungsgef\u00fchl f\u00f6rdert und bei der Gewichtskontrolle helfen kann.<\/p>\n<p><strong>Potenzielle gesundheitliche Vorteile<\/strong>: Konjak-Gelee wird h\u00e4ufig mit einer Vielzahl von gesundheitlichen Vorteilen in Verbindung gebracht. Aufgrund seines hohen Ballaststoffgehalts kann es helfen, den Blutzuckerspiegel zu regulieren, die Verdauung zu unterst\u00fctzen und einen regelm\u00e4\u00dfigen Stuhlgang zu f\u00f6rdern. Au\u00dferdem soll das Getr\u00e4nk den Cholesterinspiegel verbessern, indem es den Blutdruck senkt <a href=\"https:\/\/medlineplus.gov\/ldlthebadcholesterol.html\" target=\"_blank\" rel=\"noopener\">LDL (schlechtes) Cholesterin<\/a>.<\/p>\n<p><strong>Fett- und zuckerarm<\/strong>: Insgesamt hat es einen niedrigen Fett- und Zuckergehalt. Dies kann f\u00fcr Personen, die eine fett- oder zuckerarme Di\u00e4t einhalten, oder f\u00fcr diejenigen, die ihren Zuckerkonsum insgesamt reduzieren wollen, von Vorteil sein.<\/p>\n<p><strong>Geschmacksvariationen<\/strong>: Es ist in verschiedenen Geschmacksrichtungen erh\u00e4ltlich, darunter k\u00f6stliche Alternativen wie Traube, Apfel und Pfirsich sowie exotischere Sorten wie gr\u00fcner Tee oder Aloe Vera. Diese Vielfalt an Geschmacksrichtungen erm\u00f6glicht es den Kunden, ihren bevorzugten Geschmack zu w\u00e4hlen.<\/p>\n<p><strong>Vegetarisch und veganfreundlich<\/strong>: Da es h\u00e4ufig aus pflanzlichen Bestandteilen hergestellt wird, ist es ideal f\u00fcr Menschen, die sich vegetarisch oder vegan ern\u00e4hren. Es ist jedoch wichtig, die genauen Inhaltsstoffe des Produkts zu \u00fcberpr\u00fcfen, um sicherzustellen, dass sie mit Ihren Ern\u00e4hrungsbed\u00fcrfnissen vereinbar sind.<\/p>\n<p><strong>Erfrischend und feuchtigkeitsspendend<\/strong>: Er wird allgemein als erfrischendes und hydratisierendes Getr\u00e4nk verwendet. Er kann gek\u00fchlt serviert und als erfrischendes Getr\u00e4nk genossen werden, besonders bei hei\u00dfem Wetter.<\/p>\n<p><img fetchpriority=\"high\" decoding=\"async\" class=\"alignnone wp-image-3597 size-full\" src=\"https:\/\/sentaiyuanbio.com\/wp-content\/uploads\/2024\/07\/konjac-orange-jelly1_1.webp\" alt=\"Konjak-Orangen-Gelee\" width=\"750\" height=\"612\" srcset=\"https:\/\/sentaiyuanbio.com\/wp-content\/uploads\/2024\/07\/konjac-orange-jelly1_1.webp 750w, https:\/\/sentaiyuanbio.com\/wp-content\/uploads\/2024\/07\/konjac-orange-jelly1_1-300x245.webp 300w, https:\/\/sentaiyuanbio.com\/wp-content\/uploads\/2024\/07\/konjac-orange-jelly1_1-600x490.webp 600w\" sizes=\"(max-width: 750px) 100vw, 750px\" \/><img decoding=\"async\" class=\"alignnone wp-image-3598 size-full\" src=\"https:\/\/sentaiyuanbio.com\/wp-content\/uploads\/2024\/07\/konjac-orange-jelly2_2.webp\" alt=\"Konjak-Orangen-Gelee\" width=\"750\" height=\"631\" srcset=\"https:\/\/sentaiyuanbio.com\/wp-content\/uploads\/2024\/07\/konjac-orange-jelly2_2.webp 750w, https:\/\/sentaiyuanbio.com\/wp-content\/uploads\/2024\/07\/konjac-orange-jelly2_2-300x252.webp 300w, https:\/\/sentaiyuanbio.com\/wp-content\/uploads\/2024\/07\/konjac-orange-jelly2_2-600x505.webp 600w\" sizes=\"(max-width: 750px) 100vw, 750px\" \/><img decoding=\"async\" class=\"alignnone wp-image-3599 size-full\" src=\"https:\/\/sentaiyuanbio.com\/wp-content\/uploads\/2024\/07\/konjac-orange-jelly3_3.webp\" alt=\"Konjak-Orangen-Gelee\" width=\"750\" height=\"619\" srcset=\"https:\/\/sentaiyuanbio.com\/wp-content\/uploads\/2024\/07\/konjac-orange-jelly3_3.webp 750w, https:\/\/sentaiyuanbio.com\/wp-content\/uploads\/2024\/07\/konjac-orange-jelly3_3-300x248.webp 300w, https:\/\/sentaiyuanbio.com\/wp-content\/uploads\/2024\/07\/konjac-orange-jelly3_3-600x495.webp 600w\" sizes=\"(max-width: 750px) 100vw, 750px\" \/><img loading=\"lazy\" decoding=\"async\" class=\"alignnone wp-image-3600 size-full\" src=\"https:\/\/sentaiyuanbio.com\/wp-content\/uploads\/2024\/07\/konjac-orange-jelly4_4.webp\" alt=\"Konjak-Orangen-Gelee\" width=\"750\" height=\"613\" srcset=\"https:\/\/sentaiyuanbio.com\/wp-content\/uploads\/2024\/07\/konjac-orange-jelly4_4.webp 750w, https:\/\/sentaiyuanbio.com\/wp-content\/uploads\/2024\/07\/konjac-orange-jelly4_4-300x245.webp 300w, https:\/\/sentaiyuanbio.com\/wp-content\/uploads\/2024\/07\/konjac-orange-jelly4_4-600x490.webp 600w\" sizes=\"(max-width: 750px) 100vw, 750px\" \/><img loading=\"lazy\" decoding=\"async\" class=\"alignnone wp-image-3601 size-full\" src=\"https:\/\/sentaiyuanbio.com\/wp-content\/uploads\/2024\/07\/konjac-orange-jelly5_5.webp\" alt=\"Konjak-Orangen-Gelee\" width=\"750\" height=\"530\" srcset=\"https:\/\/sentaiyuanbio.com\/wp-content\/uploads\/2024\/07\/konjac-orange-jelly5_5.webp 750w, https:\/\/sentaiyuanbio.com\/wp-content\/uploads\/2024\/07\/konjac-orange-jelly5_5-300x212.webp 300w, https:\/\/sentaiyuanbio.com\/wp-content\/uploads\/2024\/07\/konjac-orange-jelly5_5-600x424.webp 600w\" sizes=\"(max-width: 750px) 100vw, 750px\" \/><\/p>\n<h2>5. Andere Spezifikationen<\/h2>\n<p>Haltbarkeitsdauer: 18 Monate<br \/>\nLagerung: An einem k\u00fchlen, trockenen Ort aufbewahren. Am besten gek\u00fchlt servieren. Nach dem \u00d6ffnen in den K\u00fchlschrank stellen und innerhalb von 1 Tag verbrauchen.<\/p>\n<table border=\"1\" cellspacing=\"1\">\n<tbody>\n<tr>\n<td align=\"center\" width=\"284\">N\u00e4hrwertangaben<\/td>\n<td align=\"center\" width=\"284\">Pro 100ml<\/td>\n<td align=\"center\" width=\"284\">Pro 150ml Portion<\/td>\n<\/tr>\n<tr>\n<td align=\"center\" width=\"284\">Energie<\/td>\n<td align=\"center\" width=\"284\">6Kcal<\/td>\n<td align=\"center\" width=\"284\">7Kcal<\/td>\n<\/tr>\n<tr>\n<td align=\"center\" width=\"284\">Eiwei\u00df<\/td>\n<td align=\"center\" width=\"284\">1.03g<\/td>\n<td align=\"center\" width=\"284\">2g<\/td>\n<\/tr>\n<tr>\n<td align=\"center\" width=\"284\">Fett insgesamt<\/td>\n<td align=\"center\" width=\"284\">0g<\/td>\n<td align=\"center\" width=\"284\">0g<\/td>\n<\/tr>\n<tr>\n<td align=\"center\" width=\"284\">Transfette<\/td>\n<td align=\"center\" width=\"284\">0g<\/td>\n<td align=\"center\" width=\"284\">0g<\/td>\n<\/tr>\n<tr>\n<td align=\"center\" width=\"284\">Kohlenhydrate insgesamt<\/td>\n<td align=\"center\" width=\"284\">0.6g<\/td>\n<td align=\"center\" width=\"284\">0.9g<\/td>\n<\/tr>\n<tr>\n<td align=\"center\" width=\"284\">Ballaststoffe<\/td>\n<td align=\"center\" width=\"284\">0g<\/td>\n<td align=\"center\" width=\"284\">0g<\/td>\n<\/tr>\n<tr>\n<td align=\"center\" width=\"284\">Natrium<\/td>\n<td align=\"center\" width=\"284\">13mg<\/td>\n<td align=\"center\" width=\"284\">20mg<\/td>\n<\/tr>\n<tr>\n<td align=\"center\" width=\"284\">Zucker<\/td>\n<td align=\"center\" width=\"284\">0g<\/td>\n<td align=\"center\" width=\"284\">0g<\/td>\n<\/tr>\n<tr>\n<td align=\"center\" width=\"284\">Vitamin C<\/td>\n<td align=\"center\" width=\"284\">265mg<\/td>\n<td align=\"center\" width=\"284\">400mg<\/td>\n<\/tr>\n<\/tbody>\n<\/table>\n<p>&nbsp;<\/p>\n<h2>Kollagenpeptid-Testbericht<\/h2>\n<table border=\"1\" cellspacing=\"1\">\n<tbody>\n<tr>\n<td width=\"284\"><b>Pr\u00fcfling(e)<\/b><\/td>\n<td width=\"284\">Einheit<\/td>\n<td width=\"284\">Pr\u00fcfmethode(n)<\/td>\n<td width=\"284\">Testergebnis(e)<br \/>\n003<\/td>\n<td width=\"284\">LOQ<\/td>\n<\/tr>\n<tr>\n<td width=\"284\"><b>Cholesterin<\/b><\/td>\n<td width=\"284\">mg\/100 g<\/td>\n<td width=\"284\">AOAC 994.10<\/td>\n<td width=\"284\">ND<\/td>\n<td width=\"284\">1<\/td>\n<\/tr>\n<tr>\n<td width=\"284\"><b>Eiwei\u00df<\/b><\/td>\n<td width=\"284\">%<\/td>\n<td width=\"284\">AOAC 2001.11<\/td>\n<td width=\"284\">2<\/td>\n<td width=\"284\">-<\/td>\n<\/tr>\n<tr>\n<td width=\"284\"><b>lron(Fe)<\/b><\/td>\n<td width=\"284\">mg\/100 g<\/td>\n<td width=\"284\">AOAC 984.27<\/td>\n<td width=\"284\">ND<\/td>\n<td width=\"284\">0.10<\/td>\n<\/tr>\n<tr>\n<td width=\"284\"><b>Kalium(K)<\/b><\/td>\n<td width=\"284\">mg\/100 g<\/td>\n<td width=\"284\">AOAC 984.27<\/td>\n<td width=\"284\">41.98<\/td>\n<td width=\"284\">0.10<\/td>\n<\/tr>\n<tr>\n<td width=\"284\"><b>Kalzium(Ca)<\/b><\/td>\n<td width=\"284\">mg\/100 g<\/td>\n<td width=\"284\">AOAC 984.27<\/td>\n<td width=\"284\">12.89<\/td>\n<td width=\"284\">0.10<\/td>\n<\/tr>\n<tr>\n<td width=\"284\"><b>Natrium(Na)<\/b><\/td>\n<td width=\"284\">mg\/100 g<\/td>\n<td width=\"284\">AOAC 984.27<\/td>\n<td width=\"284\">14.20<\/td>\n<td width=\"284\">0.10<\/td>\n<\/tr>\n<tr>\n<td width=\"284\"><b>*Feuchtigkeit<\/b><\/td>\n<td width=\"284\">%<\/td>\n<td width=\"284\">AOAC 930.04<\/td>\n<td width=\"284\">98.1<\/td>\n<td width=\"284\">-<\/td>\n<\/tr>\n<tr>\n<td width=\"284\"><b>*Asche<\/b><\/td>\n<td width=\"284\">g\/100 g<\/td>\n<td width=\"284\">AOAC 930.05<\/td>\n<td width=\"284\">0.20<\/td>\n<td width=\"284\">-<\/td>\n<\/tr>\n<tr>\n<td width=\"284\"><b>Ballaststoffe<\/b><\/td>\n<td width=\"284\">g\/100 g<\/td>\n<td width=\"284\">AOAC 991.43<\/td>\n<td width=\"284\">0.3<\/td>\n<td width=\"284\">-<\/td>\n<\/tr>\n<tr>\n<td width=\"284\"><b>Fett insgesamt<\/b><\/td>\n<td width=\"284\">g\/100 g<\/td>\n<td width=\"284\">AOAC 996.06<\/td>\n<td width=\"284\">ND<\/td>\n<td width=\"284\">0.01<\/td>\n<\/tr>\n<tr>\n<td width=\"284\"><b>Ges\u00e4ttigtes Fett<\/b><\/td>\n<td width=\"284\">g\/100 g<\/td>\n<td width=\"284\">AOAC 996.06<\/td>\n<td width=\"284\">ND<\/td>\n<td width=\"284\">0.01<\/td>\n<\/tr>\n<tr>\n<td width=\"284\"><b>Transfette<\/b><\/td>\n<td width=\"284\">g\/100 g<\/td>\n<td width=\"284\">AOAC 996.06<\/td>\n<td width=\"284\">ND<\/td>\n<td width=\"284\">0.01<\/td>\n<\/tr>\n<tr>\n<td width=\"284\"><b>Fruktose<\/b><\/td>\n<td width=\"284\">g\/100 g<\/td>\n<td width=\"284\">AOAC 982.14<\/td>\n<td width=\"284\">ND<\/td>\n<td width=\"284\">0.4<\/td>\n<\/tr>\n<tr>\n<td width=\"284\"><b>Glukose<\/b><\/td>\n<td width=\"284\">g\/100 g<\/td>\n<td width=\"284\">AOAC 982.14<\/td>\n<td width=\"284\">ND<\/td>\n<td width=\"284\">0.4<\/td>\n<\/tr>\n<tr>\n<td width=\"284\"><b>Saccharose<\/b><\/td>\n<td width=\"284\">g\/100 g<\/td>\n<td width=\"284\">AOAC 982.14<\/td>\n<td width=\"284\">ND<\/td>\n<td width=\"284\">0.4<\/td>\n<\/tr>\n<tr>\n<td width=\"284\"><b>Maltose<\/b><\/td>\n<td width=\"284\">g\/100 g<\/td>\n<td width=\"284\">AOAC 982.14<\/td>\n<td width=\"284\">ND<\/td>\n<td width=\"284\">0.4<\/td>\n<\/tr>\n<tr>\n<td width=\"284\"><b>Laktose<\/b><\/td>\n<td width=\"284\">g\/100 g<\/td>\n<td width=\"284\">AOAC 982.14<\/td>\n<td width=\"284\">ND<\/td>\n<td width=\"284\">0.4<\/td>\n<\/tr>\n<tr>\n<td width=\"284\"><b>Gesamt (Fructose+ Glucose+ Sucrose+ Altose+ Lactose)<\/b><\/td>\n<td width=\"284\">g\/100 g<\/td>\n<td width=\"284\">AOAC 982.14<\/td>\n<td width=\"284\">ND<\/td>\n<td width=\"284\">-<\/td>\n<\/tr>\n<tr>\n<td width=\"284\"><b>Vitamin D2<\/b><\/td>\n<td width=\"284\">ug\/100 g<\/td>\n<td width=\"284\">BS EN 12821:2009<\/td>\n<td width=\"284\">ND<\/td>\n<td width=\"284\">2<\/td>\n<\/tr>\n<tr>\n<td width=\"284\"><b>Vitamin D3<\/b><\/td>\n<td width=\"284\">ug\/100 g<\/td>\n<td width=\"284\">BS EN 12821:2009<\/td>\n<td width=\"284\">ND<\/td>\n<td width=\"284\">2<\/td>\n<\/tr>\n<\/tbody>\n<\/table>\n<p><b><a href=\"https:\/\/sentaiyuanbio.com\/wp-content\/uploads\/woocommerce_uploads\/2024\/07\/Konjac-Jelly-Orange-Collagen-Flavor-Test-Report-z9ovq1.pdf\" target=\"_blank\" rel=\"noopener\">Konjak Gelee Orange Testbericht herunterladen<\/a><\/b><\/p>\n<h2>Wissen \u00fcber Konjak-Gelee Orange-Kollagen-Geschmack<\/h2>\n<p><iframe title=\"Konjak-Gelee Orange-Kollagen-Geschmack\" src=\"https:\/\/www.youtube.com\/embed\/Gi5mnMBQEVc?si=4G23kY_ubh36Lyul\" width=\"750\" height=\"500\" frameborder=\"0\" allowfullscreen=\"allowfullscreen\"><span data-mce-type=\"bookmark\" style=\"display: inline-block; width: 0px; overflow: hidden; line-height: 0;\" class=\"mce_SELRES_start\"><\/span><\/iframe><\/p>","protected":false},"excerpt":{"rendered":"<p>Dies ist ein Konjak-Gelee mit Orangenkollagen-Geschmack, das die S\u00fc\u00dfe der Orange enth\u00e4lt. Kalorienarm, zuckerfrei und reich an Vitamin C und Kollagenpeptiden, ist es eine gesunde Alternative zu herk\u00f6mmlichen S\u00fc\u00dfigkeiten. Es ist ein Konjak-Gelee-Snack, der Ihnen ein S\u00e4ttigungsgef\u00fchl gibt, wenn Sie hungrig sind, ohne dass Sie sich Sorgen \u00fcber Fettleibigkeit machen m\u00fcssen.<\/p>","protected":false},"featured_media":4275,"template":"","meta":{"site-sidebar-layout":"default","site-content-layout":"","ast-site-content-layout":"default","site-content-style":"default","site-sidebar-style":"default","ast-global-header-display":"","ast-banner-title-visibility":"","ast-main-header-display":"","ast-hfb-above-header-display":"","ast-hfb-below-header-display":"","ast-hfb-mobile-header-display":"","site-post-title":"","ast-breadcrumbs-content":"","ast-featured-img":"","footer-sml-layout":"","ast-disable-related-posts":"","theme-transparent-header-meta":"default","adv-header-id-meta":"","stick-header-meta":"default","header-above-stick-meta":"","header-main-stick-meta":"","header-below-stick-meta":"","astra-migrate-meta-layouts":"set","ast-page-background-enabled":"default","ast-page-background-meta":{"desktop":{"background-color":"","background-image":"","background-repeat":"repeat","background-position":"center center","background-size":"auto","background-attachment":"scroll","background-type":"","background-media":"","overlay-type":"","overlay-color":"","overlay-opacity":"","overlay-gradient":""},"tablet":{"background-color":"","background-image":"","background-repeat":"repeat","background-position":"center center","background-size":"auto","background-attachment":"scroll","background-type":"","background-media":"","overlay-type":"","overlay-color":"","overlay-opacity":"","overlay-gradient":""},"mobile":{"background-color":"","background-image":"","background-repeat":"repeat","background-position":"center center","background-size":"auto","background-attachment":"scroll","background-type":"","background-media":"","overlay-type":"","overlay-color":"","overlay-opacity":"","overlay-gradient":""}},"ast-content-background-meta":{"desktop":{"background-color":"var(--ast-global-color-5)","background-image":"","background-repeat":"repeat","background-position":"center center","background-size":"auto","background-attachment":"scroll","background-type":"","background-media":"","overlay-type":"","overlay-color":"","overlay-opacity":"","overlay-gradient":""},"tablet":{"background-color":"var(--ast-global-color-5)","background-image":"","background-repeat":"repeat","background-position":"center center","background-size":"auto","background-attachment":"scroll","background-type":"","background-media":"","overlay-type":"","overlay-color":"","overlay-opacity":"","overlay-gradient":""},"mobile":{"background-color":"var(--ast-global-color-5)","background-image":"","background-repeat":"repeat","background-position":"center center","background-size":"auto","background-attachment":"scroll","background-type":"","background-media":"","overlay-type":"","overlay-color":"","overlay-opacity":"","overlay-gradient":""}}},"product_brand":[],"product_cat":[52],"product_tag":[53],"class_list":{"0":"post-2233","1":"product","2":"type-product","3":"status-publish","4":"has-post-thumbnail","6":"product_cat-konjac-powder-jelly","7":"product_tag-konjac-jelly-snack","8":"desktop-align-left","9":"tablet-align-left","10":"mobile-align-left","11":"ast-product-gallery-layout-horizontal-slider","12":"ast-product-tabs-layout-horizontal","14":"first","15":"instock","16":"downloadable","17":"shipping-taxable","18":"product-type-simple"},"_links":{"self":[{"href":"https:\/\/sentaiyuanbio.com\/de\/wp-json\/wp\/v2\/product\/2233","targetHints":{"allow":["GET"]}}],"collection":[{"href":"https:\/\/sentaiyuanbio.com\/de\/wp-json\/wp\/v2\/product"}],"about":[{"href":"https:\/\/sentaiyuanbio.com\/de\/wp-json\/wp\/v2\/types\/product"}],"version-history":[{"count":0,"href":"https:\/\/sentaiyuanbio.com\/de\/wp-json\/wp\/v2\/product\/2233\/revisions"}],"wp:featuredmedia":[{"embeddable":true,"href":"https:\/\/sentaiyuanbio.com\/de\/wp-json\/wp\/v2\/media\/4275"}],"wp:attachment":[{"href":"https:\/\/sentaiyuanbio.com\/de\/wp-json\/wp\/v2\/media?parent=2233"}],"wp:term":[{"taxonomy":"product_brand","embeddable":true,"href":"https:\/\/sentaiyuanbio.com\/de\/wp-json\/wp\/v2\/product_brand?post=2233"},{"taxonomy":"product_cat","embeddable":true,"href":"https:\/\/sentaiyuanbio.com\/de\/wp-json\/wp\/v2\/product_cat?post=2233"},{"taxonomy":"product_tag","embeddable":true,"href":"https:\/\/sentaiyuanbio.com\/de\/wp-json\/wp\/v2\/product_tag?post=2233"}],"curies":[{"name":"wp","href":"https:\/\/api.w.org\/{rel}","templated":true}]}}