{"id":2274,"date":"2024-07-10T07:25:14","date_gmt":"2024-07-10T07:25:14","guid":{"rendered":"https:\/\/sentaiyuanbio.com\/?post_type=product&#038;p=2274"},"modified":"2025-05-30T05:58:23","modified_gmt":"2025-05-30T05:58:23","slug":"konjak-salat-vinaigrette-geschmack","status":"publish","type":"product","link":"https:\/\/sentaiyuanbio.com\/de\/produkt\/konjak-salat-vinaigrette-geschmack\/","title":{"rendered":"Konjak-Salat mit Vinaigrette-Geschmack, Konnyaku Shirataki-Nudeln"},"content":{"rendered":"<h2>Konjak Salat Vinaigrette Geschmack Zutaten:<\/h2>\n<p><strong>Sauce<\/strong>: Wasser, Sorbitol (<a href=\"https:\/\/blog.chemondis.com\/7267\/sorbitol-e420-a-comprehensive-guide-to-its-uses-properties-and-impact\/\" target=\"_blank\" rel=\"noopener\">S\u00fc\u00dfstoff E420<\/a>), Essig, Nicht-GVO-Sojabohnen\u00f6l, Salz, Sesam\u00f6l, konzentrierter Pilzsaft (Shiitake-Pilze, Wasser, Salz), MNG (<a href=\"https:\/\/healthhub.hif.com.au\/nutrition\/should-you-avoid-eating-msg-flavour-enhancer-621\" target=\"_blank\" rel=\"noopener\">Geschmacksverst\u00e4rker E621<\/a>), Hefeextrakt, Milchs\u00e4ure, Karamellfarbe (<a href=\"https:\/\/foodadditives.net\/colors\/caramel-color\/\" target=\"_blank\" rel=\"noopener\">Farbstoff E150a<\/a>), Zitronens\u00e4ure (S\u00e4uerungsmittel E330), Ingwer, Sesam, Gew\u00fcrze, Xanthangummi (Verdickungsmittel E415), 5\u2032-Aromanukleotid Dinatrium (<a href=\"https:\/\/www.mishry.com\/flavor-enhancer-635-what-you-need-to-know\" target=\"_blank\" rel=\"noopener\">Geschmacksverst\u00e4rker E635<\/a>).<br \/>\n<strong>Konjak-Nudeln<\/strong>: Wasser, <a href=\"https:\/\/sentaiyuanbio.com\/de\/produkt\/konjak-pulver\/\" target=\"_blank\" rel=\"noopener\">Konjakmehl<\/a>, Zitronens\u00e4ure.<br \/>\n<strong>Allergene<\/strong>: Enth\u00e4lt Sojaprodukte.<br \/>\n<strong>Nettogewicht<\/strong>: 20g(Sauce)+120g(Konjak-Nudeln)<br \/>\n<strong>Haltbarkeitsdauer<\/strong>: 12 Monate<br \/>\n<strong>Lagerung<\/strong>: An einem k\u00fchlen und trockenen Ort aufbewahren. Von starkem Licht und Hitze fernhalten. Vor starkem Licht und Hitze sch\u00fctzen. Nach dem \u00d6ffnen gek\u00fchlt aufbewahren und innerhalb von 24 Stunden verbrauchen.<\/p>\n<h2><b>Konjak-Salat Vinaigrette-Geschmack N\u00e4hrwertangaben<\/b><b>(Pro Portion)<\/b><\/h2>\n<table>\n<tbody>\n<tr>\n<td colspan=\"2\" width=\"630\"><strong><b>N\u00e4hrwertangaben<\/b><\/strong><\/td>\n<\/tr>\n<tr>\n<td width=\"319\">Energie<\/td>\n<td width=\"311\">37.8Kcal<\/td>\n<\/tr>\n<tr>\n<td width=\"319\">Fett gesamt<\/td>\n<td width=\"311\">2.05g<\/td>\n<\/tr>\n<tr>\n<td width=\"319\">Ges\u00e4ttigte Fetts\u00e4ure<\/td>\n<td width=\"311\">0.32g<\/td>\n<\/tr>\n<tr>\n<td width=\"319\">Natrium<\/td>\n<td width=\"311\">445,75mg<\/td>\n<\/tr>\n<tr>\n<td width=\"319\">Salz<\/td>\n<td width=\"311\">1.12g<\/td>\n<\/tr>\n<tr>\n<td width=\"319\">Kohlenhydrate insgesamt<\/td>\n<td width=\"311\">4.5g<\/td>\n<\/tr>\n<tr>\n<td width=\"319\">Faser<\/td>\n<td width=\"311\">0.6g<\/td>\n<\/tr>\n<tr>\n<td width=\"319\">Zucker<\/td>\n<td width=\"311\">0g<\/td>\n<\/tr>\n<tr>\n<td width=\"319\">Eiwei\u00df<\/td>\n<td width=\"311\">0.28g<\/td>\n<\/tr>\n<\/tbody>\n<\/table>\n<p><strong><b>Anleitung zum Kochen <\/b><\/strong><\/p>\n<ol>\n<li>Das Wasser aus der Packung abgie\u00dfen und den Inhalt des Nudelbeutels ausleeren.<\/li>\n<li>Die Salatso\u00dfe hinzuf\u00fcgen<\/li>\n<li>Nach dem gr\u00fcndlichen Mischen ist er zum Verzehr bereit.<\/li>\n<\/ol>\n<p><img fetchpriority=\"high\" decoding=\"async\" class=\"alignnone wp-image-5001 size-full\" title=\"Konjak-Salat Vinaigrette-Geschmack\" src=\"https:\/\/sentaiyuanbio.com\/wp-content\/uploads\/2024\/07\/Konjac-Salad-Vinaigrette-Flavor_1.webp\" alt=\"Konjak-Salat Vinaigrette-Geschmack\" width=\"750\" height=\"451\" srcset=\"https:\/\/sentaiyuanbio.com\/wp-content\/uploads\/2024\/07\/Konjac-Salad-Vinaigrette-Flavor_1.webp 750w, https:\/\/sentaiyuanbio.com\/wp-content\/uploads\/2024\/07\/Konjac-Salad-Vinaigrette-Flavor_1-300x180.webp 300w, https:\/\/sentaiyuanbio.com\/wp-content\/uploads\/2024\/07\/Konjac-Salad-Vinaigrette-Flavor_1-600x361.webp 600w\" sizes=\"(max-width: 750px) 100vw, 750px\" \/> <img decoding=\"async\" class=\"alignnone wp-image-5002 size-full\" title=\"Konjak-Salat Vinaigrette-Geschmack\" src=\"https:\/\/sentaiyuanbio.com\/wp-content\/uploads\/2024\/07\/Konjac-Salad-Vinaigrette-Flavor_2.webp\" alt=\"Konjak-Salat Vinaigrette-Geschmack\" width=\"750\" height=\"471\" srcset=\"https:\/\/sentaiyuanbio.com\/wp-content\/uploads\/2024\/07\/Konjac-Salad-Vinaigrette-Flavor_2.webp 750w, https:\/\/sentaiyuanbio.com\/wp-content\/uploads\/2024\/07\/Konjac-Salad-Vinaigrette-Flavor_2-300x188.webp 300w, https:\/\/sentaiyuanbio.com\/wp-content\/uploads\/2024\/07\/Konjac-Salad-Vinaigrette-Flavor_2-600x377.webp 600w\" sizes=\"(max-width: 750px) 100vw, 750px\" \/> <img decoding=\"async\" class=\"alignnone wp-image-5003 size-full\" title=\"Konjak-Salat Vinaigrette-Geschmack\" src=\"https:\/\/sentaiyuanbio.com\/wp-content\/uploads\/2024\/07\/Konjac-Salad-Vinaigrette-Flavor_3.webp\" alt=\"Konjak-Salat Vinaigrette-Geschmack\" width=\"750\" height=\"556\" srcset=\"https:\/\/sentaiyuanbio.com\/wp-content\/uploads\/2024\/07\/Konjac-Salad-Vinaigrette-Flavor_3.webp 750w, https:\/\/sentaiyuanbio.com\/wp-content\/uploads\/2024\/07\/Konjac-Salad-Vinaigrette-Flavor_3-300x222.webp 300w, https:\/\/sentaiyuanbio.com\/wp-content\/uploads\/2024\/07\/Konjac-Salad-Vinaigrette-Flavor_3-600x445.webp 600w\" sizes=\"(max-width: 750px) 100vw, 750px\" \/> <img loading=\"lazy\" decoding=\"async\" class=\"alignnone wp-image-5004 size-full\" title=\"Konjak-Salat Vinaigrette-Geschmack\" src=\"https:\/\/sentaiyuanbio.com\/wp-content\/uploads\/2024\/07\/Konjac-Salad-Vinaigrette-Flavor_4.webp\" alt=\"Konjak-Salat Vinaigrette-Geschmack\" width=\"750\" height=\"543\" srcset=\"https:\/\/sentaiyuanbio.com\/wp-content\/uploads\/2024\/07\/Konjac-Salad-Vinaigrette-Flavor_4.webp 750w, https:\/\/sentaiyuanbio.com\/wp-content\/uploads\/2024\/07\/Konjac-Salad-Vinaigrette-Flavor_4-300x217.webp 300w, https:\/\/sentaiyuanbio.com\/wp-content\/uploads\/2024\/07\/Konjac-Salad-Vinaigrette-Flavor_4-600x434.webp 600w\" sizes=\"(max-width: 750px) 100vw, 750px\" \/> <img loading=\"lazy\" decoding=\"async\" class=\"alignnone wp-image-5005 size-full\" title=\"Konjak-Salat Vinaigrette-Geschmack\" src=\"https:\/\/sentaiyuanbio.com\/wp-content\/uploads\/2024\/07\/Konjac-Salad-Vinaigrette-Flavor_5.webp\" alt=\"Konnyaku Shirataki-Nudeln\" width=\"750\" height=\"322\" srcset=\"https:\/\/sentaiyuanbio.com\/wp-content\/uploads\/2024\/07\/Konjac-Salad-Vinaigrette-Flavor_5.webp 750w, https:\/\/sentaiyuanbio.com\/wp-content\/uploads\/2024\/07\/Konjac-Salad-Vinaigrette-Flavor_5-300x129.webp 300w, https:\/\/sentaiyuanbio.com\/wp-content\/uploads\/2024\/07\/Konjac-Salad-Vinaigrette-Flavor_5-600x258.webp 600w\" sizes=\"(max-width: 750px) 100vw, 750px\" \/> <img loading=\"lazy\" decoding=\"async\" class=\"alignnone wp-image-5006 size-full\" title=\"Konjak-Salat Vinaigrette-Geschmack\" src=\"https:\/\/sentaiyuanbio.com\/wp-content\/uploads\/2024\/07\/Konnyaku-shirataki-noodles_6.webp\" alt=\"Konnyaku Shirataki-Nudeln\" width=\"750\" height=\"375\" srcset=\"https:\/\/sentaiyuanbio.com\/wp-content\/uploads\/2024\/07\/Konnyaku-shirataki-noodles_6.webp 750w, https:\/\/sentaiyuanbio.com\/wp-content\/uploads\/2024\/07\/Konnyaku-shirataki-noodles_6-300x150.webp 300w, https:\/\/sentaiyuanbio.com\/wp-content\/uploads\/2024\/07\/Konnyaku-shirataki-noodles_6-600x300.webp 600w\" sizes=\"(max-width: 750px) 100vw, 750px\" \/> <img loading=\"lazy\" decoding=\"async\" class=\"alignnone wp-image-5007 size-full\" title=\"Konjak-Salat Vinaigrette-Geschmack\" src=\"https:\/\/sentaiyuanbio.com\/wp-content\/uploads\/2024\/07\/Konnyaku-shirataki-noodles_7.webp\" alt=\"Konnyaku Shirataki-Nudeln\" width=\"750\" height=\"526\" srcset=\"https:\/\/sentaiyuanbio.com\/wp-content\/uploads\/2024\/07\/Konnyaku-shirataki-noodles_7.webp 750w, https:\/\/sentaiyuanbio.com\/wp-content\/uploads\/2024\/07\/Konnyaku-shirataki-noodles_7-300x210.webp 300w, https:\/\/sentaiyuanbio.com\/wp-content\/uploads\/2024\/07\/Konnyaku-shirataki-noodles_7-600x421.webp 600w\" sizes=\"(max-width: 750px) 100vw, 750px\" \/><\/p>","protected":false},"excerpt":{"rendered":"<p>Sentaiyuan Konjak Salat Vinaigrette Geschmack ist kalorienarm (nur 37 Kalorien pro 120 Gramm). Er l\u00e4sst sich schnell zubereiten, ist gut f\u00fcr die Gewichtsabnahme und eignet sich perfekt f\u00fcr kohlenhydratarme Di\u00e4ten. Dies ist eine hochwertige Konjak-Nudel f\u00fcr Stadtbewohner, die Lebensqualit\u00e4t suchen.<\/p>","protected":false},"featured_media":5010,"template":"","meta":{"site-sidebar-layout":"default","site-content-layout":"","ast-site-content-layout":"default","site-content-style":"default","site-sidebar-style":"default","ast-global-header-display":"","ast-banner-title-visibility":"","ast-main-header-display":"","ast-hfb-above-header-display":"","ast-hfb-below-header-display":"","ast-hfb-mobile-header-display":"","site-post-title":"","ast-breadcrumbs-content":"","ast-featured-img":"","footer-sml-layout":"","ast-disable-related-posts":"","theme-transparent-header-meta":"default","adv-header-id-meta":"","stick-header-meta":"default","header-above-stick-meta":"","header-main-stick-meta":"","header-below-stick-meta":"","astra-migrate-meta-layouts":"set","ast-page-background-enabled":"default","ast-page-background-meta":{"desktop":{"background-color":"","background-image":"","background-repeat":"repeat","background-position":"center center","background-size":"auto","background-attachment":"scroll","background-type":"","background-media":"","overlay-type":"","overlay-color":"","overlay-opacity":"","overlay-gradient":""},"tablet":{"background-color":"","background-image":"","background-repeat":"repeat","background-position":"center center","background-size":"auto","background-attachment":"scroll","background-type":"","background-media":"","overlay-type":"","overlay-color":"","overlay-opacity":"","overlay-gradient":""},"mobile":{"background-color":"","background-image":"","background-repeat":"repeat","background-position":"center center","background-size":"auto","background-attachment":"scroll","background-type":"","background-media":"","overlay-type":"","overlay-color":"","overlay-opacity":"","overlay-gradient":""}},"ast-content-background-meta":{"desktop":{"background-color":"var(--ast-global-color-5)","background-image":"","background-repeat":"repeat","background-position":"center center","background-size":"auto","background-attachment":"scroll","background-type":"","background-media":"","overlay-type":"","overlay-color":"","overlay-opacity":"","overlay-gradient":""},"tablet":{"background-color":"var(--ast-global-color-5)","background-image":"","background-repeat":"repeat","background-position":"center center","background-size":"auto","background-attachment":"scroll","background-type":"","background-media":"","overlay-type":"","overlay-color":"","overlay-opacity":"","overlay-gradient":""},"mobile":{"background-color":"var(--ast-global-color-5)","background-image":"","background-repeat":"repeat","background-position":"center center","background-size":"auto","background-attachment":"scroll","background-type":"","background-media":"","overlay-type":"","overlay-color":"","overlay-opacity":"","overlay-gradient":""}}},"product_brand":[],"product_cat":[54],"product_tag":[32],"class_list":{"0":"post-2274","1":"product","2":"type-product","3":"status-publish","4":"has-post-thumbnail","6":"product_cat-shirataki-noodle-salad","7":"product_tag-konjac-pasta","8":"desktop-align-left","9":"tablet-align-left","10":"mobile-align-left","11":"ast-product-gallery-layout-horizontal-slider","12":"ast-product-tabs-layout-horizontal","14":"first","15":"instock","16":"shipping-taxable","17":"product-type-simple"},"_links":{"self":[{"href":"https:\/\/sentaiyuanbio.com\/de\/wp-json\/wp\/v2\/product\/2274","targetHints":{"allow":["GET"]}}],"collection":[{"href":"https:\/\/sentaiyuanbio.com\/de\/wp-json\/wp\/v2\/product"}],"about":[{"href":"https:\/\/sentaiyuanbio.com\/de\/wp-json\/wp\/v2\/types\/product"}],"version-history":[{"count":0,"href":"https:\/\/sentaiyuanbio.com\/de\/wp-json\/wp\/v2\/product\/2274\/revisions"}],"wp:featuredmedia":[{"embeddable":true,"href":"https:\/\/sentaiyuanbio.com\/de\/wp-json\/wp\/v2\/media\/5010"}],"wp:attachment":[{"href":"https:\/\/sentaiyuanbio.com\/de\/wp-json\/wp\/v2\/media?parent=2274"}],"wp:term":[{"taxonomy":"product_brand","embeddable":true,"href":"https:\/\/sentaiyuanbio.com\/de\/wp-json\/wp\/v2\/product_brand?post=2274"},{"taxonomy":"product_cat","embeddable":true,"href":"https:\/\/sentaiyuanbio.com\/de\/wp-json\/wp\/v2\/product_cat?post=2274"},{"taxonomy":"product_tag","embeddable":true,"href":"https:\/\/sentaiyuanbio.com\/de\/wp-json\/wp\/v2\/product_tag?post=2274"}],"curies":[{"name":"wp","href":"https:\/\/api.w.org\/{rel}","templated":true}]}}