{"id":2290,"date":"2024-07-11T03:51:13","date_gmt":"2024-07-11T03:51:13","guid":{"rendered":"https:\/\/sentaiyuanbio.com\/?post_type=product&#038;p=2290"},"modified":"2025-05-30T08:19:47","modified_gmt":"2025-05-30T08:19:47","slug":"konjak-nudelsalat-mit-wasabi-geschmack","status":"publish","type":"product","link":"https:\/\/sentaiyuanbio.com\/de\/produkt\/konjak-nudelsalat-mit-wasabi-geschmack\/","title":{"rendered":"Konjak-Nudelsalat, Fettuccine Konnyaku Wasabi-Geschmack"},"content":{"rendered":"<h2>Was sind Konjak-Nudeln?<\/h2>\n<p>Konjak-Nudeln sind auch als \"Konjac\", \"Konnyaku\" oder \"Yam\"-Nudeln bekannt und haben eine leicht z\u00e4he Textur. Shirataki-Nudeln, die aus dem asiatischen Gem\u00fcse \"Konjac\" hergestellt werden, haben keinen Eigengeschmack und eignen sich daher hervorragend, um den Geschmack anderer Zutaten und So\u00dfen aufzusaugen. Gro\u00dfartig in Kocht\u00f6pfen.<\/p>\n<p>Konnyaku \"Shirataki\"-Nudeln sind \u00e4u\u00dferst gesunde, ballaststoffreiche, kalorien- und cholesterinarme Nudeln. Deshalb sind sie auch als \"Zero\"- oder \"Miracle\"-Nudeln bekannt.<\/p>\n<h2>Konjak-Nudelsalat mit Wasabi-Geschmack Zutaten:<\/h2>\n<p><strong>Sauce<\/strong>: Wasser, Nicht-GVO-Sojabohnen\u00f6l, Zucker, Sesam, Salz, konzentrierter Pilzsaft (Pilze, Wasser, Speisesalz), Eigelb, MSG (Geschmacksverst\u00e4rker E621), Milchs\u00e4ure, Karamellfarbe (<a href=\"https:\/\/healthypig.com.hk\/en\/blogs\/healthypigmagazine\/e150-%E7%84%A6%E7%B3%96%E8%89%B2\" target=\"_blank\" rel=\"noopener\">F\u00e4rbemittel E150a<\/a>), Senfpulver, Eisessig (S\u00e4ureregulator E260), Hefeextrakt, Xanthangummi (Verdickungsmittel E415), Kaliumsorbat (Konservierungsmittel E202), Calcium Dinatrium EDTA (Antioxidationsmittel E385).<br \/>\n<strong>Konjak-Nudeln<\/strong>: Wasser, <a href=\"https:\/\/sentaiyuanbio.com\/de\/produkt\/konjak-pulver\/\" target=\"_blank\" rel=\"noopener\">Konnyaku-Mehl<\/a>, Zitronens\u00e4ure.<br \/>\n<strong>Allergene<\/strong>: Enth\u00e4lt Sojaprodukte, Eiprodukte und Senf.<br \/>\n<strong>Nettogewicht<\/strong>: 20g(Sauce)+120g(Konjak-Nudeln)<br \/>\n<strong>Haltbarkeitsdauer<\/strong>: 12 Monate<br \/>\n<strong>Lagerung<\/strong>: An einem k\u00fchlen und trockenen Ort aufbewahren. Von starkem Licht und Hitze fernhalten. Vor starkem Licht und Hitze sch\u00fctzen. Nach dem \u00d6ffnen gek\u00fchlt aufbewahren und innerhalb von 24 Stunden verbrauchen.<\/p>\n<h2>Konjak-Nudelsalat mit Wasabi-Geschmack N\u00e4hrwertangaben<b>(Pro Portion)<\/b><\/h2>\n<table>\n<tbody>\n<tr>\n<td colspan=\"2\" width=\"630\"><strong><b>N\u00e4hrwertangaben<\/b><\/strong><\/td>\n<\/tr>\n<tr>\n<td width=\"319\">Energie<\/td>\n<td width=\"311\">68,4 kcal<\/td>\n<\/tr>\n<tr>\n<td width=\"319\">Fett gesamt<\/td>\n<td width=\"311\">5.73g<\/td>\n<\/tr>\n<tr>\n<td width=\"319\">Ges\u00e4ttigte Fetts\u00e4ure<\/td>\n<td width=\"311\">0.88<\/td>\n<\/tr>\n<tr>\n<td width=\"319\">Natrium<\/td>\n<td width=\"311\">282,35 mg<\/td>\n<\/tr>\n<tr>\n<td width=\"319\">Salz<\/td>\n<td width=\"311\">0.7g<\/td>\n<\/tr>\n<tr>\n<td width=\"319\">Kohlenhydrate insgesamt<\/td>\n<td width=\"311\">3.94g<\/td>\n<\/tr>\n<tr>\n<td width=\"319\">Faser<\/td>\n<td width=\"311\">0.8g<\/td>\n<\/tr>\n<tr>\n<td width=\"319\">Zucker<\/td>\n<td width=\"311\">2.1g<\/td>\n<\/tr>\n<tr>\n<td width=\"319\">Eiwei\u00df<\/td>\n<td width=\"311\">0.48g<\/td>\n<\/tr>\n<\/tbody>\n<\/table>\n<h2>Hier sind einige Merkmale und Eigenschaften von Konjak-Nudelsalat:<\/h2>\n<p><strong>Kalorienarm:<\/strong> Er ist extrem kalorienarm und eignet sich daher f\u00fcr Personen, die ihre Kalorienzufuhr reduzieren m\u00f6chten. Er enth\u00e4lt in der Regel nur 5-10 Kalorien pro Portion.<\/p>\n<p><strong>Wenig Kohlenhydrate:<\/strong> Er ist sehr kohlenhydratarm und damit eine hervorragende Alternative zu herk\u00f6mmlichem Reis f\u00fcr Menschen, die sich kohlenhydratarm ern\u00e4hren. Er enth\u00e4lt nur einen Bruchteil der Kohlenhydrate, die in normalem Reis enthalten sind.<\/p>\n<p class=\"translation-block\"><strong>Hoch an Ballaststoffen<\/strong>: Er ist reich an Ballaststoffen, insbesondere an <a href=\"https:\/\/hethstia.com\/soluble-and-insoluble-fiber-konjac-rice\/\" target=\"_blank\" rel=\"noopener\">l\u00f6slichen Ballaststoffen<\/a>, bekannt als Glucomannan. Diese Ballaststoffe sind gut f\u00fcr die Verdauung, f\u00f6rdern das S\u00e4ttigungsgef\u00fchl und k\u00f6nnen bei der Gewichtskontrolle helfen.<\/p>\n<p><strong>Glutenfrei<\/strong>: Es ist von Natur aus glutenfrei und eignet sich daher f\u00fcr Personen, die glutenempfindlich sind oder eine glutenfreie Di\u00e4t einhalten.<\/p>\n<p><strong>Gelatineartige Textur<\/strong>: Er hat eine einzigartige gallertartige Textur, die sich von herk\u00f6mmlichem Reis unterscheidet. Er ist leicht z\u00e4h und hat eine feste Textur, die manche Menschen anders als normalen Reis empfinden m\u00f6gen.<\/p>\n<p><strong>Praktisch geschmacksneutral<\/strong>: Es hat keinen ausgepr\u00e4gten Eigengeschmack. Es neigt dazu, den Geschmack der So\u00dfen, Gew\u00fcrze oder Zutaten, mit denen es gekocht wird, aufzunehmen, was es vielseitig und anpassungsf\u00e4hig f\u00fcr eine Vielzahl von Rezepten macht.<\/p>\n<p><strong>Schnell und einfach zuzubereiten<\/strong>: Er wird in der Regel fertig verpackt und gebrauchsfertig verkauft. Im Vergleich zu herk\u00f6mmlichem Reis erfordert er nur eine minimale Vorbereitungs- und Kochzeit.<\/p>\n<p><strong>F\u00f6rdert das S\u00e4ttigungsgef\u00fchl<\/strong>: Aufgrund seines hohen Ballaststoffgehalts kann er das S\u00e4ttigungsgef\u00fchl f\u00f6rdern und dazu beitragen, den Appetit zu z\u00fcgeln und die Portionsgr\u00f6\u00dfe zu kontrollieren.<\/p>\n<p><strong>Geeignet f\u00fcr verschiedene Di\u00e4tvorschriften<\/strong>: Es eignet sich f\u00fcr eine Vielzahl von Di\u00e4ten, einschlie\u00dflich kohlenhydratarmer, ketogener, glutenfreier, veganer und vegetarischer Di\u00e4ten.<\/p>\n<p><strong>Kann bei der Gewichtskontrolle helfen<\/strong>: Sein niedriger Kaloriengehalt und sein hoher Ballaststoffanteil machen ihn zu einer beliebten Wahl f\u00fcr Menschen, die abnehmen oder ein gesundes Gewicht halten wollen.<\/p>\n<p><img fetchpriority=\"high\" decoding=\"async\" class=\"alignnone wp-image-5014 size-full\" title=\"Konnyaku-Fettuccine-Salat, Konjak-Salat\" src=\"https:\/\/sentaiyuanbio.com\/wp-content\/uploads\/2024\/07\/Konnyaku-Fettuccine-Salad_1.webp\" alt=\"Konnyaku-Fettuccine-Salat, Konjak-Salat\" width=\"750\" height=\"451\" srcset=\"https:\/\/sentaiyuanbio.com\/wp-content\/uploads\/2024\/07\/Konnyaku-Fettuccine-Salad_1.webp 750w, https:\/\/sentaiyuanbio.com\/wp-content\/uploads\/2024\/07\/Konnyaku-Fettuccine-Salad_1-300x180.webp 300w, https:\/\/sentaiyuanbio.com\/wp-content\/uploads\/2024\/07\/Konnyaku-Fettuccine-Salad_1-600x361.webp 600w\" sizes=\"(max-width: 750px) 100vw, 750px\" \/> <img decoding=\"async\" class=\"alignnone wp-image-5015 size-full\" title=\"Konnyaku-Fettuccine-Salat, Konjak-Salat\" src=\"https:\/\/sentaiyuanbio.com\/wp-content\/uploads\/2024\/07\/Konnyaku-Fettuccine-Salad_2.webp\" alt=\"Konnyaku-Fettuccine-Salat, Konjak-Salat\" width=\"750\" height=\"471\" srcset=\"https:\/\/sentaiyuanbio.com\/wp-content\/uploads\/2024\/07\/Konnyaku-Fettuccine-Salad_2.webp 750w, https:\/\/sentaiyuanbio.com\/wp-content\/uploads\/2024\/07\/Konnyaku-Fettuccine-Salad_2-300x188.webp 300w, https:\/\/sentaiyuanbio.com\/wp-content\/uploads\/2024\/07\/Konnyaku-Fettuccine-Salad_2-600x377.webp 600w\" sizes=\"(max-width: 750px) 100vw, 750px\" \/> <img decoding=\"async\" class=\"alignnone wp-image-5016 size-full\" title=\"Konnyaku-Fettuccine-Salat, Konjak-Salat\" src=\"https:\/\/sentaiyuanbio.com\/wp-content\/uploads\/2024\/07\/Konnyaku-Fettuccine-Salad_3.webp\" alt=\"Konnyaku-Fettuccine-Salat, Konjak-Salat\" width=\"750\" height=\"556\" srcset=\"https:\/\/sentaiyuanbio.com\/wp-content\/uploads\/2024\/07\/Konnyaku-Fettuccine-Salad_3.webp 750w, https:\/\/sentaiyuanbio.com\/wp-content\/uploads\/2024\/07\/Konnyaku-Fettuccine-Salad_3-300x222.webp 300w, https:\/\/sentaiyuanbio.com\/wp-content\/uploads\/2024\/07\/Konnyaku-Fettuccine-Salad_3-600x445.webp 600w\" sizes=\"(max-width: 750px) 100vw, 750px\" \/> <img loading=\"lazy\" decoding=\"async\" class=\"alignnone wp-image-5017 size-full\" title=\"Konnyaku-Fettuccine-Salat, Konjak-Salat\" src=\"https:\/\/sentaiyuanbio.com\/wp-content\/uploads\/2024\/07\/Konnyaku-Fettuccine-Salad_4.webp\" alt=\"Konnyaku-Fettuccine-Salat, Konjak-Salat\" width=\"750\" height=\"543\" srcset=\"https:\/\/sentaiyuanbio.com\/wp-content\/uploads\/2024\/07\/Konnyaku-Fettuccine-Salad_4.webp 750w, https:\/\/sentaiyuanbio.com\/wp-content\/uploads\/2024\/07\/Konnyaku-Fettuccine-Salad_4-300x217.webp 300w, https:\/\/sentaiyuanbio.com\/wp-content\/uploads\/2024\/07\/Konnyaku-Fettuccine-Salad_4-600x434.webp 600w\" sizes=\"(max-width: 750px) 100vw, 750px\" \/> <img loading=\"lazy\" decoding=\"async\" class=\"alignnone wp-image-5018 size-full\" title=\"Konnyaku-Fettuccine-Salat, Konjak-Salat\" src=\"https:\/\/sentaiyuanbio.com\/wp-content\/uploads\/2024\/07\/Konnyaku-Fettuccine-Salad_5.webp\" alt=\"Konnyaku-Fettuccine-Salat, Konjak-Salat\" width=\"750\" height=\"322\" srcset=\"https:\/\/sentaiyuanbio.com\/wp-content\/uploads\/2024\/07\/Konnyaku-Fettuccine-Salad_5.webp 750w, https:\/\/sentaiyuanbio.com\/wp-content\/uploads\/2024\/07\/Konnyaku-Fettuccine-Salad_5-300x129.webp 300w, https:\/\/sentaiyuanbio.com\/wp-content\/uploads\/2024\/07\/Konnyaku-Fettuccine-Salad_5-600x258.webp 600w\" sizes=\"(max-width: 750px) 100vw, 750px\" \/> <img loading=\"lazy\" decoding=\"async\" class=\"alignnone wp-image-5019 size-full\" title=\"Konnyaku-Fettuccine-Salat, Konjak-Salat\" src=\"https:\/\/sentaiyuanbio.com\/wp-content\/uploads\/2024\/07\/Konnyaku-Fettuccine-Salad_6.webp\" alt=\"Konnyaku-Fettuccine-Salat, Konjak-Salat\" width=\"750\" height=\"375\" srcset=\"https:\/\/sentaiyuanbio.com\/wp-content\/uploads\/2024\/07\/Konnyaku-Fettuccine-Salad_6.webp 750w, https:\/\/sentaiyuanbio.com\/wp-content\/uploads\/2024\/07\/Konnyaku-Fettuccine-Salad_6-300x150.webp 300w, https:\/\/sentaiyuanbio.com\/wp-content\/uploads\/2024\/07\/Konnyaku-Fettuccine-Salad_6-600x300.webp 600w\" sizes=\"(max-width: 750px) 100vw, 750px\" \/> <img loading=\"lazy\" decoding=\"async\" class=\"alignnone wp-image-5020 size-full\" title=\"Konnyaku-Fettuccine-Salat, Konjak-Salat\" src=\"https:\/\/sentaiyuanbio.com\/wp-content\/uploads\/2024\/07\/Konnyaku-Fettuccine-Salad_7.webp\" alt=\"Konnyaku-Fettuccine-Salat, Konjak-Salat\" width=\"750\" height=\"526\" srcset=\"https:\/\/sentaiyuanbio.com\/wp-content\/uploads\/2024\/07\/Konnyaku-Fettuccine-Salad_7.webp 750w, https:\/\/sentaiyuanbio.com\/wp-content\/uploads\/2024\/07\/Konnyaku-Fettuccine-Salad_7-300x210.webp 300w, https:\/\/sentaiyuanbio.com\/wp-content\/uploads\/2024\/07\/Konnyaku-Fettuccine-Salad_7-600x421.webp 600w\" sizes=\"(max-width: 750px) 100vw, 750px\" \/><\/p>","protected":false},"excerpt":{"rendered":"<p>Unser Konjak-Nudelsalat wird aus den l\u00f6slichen Ballaststoffen der Konnyaku-Wurzel hergestellt und ist mit nur 68 Kalorien pro Portion sehr kohlenhydrat- und kalorienarm. Fettuccine Konnyaku sind perfekt f\u00fcr Salate und haben eine \u00e4hnliche Textur wie Reisnudeln. Dieser leichte, gesunde, vegane und glutenfreie Salat besteht aus Shirataki-Nudeln und ist erfrischend mit k\u00f6stlichen Sesamsamen und Wasabi kombiniert.<\/p>","protected":false},"featured_media":5011,"template":"","meta":{"site-sidebar-layout":"default","site-content-layout":"","ast-site-content-layout":"default","site-content-style":"default","site-sidebar-style":"default","ast-global-header-display":"","ast-banner-title-visibility":"","ast-main-header-display":"","ast-hfb-above-header-display":"","ast-hfb-below-header-display":"","ast-hfb-mobile-header-display":"","site-post-title":"","ast-breadcrumbs-content":"","ast-featured-img":"","footer-sml-layout":"","ast-disable-related-posts":"","theme-transparent-header-meta":"default","adv-header-id-meta":"","stick-header-meta":"default","header-above-stick-meta":"","header-main-stick-meta":"","header-below-stick-meta":"","astra-migrate-meta-layouts":"set","ast-page-background-enabled":"default","ast-page-background-meta":{"desktop":{"background-color":"","background-image":"","background-repeat":"repeat","background-position":"center center","background-size":"auto","background-attachment":"scroll","background-type":"","background-media":"","overlay-type":"","overlay-color":"","overlay-opacity":"","overlay-gradient":""},"tablet":{"background-color":"","background-image":"","background-repeat":"repeat","background-position":"center center","background-size":"auto","background-attachment":"scroll","background-type":"","background-media":"","overlay-type":"","overlay-color":"","overlay-opacity":"","overlay-gradient":""},"mobile":{"background-color":"","background-image":"","background-repeat":"repeat","background-position":"center center","background-size":"auto","background-attachment":"scroll","background-type":"","background-media":"","overlay-type":"","overlay-color":"","overlay-opacity":"","overlay-gradient":""}},"ast-content-background-meta":{"desktop":{"background-color":"var(--ast-global-color-5)","background-image":"","background-repeat":"repeat","background-position":"center center","background-size":"auto","background-attachment":"scroll","background-type":"","background-media":"","overlay-type":"","overlay-color":"","overlay-opacity":"","overlay-gradient":""},"tablet":{"background-color":"var(--ast-global-color-5)","background-image":"","background-repeat":"repeat","background-position":"center center","background-size":"auto","background-attachment":"scroll","background-type":"","background-media":"","overlay-type":"","overlay-color":"","overlay-opacity":"","overlay-gradient":""},"mobile":{"background-color":"var(--ast-global-color-5)","background-image":"","background-repeat":"repeat","background-position":"center center","background-size":"auto","background-attachment":"scroll","background-type":"","background-media":"","overlay-type":"","overlay-color":"","overlay-opacity":"","overlay-gradient":""}}},"product_brand":[],"product_cat":[54],"product_tag":[32],"class_list":{"0":"post-2290","1":"product","2":"type-product","3":"status-publish","4":"has-post-thumbnail","6":"product_cat-shirataki-noodle-salad","7":"product_tag-konjac-pasta","8":"desktop-align-left","9":"tablet-align-left","10":"mobile-align-left","11":"ast-product-gallery-layout-horizontal-slider","12":"ast-product-tabs-layout-horizontal","14":"first","15":"instock","16":"shipping-taxable","17":"product-type-simple"},"_links":{"self":[{"href":"https:\/\/sentaiyuanbio.com\/de\/wp-json\/wp\/v2\/product\/2290","targetHints":{"allow":["GET"]}}],"collection":[{"href":"https:\/\/sentaiyuanbio.com\/de\/wp-json\/wp\/v2\/product"}],"about":[{"href":"https:\/\/sentaiyuanbio.com\/de\/wp-json\/wp\/v2\/types\/product"}],"version-history":[{"count":0,"href":"https:\/\/sentaiyuanbio.com\/de\/wp-json\/wp\/v2\/product\/2290\/revisions"}],"wp:featuredmedia":[{"embeddable":true,"href":"https:\/\/sentaiyuanbio.com\/de\/wp-json\/wp\/v2\/media\/5011"}],"wp:attachment":[{"href":"https:\/\/sentaiyuanbio.com\/de\/wp-json\/wp\/v2\/media?parent=2290"}],"wp:term":[{"taxonomy":"product_brand","embeddable":true,"href":"https:\/\/sentaiyuanbio.com\/de\/wp-json\/wp\/v2\/product_brand?post=2290"},{"taxonomy":"product_cat","embeddable":true,"href":"https:\/\/sentaiyuanbio.com\/de\/wp-json\/wp\/v2\/product_cat?post=2290"},{"taxonomy":"product_tag","embeddable":true,"href":"https:\/\/sentaiyuanbio.com\/de\/wp-json\/wp\/v2\/product_tag?post=2290"}],"curies":[{"name":"wp","href":"https:\/\/api.w.org\/{rel}","templated":true}]}}