{"id":2439,"date":"2024-07-16T03:31:04","date_gmt":"2024-07-16T03:31:04","guid":{"rendered":"https:\/\/sentaiyuanbio.com\/?post_type=product&#038;p=2439"},"modified":"2025-05-08T07:31:56","modified_gmt":"2025-05-08T07:31:56","slug":"shirataki-instantnudeln-tom-yum","status":"publish","type":"product","link":"https:\/\/sentaiyuanbio.com\/de\/produkt\/shirataki-instantnudeln-tom-yum\/","title":{"rendered":"Shirataki Instant-Nudeln mit Tom-Yum-Geschmack, Konnyaku-Yam-Nudeln"},"content":{"rendered":"<h2>Shirataki Instant-Nudeln Tom Yum Geschmacksbeschreibung:<\/h2>\n<p>Konnyaku \"Shirataki\"-Nudeln sind \u00e4u\u00dferst gesund, ballaststoffreich, kalorien- und cholesterinarm. Deshalb sind sie auch als \"Zero\"- oder \"Miracle\"-Nudeln bekannt.<\/p>\n<p>Shirataki-Nudeln sind auch als \"Konjac\"-, \"Konnyaku\"- oder \"Yam\"-Nudeln bekannt und haben eine leicht z\u00e4he Textur. Shirataki-Nudeln werden aus dem asiatischen Gem\u00fcse \"Konjac\" hergestellt und haben keinen Eigengeschmack - sie eignen sich daher hervorragend, um den Geschmack anderer Zutaten und So\u00dfen aufzusaugen. Gro\u00dfartig in Hotpots.<\/p>\n<p>Hier sind einige Merkmale und Eigenschaften:<\/p>\n<ul>\n<li>Kalorienarm<\/li>\n<li>Reich an Ballaststoffen<\/li>\n<li>Glutenfrei<\/li>\n<li>Gelatineartige Textur<\/li>\n<li>Praktisch geschmacksneutral<\/li>\n<li>Schnell und einfach zuzubereiten<\/li>\n<li>F\u00f6rdert das S\u00e4ttigungsgef\u00fchl<\/li>\n<li>Geeignet f\u00fcr verschiedene Di\u00e4tvorschriften<\/li>\n<li>Kann bei der Gewichtskontrolle helfen<\/li>\n<\/ul>\n<h2>Shirataki Instant-Nudeln mit Tom-Yum-Geschmack Zutaten:<\/h2>\n<p><strong>Sauce<\/strong>: Wasser, Wei\u00dfzucker, Pflanzen\u00f6l, Speisesalz, Knoblauch, Kokosnusspulver, Ingwer, Tomatenso\u00dfe, gebraute Sojaso\u00dfe, Zwiebel, gebrauter Essig, Hefeextrakt, Paprikapulver, Speiseessenz, Reiswein, rotes Paprikapulver, Zitronens\u00e4ure, Gew\u00fcrze (Ingwer, Zwiebel, Koriandersamen, Knoblauch), 5'-Aroma <a href=\"https:\/\/www.chemicalbook.com\/ChemicalProductProperty_EN_CB92083301.htm\" target=\"_blank\" rel=\"noopener\">Nukleotid-Dinatrium<\/a>, Currypulver.<\/p>\n<p><strong>Konnyaku-Nudeln<\/strong>: Wasser, <a href=\"https:\/\/sentaiyuanbio.com\/de\/produkt\/konjak-pulver\/\" target=\"_blank\" rel=\"noopener\">Konjak-Pulver<\/a>, Zitronens\u00e4ure.<\/p>\n<p><strong>Gem\u00fcse<\/strong>: Zwiebel, Karotte.<\/p>\n<p><b>Allergen: <\/b>Enth\u00e4lt Sojaprodukte.<\/p>\n<p><b>Nettogewicht: <\/b>30g(Sauce)+120g(Konjak-Nudeln)+2g(Gem\u00fcse)<\/p>\n<p><b>Haltbarkeitsdauer: <\/b>14 Monate<\/p>\n<p><b>Lagerung: <\/b>An einem k\u00fchlen und trockenen Ort aufbewahren. Von starkem Licht und Hitze fernhalten. Vor starkem Licht und Hitze sch\u00fctzen. Nach dem \u00d6ffnen gek\u00fchlt aufbewahren und innerhalb von 24 Stunden verbrauchen.<\/p>\n<h2>N\u00e4hrwertangaben f\u00fcr Shirataki-Sam-Nudeln<\/h2>\n<table border=\"1\" cellspacing=\"1\">\n<tbody>\n<tr>\n<td colspan=\"2\" align=\"center\">N\u00e4hrwertangaben(100g)<\/td>\n<\/tr>\n<tr>\n<td align=\"center\" width=\"284\"><b>Energie<\/b><\/td>\n<td align=\"center\" width=\"284\">25kcal<\/td>\n<\/tr>\n<tr>\n<td align=\"center\" width=\"284\"><b>Eiwei\u00df<\/b><\/td>\n<td align=\"center\" width=\"284\">0.41g<\/td>\n<\/tr>\n<tr>\n<td align=\"center\" width=\"284\"><b>Fett insgesamt<\/b><\/td>\n<td align=\"center\" width=\"284\">1.56g<\/td>\n<\/tr>\n<tr>\n<td align=\"center\" width=\"284\"><b>Kohlenhydrate insgesamt<\/b><\/td>\n<td align=\"center\" width=\"284\">3g<\/td>\n<\/tr>\n<tr>\n<td align=\"center\" width=\"284\"><b>Ballaststoffe<\/b><\/td>\n<td align=\"center\" width=\"284\">1.5g<\/td>\n<\/tr>\n<tr>\n<td align=\"center\" width=\"284\"><b>Natrium<\/b><\/td>\n<td align=\"center\" width=\"284\">550mg<\/td>\n<\/tr>\n<\/tbody>\n<\/table>\n<p><img fetchpriority=\"high\" decoding=\"async\" class=\"alignnone wp-image-3702 size-full\" src=\"https:\/\/sentaiyuanbio.com\/wp-content\/uploads\/2024\/07\/konnyaku-yam-noodles01.webp\" alt=\"Konnyaku-Sam-Nudeln\" width=\"750\" height=\"812\" srcset=\"https:\/\/sentaiyuanbio.com\/wp-content\/uploads\/2024\/07\/konnyaku-yam-noodles01.webp 750w, https:\/\/sentaiyuanbio.com\/wp-content\/uploads\/2024\/07\/konnyaku-yam-noodles01-277x300.webp 277w, https:\/\/sentaiyuanbio.com\/wp-content\/uploads\/2024\/07\/konnyaku-yam-noodles01-554x600.webp 554w, https:\/\/sentaiyuanbio.com\/wp-content\/uploads\/2024\/07\/konnyaku-yam-noodles01-600x650.webp 600w\" sizes=\"(max-width: 750px) 100vw, 750px\" \/><img decoding=\"async\" class=\"alignnone wp-image-3701 size-full\" src=\"https:\/\/sentaiyuanbio.com\/wp-content\/uploads\/2024\/07\/konnyaku-yam-noodles02.webp\" alt=\"Konnyaku-Sam-Nudeln\" width=\"750\" height=\"1147\" srcset=\"https:\/\/sentaiyuanbio.com\/wp-content\/uploads\/2024\/07\/konnyaku-yam-noodles02.webp 750w, https:\/\/sentaiyuanbio.com\/wp-content\/uploads\/2024\/07\/konnyaku-yam-noodles02-196x300.webp 196w, https:\/\/sentaiyuanbio.com\/wp-content\/uploads\/2024\/07\/konnyaku-yam-noodles02-670x1024.webp 670w, https:\/\/sentaiyuanbio.com\/wp-content\/uploads\/2024\/07\/konnyaku-yam-noodles02-392x600.webp 392w, https:\/\/sentaiyuanbio.com\/wp-content\/uploads\/2024\/07\/konnyaku-yam-noodles02-600x918.webp 600w\" sizes=\"(max-width: 750px) 100vw, 750px\" \/><img decoding=\"async\" class=\"alignnone wp-image-3700 size-full\" src=\"https:\/\/sentaiyuanbio.com\/wp-content\/uploads\/2024\/07\/konnyaku-yam-noodles04.webp\" alt=\"Konnyaku-Sam-Nudeln\" width=\"750\" height=\"471\" srcset=\"https:\/\/sentaiyuanbio.com\/wp-content\/uploads\/2024\/07\/konnyaku-yam-noodles04.webp 750w, https:\/\/sentaiyuanbio.com\/wp-content\/uploads\/2024\/07\/konnyaku-yam-noodles04-300x188.webp 300w, https:\/\/sentaiyuanbio.com\/wp-content\/uploads\/2024\/07\/konnyaku-yam-noodles04-600x377.webp 600w\" sizes=\"(max-width: 750px) 100vw, 750px\" \/><img loading=\"lazy\" decoding=\"async\" class=\"alignnone wp-image-3699 size-full\" src=\"https:\/\/sentaiyuanbio.com\/wp-content\/uploads\/2024\/07\/konnyaku-yam-noodles03.webp\" alt=\"Konnyaku-Sam-Nudeln\" width=\"750\" height=\"876\" srcset=\"https:\/\/sentaiyuanbio.com\/wp-content\/uploads\/2024\/07\/konnyaku-yam-noodles03.webp 750w, https:\/\/sentaiyuanbio.com\/wp-content\/uploads\/2024\/07\/konnyaku-yam-noodles03-257x300.webp 257w, https:\/\/sentaiyuanbio.com\/wp-content\/uploads\/2024\/07\/konnyaku-yam-noodles03-514x600.webp 514w, https:\/\/sentaiyuanbio.com\/wp-content\/uploads\/2024\/07\/konnyaku-yam-noodles03-600x701.webp 600w\" sizes=\"(max-width: 750px) 100vw, 750px\" \/><img loading=\"lazy\" decoding=\"async\" class=\"alignnone wp-image-2449 size-full\" src=\"https:\/\/sentaiyuanbio.com\/wp-content\/uploads\/2024\/07\/konnyaku-yam-noodles-5.jpg\" alt=\"Konnyaku-Sam-Nudeln\" width=\"750\" height=\"779\" srcset=\"https:\/\/sentaiyuanbio.com\/wp-content\/uploads\/2024\/07\/konnyaku-yam-noodles-5.jpg 750w, https:\/\/sentaiyuanbio.com\/wp-content\/uploads\/2024\/07\/konnyaku-yam-noodles-5-289x300.jpg 289w, https:\/\/sentaiyuanbio.com\/wp-content\/uploads\/2024\/07\/konnyaku-yam-noodles-5-578x600.jpg 578w, https:\/\/sentaiyuanbio.com\/wp-content\/uploads\/2024\/07\/konnyaku-yam-noodles-5-600x623.jpg 600w\" sizes=\"(max-width: 750px) 100vw, 750px\" \/><\/p>\n<h2>Shirataki Instant-Nudeln mit Tom-Yum-Geschmack Kochanleitung<\/h2>\n<p>1, Das Wasser aus der Packung abgie\u00dfen und den Inhalt des Nudelbeutels in die Tasse leeren.<\/p>\n<p>2, So\u00dfe und Gem\u00fcse hinzuf\u00fcgen, kaltes Wasser in die Wasserlinie gie\u00dfen und 2 Minuten lang in der Mikrowelle kochen (oder 120 g kochendes Wasser direkt einf\u00fcllen).<\/p>\n<p>3, Zum Servieren gut umr\u00fchren.<\/p>\n<p><a href=\"https:\/\/sentaiyuanbio.com\/wp-content\/uploads\/woocommerce_uploads\/2024\/07\/Specification-TOM-YUM-FLAVORwith-konjac-noodles-kboq0l.pdf\" target=\"_blank\" rel=\"noopener\"><b>Download TOM YUM FLAVOR(mit Konjaknudeln)<\/b><\/a><\/p>","protected":false},"excerpt":{"rendered":"<p>Shirataki Instant-Nudeln mit Tom-Yum-Geschmack, kalorienarm, kohlenhydratarm, nur 25 Kalorien pro Portion. Die glutenfreien Konnyaku-Yam-Nudeln, die aus der Wurzel der Konjak-Pflanze und Wasser hergestellt werden, k\u00f6nnen in nur 2 Minuten in der Mikrowelle zubereitet werden und sind eine praktische Alternative zu Fast Food.<\/p>","protected":false},"featured_media":4208,"template":"","meta":{"site-sidebar-layout":"default","site-content-layout":"","ast-site-content-layout":"default","site-content-style":"default","site-sidebar-style":"default","ast-global-header-display":"","ast-banner-title-visibility":"","ast-main-header-display":"","ast-hfb-above-header-display":"","ast-hfb-below-header-display":"","ast-hfb-mobile-header-display":"","site-post-title":"","ast-breadcrumbs-content":"","ast-featured-img":"","footer-sml-layout":"","ast-disable-related-posts":"","theme-transparent-header-meta":"default","adv-header-id-meta":"","stick-header-meta":"default","header-above-stick-meta":"","header-main-stick-meta":"","header-below-stick-meta":"","astra-migrate-meta-layouts":"set","ast-page-background-enabled":"default","ast-page-background-meta":{"desktop":{"background-color":"","background-image":"","background-repeat":"repeat","background-position":"center center","background-size":"auto","background-attachment":"scroll","background-type":"","background-media":"","overlay-type":"","overlay-color":"","overlay-opacity":"","overlay-gradient":""},"tablet":{"background-color":"","background-image":"","background-repeat":"repeat","background-position":"center center","background-size":"auto","background-attachment":"scroll","background-type":"","background-media":"","overlay-type":"","overlay-color":"","overlay-opacity":"","overlay-gradient":""},"mobile":{"background-color":"","background-image":"","background-repeat":"repeat","background-position":"center center","background-size":"auto","background-attachment":"scroll","background-type":"","background-media":"","overlay-type":"","overlay-color":"","overlay-opacity":"","overlay-gradient":""}},"ast-content-background-meta":{"desktop":{"background-color":"var(--ast-global-color-5)","background-image":"","background-repeat":"repeat","background-position":"center center","background-size":"auto","background-attachment":"scroll","background-type":"","background-media":"","overlay-type":"","overlay-color":"","overlay-opacity":"","overlay-gradient":""},"tablet":{"background-color":"var(--ast-global-color-5)","background-image":"","background-repeat":"repeat","background-position":"center center","background-size":"auto","background-attachment":"scroll","background-type":"","background-media":"","overlay-type":"","overlay-color":"","overlay-opacity":"","overlay-gradient":""},"mobile":{"background-color":"var(--ast-global-color-5)","background-image":"","background-repeat":"repeat","background-position":"center center","background-size":"auto","background-attachment":"scroll","background-type":"","background-media":"","overlay-type":"","overlay-color":"","overlay-opacity":"","overlay-gradient":""}}},"product_brand":[],"product_cat":[23],"product_tag":[40],"class_list":{"0":"post-2439","1":"product","2":"type-product","3":"status-publish","4":"has-post-thumbnail","6":"product_cat-instant-konjac-noodles","7":"product_tag-konjac-cup-noodles","8":"desktop-align-left","9":"tablet-align-left","10":"mobile-align-left","11":"ast-product-gallery-layout-horizontal-slider","12":"ast-product-tabs-layout-horizontal","14":"first","15":"instock","16":"shipping-taxable","17":"product-type-simple"},"_links":{"self":[{"href":"https:\/\/sentaiyuanbio.com\/de\/wp-json\/wp\/v2\/product\/2439","targetHints":{"allow":["GET"]}}],"collection":[{"href":"https:\/\/sentaiyuanbio.com\/de\/wp-json\/wp\/v2\/product"}],"about":[{"href":"https:\/\/sentaiyuanbio.com\/de\/wp-json\/wp\/v2\/types\/product"}],"version-history":[{"count":0,"href":"https:\/\/sentaiyuanbio.com\/de\/wp-json\/wp\/v2\/product\/2439\/revisions"}],"wp:featuredmedia":[{"embeddable":true,"href":"https:\/\/sentaiyuanbio.com\/de\/wp-json\/wp\/v2\/media\/4208"}],"wp:attachment":[{"href":"https:\/\/sentaiyuanbio.com\/de\/wp-json\/wp\/v2\/media?parent=2439"}],"wp:term":[{"taxonomy":"product_brand","embeddable":true,"href":"https:\/\/sentaiyuanbio.com\/de\/wp-json\/wp\/v2\/product_brand?post=2439"},{"taxonomy":"product_cat","embeddable":true,"href":"https:\/\/sentaiyuanbio.com\/de\/wp-json\/wp\/v2\/product_cat?post=2439"},{"taxonomy":"product_tag","embeddable":true,"href":"https:\/\/sentaiyuanbio.com\/de\/wp-json\/wp\/v2\/product_tag?post=2439"}],"curies":[{"name":"wp","href":"https:\/\/api.w.org\/{rel}","templated":true}]}}