{"id":2475,"date":"2024-07-16T09:08:53","date_gmt":"2024-07-16T09:08:53","guid":{"rendered":"https:\/\/sentaiyuanbio.com\/?post_type=product&#038;p=2475"},"modified":"2025-02-26T09:04:03","modified_gmt":"2025-02-26T09:04:03","slug":"kalorienfreie-konjak-shirataki-nudeln","status":"publish","type":"product","link":"https:\/\/sentaiyuanbio.com\/de\/produkt\/kalorienfreie-konjak-shirataki-nudeln\/","title":{"rendered":"Kalorienfreie Konjak-Shirataki-Nudeln mit Misogeschmack, beste Shirataki-Nudeln"},"content":{"rendered":"<h2>Konjak Shirataki-Nudeln Beschreibung<\/h2>\n<p>Konnyaku \"Shirataki\"-Nudeln sind \u00e4u\u00dferst gesund, ballaststoffreich, kalorien- und cholesterinarm. Deshalb sind sie auch als \"Zero\"- oder \"Miracle\"-Nudeln bekannt.<\/p>\n<p>Shirataki-Nudeln sind auch als \"Konjac\"-, \"Konnyaku\"- oder \"Yam\"-Nudeln bekannt und haben eine leicht z\u00e4he Textur. Shirataki-Nudeln werden aus dem asiatischen Gem\u00fcse \"Konjac\" hergestellt und haben keinen Eigengeschmack - sie eignen sich daher hervorragend, um den Geschmack anderer Zutaten und So\u00dfen aufzusaugen. Gro\u00dfartig in Hotpots.<\/p>\n<h2>Kalorienfreie Konjak-Shirataki-Nudeln mit Miso-Geschmack Zutaten:<\/h2>\n<p><strong>Sauce<\/strong>: Miso-Sauce (Wasser, Soja - nicht gentechnisch ver\u00e4ndert), Reis, Speisesalz, Speisealkohol), Wasser, wei\u00dfer Kristallzucker, Kunbu-Sauce (Wasser, getrockneter Seetang, Speisesalz), s\u00e4urehydrolysiertes pflanzliches Eiwei\u00df, Speisesalz, Geschmacksverst\u00e4rker (<a href=\"https:\/\/foodadditives.net\/flavor-enhancer\/disodium-5-ribonucleotides\/\" target=\"_blank\" rel=\"noopener\">Dinatrium-5'-Ribonukleotid<\/a>)<br \/>\n<strong>Beste Shirataki-Nudeln<\/strong>: Wasser, <a href=\"https:\/\/sentaiyuanbio.com\/de\/product-category\/konjak-ballaststoffe\/\" target=\"_blank\" rel=\"noopener\">Konjak-Pulver<\/a>, Zitronens\u00e4ure.<br \/>\n<strong>Gem\u00fcse<\/strong>: Zwiebel, Karotte.<br \/>\n<strong>Allergen<\/strong>: Enth\u00e4lt Sojaprodukte.<br \/>\n<strong>Nettogewicht<\/strong>: 40g(Sauce)+120g(Konjak Shirataki Nudeln)+2g(Gem\u00fcse)<br \/>\n<strong>Haltbarkeitsdauer<\/strong>: 14 Monate<br \/>\n<strong>Lagerung<\/strong>: An einem k\u00fchlen und trockenen Ort aufbewahren. Von starkem Licht und Hitze fernhalten. Vor starkem Licht und Hitze sch\u00fctzen. Nach dem \u00d6ffnen gek\u00fchlt aufbewahren und innerhalb von 24 Stunden verbrauchen.<\/p>\n<h2>Kalorienfreie Konjak-Shirataki-Nudeln mit Misogeschmack N\u00e4hrwertangaben<\/h2>\n<table border=\"1\" cellspacing=\"1\">\n<tbody>\n<tr>\n<td colspan=\"2\" align=\"center\">N\u00e4hrwertangaben(100g)<\/td>\n<\/tr>\n<tr>\n<td align=\"center\" width=\"284\"><b>Energie<\/b><\/td>\n<td align=\"center\" width=\"284\">20kcal<\/td>\n<\/tr>\n<tr>\n<td align=\"center\" width=\"284\"><b>Eiwei\u00df<\/b><\/td>\n<td align=\"center\" width=\"284\">1.2g<\/td>\n<\/tr>\n<tr>\n<td align=\"center\" width=\"284\"><b>Fett insgesamt<\/b><\/td>\n<td align=\"center\" width=\"284\">0.29g<\/td>\n<\/tr>\n<tr>\n<td align=\"center\" width=\"284\"><b>Kohlenhydrate insgesamt<\/b><\/td>\n<td align=\"center\" width=\"284\">3g<\/td>\n<\/tr>\n<tr>\n<td align=\"center\" width=\"284\"><b>Ballaststoffe<\/b><\/td>\n<td align=\"center\" width=\"284\">1g<\/td>\n<\/tr>\n<tr>\n<td align=\"center\" width=\"284\"><b>Natrium<\/b><\/td>\n<td align=\"center\" width=\"284\">660mg<\/td>\n<\/tr>\n<\/tbody>\n<\/table>\n<p><img fetchpriority=\"high\" decoding=\"async\" class=\"alignnone wp-image-3690 size-full\" src=\"https:\/\/sentaiyuanbio.com\/wp-content\/uploads\/2024\/07\/best-shirataki-noodles_01.webp\" alt=\"beste Shirataki-Nudeln\" width=\"750\" height=\"793\" srcset=\"https:\/\/sentaiyuanbio.com\/wp-content\/uploads\/2024\/07\/best-shirataki-noodles_01.webp 750w, https:\/\/sentaiyuanbio.com\/wp-content\/uploads\/2024\/07\/best-shirataki-noodles_01-284x300.webp 284w, https:\/\/sentaiyuanbio.com\/wp-content\/uploads\/2024\/07\/best-shirataki-noodles_01-567x600.webp 567w, https:\/\/sentaiyuanbio.com\/wp-content\/uploads\/2024\/07\/best-shirataki-noodles_01-600x634.webp 600w\" sizes=\"(max-width: 750px) 100vw, 750px\" \/><img decoding=\"async\" class=\"alignnone wp-image-3691 size-full\" src=\"https:\/\/sentaiyuanbio.com\/wp-content\/uploads\/2024\/07\/best-shirataki-noodles_02.webp\" alt=\"beste Shirataki-Nudeln\" width=\"750\" height=\"911\" srcset=\"https:\/\/sentaiyuanbio.com\/wp-content\/uploads\/2024\/07\/best-shirataki-noodles_02.webp 750w, https:\/\/sentaiyuanbio.com\/wp-content\/uploads\/2024\/07\/best-shirataki-noodles_02-247x300.webp 247w, https:\/\/sentaiyuanbio.com\/wp-content\/uploads\/2024\/07\/best-shirataki-noodles_02-494x600.webp 494w, https:\/\/sentaiyuanbio.com\/wp-content\/uploads\/2024\/07\/best-shirataki-noodles_02-600x729.webp 600w\" sizes=\"(max-width: 750px) 100vw, 750px\" \/><img decoding=\"async\" class=\"alignnone wp-image-2483 size-full\" src=\"https:\/\/sentaiyuanbio.com\/wp-content\/uploads\/2024\/07\/best-shirataki-noodles-3.jpg\" alt=\"beste Shirataki-Nudeln\" width=\"750\" height=\"1068\" srcset=\"https:\/\/sentaiyuanbio.com\/wp-content\/uploads\/2024\/07\/best-shirataki-noodles-3.jpg 750w, https:\/\/sentaiyuanbio.com\/wp-content\/uploads\/2024\/07\/best-shirataki-noodles-3-211x300.jpg 211w, https:\/\/sentaiyuanbio.com\/wp-content\/uploads\/2024\/07\/best-shirataki-noodles-3-719x1024.jpg 719w, https:\/\/sentaiyuanbio.com\/wp-content\/uploads\/2024\/07\/best-shirataki-noodles-3-421x600.jpg 421w, https:\/\/sentaiyuanbio.com\/wp-content\/uploads\/2024\/07\/best-shirataki-noodles-3-600x854.jpg 600w\" sizes=\"(max-width: 750px) 100vw, 750px\" \/><img loading=\"lazy\" decoding=\"async\" class=\"alignnone wp-image-3725 size-full\" src=\"https:\/\/sentaiyuanbio.com\/wp-content\/uploads\/2024\/07\/best-shirataki-noodles.webp\" alt=\"beste Shirataki-Nudeln\" width=\"750\" height=\"497\" srcset=\"https:\/\/sentaiyuanbio.com\/wp-content\/uploads\/2024\/07\/best-shirataki-noodles.webp 750w, https:\/\/sentaiyuanbio.com\/wp-content\/uploads\/2024\/07\/best-shirataki-noodles-300x199.webp 300w, https:\/\/sentaiyuanbio.com\/wp-content\/uploads\/2024\/07\/best-shirataki-noodles-600x398.webp 600w\" sizes=\"(max-width: 750px) 100vw, 750px\" \/><img loading=\"lazy\" decoding=\"async\" class=\"alignnone wp-image-2485 size-full\" src=\"https:\/\/sentaiyuanbio.com\/wp-content\/uploads\/2024\/07\/best-shirataki-noodles-5.jpg\" alt=\"beste Shirataki-Nudeln\" width=\"750\" height=\"821\" srcset=\"https:\/\/sentaiyuanbio.com\/wp-content\/uploads\/2024\/07\/best-shirataki-noodles-5.jpg 750w, https:\/\/sentaiyuanbio.com\/wp-content\/uploads\/2024\/07\/best-shirataki-noodles-5-274x300.jpg 274w, https:\/\/sentaiyuanbio.com\/wp-content\/uploads\/2024\/07\/best-shirataki-noodles-5-548x600.jpg 548w, https:\/\/sentaiyuanbio.com\/wp-content\/uploads\/2024\/07\/best-shirataki-noodles-5-600x657.jpg 600w\" sizes=\"(max-width: 750px) 100vw, 750px\" \/><\/p>\n<p><a href=\"https:\/\/sentaiyuanbio.com\/wp-content\/uploads\/woocommerce_uploads\/2024\/07\/Specification-MISO-FLAVORwith-konjac-noodles-1ichx0.pdf\" target=\"_blank\" rel=\"noopener\">Download SPEZIFIKATION -MISO FLAVOR (mit Konjak-Nudeln)<\/a><\/p>","protected":false},"excerpt":{"rendered":"<p>Kalorienfreie Konjak-Shirataki-Nudeln mit Miso-Geschmack sind eine Nudelart, die aus den Wurzeln des Konjaks hergestellt wird. Diese glutenfreien Nudeln sind reich an Ballaststoffen, haben aber wenig Kalorien und Kohlenhydrate.<br \/>\nSie k\u00f6nnen beim Abnehmen helfen und den Blutzucker verbessern. Der Hersteller Sentaiyuan Konjak stellt Shirataki-Nudeln her, indem er Konjakmehl aus Konjakwurzeln extrahiert.<\/p>","protected":false},"featured_media":4201,"template":"","meta":{"site-sidebar-layout":"default","site-content-layout":"","ast-site-content-layout":"default","site-content-style":"default","site-sidebar-style":"default","ast-global-header-display":"","ast-banner-title-visibility":"","ast-main-header-display":"","ast-hfb-above-header-display":"","ast-hfb-below-header-display":"","ast-hfb-mobile-header-display":"","site-post-title":"","ast-breadcrumbs-content":"","ast-featured-img":"","footer-sml-layout":"","ast-disable-related-posts":"","theme-transparent-header-meta":"default","adv-header-id-meta":"","stick-header-meta":"default","header-above-stick-meta":"","header-main-stick-meta":"","header-below-stick-meta":"","astra-migrate-meta-layouts":"set","ast-page-background-enabled":"default","ast-page-background-meta":{"desktop":{"background-color":"","background-image":"","background-repeat":"repeat","background-position":"center center","background-size":"auto","background-attachment":"scroll","background-type":"","background-media":"","overlay-type":"","overlay-color":"","overlay-opacity":"","overlay-gradient":""},"tablet":{"background-color":"","background-image":"","background-repeat":"repeat","background-position":"center center","background-size":"auto","background-attachment":"scroll","background-type":"","background-media":"","overlay-type":"","overlay-color":"","overlay-opacity":"","overlay-gradient":""},"mobile":{"background-color":"","background-image":"","background-repeat":"repeat","background-position":"center center","background-size":"auto","background-attachment":"scroll","background-type":"","background-media":"","overlay-type":"","overlay-color":"","overlay-opacity":"","overlay-gradient":""}},"ast-content-background-meta":{"desktop":{"background-color":"var(--ast-global-color-5)","background-image":"","background-repeat":"repeat","background-position":"center center","background-size":"auto","background-attachment":"scroll","background-type":"","background-media":"","overlay-type":"","overlay-color":"","overlay-opacity":"","overlay-gradient":""},"tablet":{"background-color":"var(--ast-global-color-5)","background-image":"","background-repeat":"repeat","background-position":"center center","background-size":"auto","background-attachment":"scroll","background-type":"","background-media":"","overlay-type":"","overlay-color":"","overlay-opacity":"","overlay-gradient":""},"mobile":{"background-color":"var(--ast-global-color-5)","background-image":"","background-repeat":"repeat","background-position":"center center","background-size":"auto","background-attachment":"scroll","background-type":"","background-media":"","overlay-type":"","overlay-color":"","overlay-opacity":"","overlay-gradient":""}}},"product_brand":[],"product_cat":[23],"product_tag":[40],"class_list":{"0":"post-2475","1":"product","2":"type-product","3":"status-publish","4":"has-post-thumbnail","6":"product_cat-instant-konjac-noodles","7":"product_tag-konjac-cup-noodles","8":"desktop-align-left","9":"tablet-align-left","10":"mobile-align-left","11":"ast-product-gallery-layout-horizontal-slider","12":"ast-product-tabs-layout-horizontal","14":"first","15":"instock","16":"downloadable","17":"shipping-taxable","18":"product-type-simple"},"_links":{"self":[{"href":"https:\/\/sentaiyuanbio.com\/de\/wp-json\/wp\/v2\/product\/2475","targetHints":{"allow":["GET"]}}],"collection":[{"href":"https:\/\/sentaiyuanbio.com\/de\/wp-json\/wp\/v2\/product"}],"about":[{"href":"https:\/\/sentaiyuanbio.com\/de\/wp-json\/wp\/v2\/types\/product"}],"version-history":[{"count":0,"href":"https:\/\/sentaiyuanbio.com\/de\/wp-json\/wp\/v2\/product\/2475\/revisions"}],"wp:featuredmedia":[{"embeddable":true,"href":"https:\/\/sentaiyuanbio.com\/de\/wp-json\/wp\/v2\/media\/4201"}],"wp:attachment":[{"href":"https:\/\/sentaiyuanbio.com\/de\/wp-json\/wp\/v2\/media?parent=2475"}],"wp:term":[{"taxonomy":"product_brand","embeddable":true,"href":"https:\/\/sentaiyuanbio.com\/de\/wp-json\/wp\/v2\/product_brand?post=2475"},{"taxonomy":"product_cat","embeddable":true,"href":"https:\/\/sentaiyuanbio.com\/de\/wp-json\/wp\/v2\/product_cat?post=2475"},{"taxonomy":"product_tag","embeddable":true,"href":"https:\/\/sentaiyuanbio.com\/de\/wp-json\/wp\/v2\/product_tag?post=2475"}],"curies":[{"name":"wp","href":"https:\/\/api.w.org\/{rel}","templated":true}]}}