{"id":2489,"date":"2024-07-17T03:52:40","date_gmt":"2024-07-17T03:52:40","guid":{"rendered":"https:\/\/sentaiyuanbio.com\/?post_type=product&#038;p=2489"},"modified":"2025-02-26T09:00:50","modified_gmt":"2025-02-26T09:00:50","slug":"konnyaku-shirataki-instant-nudeln","status":"publish","type":"product","link":"https:\/\/sentaiyuanbio.com\/de\/produkt\/konnyaku-shirataki-instant-nudeln\/","title":{"rendered":"Konnyaku Shirataki Instant-Nudeln mit Kimchi-Geschmack auf Chinesisch"},"content":{"rendered":"<h2>Konnyaku Shirataki Instant-Nudeln Beschreibung<\/h2>\n<p>Konnyaku \"Shirataki\"-Nudeln sind unglaublich nahrhaft, enthalten viele Ballaststoffe, haben wenig Kalorien und wenig Cholesterin. Deshalb werden sie auch \"Zero\"- oder \"Miracle\"-Nudeln genannt.<br \/>\nShirataki-Nudeln, auch bekannt als \"Konjac\"-, \"Konnyaku\"- oder \"Yam\"-Nudeln, haben eine leicht z\u00e4he Textur. Shirataki-Nudeln werden aus einem asiatischen Gem\u00fcse namens \"Konjac\" hergestellt und haben wenig Eigengeschmack, so dass sie ideal sind, um den Geschmack von anderen Speisen und So\u00dfen aufzusaugen. Hervorragend geeignet f\u00fcr Kocht\u00f6pfe.<\/p>\n<p><strong>Hier sind einige Merkmale und Eigenschaften:<\/strong><\/p>\n<ul>\n<li>Kalorienarm<\/li>\n<li>Wenig Kohlenhydrate<\/li>\n<li>Reich an Ballaststoffen<\/li>\n<li>Glutenfrei<\/li>\n<li>Gelatineartige Textur<\/li>\n<li>Praktisch geschmacksneutral<\/li>\n<li>Schnell und einfach zuzubereiten<\/li>\n<li>F\u00f6rdert das S\u00e4ttigungsgef\u00fchl<\/li>\n<li>Geeignet f\u00fcr verschiedene Di\u00e4tvorschriften<\/li>\n<li>Kann bei der Gewichtskontrolle helfen<\/li>\n<\/ul>\n<h2>Konnyaku Shirataki Instant-Nudeln mit Kimchi-Geschmack Zutaten:<\/h2>\n<p><strong>Sauce<\/strong>: Wasser, Glukosesirup, Chilisauce (Pfeffer, Speisesalz), Knoblauch, Speiseessenz, Pflanzen\u00f6l, wei\u00dfer Kristallzucker, Speisesalz, Tomatensauce, Hefeextrakt, Verdickungsmittel (acetyliertes Doppelst\u00e4rkeadipat), Gew\u00fcrze, Geschmacksverst\u00e4rker (5'-aromatisiertes Dinatriumnukleotid), <a href=\"https:\/\/www.eufic.org\/en\/whats-in-food\/article\/acidity-regulators-the-multi-task-players\" target=\"_blank\" rel=\"noopener\">S\u00e4ureregulator<\/a> (Zitronens\u00e4ure).<br \/>\n<strong>Shirataki-Nudeln<\/strong>: Wasser, <a href=\"https:\/\/sentaiyuanbio.com\/de\/product-category\/konjak-ballaststoffe\/\" target=\"_blank\" rel=\"noopener\">Konjak-Pulver<\/a>, Zitronens\u00e4ure.<br \/>\n<strong>Gem\u00fcse<\/strong>: Zwiebel, Karotte. Allergene: Enth\u00e4lt Sojaprodukte.<br \/>\n<strong>Nettogewicht<\/strong>: 40g(So\u00dfe)+120g(Konjak-Nudeln)+2g(Gem\u00fcse)<br \/>\n<strong>Haltbarkeitsdauer<\/strong>: 14 Monate<br \/>\n<strong>Lagerung<\/strong>: An einem k\u00fchlen und trockenen Ort aufbewahren. Von starkem Licht und Hitze fernhalten. Vor starkem Licht und Hitze sch\u00fctzen. Nach dem \u00d6ffnen gek\u00fchlt aufbewahren und innerhalb von 24 Stunden verbrauchen.<\/p>\n<h2>Konnyaku Shirataki Instant-Nudeln mit Kimchi-Geschmack N\u00e4hrwertangaben:<\/h2>\n<table border=\"1\" cellspacing=\"1\">\n<tbody>\n<tr>\n<td colspan=\"2\" align=\"center\">N\u00e4hrwertangaben(100g)<\/td>\n<\/tr>\n<tr>\n<td align=\"center\" width=\"284\"><b>Energie<\/b><\/td>\n<td align=\"center\" width=\"284\">25kcal<\/td>\n<\/tr>\n<tr>\n<td align=\"center\" width=\"284\"><b>Eiwei\u00df<\/b><\/td>\n<td align=\"center\" width=\"284\">0.29g<\/td>\n<\/tr>\n<tr>\n<td align=\"center\" width=\"284\"><b>Fett insgesamt<\/b><\/td>\n<td align=\"center\" width=\"284\">0.5g<\/td>\n<\/tr>\n<tr>\n<td align=\"center\" width=\"284\"><b>Kohlenhydrate insgesamt<\/b><\/td>\n<td align=\"center\" width=\"284\">5g<\/td>\n<\/tr>\n<tr>\n<td align=\"center\" width=\"284\"><b>Ballaststoffe<\/b><\/td>\n<td align=\"center\" width=\"284\">1g<\/td>\n<\/tr>\n<tr>\n<td align=\"center\" width=\"284\"><b>Natrium<\/b><\/td>\n<td align=\"center\" width=\"284\">680mg<\/td>\n<\/tr>\n<\/tbody>\n<\/table>\n<h2><a href=\"https:\/\/sentaiyuanbio.com\/wp-content\/uploads\/woocommerce_uploads\/2024\/07\/Specification-KIMCHI-FLAVORwith-konjac-noodles-74mje3.pdf\" target=\"_blank\" rel=\"noopener\">Download SPEZIFIKATION - SIMCHI FLAVOR (mit Konjaknudeln)<\/a><\/h2>\n<p><!--more--><\/p>\n<p><img fetchpriority=\"high\" decoding=\"async\" class=\"alignnone wp-image-3722 size-full\" src=\"https:\/\/sentaiyuanbio.com\/wp-content\/uploads\/2024\/07\/Shirataki-noodles-in-Chinese1.webp\" alt=\"Shirataki-Nudeln auf Chinesisch\" width=\"750\" height=\"778\" srcset=\"https:\/\/sentaiyuanbio.com\/wp-content\/uploads\/2024\/07\/Shirataki-noodles-in-Chinese1.webp 750w, https:\/\/sentaiyuanbio.com\/wp-content\/uploads\/2024\/07\/Shirataki-noodles-in-Chinese1-289x300.webp 289w, https:\/\/sentaiyuanbio.com\/wp-content\/uploads\/2024\/07\/Shirataki-noodles-in-Chinese1-578x600.webp 578w, https:\/\/sentaiyuanbio.com\/wp-content\/uploads\/2024\/07\/Shirataki-noodles-in-Chinese1-600x622.webp 600w\" sizes=\"(max-width: 750px) 100vw, 750px\" \/> <img decoding=\"async\" class=\"alignnone wp-image-3721 size-full\" src=\"https:\/\/sentaiyuanbio.com\/wp-content\/uploads\/2024\/07\/Shirataki-noodles-in-Chinese2.webp\" alt=\"Shirataki-Nudeln auf Chinesisch\" width=\"750\" height=\"798\" srcset=\"https:\/\/sentaiyuanbio.com\/wp-content\/uploads\/2024\/07\/Shirataki-noodles-in-Chinese2.webp 750w, https:\/\/sentaiyuanbio.com\/wp-content\/uploads\/2024\/07\/Shirataki-noodles-in-Chinese2-282x300.webp 282w, https:\/\/sentaiyuanbio.com\/wp-content\/uploads\/2024\/07\/Shirataki-noodles-in-Chinese2-564x600.webp 564w, https:\/\/sentaiyuanbio.com\/wp-content\/uploads\/2024\/07\/Shirataki-noodles-in-Chinese2-600x638.webp 600w\" sizes=\"(max-width: 750px) 100vw, 750px\" \/> <img decoding=\"async\" class=\"alignnone wp-image-3723 size-full\" src=\"https:\/\/sentaiyuanbio.com\/wp-content\/uploads\/2024\/07\/Shirataki-noodles-in-Chinese4.webp\" alt=\"Shirataki-Nudeln auf Chinesisch\" width=\"750\" height=\"817\" srcset=\"https:\/\/sentaiyuanbio.com\/wp-content\/uploads\/2024\/07\/Shirataki-noodles-in-Chinese4.webp 750w, https:\/\/sentaiyuanbio.com\/wp-content\/uploads\/2024\/07\/Shirataki-noodles-in-Chinese4-275x300.webp 275w, https:\/\/sentaiyuanbio.com\/wp-content\/uploads\/2024\/07\/Shirataki-noodles-in-Chinese4-551x600.webp 551w, https:\/\/sentaiyuanbio.com\/wp-content\/uploads\/2024\/07\/Shirataki-noodles-in-Chinese4-600x654.webp 600w\" sizes=\"(max-width: 750px) 100vw, 750px\" \/> <img loading=\"lazy\" decoding=\"async\" class=\"alignnone wp-image-3724 size-full\" src=\"https:\/\/sentaiyuanbio.com\/wp-content\/uploads\/2024\/07\/Shirataki-noodles-in-Chinese3.webp\" alt=\"Shirataki-Nudeln auf Chinesisch\" width=\"750\" height=\"437\" srcset=\"https:\/\/sentaiyuanbio.com\/wp-content\/uploads\/2024\/07\/Shirataki-noodles-in-Chinese3.webp 750w, https:\/\/sentaiyuanbio.com\/wp-content\/uploads\/2024\/07\/Shirataki-noodles-in-Chinese3-300x175.webp 300w, https:\/\/sentaiyuanbio.com\/wp-content\/uploads\/2024\/07\/Shirataki-noodles-in-Chinese3-600x350.webp 600w\" sizes=\"(max-width: 750px) 100vw, 750px\" \/><img loading=\"lazy\" decoding=\"async\" class=\"alignnone wp-image-2499 size-full\" src=\"https:\/\/sentaiyuanbio.com\/wp-content\/uploads\/2024\/07\/Shirataki-noodles-in-Chinese-5.jpg\" alt=\"Shirataki-Nudeln auf Chinesisch\" width=\"750\" height=\"779\" srcset=\"https:\/\/sentaiyuanbio.com\/wp-content\/uploads\/2024\/07\/Shirataki-noodles-in-Chinese-5.jpg 750w, https:\/\/sentaiyuanbio.com\/wp-content\/uploads\/2024\/07\/Shirataki-noodles-in-Chinese-5-289x300.jpg 289w, https:\/\/sentaiyuanbio.com\/wp-content\/uploads\/2024\/07\/Shirataki-noodles-in-Chinese-5-578x600.jpg 578w, https:\/\/sentaiyuanbio.com\/wp-content\/uploads\/2024\/07\/Shirataki-noodles-in-Chinese-5-600x623.jpg 600w\" sizes=\"(max-width: 750px) 100vw, 750px\" \/><\/p>","protected":false},"excerpt":{"rendered":"<p>Konnyaku Shirataki Instant-Nudeln mit Kimchi-Geschmack, auch bekannt als Shirataki-Nudeln. Shirataki-Nudeln auf Chinesisch sind keto, kohlenhydratarm, kalorienarm (25Kcal\/100g), glutenfrei, pflanzlich, reich an Ballaststoffen und mehreren Aminos\u00e4uren. Konjak-Nudeln sind kalorienarm, ohne Zusatzstoffe, ohne Fett und ohne Cholesterin! Shirataki Instant-Nudeln machen das Kochen bequemer und effizienter.<\/p>","protected":false},"featured_media":4194,"template":"","meta":{"site-sidebar-layout":"default","site-content-layout":"","ast-site-content-layout":"default","site-content-style":"default","site-sidebar-style":"default","ast-global-header-display":"","ast-banner-title-visibility":"","ast-main-header-display":"","ast-hfb-above-header-display":"","ast-hfb-below-header-display":"","ast-hfb-mobile-header-display":"","site-post-title":"","ast-breadcrumbs-content":"","ast-featured-img":"","footer-sml-layout":"","ast-disable-related-posts":"","theme-transparent-header-meta":"default","adv-header-id-meta":"","stick-header-meta":"default","header-above-stick-meta":"","header-main-stick-meta":"","header-below-stick-meta":"","astra-migrate-meta-layouts":"set","ast-page-background-enabled":"default","ast-page-background-meta":{"desktop":{"background-color":"","background-image":"","background-repeat":"repeat","background-position":"center center","background-size":"auto","background-attachment":"scroll","background-type":"","background-media":"","overlay-type":"","overlay-color":"","overlay-opacity":"","overlay-gradient":""},"tablet":{"background-color":"","background-image":"","background-repeat":"repeat","background-position":"center center","background-size":"auto","background-attachment":"scroll","background-type":"","background-media":"","overlay-type":"","overlay-color":"","overlay-opacity":"","overlay-gradient":""},"mobile":{"background-color":"","background-image":"","background-repeat":"repeat","background-position":"center center","background-size":"auto","background-attachment":"scroll","background-type":"","background-media":"","overlay-type":"","overlay-color":"","overlay-opacity":"","overlay-gradient":""}},"ast-content-background-meta":{"desktop":{"background-color":"var(--ast-global-color-5)","background-image":"","background-repeat":"repeat","background-position":"center center","background-size":"auto","background-attachment":"scroll","background-type":"","background-media":"","overlay-type":"","overlay-color":"","overlay-opacity":"","overlay-gradient":""},"tablet":{"background-color":"var(--ast-global-color-5)","background-image":"","background-repeat":"repeat","background-position":"center center","background-size":"auto","background-attachment":"scroll","background-type":"","background-media":"","overlay-type":"","overlay-color":"","overlay-opacity":"","overlay-gradient":""},"mobile":{"background-color":"var(--ast-global-color-5)","background-image":"","background-repeat":"repeat","background-position":"center center","background-size":"auto","background-attachment":"scroll","background-type":"","background-media":"","overlay-type":"","overlay-color":"","overlay-opacity":"","overlay-gradient":""}}},"product_brand":[],"product_cat":[23],"product_tag":[40],"class_list":{"0":"post-2489","1":"product","2":"type-product","3":"status-publish","4":"has-post-thumbnail","6":"product_cat-instant-konjac-noodles","7":"product_tag-konjac-cup-noodles","8":"desktop-align-left","9":"tablet-align-left","10":"mobile-align-left","11":"ast-product-gallery-layout-horizontal-slider","12":"ast-product-tabs-layout-horizontal","14":"first","15":"instock","16":"downloadable","17":"shipping-taxable","18":"product-type-simple"},"_links":{"self":[{"href":"https:\/\/sentaiyuanbio.com\/de\/wp-json\/wp\/v2\/product\/2489","targetHints":{"allow":["GET"]}}],"collection":[{"href":"https:\/\/sentaiyuanbio.com\/de\/wp-json\/wp\/v2\/product"}],"about":[{"href":"https:\/\/sentaiyuanbio.com\/de\/wp-json\/wp\/v2\/types\/product"}],"version-history":[{"count":0,"href":"https:\/\/sentaiyuanbio.com\/de\/wp-json\/wp\/v2\/product\/2489\/revisions"}],"wp:featuredmedia":[{"embeddable":true,"href":"https:\/\/sentaiyuanbio.com\/de\/wp-json\/wp\/v2\/media\/4194"}],"wp:attachment":[{"href":"https:\/\/sentaiyuanbio.com\/de\/wp-json\/wp\/v2\/media?parent=2489"}],"wp:term":[{"taxonomy":"product_brand","embeddable":true,"href":"https:\/\/sentaiyuanbio.com\/de\/wp-json\/wp\/v2\/product_brand?post=2489"},{"taxonomy":"product_cat","embeddable":true,"href":"https:\/\/sentaiyuanbio.com\/de\/wp-json\/wp\/v2\/product_cat?post=2489"},{"taxonomy":"product_tag","embeddable":true,"href":"https:\/\/sentaiyuanbio.com\/de\/wp-json\/wp\/v2\/product_tag?post=2489"}],"curies":[{"name":"wp","href":"https:\/\/api.w.org\/{rel}","templated":true}]}}