{"id":2521,"date":"2024-07-22T07:18:27","date_gmt":"2024-07-22T07:18:27","guid":{"rendered":"https:\/\/sentaiyuanbio.com\/?post_type=product&#038;p=2521"},"modified":"2025-10-23T08:08:16","modified_gmt":"2025-10-23T08:08:16","slug":"nudeln-aus-konjak-sojabohnen","status":"publish","type":"product","link":"https:\/\/sentaiyuanbio.com\/de\/produkt\/nudeln-aus-konjak-sojabohnen\/","title":{"rendered":"Konjac-Kichererbsen-Nudeln mit hohem Proteingehalt, Konjac-Nudeln 43g Protein\/100g"},"content":{"rendered":"<h2>Konjac-Kichererbsen-Nudeln Zutaten:<\/h2>\n<p>Vitales Weizengluten, Erbsenproteinpulver, Weizenmehl, Kichererbsenmehl, Buchweizenmehl, Erbsenfaserpulver, Tapiokast\u00e4rke, <a href=\"https:\/\/sentaiyuanbio.com\/de\/product-category\/konjak-ballaststoffe\/\" target=\"_blank\" rel=\"noopener\">Konjak-Pulver<\/a>, Xanthangummi (Stabilisator, E 415), Natriumcarbonat (<a href=\"https:\/\/www.specialtyfoodingredients.eu\/ingredients_cat\/acidity-regulators\/\" target=\"_blank\" rel=\"noopener\">S\u00e4ureregulator<\/a>, E 500).<\/p>\n<table border=\"1\" cellspacing=\"1\">\n<tbody>\n<tr>\n<td width=\"284\"><b>Artikel<\/b><\/td>\n<td width=\"284\">%<\/td>\n<\/tr>\n<tr>\n<td width=\"284\"><strong>Vitales Weizengluten<\/strong><\/td>\n<td width=\"284\">39.5<\/td>\n<\/tr>\n<tr>\n<td width=\"284\"><b>Weizenmehl<\/b><\/td>\n<td width=\"284\">18.5<\/td>\n<\/tr>\n<tr>\n<td width=\"284\"><b>Erbsenprotein-Pulver<\/b><\/td>\n<td width=\"284\">18.5<\/td>\n<\/tr>\n<tr>\n<td width=\"284\"><b>Erbsenfaser-Pulver<\/b><\/td>\n<td width=\"284\">6.5<\/td>\n<\/tr>\n<tr>\n<td width=\"284\"><strong>Kichererbsenmehl<\/strong><\/td>\n<td width=\"284\">6.2<\/td>\n<\/tr>\n<tr>\n<td width=\"284\"><strong>Buchweizenmehl<\/strong><\/td>\n<td width=\"284\">5<\/td>\n<\/tr>\n<tr>\n<td width=\"284\"><strong>Tapiokast\u00e4rke<\/strong><\/td>\n<td width=\"284\">4.5<\/td>\n<\/tr>\n<tr>\n<td width=\"284\"><strong>Xanthangummi<\/strong><\/td>\n<td width=\"284\">0.6<\/td>\n<\/tr>\n<tr>\n<td width=\"284\"><b>Konjak-Pulver<\/b><\/td>\n<td width=\"284\">0.5<\/td>\n<\/tr>\n<tr>\n<td width=\"284\"><b>Natriumkarbonat<\/b><\/td>\n<td width=\"284\">0.2<\/td>\n<\/tr>\n<tr>\n<td width=\"284\"><b>Salz<\/b><\/td>\n<td width=\"284\">1<\/td>\n<\/tr>\n<\/tbody>\n<\/table>\n<h2>Konjac-Kichererbsen-Nudeln Ern\u00e4hrung:<\/h2>\n<table border=\"1\">\n<tbody>\n<tr>\n<td width=\"100\"><b>N\u00e4hrwertangaben<\/b><\/td>\n<td width=\"100\">Pro Portion (100g)<\/td>\n<td width=\"100\">Pro Portion (40g)<\/td>\n<\/tr>\n<tr>\n<td width=\"100\"><b>Energie<\/b><\/td>\n<td width=\"100\">344Kcal<\/td>\n<td width=\"100\">141.6Kcal<\/td>\n<\/tr>\n<tr>\n<td width=\"100\"><b>Eiwei\u00df<\/b><\/td>\n<td width=\"100\">43g<\/td>\n<td width=\"100\">20g<\/td>\n<\/tr>\n<tr>\n<td width=\"100\"><b>Fett gesamt<\/b><\/td>\n<td width=\"100\">0.3g<\/td>\n<td width=\"100\">0.12g<\/td>\n<\/tr>\n<tr>\n<td width=\"100\"><b>Kohlenhydrate insgesamt<\/b><\/td>\n<td width=\"100\">32g<\/td>\n<td width=\"100\">12g<\/td>\n<\/tr>\n<tr>\n<td width=\"100\"><b>Ballaststoffe<\/b><\/td>\n<td width=\"100\">4.6g<\/td>\n<td width=\"100\">1.84g<\/td>\n<\/tr>\n<tr>\n<td width=\"100\"><b>Natrium<\/b><\/td>\n<td width=\"100\">308mg<\/td>\n<td width=\"100\">78,8mg<\/td>\n<\/tr>\n<\/tbody>\n<\/table>\n<p><strong>Enth\u00e4lt<\/strong>: Weizenglutenprodukte.<br \/>\n<strong>Lagerung<\/strong>: An einem k\u00fchlen, trockenen Ort aufbewahren. Von Licht und Hitze fernhalten.<\/p>\n<h2>Warum Kichererbsen?<\/h2>\n<p>Kichererbsen sind reich an pflanzlichem Eiwei\u00df. Pro 100 Gramm getrockneter Kichererbsen betr\u00e4gt der Proteingehalt 21,2 Gramm - etwa siebenmal so viel wie eine entsprechende Menge Milch. Er \u00fcbertrifft sogar Rindfleisch (20 Gramm) und Krabben (18,2 Gramm), was Kichererbsen zu einem direkten Ersatz f\u00fcr Fleisch in der t\u00e4glichen Ern\u00e4hrung macht.<\/p>\n<p>Der Kalziumgehalt von Kichererbsen ist besonders beeindruckend und kann es mit anderen kalziumreichen Lebensmitteln aufnehmen! Pro 100 Gramm enthalten Kichererbsen beachtliche 150 Milligramm Kalzium - das ist etwa das 1,5-fache der Menge, die in einer gleich gro\u00dfen Menge normaler Milch enthalten ist.<\/p>\n<p>Kichererbsen enthalten etwa siebenmal mehr Ballaststoffe als Spinat (nach Gewicht)! Ihr Eiwei\u00df ist au\u00dferdem reich an verschiedenen Aminos\u00e4uren, darunter alle acht essenziellen Aminos\u00e4uren, die der menschliche K\u00f6rper nicht selbst synthetisieren kann.<\/p>\n<h2>Warum Konjak?<\/h2>\n<p>Die nat\u00fcrlichen Vorteile von Konjak-Lebensmitteln (z. B. glutenfrei, kohlenhydratarm, kalorienarm, diabetikerfreundlich usw.) tragen dazu bei, dass ein gesunder Lebensstil f\u00fcr jedermann zug\u00e4nglich ist.<\/p>\n<p><img fetchpriority=\"high\" decoding=\"async\" class=\"alignnone wp-image-5312 size-full\" src=\"https:\/\/sentaiyuanbio.com\/wp-content\/uploads\/2024\/07\/high-protein-konjac-pasta.webp\" alt=\"eiwei\u00dfreiche Konjak-Nudeln\" width=\"750\" height=\"626\" srcset=\"https:\/\/sentaiyuanbio.com\/wp-content\/uploads\/2024\/07\/high-protein-konjac-pasta.webp 750w, https:\/\/sentaiyuanbio.com\/wp-content\/uploads\/2024\/07\/high-protein-konjac-pasta-300x250.webp 300w, https:\/\/sentaiyuanbio.com\/wp-content\/uploads\/2024\/07\/high-protein-konjac-pasta-14x12.webp 14w, https:\/\/sentaiyuanbio.com\/wp-content\/uploads\/2024\/07\/high-protein-konjac-pasta-600x501.webp 600w\" sizes=\"(max-width: 750px) 100vw, 750px\" \/>\u00a0<img decoding=\"async\" class=\"alignnone wp-image-3641 size-full\" src=\"https:\/\/sentaiyuanbio.com\/wp-content\/uploads\/2024\/07\/high-protein-konjac-pasta2.webp\" alt=\"eiwei\u00dfreiche Konjak-Nudeln\" width=\"750\" height=\"637\" srcset=\"https:\/\/sentaiyuanbio.com\/wp-content\/uploads\/2024\/07\/high-protein-konjac-pasta2.webp 750w, https:\/\/sentaiyuanbio.com\/wp-content\/uploads\/2024\/07\/high-protein-konjac-pasta2-300x255.webp 300w, https:\/\/sentaiyuanbio.com\/wp-content\/uploads\/2024\/07\/high-protein-konjac-pasta2-600x510.webp 600w\" sizes=\"(max-width: 750px) 100vw, 750px\" \/> <img decoding=\"async\" class=\"alignnone wp-image-3642 size-full\" src=\"https:\/\/sentaiyuanbio.com\/wp-content\/uploads\/2024\/07\/high-protein-konjac-pasta3.webp\" alt=\"eiwei\u00dfreiche Konjak-Nudeln\" width=\"750\" height=\"713\" srcset=\"https:\/\/sentaiyuanbio.com\/wp-content\/uploads\/2024\/07\/high-protein-konjac-pasta3.webp 750w, https:\/\/sentaiyuanbio.com\/wp-content\/uploads\/2024\/07\/high-protein-konjac-pasta3-300x285.webp 300w, https:\/\/sentaiyuanbio.com\/wp-content\/uploads\/2024\/07\/high-protein-konjac-pasta3-600x570.webp 600w\" sizes=\"(max-width: 750px) 100vw, 750px\" \/>\u00a0<img loading=\"lazy\" decoding=\"async\" class=\"alignnone wp-image-5311 size-full\" src=\"https:\/\/sentaiyuanbio.com\/wp-content\/uploads\/2024\/07\/Konjac-chickpea-pasta.webp\" alt=\"Konjak-Kichererbsen-Nudeln\" width=\"750\" height=\"543\" srcset=\"https:\/\/sentaiyuanbio.com\/wp-content\/uploads\/2024\/07\/Konjac-chickpea-pasta.webp 750w, https:\/\/sentaiyuanbio.com\/wp-content\/uploads\/2024\/07\/Konjac-chickpea-pasta-300x217.webp 300w, https:\/\/sentaiyuanbio.com\/wp-content\/uploads\/2024\/07\/Konjac-chickpea-pasta-18x12.webp 18w, https:\/\/sentaiyuanbio.com\/wp-content\/uploads\/2024\/07\/Konjac-chickpea-pasta-600x434.webp 600w\" sizes=\"(max-width: 750px) 100vw, 750px\" \/><\/p>","protected":false},"excerpt":{"rendered":"<p>Sind Sie auf der Suche nach Konjac-Nudeln mit hohem Proteingehalt? Unsere kohlenhydratarmen, fettarmen, ketofreundlichen, glutenfreien Konjac-Kichererbsen-Nudeln mit hohem Proteingehalt werden aus Konjac hergestellt. 43 g Eiwei\u00df pro Portion, perfekt f\u00fcr Fitnessmenschen. Sentaiyuan ist ein Unternehmen, das Konjac-Nahrungsmittel herstellt und vertreibt und \u00fcber mehr als 30 Jahre Erfahrung verf\u00fcgt. Unsere Konjac Nudeln MOQ ist so niedrig wie 100 Kartons!<\/p>","protected":false},"featured_media":4111,"template":"","meta":{"site-sidebar-layout":"default","site-content-layout":"","ast-site-content-layout":"default","site-content-style":"default","site-sidebar-style":"default","ast-global-header-display":"","ast-banner-title-visibility":"","ast-main-header-display":"","ast-hfb-above-header-display":"","ast-hfb-below-header-display":"","ast-hfb-mobile-header-display":"","site-post-title":"","ast-breadcrumbs-content":"","ast-featured-img":"","footer-sml-layout":"","ast-disable-related-posts":"","theme-transparent-header-meta":"default","adv-header-id-meta":"","stick-header-meta":"default","header-above-stick-meta":"","header-main-stick-meta":"","header-below-stick-meta":"","astra-migrate-meta-layouts":"set","ast-page-background-enabled":"default","ast-page-background-meta":{"desktop":{"background-color":"","background-image":"","background-repeat":"repeat","background-position":"center center","background-size":"auto","background-attachment":"scroll","background-type":"","background-media":"","overlay-type":"","overlay-color":"","overlay-opacity":"","overlay-gradient":""},"tablet":{"background-color":"","background-image":"","background-repeat":"repeat","background-position":"center center","background-size":"auto","background-attachment":"scroll","background-type":"","background-media":"","overlay-type":"","overlay-color":"","overlay-opacity":"","overlay-gradient":""},"mobile":{"background-color":"","background-image":"","background-repeat":"repeat","background-position":"center center","background-size":"auto","background-attachment":"scroll","background-type":"","background-media":"","overlay-type":"","overlay-color":"","overlay-opacity":"","overlay-gradient":""}},"ast-content-background-meta":{"desktop":{"background-color":"var(--ast-global-color-5)","background-image":"","background-repeat":"repeat","background-position":"center center","background-size":"auto","background-attachment":"scroll","background-type":"","background-media":"","overlay-type":"","overlay-color":"","overlay-opacity":"","overlay-gradient":""},"tablet":{"background-color":"var(--ast-global-color-5)","background-image":"","background-repeat":"repeat","background-position":"center center","background-size":"auto","background-attachment":"scroll","background-type":"","background-media":"","overlay-type":"","overlay-color":"","overlay-opacity":"","overlay-gradient":""},"mobile":{"background-color":"var(--ast-global-color-5)","background-image":"","background-repeat":"repeat","background-position":"center center","background-size":"auto","background-attachment":"scroll","background-type":"","background-media":"","overlay-type":"","overlay-color":"","overlay-opacity":"","overlay-gradient":""}}},"product_brand":[],"product_cat":[248],"product_tag":[],"class_list":{"0":"post-2521","1":"product","2":"type-product","3":"status-publish","4":"has-post-thumbnail","6":"product_cat-low-carb-high-protein-noodles","7":"desktop-align-left","8":"tablet-align-left","9":"mobile-align-left","10":"ast-product-gallery-layout-horizontal-slider","11":"ast-product-tabs-layout-horizontal","13":"first","14":"instock","15":"shipping-taxable","16":"product-type-simple"},"_links":{"self":[{"href":"https:\/\/sentaiyuanbio.com\/de\/wp-json\/wp\/v2\/product\/2521","targetHints":{"allow":["GET"]}}],"collection":[{"href":"https:\/\/sentaiyuanbio.com\/de\/wp-json\/wp\/v2\/product"}],"about":[{"href":"https:\/\/sentaiyuanbio.com\/de\/wp-json\/wp\/v2\/types\/product"}],"version-history":[{"count":0,"href":"https:\/\/sentaiyuanbio.com\/de\/wp-json\/wp\/v2\/product\/2521\/revisions"}],"wp:featuredmedia":[{"embeddable":true,"href":"https:\/\/sentaiyuanbio.com\/de\/wp-json\/wp\/v2\/media\/4111"}],"wp:attachment":[{"href":"https:\/\/sentaiyuanbio.com\/de\/wp-json\/wp\/v2\/media?parent=2521"}],"wp:term":[{"taxonomy":"product_brand","embeddable":true,"href":"https:\/\/sentaiyuanbio.com\/de\/wp-json\/wp\/v2\/product_brand?post=2521"},{"taxonomy":"product_cat","embeddable":true,"href":"https:\/\/sentaiyuanbio.com\/de\/wp-json\/wp\/v2\/product_cat?post=2521"},{"taxonomy":"product_tag","embeddable":true,"href":"https:\/\/sentaiyuanbio.com\/de\/wp-json\/wp\/v2\/product_tag?post=2521"}],"curies":[{"name":"wp","href":"https:\/\/api.w.org\/{rel}","templated":true}]}}