{"id":2530,"date":"2024-07-23T06:15:06","date_gmt":"2024-07-23T06:15:06","guid":{"rendered":"https:\/\/sentaiyuanbio.com\/?post_type=product&#038;p=2530"},"modified":"2026-02-13T08:57:36","modified_gmt":"2026-02-13T08:57:36","slug":"erbsenprotein-nudeln","status":"publish","type":"product","link":"https:\/\/sentaiyuanbio.com\/de\/produkt\/erbsenprotein-nudeln\/","title":{"rendered":"Erbsenprotein-Nudeln, 63 g Protein pro Portion Konjac-Erbsennudeln"},"content":{"rendered":"<h2>Zutaten der Erbsenprotein-Nudeln:<\/h2>\n<p>Weizenmehl, Buchweizenmehl, Weizenvollkornmehl, Erbsenfaserpulver, Glutenpulver, <a href=\"https:\/\/sentaiyuanbio.com\/de\/product-category\/konjak-ballaststoffe\/\" target=\"_blank\" rel=\"noopener\">Konjak-Pulver<\/a>, Volleipulver, Salz, Natriumcarbonat und Inulin.<\/p>\n<table border=\"1\" cellspacing=\"1\">\n<tbody>\n<tr>\n<td width=\"284\"><b>Artikel<\/b><\/td>\n<td width=\"284\">%<\/td>\n<\/tr>\n<tr>\n<td width=\"284\"><b>Erbsenprotein-Pulver<\/b><\/td>\n<td width=\"284\">31<\/td>\n<\/tr>\n<tr>\n<td width=\"284\"><b>Gluten-Pulver<\/b><\/td>\n<td width=\"284\">10<\/td>\n<\/tr>\n<tr>\n<td width=\"284\"><b>Weizenmehl<\/b><\/td>\n<td width=\"284\">28<\/td>\n<\/tr>\n<tr>\n<td width=\"284\"><b>Konjak-Pulver<\/b><\/td>\n<td width=\"284\">5<\/td>\n<\/tr>\n<tr>\n<td width=\"284\"><b>Psylliumschalen-Pulver<\/b><\/td>\n<td width=\"284\">5<\/td>\n<\/tr>\n<tr>\n<td width=\"284\"><b>Extrakt aus Maulbeerbl\u00e4ttern<\/b><\/td>\n<td width=\"284\">4<\/td>\n<\/tr>\n<tr>\n<td width=\"284\"><b>Erbsenfaser-Pulver<\/b><\/td>\n<td width=\"284\">2<\/td>\n<\/tr>\n<tr>\n<td width=\"284\"><b>Widerstandsf\u00e4higes Dextrin<\/b><\/td>\n<td width=\"284\">2<\/td>\n<\/tr>\n<tr>\n<td width=\"284\"><b>Natriumkarbonat<\/b><\/td>\n<td width=\"284\">1<\/td>\n<\/tr>\n<tr>\n<td width=\"284\"><b>Inulin<\/b><\/td>\n<td width=\"284\">1<\/td>\n<\/tr>\n<tr>\n<td width=\"284\"><b>Salz<\/b><\/td>\n<td width=\"284\">1<\/td>\n<\/tr>\n<\/tbody>\n<\/table>\n<p><strong>Enth\u00e4lt<\/strong>: Weizengluten und Ei.<br \/>\n<strong>Lagerung<\/strong>: An einem k\u00fchlen, trockenen Ort aufbewahren. Von Licht und Hitze fernhalten.<\/p>\n<h2>Erbsenprotein-Nudeln\" Ern\u00e4hrung<\/h2>\n<table border=\"1\" cellspacing=\"1\">\n<tbody>\n<tr>\n<td width=\"284\"><b>N\u00e4hrwertangaben<\/b><\/td>\n<td width=\"284\">Pro Portion (100g)<\/td>\n<td width=\"284\">Pro Portion (40g)<\/td>\n<\/tr>\n<tr>\n<td width=\"284\"><b>Energie<\/b><\/td>\n<td width=\"284\">358,99Kcal<\/td>\n<td width=\"284\">141.6Kcal<\/td>\n<\/tr>\n<tr>\n<td width=\"284\"><b>Eiwei\u00df<\/b><\/td>\n<td width=\"284\">63g<\/td>\n<td width=\"284\">25g<\/td>\n<\/tr>\n<tr>\n<td width=\"284\"><b>Fett gesamt<\/b><\/td>\n<td width=\"284\">0.2g<\/td>\n<td width=\"284\">0.08g<\/td>\n<\/tr>\n<tr>\n<td width=\"284\"><b>Kohlenhydrate insgesamt<\/b><\/td>\n<td width=\"284\">23.9g<\/td>\n<td width=\"284\">9.56g<\/td>\n<\/tr>\n<tr>\n<td width=\"284\"><b>Ballaststoffe<\/b><\/td>\n<td width=\"284\">3.9g<\/td>\n<td width=\"284\">1.56g<\/td>\n<\/tr>\n<tr>\n<td width=\"284\"><b>Natrium<\/b><\/td>\n<td width=\"284\">0,5mg<\/td>\n<td width=\"284\">0,2mg<\/td>\n<\/tr>\n<\/tbody>\n<\/table>\n<p><img fetchpriority=\"high\" decoding=\"async\" class=\"alignnone wp-image-3634 size-full\" src=\"https:\/\/sentaiyuanbio.com\/wp-content\/uploads\/2024\/07\/High-protein-Konjac-pea-pasta-01.webp\" alt=\"Eiwei\u00dfreiche Konjac-Erbsen-Nudeln\" width=\"750\" height=\"686\" srcset=\"https:\/\/sentaiyuanbio.com\/wp-content\/uploads\/2024\/07\/High-protein-Konjac-pea-pasta-01.webp 750w, https:\/\/sentaiyuanbio.com\/wp-content\/uploads\/2024\/07\/High-protein-Konjac-pea-pasta-01-300x274.webp 300w, https:\/\/sentaiyuanbio.com\/wp-content\/uploads\/2024\/07\/High-protein-Konjac-pea-pasta-01-600x549.webp 600w\" sizes=\"(max-width: 750px) 100vw, 750px\" \/> <img decoding=\"async\" class=\"alignnone wp-image-3635 size-full\" src=\"https:\/\/sentaiyuanbio.com\/wp-content\/uploads\/2024\/07\/High-protein-Konjac-pea-pasta-02.webp\" alt=\"Eiwei\u00dfreiche Konjac-Erbsen-Nudeln\" width=\"750\" height=\"552\" srcset=\"https:\/\/sentaiyuanbio.com\/wp-content\/uploads\/2024\/07\/High-protein-Konjac-pea-pasta-02.webp 750w, https:\/\/sentaiyuanbio.com\/wp-content\/uploads\/2024\/07\/High-protein-Konjac-pea-pasta-02-300x221.webp 300w, https:\/\/sentaiyuanbio.com\/wp-content\/uploads\/2024\/07\/High-protein-Konjac-pea-pasta-02-600x442.webp 600w\" sizes=\"(max-width: 750px) 100vw, 750px\" \/> <img decoding=\"async\" class=\"alignnone wp-image-3636 size-full\" src=\"https:\/\/sentaiyuanbio.com\/wp-content\/uploads\/2024\/07\/High-protein-Konjac-pea-pasta-03.webp\" alt=\"Eiwei\u00dfreiche Konjac-Erbsen-Nudeln\" width=\"750\" height=\"462\" srcset=\"https:\/\/sentaiyuanbio.com\/wp-content\/uploads\/2024\/07\/High-protein-Konjac-pea-pasta-03.webp 750w, https:\/\/sentaiyuanbio.com\/wp-content\/uploads\/2024\/07\/High-protein-Konjac-pea-pasta-03-300x185.webp 300w, https:\/\/sentaiyuanbio.com\/wp-content\/uploads\/2024\/07\/High-protein-Konjac-pea-pasta-03-600x370.webp 600w\" sizes=\"(max-width: 750px) 100vw, 750px\" \/> <img loading=\"lazy\" decoding=\"async\" class=\"alignnone wp-image-3637 size-full\" src=\"https:\/\/sentaiyuanbio.com\/wp-content\/uploads\/2024\/07\/High-protein-Konjac-pea-pasta-04.webp\" alt=\"Eiwei\u00dfreiche Konjac-Erbsen-Nudeln\" width=\"750\" height=\"415\" srcset=\"https:\/\/sentaiyuanbio.com\/wp-content\/uploads\/2024\/07\/High-protein-Konjac-pea-pasta-04.webp 750w, https:\/\/sentaiyuanbio.com\/wp-content\/uploads\/2024\/07\/High-protein-Konjac-pea-pasta-04-300x166.webp 300w, https:\/\/sentaiyuanbio.com\/wp-content\/uploads\/2024\/07\/High-protein-Konjac-pea-pasta-04-600x332.webp 600w\" sizes=\"(max-width: 750px) 100vw, 750px\" \/> <img loading=\"lazy\" decoding=\"async\" class=\"alignnone wp-image-3638 size-full\" src=\"https:\/\/sentaiyuanbio.com\/wp-content\/uploads\/2024\/07\/High-protein-Konjac-pea-pasta-05.webp\" alt=\"Eiwei\u00dfreiche Konjac-Erbsen-Nudeln\" width=\"750\" height=\"571\" srcset=\"https:\/\/sentaiyuanbio.com\/wp-content\/uploads\/2024\/07\/High-protein-Konjac-pea-pasta-05.webp 750w, https:\/\/sentaiyuanbio.com\/wp-content\/uploads\/2024\/07\/High-protein-Konjac-pea-pasta-05-300x228.webp 300w, https:\/\/sentaiyuanbio.com\/wp-content\/uploads\/2024\/07\/High-protein-Konjac-pea-pasta-05-600x457.webp 600w\" sizes=\"(max-width: 750px) 100vw, 750px\" \/><\/p>","protected":false},"excerpt":{"rendered":"<p>In Kombination bieten gr\u00fcne Erbsen und Konjakmehl ein optimales Aminos\u00e4ureprofil, das jede pflanzliche Proteinquelle \u00fcbertrifft. Die kohlenhydratarmen Keto-Erbsenprotein-Nudeln sind eine tolle Alternative zu herk\u00f6mmlichen Nudeln. Sie sind reich an hochwertigem pflanzlichem Eiwei\u00df, enthalten viele Ballaststoffe und sind frei von jeglichen Zusatzstoffen. Sentaiyuan Konjac Noodle MOQ ist so niedrig wie 100 Kartons!<\/p>","protected":false},"featured_media":4109,"template":"","meta":{"site-sidebar-layout":"default","site-content-layout":"","ast-site-content-layout":"default","site-content-style":"default","site-sidebar-style":"default","ast-global-header-display":"","ast-banner-title-visibility":"","ast-main-header-display":"","ast-hfb-above-header-display":"","ast-hfb-below-header-display":"","ast-hfb-mobile-header-display":"","site-post-title":"","ast-breadcrumbs-content":"","ast-featured-img":"","footer-sml-layout":"","ast-disable-related-posts":"","theme-transparent-header-meta":"default","adv-header-id-meta":"","stick-header-meta":"default","header-above-stick-meta":"","header-main-stick-meta":"","header-below-stick-meta":"","astra-migrate-meta-layouts":"set","ast-page-background-enabled":"default","ast-page-background-meta":{"desktop":{"background-color":"","background-image":"","background-repeat":"repeat","background-position":"center center","background-size":"auto","background-attachment":"scroll","background-type":"","background-media":"","overlay-type":"","overlay-color":"","overlay-opacity":"","overlay-gradient":""},"tablet":{"background-color":"","background-image":"","background-repeat":"repeat","background-position":"center center","background-size":"auto","background-attachment":"scroll","background-type":"","background-media":"","overlay-type":"","overlay-color":"","overlay-opacity":"","overlay-gradient":""},"mobile":{"background-color":"","background-image":"","background-repeat":"repeat","background-position":"center center","background-size":"auto","background-attachment":"scroll","background-type":"","background-media":"","overlay-type":"","overlay-color":"","overlay-opacity":"","overlay-gradient":""}},"ast-content-background-meta":{"desktop":{"background-color":"var(--ast-global-color-5)","background-image":"","background-repeat":"repeat","background-position":"center center","background-size":"auto","background-attachment":"scroll","background-type":"","background-media":"","overlay-type":"","overlay-color":"","overlay-opacity":"","overlay-gradient":""},"tablet":{"background-color":"var(--ast-global-color-5)","background-image":"","background-repeat":"repeat","background-position":"center center","background-size":"auto","background-attachment":"scroll","background-type":"","background-media":"","overlay-type":"","overlay-color":"","overlay-opacity":"","overlay-gradient":""},"mobile":{"background-color":"var(--ast-global-color-5)","background-image":"","background-repeat":"repeat","background-position":"center center","background-size":"auto","background-attachment":"scroll","background-type":"","background-media":"","overlay-type":"","overlay-color":"","overlay-opacity":"","overlay-gradient":""}}},"product_brand":[],"product_cat":[248],"product_tag":[],"class_list":{"0":"post-2530","1":"product","2":"type-product","3":"status-publish","4":"has-post-thumbnail","6":"product_cat-low-carb-high-protein-noodles","7":"desktop-align-left","8":"tablet-align-left","9":"mobile-align-left","10":"ast-product-gallery-layout-horizontal-slider","11":"ast-product-tabs-layout-horizontal","13":"first","14":"instock","15":"shipping-taxable","16":"product-type-simple"},"_links":{"self":[{"href":"https:\/\/sentaiyuanbio.com\/de\/wp-json\/wp\/v2\/product\/2530","targetHints":{"allow":["GET"]}}],"collection":[{"href":"https:\/\/sentaiyuanbio.com\/de\/wp-json\/wp\/v2\/product"}],"about":[{"href":"https:\/\/sentaiyuanbio.com\/de\/wp-json\/wp\/v2\/types\/product"}],"version-history":[{"count":0,"href":"https:\/\/sentaiyuanbio.com\/de\/wp-json\/wp\/v2\/product\/2530\/revisions"}],"wp:featuredmedia":[{"embeddable":true,"href":"https:\/\/sentaiyuanbio.com\/de\/wp-json\/wp\/v2\/media\/4109"}],"wp:attachment":[{"href":"https:\/\/sentaiyuanbio.com\/de\/wp-json\/wp\/v2\/media?parent=2530"}],"wp:term":[{"taxonomy":"product_brand","embeddable":true,"href":"https:\/\/sentaiyuanbio.com\/de\/wp-json\/wp\/v2\/product_brand?post=2530"},{"taxonomy":"product_cat","embeddable":true,"href":"https:\/\/sentaiyuanbio.com\/de\/wp-json\/wp\/v2\/product_cat?post=2530"},{"taxonomy":"product_tag","embeddable":true,"href":"https:\/\/sentaiyuanbio.com\/de\/wp-json\/wp\/v2\/product_tag?post=2530"}],"curies":[{"name":"wp","href":"https:\/\/api.w.org\/{rel}","templated":true}]}}