{"id":2541,"date":"2024-07-25T03:41:32","date_gmt":"2024-07-25T03:41:32","guid":{"rendered":"https:\/\/sentaiyuanbio.com\/?post_type=product&#038;p=2541"},"modified":"2025-02-26T08:36:33","modified_gmt":"2025-02-26T08:36:33","slug":"brotmehl-bulk-brotmehl-lieferant","status":"publish","type":"product","link":"https:\/\/sentaiyuanbio.com\/de\/produkt\/brotmehl-bulk-brotmehl-lieferant\/","title":{"rendered":"Brotmehl lose, Brotmehl Lieferant, Brotmehl Gro\u00dfhandel"},"content":{"rendered":"<h2>Brotmehl als lose Zutat:<\/h2>\n<p>Glutenpulver, Erbsenproteinpulver, Erbsenfasermehl, <a href=\"https:\/\/sentaiyuanbio.com\/de\/produkt\/konjak-pulver\/\" target=\"_blank\" rel=\"noopener\">Konjakmehl<\/a>, Inulin, Hafermehl, Tapiokamehl, Salz.<\/p>\n<table border=\"1\" cellspacing=\"1\">\n<tbody>\n<tr>\n<td align=\"center\" width=\"284\"><b>Artikel<\/b><\/td>\n<td align=\"center\" width=\"284\">%<\/td>\n<\/tr>\n<tr>\n<td align=\"center\" width=\"284\"><b>Gluten-Pulver<\/b><\/td>\n<td align=\"center\" width=\"284\">47.89<\/td>\n<\/tr>\n<tr>\n<td align=\"center\" width=\"284\"><b>Erbsenproteinpulver<\/b><\/td>\n<td align=\"center\" width=\"284\">25<\/td>\n<\/tr>\n<tr>\n<td align=\"center\" width=\"284\"><a href=\"https:\/\/gumstabilizer.com\/resistant-dextrin-benefits\/\" target=\"_blank\" rel=\"noopener\"><b>Widerstandsf\u00e4higes Dextrin<\/b><\/a><\/td>\n<td align=\"center\" width=\"284\">10<\/td>\n<\/tr>\n<tr>\n<td align=\"center\" width=\"284\"><b>Erbsenfaser<\/b><\/td>\n<td align=\"center\" width=\"284\">7.3<\/td>\n<\/tr>\n<tr>\n<td align=\"center\" width=\"284\"><b>Haferpulver<\/b><\/td>\n<td align=\"center\" width=\"284\">3<\/td>\n<\/tr>\n<tr>\n<td align=\"center\" width=\"284\"><b>Tapiokamehl<\/b><\/td>\n<td align=\"center\" width=\"284\">3<\/td>\n<\/tr>\n<tr>\n<td align=\"center\" width=\"284\"><b>Konjak-Pulver<\/b><\/td>\n<td align=\"center\" width=\"284\">3<\/td>\n<\/tr>\n<tr>\n<td align=\"center\" width=\"284\"><b>Inulin<\/b><\/td>\n<td align=\"center\" width=\"284\">0.5<\/td>\n<\/tr>\n<tr>\n<td align=\"center\" width=\"284\"><b>Flavonoide aus Maulbeerbl\u00e4ttern<\/b><\/td>\n<td align=\"center\" width=\"284\">0.1<\/td>\n<\/tr>\n<tr>\n<td align=\"center\" width=\"284\"><b>Extrakt aus wei\u00dfen Kidneybohnen<\/b><\/td>\n<td align=\"center\" width=\"284\">0.1<\/td>\n<\/tr>\n<tr>\n<td align=\"center\" width=\"284\"><b>Zucker<\/b><\/td>\n<td align=\"center\" width=\"284\">0.1<\/td>\n<\/tr>\n<tr>\n<td align=\"center\" width=\"284\"><b>Salz<\/b><\/td>\n<td align=\"center\" width=\"284\">0.01<\/td>\n<\/tr>\n<\/tbody>\n<\/table>\n<p><strong>Nettogewicht<\/strong>: 200g\/Packung<br \/>\n<strong>Erscheinungsbild<\/strong>: Pulver<br \/>\n<strong>Haltbarkeitsdauer<\/strong>: 12 Monate<br \/>\n<strong>Lagerung<\/strong>: An einem k\u00fchlen und trockenen Ort aufbewahren. Von starkem Licht und Hitze fernhalten.<\/p>\n<h2>N\u00e4hrwertangaben f\u00fcr loses Brotmehl:<\/h2>\n<table border=\"1\" cellspacing=\"1\">\n<tbody>\n<tr>\n<td width=\"284\"><b>N\u00e4hrwertangaben<\/b><\/td>\n<td width=\"284\">Pro Portion (200g)<\/td>\n<\/tr>\n<tr>\n<td width=\"284\"><b>Energie<\/b><\/td>\n<td width=\"284\">340Kcal<\/td>\n<\/tr>\n<tr>\n<td width=\"284\"><b>Eiwei\u00df<\/b><\/td>\n<td width=\"284\"><i>54g<\/i><\/td>\n<\/tr>\n<tr>\n<td width=\"284\"><b>Fett gesamt<\/b><\/td>\n<td width=\"284\">4g<\/td>\n<\/tr>\n<tr>\n<td width=\"284\"><b>Kohlenhydrate insgesamt<\/b><\/td>\n<td width=\"284\">12g<\/td>\n<\/tr>\n<tr>\n<td width=\"284\"><b>Ballaststoffe<\/b><\/td>\n<td width=\"284\">0.252g<\/td>\n<\/tr>\n<tr>\n<td width=\"284\"><b>Natrium<\/b><\/td>\n<td width=\"284\">860mg<\/td>\n<\/tr>\n<\/tbody>\n<\/table>\n<h2>Vorbereitung des Kochens:<\/h2>\n<table border=\"1\" cellspacing=\"1\">\n<tbody>\n<tr>\n<td width=\"284\"><b>Low Carb Brotmehl<\/b><\/td>\n<td width=\"284\">200g<\/td>\n<\/tr>\n<tr>\n<td width=\"284\"><b>Hefe<\/b><\/td>\n<td width=\"284\">3g<\/td>\n<\/tr>\n<tr>\n<td width=\"284\"><b>Butter<\/b><\/td>\n<td width=\"284\"><i>25g<\/i><\/td>\n<\/tr>\n<tr>\n<td width=\"284\"><b>Wasser<\/b><\/td>\n<td width=\"284\">200g<\/td>\n<\/tr>\n<\/tbody>\n<\/table>\n<p><img fetchpriority=\"high\" decoding=\"async\" class=\"alignnone wp-image-2546 size-full\" src=\"https:\/\/sentaiyuanbio.com\/wp-content\/uploads\/2024\/07\/Bread-flour-supplier-1.jpg\" alt=\"Brotmehl Lieferant, Brotmehl Gro\u00dfhandel\" width=\"750\" height=\"550\" srcset=\"https:\/\/sentaiyuanbio.com\/wp-content\/uploads\/2024\/07\/Bread-flour-supplier-1.jpg 750w, https:\/\/sentaiyuanbio.com\/wp-content\/uploads\/2024\/07\/Bread-flour-supplier-1-300x220.jpg 300w, https:\/\/sentaiyuanbio.com\/wp-content\/uploads\/2024\/07\/Bread-flour-supplier-1-600x440.jpg 600w\" sizes=\"(max-width: 750px) 100vw, 750px\" \/><img decoding=\"async\" class=\"alignnone wp-image-2547 size-full\" src=\"https:\/\/sentaiyuanbio.com\/wp-content\/uploads\/2024\/07\/Bread-flour-supplier-2.jpg\" alt=\"Brotmehl Lieferant, Brotmehl Gro\u00dfhandel\" width=\"750\" height=\"499\" srcset=\"https:\/\/sentaiyuanbio.com\/wp-content\/uploads\/2024\/07\/Bread-flour-supplier-2.jpg 750w, https:\/\/sentaiyuanbio.com\/wp-content\/uploads\/2024\/07\/Bread-flour-supplier-2-300x200.jpg 300w, https:\/\/sentaiyuanbio.com\/wp-content\/uploads\/2024\/07\/Bread-flour-supplier-2-600x399.jpg 600w\" sizes=\"(max-width: 750px) 100vw, 750px\" \/><img decoding=\"async\" class=\"alignnone wp-image-2548 size-full\" src=\"https:\/\/sentaiyuanbio.com\/wp-content\/uploads\/2024\/07\/Bread-flour-supplier-3.jpg\" alt=\"Brotmehl Lieferant, Brotmehl Gro\u00dfhandel\" width=\"750\" height=\"437\" srcset=\"https:\/\/sentaiyuanbio.com\/wp-content\/uploads\/2024\/07\/Bread-flour-supplier-3.jpg 750w, https:\/\/sentaiyuanbio.com\/wp-content\/uploads\/2024\/07\/Bread-flour-supplier-3-300x175.jpg 300w, https:\/\/sentaiyuanbio.com\/wp-content\/uploads\/2024\/07\/Bread-flour-supplier-3-600x350.jpg 600w\" sizes=\"(max-width: 750px) 100vw, 750px\" \/><img loading=\"lazy\" decoding=\"async\" class=\"alignnone wp-image-2549 size-full\" src=\"https:\/\/sentaiyuanbio.com\/wp-content\/uploads\/2024\/07\/Bread-flour-supplier-4.jpg\" alt=\"Brotmehl Lieferant, Brotmehl Gro\u00dfhandel\" width=\"750\" height=\"603\" srcset=\"https:\/\/sentaiyuanbio.com\/wp-content\/uploads\/2024\/07\/Bread-flour-supplier-4.jpg 750w, https:\/\/sentaiyuanbio.com\/wp-content\/uploads\/2024\/07\/Bread-flour-supplier-4-300x241.jpg 300w, https:\/\/sentaiyuanbio.com\/wp-content\/uploads\/2024\/07\/Bread-flour-supplier-4-600x482.jpg 600w\" sizes=\"(max-width: 750px) 100vw, 750px\" \/><img loading=\"lazy\" decoding=\"async\" class=\"alignnone wp-image-2550 size-full\" src=\"https:\/\/sentaiyuanbio.com\/wp-content\/uploads\/2024\/07\/Bread-flour-supplier-5.jpg\" alt=\"Brotmehl Lieferant, Brotmehl Gro\u00dfhandel\" width=\"750\" height=\"362\" srcset=\"https:\/\/sentaiyuanbio.com\/wp-content\/uploads\/2024\/07\/Bread-flour-supplier-5.jpg 750w, https:\/\/sentaiyuanbio.com\/wp-content\/uploads\/2024\/07\/Bread-flour-supplier-5-300x145.jpg 300w, https:\/\/sentaiyuanbio.com\/wp-content\/uploads\/2024\/07\/Bread-flour-supplier-5-600x290.jpg 600w\" sizes=\"(max-width: 750px) 100vw, 750px\" \/><img loading=\"lazy\" decoding=\"async\" class=\"alignnone wp-image-2551 size-full\" src=\"https:\/\/sentaiyuanbio.com\/wp-content\/uploads\/2024\/07\/Bread-flour-supplier-6.jpg\" alt=\"Brotmehl Lieferant, Brotmehl Gro\u00dfhandel\" width=\"750\" height=\"472\" srcset=\"https:\/\/sentaiyuanbio.com\/wp-content\/uploads\/2024\/07\/Bread-flour-supplier-6.jpg 750w, https:\/\/sentaiyuanbio.com\/wp-content\/uploads\/2024\/07\/Bread-flour-supplier-6-300x189.jpg 300w, https:\/\/sentaiyuanbio.com\/wp-content\/uploads\/2024\/07\/Bread-flour-supplier-6-600x378.jpg 600w\" sizes=\"(max-width: 750px) 100vw, 750px\" \/><\/p>","protected":false},"excerpt":{"rendered":"<p>Unser loses Brotmehl hat einen hohen Proteingehalt und kann f\u00fcr die Herstellung von Baguette, Baguette und mehr verwendet werden. Unser Brotmehl MOQ ist so niedrig wie 100 Kartons nur f\u00fcr den gesch\u00e4ftlichen Gebrauch!<br \/>\nSentaiyuan ist ein Unternehmen, das Konjak-Lebensmittel herstellt und verkauft und \u00fcber 30 Jahre Erfahrung hat. Sentaiyuan ist ein vertrauensw\u00fcrdiger Gro\u00dfhandels- und Brotmehl-Lieferant, und unser Mehl geht niemals Kompromisse bei der Qualit\u00e4t ein.<\/p>","protected":false},"featured_media":4165,"template":"","meta":{"site-sidebar-layout":"default","site-content-layout":"","ast-site-content-layout":"default","site-content-style":"default","site-sidebar-style":"default","ast-global-header-display":"","ast-banner-title-visibility":"","ast-main-header-display":"","ast-hfb-above-header-display":"","ast-hfb-below-header-display":"","ast-hfb-mobile-header-display":"","site-post-title":"","ast-breadcrumbs-content":"","ast-featured-img":"","footer-sml-layout":"","ast-disable-related-posts":"","theme-transparent-header-meta":"default","adv-header-id-meta":"","stick-header-meta":"default","header-above-stick-meta":"","header-main-stick-meta":"","header-below-stick-meta":"","astra-migrate-meta-layouts":"set","ast-page-background-enabled":"default","ast-page-background-meta":{"desktop":{"background-color":"","background-image":"","background-repeat":"repeat","background-position":"center center","background-size":"auto","background-attachment":"scroll","background-type":"","background-media":"","overlay-type":"","overlay-color":"","overlay-opacity":"","overlay-gradient":""},"tablet":{"background-color":"","background-image":"","background-repeat":"repeat","background-position":"center center","background-size":"auto","background-attachment":"scroll","background-type":"","background-media":"","overlay-type":"","overlay-color":"","overlay-opacity":"","overlay-gradient":""},"mobile":{"background-color":"","background-image":"","background-repeat":"repeat","background-position":"center center","background-size":"auto","background-attachment":"scroll","background-type":"","background-media":"","overlay-type":"","overlay-color":"","overlay-opacity":"","overlay-gradient":""}},"ast-content-background-meta":{"desktop":{"background-color":"var(--ast-global-color-5)","background-image":"","background-repeat":"repeat","background-position":"center center","background-size":"auto","background-attachment":"scroll","background-type":"","background-media":"","overlay-type":"","overlay-color":"","overlay-opacity":"","overlay-gradient":""},"tablet":{"background-color":"var(--ast-global-color-5)","background-image":"","background-repeat":"repeat","background-position":"center center","background-size":"auto","background-attachment":"scroll","background-type":"","background-media":"","overlay-type":"","overlay-color":"","overlay-opacity":"","overlay-gradient":""},"mobile":{"background-color":"var(--ast-global-color-5)","background-image":"","background-repeat":"repeat","background-position":"center center","background-size":"auto","background-attachment":"scroll","background-type":"","background-media":"","overlay-type":"","overlay-color":"","overlay-opacity":"","overlay-gradient":""}}},"product_brand":[],"product_cat":[24],"product_tag":[],"class_list":{"0":"post-2541","1":"product","2":"type-product","3":"status-publish","4":"has-post-thumbnail","6":"product_cat-konjac-dietary-fiber","7":"desktop-align-left","8":"tablet-align-left","9":"mobile-align-left","10":"ast-product-gallery-layout-horizontal-slider","11":"ast-product-tabs-layout-horizontal","13":"first","14":"instock","15":"shipping-taxable","16":"product-type-simple"},"_links":{"self":[{"href":"https:\/\/sentaiyuanbio.com\/de\/wp-json\/wp\/v2\/product\/2541","targetHints":{"allow":["GET"]}}],"collection":[{"href":"https:\/\/sentaiyuanbio.com\/de\/wp-json\/wp\/v2\/product"}],"about":[{"href":"https:\/\/sentaiyuanbio.com\/de\/wp-json\/wp\/v2\/types\/product"}],"version-history":[{"count":0,"href":"https:\/\/sentaiyuanbio.com\/de\/wp-json\/wp\/v2\/product\/2541\/revisions"}],"wp:featuredmedia":[{"embeddable":true,"href":"https:\/\/sentaiyuanbio.com\/de\/wp-json\/wp\/v2\/media\/4165"}],"wp:attachment":[{"href":"https:\/\/sentaiyuanbio.com\/de\/wp-json\/wp\/v2\/media?parent=2541"}],"wp:term":[{"taxonomy":"product_brand","embeddable":true,"href":"https:\/\/sentaiyuanbio.com\/de\/wp-json\/wp\/v2\/product_brand?post=2541"},{"taxonomy":"product_cat","embeddable":true,"href":"https:\/\/sentaiyuanbio.com\/de\/wp-json\/wp\/v2\/product_cat?post=2541"},{"taxonomy":"product_tag","embeddable":true,"href":"https:\/\/sentaiyuanbio.com\/de\/wp-json\/wp\/v2\/product_tag?post=2541"}],"curies":[{"name":"wp","href":"https:\/\/api.w.org\/{rel}","templated":true}]}}