{"id":2627,"date":"2024-07-26T07:34:26","date_gmt":"2024-07-26T07:34:26","guid":{"rendered":"https:\/\/sentaiyuanbio.com\/?post_type=product&#038;p=2627"},"modified":"2025-02-26T08:40:38","modified_gmt":"2025-02-26T08:40:38","slug":"proteinreiche-pfannkuchenmischung","status":"publish","type":"product","link":"https:\/\/sentaiyuanbio.com\/de\/produkt\/proteinreiche-pfannkuchenmischung\/","title":{"rendered":"Pfannkuchenmischung mit hohem Proteingehalt, Gro\u00dfh\u00e4ndler f\u00fcr Pfannkuchenmischungen"},"content":{"rendered":"<h2>Eiwei\u00dfreiche Pfannkuchenmischung als Zutat:<\/h2>\n<p><a href=\"https:\/\/www.healthline.com\/nutrition\/erythritol\" target=\"_blank\" rel=\"noopener\">Erythritol<\/a>, Erbsenproteinpulver, Glutenpulver, Hafermehl, resistentes Dextrin, Milchpulver, Calciumlactat, <a href=\"https:\/\/sentaiyuanbio.com\/de\/produkt\/konjak-pulver\/\" target=\"_blank\" rel=\"noopener\">Konjak-Pulver<\/a>, Inulin, Zinkgluconat und Eisenpyrophosphat.<\/p>\n<table border=\"1\" cellspacing=\"1\">\n<tbody>\n<tr>\n<td width=\"284\"><b>Artikel<\/b><\/td>\n<td width=\"284\">%<\/td>\n<\/tr>\n<tr>\n<td width=\"284\"><b>Erythritol<\/b><\/td>\n<td width=\"284\">34.88<\/td>\n<\/tr>\n<tr>\n<td width=\"284\"><b>Erbsenprotein-Pulver<\/b><\/td>\n<td width=\"284\">20<\/td>\n<\/tr>\n<tr>\n<td width=\"284\"><b>Gluten-Pulver<\/b><\/td>\n<td width=\"284\">15<\/td>\n<\/tr>\n<tr>\n<td width=\"284\"><b>Hafermehl<\/b><\/td>\n<td width=\"284\">15<\/td>\n<\/tr>\n<tr>\n<td width=\"284\"><b>Milch in Pulverform<\/b><\/td>\n<td width=\"284\">8<\/td>\n<\/tr>\n<tr>\n<td width=\"284\"><b>Widerstandsf\u00e4higes Dextrin<\/b><\/td>\n<td width=\"284\">3<\/td>\n<\/tr>\n<tr>\n<td width=\"284\"><b>Konjak-Pulver<\/b><\/td>\n<td width=\"284\">3<\/td>\n<\/tr>\n<tr>\n<td width=\"284\"><b>Inulin<\/b><\/td>\n<td width=\"284\">1<\/td>\n<\/tr>\n<tr>\n<td width=\"284\"><b>Calciumlactat<\/b><\/td>\n<td width=\"284\">0.1<\/td>\n<\/tr>\n<tr>\n<td width=\"284\"><b>Zinkglukonat<\/b><\/td>\n<td width=\"284\">0.01<\/td>\n<\/tr>\n<tr>\n<td width=\"284\"><b>Eisenpyrophosphat<\/b><\/td>\n<td width=\"284\">0.01<\/td>\n<\/tr>\n<\/tbody>\n<\/table>\n<p><strong>Nettogewicht<\/strong>: 150g\/Packung<br \/>\n<strong>Erscheinungsbild<\/strong>: Pulver<br \/>\n<strong>Haltbarkeitsdauer<\/strong>: 12 Monate<br \/>\n<strong>Lagerung<\/strong>: An einem k\u00fchlen und trockenen Ort aufbewahren und vor starkem Licht und Hitze fernhalten.<\/p>\n<h2>N\u00e4hrwertangaben f\u00fcr proteinreiche Pfannkuchenmischungen:<\/h2>\n<table border=\"1\" cellspacing=\"1\">\n<tbody>\n<tr>\n<td width=\"284\"><b>N\u00e4hrwertangaben<\/b><\/td>\n<td width=\"284\">Pro Portion<\/td>\n<\/tr>\n<tr>\n<td width=\"284\"><b>Energie<\/b><\/td>\n<td width=\"284\">211Kcal<\/td>\n<\/tr>\n<tr>\n<td width=\"284\"><b>Eiwei\u00df<\/b><\/td>\n<td width=\"284\">25g<\/td>\n<\/tr>\n<tr>\n<td width=\"284\"><b>Fett gesamt<\/b><\/td>\n<td width=\"284\">1.1g<\/td>\n<\/tr>\n<tr>\n<td width=\"284\"><b>Kohlenhydrate insgesamt<\/b><\/td>\n<td width=\"284\">20g<\/td>\n<\/tr>\n<tr>\n<td width=\"284\"><b>Ballaststoffe<\/b><\/td>\n<td width=\"284\">9.1g<\/td>\n<\/tr>\n<\/tbody>\n<\/table>\n<h2>Vorbereitung des Kochens<\/h2>\n<table border=\"1\" cellspacing=\"1\">\n<tbody>\n<tr>\n<td width=\"284\"><b>Kohlenhydratarme Protein-Pfannkuchen-Mischung<\/b><\/td>\n<td width=\"284\">150g<\/td>\n<\/tr>\n<tr>\n<td width=\"284\"><b>Milch<\/b><\/td>\n<td width=\"284\">150g<\/td>\n<\/tr>\n<tr>\n<td width=\"284\"><b>Ei<\/b><\/td>\n<td width=\"284\">1St\u00fcck<\/td>\n<\/tr>\n<\/tbody>\n<\/table>\n<p><img fetchpriority=\"high\" decoding=\"async\" class=\"alignnone wp-image-2632 size-full\" src=\"https:\/\/sentaiyuanbio.com\/wp-content\/uploads\/2024\/07\/Wholesale-pancake-mix-1.jpg\" alt=\"Gro\u00dfhandel Pfannkuchenmischung Lieferant\" width=\"750\" height=\"649\" srcset=\"https:\/\/sentaiyuanbio.com\/wp-content\/uploads\/2024\/07\/Wholesale-pancake-mix-1.jpg 750w, https:\/\/sentaiyuanbio.com\/wp-content\/uploads\/2024\/07\/Wholesale-pancake-mix-1-300x260.jpg 300w, https:\/\/sentaiyuanbio.com\/wp-content\/uploads\/2024\/07\/Wholesale-pancake-mix-1-600x519.jpg 600w\" sizes=\"(max-width: 750px) 100vw, 750px\" \/><img decoding=\"async\" class=\"alignnone wp-image-2633 size-full\" src=\"https:\/\/sentaiyuanbio.com\/wp-content\/uploads\/2024\/07\/Wholesale-pancake-mix-2.jpg\" alt=\"Gro\u00dfhandel Pfannkuchenmischung Lieferant\" width=\"750\" height=\"342\" srcset=\"https:\/\/sentaiyuanbio.com\/wp-content\/uploads\/2024\/07\/Wholesale-pancake-mix-2.jpg 750w, https:\/\/sentaiyuanbio.com\/wp-content\/uploads\/2024\/07\/Wholesale-pancake-mix-2-300x137.jpg 300w, https:\/\/sentaiyuanbio.com\/wp-content\/uploads\/2024\/07\/Wholesale-pancake-mix-2-600x274.jpg 600w\" sizes=\"(max-width: 750px) 100vw, 750px\" \/><img decoding=\"async\" class=\"alignnone wp-image-2634 size-full\" src=\"https:\/\/sentaiyuanbio.com\/wp-content\/uploads\/2024\/07\/Wholesale-pancake-mix-3.jpg\" alt=\"Gro\u00dfhandel Pfannkuchenmischung Lieferant\" width=\"750\" height=\"604\" srcset=\"https:\/\/sentaiyuanbio.com\/wp-content\/uploads\/2024\/07\/Wholesale-pancake-mix-3.jpg 750w, https:\/\/sentaiyuanbio.com\/wp-content\/uploads\/2024\/07\/Wholesale-pancake-mix-3-300x242.jpg 300w, https:\/\/sentaiyuanbio.com\/wp-content\/uploads\/2024\/07\/Wholesale-pancake-mix-3-600x483.jpg 600w\" sizes=\"(max-width: 750px) 100vw, 750px\" \/><img loading=\"lazy\" decoding=\"async\" class=\"alignnone wp-image-2635 size-full\" src=\"https:\/\/sentaiyuanbio.com\/wp-content\/uploads\/2024\/07\/Wholesale-pancake-mix-4.jpg\" alt=\"Gro\u00dfhandel Pfannkuchenmischung Lieferant\" width=\"750\" height=\"606\" srcset=\"https:\/\/sentaiyuanbio.com\/wp-content\/uploads\/2024\/07\/Wholesale-pancake-mix-4.jpg 750w, https:\/\/sentaiyuanbio.com\/wp-content\/uploads\/2024\/07\/Wholesale-pancake-mix-4-300x242.jpg 300w, https:\/\/sentaiyuanbio.com\/wp-content\/uploads\/2024\/07\/Wholesale-pancake-mix-4-600x485.jpg 600w\" sizes=\"(max-width: 750px) 100vw, 750px\" \/><img loading=\"lazy\" decoding=\"async\" class=\"alignnone wp-image-2636 size-full\" src=\"https:\/\/sentaiyuanbio.com\/wp-content\/uploads\/2024\/07\/Wholesale-pancake-mix-5.jpg\" alt=\"Gro\u00dfhandel Pfannkuchenmischung Lieferant\" width=\"750\" height=\"627\" srcset=\"https:\/\/sentaiyuanbio.com\/wp-content\/uploads\/2024\/07\/Wholesale-pancake-mix-5.jpg 750w, https:\/\/sentaiyuanbio.com\/wp-content\/uploads\/2024\/07\/Wholesale-pancake-mix-5-300x251.jpg 300w, https:\/\/sentaiyuanbio.com\/wp-content\/uploads\/2024\/07\/Wholesale-pancake-mix-5-600x502.jpg 600w\" sizes=\"(max-width: 750px) 100vw, 750px\" \/><img loading=\"lazy\" decoding=\"async\" class=\"alignnone wp-image-2637 size-full\" style=\"font-style: inherit; font-weight: 600;\" src=\"https:\/\/sentaiyuanbio.com\/wp-content\/uploads\/2024\/07\/Wholesale-pancake-mix-6.jpg\" alt=\"Gro\u00dfhandel Pfannkuchenmischung Lieferant\" width=\"750\" height=\"814\" srcset=\"https:\/\/sentaiyuanbio.com\/wp-content\/uploads\/2024\/07\/Wholesale-pancake-mix-6.jpg 750w, https:\/\/sentaiyuanbio.com\/wp-content\/uploads\/2024\/07\/Wholesale-pancake-mix-6-276x300.jpg 276w, https:\/\/sentaiyuanbio.com\/wp-content\/uploads\/2024\/07\/Wholesale-pancake-mix-6-553x600.jpg 553w, https:\/\/sentaiyuanbio.com\/wp-content\/uploads\/2024\/07\/Wholesale-pancake-mix-6-600x651.jpg 600w\" sizes=\"(max-width: 750px) 100vw, 750px\" \/><\/p>","protected":false},"excerpt":{"rendered":"<p>Unsere proteinreiche Pfannkuchenmischung ist eine Pfannkuchen-Waffel-Mischung. Eine Mischung aus Erbsenproteinpulver, Hafermehl und Konjakmehl liefert 25 Gramm Protein pro Portion. Diese hausgemachte Protein-Pfannkuchenmischung besteht aus 7 Zutaten und hat nur 20 Gramm Kohlenhydrate pro Portion! Sentaiyuan ist ein vertrauensw\u00fcrdiger Gro\u00dfhandels- und Pfannkuchenmischungslieferant, und unsere Eiwei\u00dfpfannkuchenmischung macht keine Kompromisse bei niedriger Qualit\u00e4t.<\/p>","protected":false},"featured_media":4164,"template":"","meta":{"site-sidebar-layout":"default","site-content-layout":"","ast-site-content-layout":"default","site-content-style":"default","site-sidebar-style":"default","ast-global-header-display":"","ast-banner-title-visibility":"","ast-main-header-display":"","ast-hfb-above-header-display":"","ast-hfb-below-header-display":"","ast-hfb-mobile-header-display":"","site-post-title":"","ast-breadcrumbs-content":"","ast-featured-img":"","footer-sml-layout":"","ast-disable-related-posts":"","theme-transparent-header-meta":"default","adv-header-id-meta":"","stick-header-meta":"default","header-above-stick-meta":"","header-main-stick-meta":"","header-below-stick-meta":"","astra-migrate-meta-layouts":"set","ast-page-background-enabled":"default","ast-page-background-meta":{"desktop":{"background-color":"","background-image":"","background-repeat":"repeat","background-position":"center center","background-size":"auto","background-attachment":"scroll","background-type":"","background-media":"","overlay-type":"","overlay-color":"","overlay-opacity":"","overlay-gradient":""},"tablet":{"background-color":"","background-image":"","background-repeat":"repeat","background-position":"center center","background-size":"auto","background-attachment":"scroll","background-type":"","background-media":"","overlay-type":"","overlay-color":"","overlay-opacity":"","overlay-gradient":""},"mobile":{"background-color":"","background-image":"","background-repeat":"repeat","background-position":"center center","background-size":"auto","background-attachment":"scroll","background-type":"","background-media":"","overlay-type":"","overlay-color":"","overlay-opacity":"","overlay-gradient":""}},"ast-content-background-meta":{"desktop":{"background-color":"var(--ast-global-color-5)","background-image":"","background-repeat":"repeat","background-position":"center center","background-size":"auto","background-attachment":"scroll","background-type":"","background-media":"","overlay-type":"","overlay-color":"","overlay-opacity":"","overlay-gradient":""},"tablet":{"background-color":"var(--ast-global-color-5)","background-image":"","background-repeat":"repeat","background-position":"center center","background-size":"auto","background-attachment":"scroll","background-type":"","background-media":"","overlay-type":"","overlay-color":"","overlay-opacity":"","overlay-gradient":""},"mobile":{"background-color":"var(--ast-global-color-5)","background-image":"","background-repeat":"repeat","background-position":"center center","background-size":"auto","background-attachment":"scroll","background-type":"","background-media":"","overlay-type":"","overlay-color":"","overlay-opacity":"","overlay-gradient":""}}},"product_brand":[],"product_cat":[24],"product_tag":[],"class_list":{"0":"post-2627","1":"product","2":"type-product","3":"status-publish","4":"has-post-thumbnail","6":"product_cat-konjac-dietary-fiber","7":"desktop-align-left","8":"tablet-align-left","9":"mobile-align-left","10":"ast-product-gallery-layout-horizontal-slider","11":"ast-product-tabs-layout-horizontal","13":"first","14":"instock","15":"shipping-taxable","16":"product-type-simple"},"_links":{"self":[{"href":"https:\/\/sentaiyuanbio.com\/de\/wp-json\/wp\/v2\/product\/2627","targetHints":{"allow":["GET"]}}],"collection":[{"href":"https:\/\/sentaiyuanbio.com\/de\/wp-json\/wp\/v2\/product"}],"about":[{"href":"https:\/\/sentaiyuanbio.com\/de\/wp-json\/wp\/v2\/types\/product"}],"version-history":[{"count":0,"href":"https:\/\/sentaiyuanbio.com\/de\/wp-json\/wp\/v2\/product\/2627\/revisions"}],"wp:featuredmedia":[{"embeddable":true,"href":"https:\/\/sentaiyuanbio.com\/de\/wp-json\/wp\/v2\/media\/4164"}],"wp:attachment":[{"href":"https:\/\/sentaiyuanbio.com\/de\/wp-json\/wp\/v2\/media?parent=2627"}],"wp:term":[{"taxonomy":"product_brand","embeddable":true,"href":"https:\/\/sentaiyuanbio.com\/de\/wp-json\/wp\/v2\/product_brand?post=2627"},{"taxonomy":"product_cat","embeddable":true,"href":"https:\/\/sentaiyuanbio.com\/de\/wp-json\/wp\/v2\/product_cat?post=2627"},{"taxonomy":"product_tag","embeddable":true,"href":"https:\/\/sentaiyuanbio.com\/de\/wp-json\/wp\/v2\/product_tag?post=2627"}],"curies":[{"name":"wp","href":"https:\/\/api.w.org\/{rel}","templated":true}]}}