{"id":2786,"date":"2024-09-24T06:47:49","date_gmt":"2024-09-24T06:47:49","guid":{"rendered":"https:\/\/sentaiyuanbio.com\/?post_type=product&#038;p=2786"},"modified":"2025-12-05T06:00:26","modified_gmt":"2025-12-05T06:00:26","slug":"eiweisreiche-instant-ramen-mit-rindfleischgeschmack","status":"publish","type":"product","link":"https:\/\/sentaiyuanbio.com\/de\/produkt\/eiweisreiche-instant-ramen-mit-rindfleischgeschmack\/","title":{"rendered":"Instant-Ramen mit hohem Eiwei\u00dfgehalt und Rindfleischgeschmack, Pflanzenprotein-Ramen"},"content":{"rendered":"<h2>Instant-Ramen mit hohem Proteingehalt, pflanzliche Protein-Ramen-Zutaten<\/h2>\n<p>Ramen Zutaten: Vitales Weizengluten, Erbsenprotein, Weizenmehl, Buchweizenmehl, Erbsenfaserpulver, Klebereismehl, Maulbeerblatt, <a href=\"https:\/\/sentaiyuanbio.com\/de\/produkt\/konjak-pulver\/\" target=\"_blank\" rel=\"noopener\">Konjak-Pulver<\/a>, <a href=\"https:\/\/hethstia.com\/konjac-powder-vs-xanthan-gum\/\" target=\"_blank\" rel=\"noopener\">Xanthangummi<\/a>, Natriumcarbonat.<\/p>\n<p>Rindfleisch Gew\u00fcrz: Maltodextrin, Salz, wei\u00dfer Kristallzucker, Kokosnusspulver, Speiseessenz, Dinatrium-5'-Ribonukleotid, hydrolisiertes pflanzliches Eiwei\u00df, Zwiebelpulver, Chilipulver, Knoblauchpulver, Hefeextrakt, Gew\u00fcrze (Currypulver, gemahlener Pfeffer), <a href=\"https:\/\/www.healthline.com\/health\/food-nutrition\/is-silicon-dioxide-in-supplements-safe\" target=\"_blank\" rel=\"noopener\">Siliziumdioxid<\/a>.<\/p>\n<p>Gem\u00fcse: Gr\u00fcne Zwiebel, Karotte.<\/p>\n<p>Enth\u00e4lt: Produkte auf Sojabasis<\/p>\n<h2>Instant-Ramen mit hohem Proteingehalt N\u00e4hrwertangaben<\/h2>\n<table border=\"1\" cellspacing=\"1\">\n<tbody>\n<tr>\n<td colspan=\"2\" align=\"center\">N\u00e4hrwertangaben(62g)<\/td>\n<\/tr>\n<tr>\n<td align=\"center\" width=\"284\"><b>Energie<\/b><\/td>\n<td align=\"center\" width=\"284\">230kcal<\/td>\n<\/tr>\n<tr>\n<td align=\"center\" width=\"284\"><b>Eiwei\u00df<\/b><\/td>\n<td align=\"center\" width=\"284\">32g<\/td>\n<\/tr>\n<tr>\n<td align=\"center\" width=\"284\"><b>Fett insgesamt<\/b><\/td>\n<td align=\"center\" width=\"284\">3g<\/td>\n<\/tr>\n<tr>\n<td align=\"center\" width=\"284\"><b>Kohlenhydrate insgesamt<\/b><\/td>\n<td align=\"center\" width=\"284\">21g<\/td>\n<\/tr>\n<tr>\n<td align=\"center\" width=\"284\"><b>Ballaststoffe<\/b><\/td>\n<td align=\"center\" width=\"284\">5g<\/td>\n<\/tr>\n<tr>\n<td align=\"center\" width=\"284\"><b>Natrium<\/b><\/td>\n<td align=\"center\" width=\"284\">630mg<\/td>\n<\/tr>\n<\/tbody>\n<\/table>\n<p><img fetchpriority=\"high\" decoding=\"async\" class=\"alignnone wp-image-2793 size-full\" title=\"Instant-Ramen mit hohem Eiwei\u00dfgehalt und Rindfleischgeschmack\" src=\"https:\/\/sentaiyuanbio.com\/wp-content\/uploads\/2024\/09\/high-protein-noodles-ramen-1.jpg\" alt=\"proteinreiche Nudeln Ramen\" width=\"750\" height=\"604\" srcset=\"https:\/\/sentaiyuanbio.com\/wp-content\/uploads\/2024\/09\/high-protein-noodles-ramen-1.jpg 750w, https:\/\/sentaiyuanbio.com\/wp-content\/uploads\/2024\/09\/high-protein-noodles-ramen-1-300x242.jpg 300w, https:\/\/sentaiyuanbio.com\/wp-content\/uploads\/2024\/09\/high-protein-noodles-ramen-1-600x483.jpg 600w\" sizes=\"(max-width: 750px) 100vw, 750px\" \/> <img decoding=\"async\" class=\"alignnone wp-image-2794 size-full\" title=\"Instant-Ramen mit hohem Eiwei\u00dfgehalt und Rindfleischgeschmack\" src=\"https:\/\/sentaiyuanbio.com\/wp-content\/uploads\/2024\/09\/high-protein-noodles-ramen-2.jpg\" alt=\"Instant-Ramen mit hohem Eiwei\u00dfgehalt und Rindfleischgeschmack\" width=\"750\" height=\"589\" srcset=\"https:\/\/sentaiyuanbio.com\/wp-content\/uploads\/2024\/09\/high-protein-noodles-ramen-2.jpg 750w, https:\/\/sentaiyuanbio.com\/wp-content\/uploads\/2024\/09\/high-protein-noodles-ramen-2-300x236.jpg 300w, https:\/\/sentaiyuanbio.com\/wp-content\/uploads\/2024\/09\/high-protein-noodles-ramen-2-600x471.jpg 600w\" sizes=\"(max-width: 750px) 100vw, 750px\" \/> <img decoding=\"async\" class=\"alignnone wp-image-2795 size-full\" title=\"Instant-Ramen mit hohem Eiwei\u00dfgehalt und Rindfleischgeschmack\" src=\"https:\/\/sentaiyuanbio.com\/wp-content\/uploads\/2024\/09\/high-protein-noodles-ramen-3.jpg\" alt=\"Instant-Ramen mit hohem Eiwei\u00dfgehalt und Rindfleischgeschmack\" width=\"750\" height=\"451\" srcset=\"https:\/\/sentaiyuanbio.com\/wp-content\/uploads\/2024\/09\/high-protein-noodles-ramen-3.jpg 750w, https:\/\/sentaiyuanbio.com\/wp-content\/uploads\/2024\/09\/high-protein-noodles-ramen-3-300x180.jpg 300w, https:\/\/sentaiyuanbio.com\/wp-content\/uploads\/2024\/09\/high-protein-noodles-ramen-3-600x361.jpg 600w\" sizes=\"(max-width: 750px) 100vw, 750px\" \/> <img loading=\"lazy\" decoding=\"async\" class=\"alignnone wp-image-2796 size-full\" title=\"Instant-Ramen mit hohem Eiwei\u00dfgehalt und Rindfleischgeschmack\" src=\"https:\/\/sentaiyuanbio.com\/wp-content\/uploads\/2024\/09\/high-protein-noodles-ramen-4.jpg\" alt=\"proteinreiche Nudeln Ramen\" width=\"750\" height=\"569\" srcset=\"https:\/\/sentaiyuanbio.com\/wp-content\/uploads\/2024\/09\/high-protein-noodles-ramen-4.jpg 750w, https:\/\/sentaiyuanbio.com\/wp-content\/uploads\/2024\/09\/high-protein-noodles-ramen-4-300x228.jpg 300w, https:\/\/sentaiyuanbio.com\/wp-content\/uploads\/2024\/09\/high-protein-noodles-ramen-4-600x455.jpg 600w\" sizes=\"(max-width: 750px) 100vw, 750px\" \/> <img loading=\"lazy\" decoding=\"async\" class=\"alignnone wp-image-2797 size-full\" title=\"Instant-Ramen mit hohem Eiwei\u00dfgehalt und Rindfleischgeschmack\" src=\"https:\/\/sentaiyuanbio.com\/wp-content\/uploads\/2024\/09\/high-protein-noodles-ramen-5.jpg\" alt=\"proteinreiche Nudeln Ramen\" width=\"750\" height=\"818\" srcset=\"https:\/\/sentaiyuanbio.com\/wp-content\/uploads\/2024\/09\/high-protein-noodles-ramen-5.jpg 750w, https:\/\/sentaiyuanbio.com\/wp-content\/uploads\/2024\/09\/high-protein-noodles-ramen-5-275x300.jpg 275w, https:\/\/sentaiyuanbio.com\/wp-content\/uploads\/2024\/09\/high-protein-noodles-ramen-5-550x600.jpg 550w, https:\/\/sentaiyuanbio.com\/wp-content\/uploads\/2024\/09\/high-protein-noodles-ramen-5-600x654.jpg 600w\" sizes=\"(max-width: 750px) 100vw, 750px\" \/> <img loading=\"lazy\" decoding=\"async\" class=\"alignnone wp-image-2798 size-full\" title=\"Instant-Ramen mit hohem Eiwei\u00dfgehalt und Rindfleischgeschmack\" src=\"https:\/\/sentaiyuanbio.com\/wp-content\/uploads\/2024\/09\/high-protein-noodles-ramen-6.jpg\" alt=\"Instant-Ramen mit hohem Eiwei\u00dfgehalt und Rindfleischgeschmack\" width=\"750\" height=\"531\" srcset=\"https:\/\/sentaiyuanbio.com\/wp-content\/uploads\/2024\/09\/high-protein-noodles-ramen-6.jpg 750w, https:\/\/sentaiyuanbio.com\/wp-content\/uploads\/2024\/09\/high-protein-noodles-ramen-6-300x212.jpg 300w, https:\/\/sentaiyuanbio.com\/wp-content\/uploads\/2024\/09\/high-protein-noodles-ramen-6-600x425.jpg 600w\" sizes=\"(max-width: 750px) 100vw, 750px\" \/><\/p>\n<h2>Proteinreiche Nudeln mit Ramen-Rindfleisch-Geschmack Kochanleitung<\/h2>\n<ul>\n<li>Geben Sie die Pflanzenprotein-Ramen und die Gew\u00fcrzpakete in eine Sch\u00fcssel.<\/li>\n<li>Die Ramen mit kochendem Wasser \u00fcbergie\u00dfen, bis sie m\u00e4\u00dfig hei\u00df sind.<\/li>\n<li>Etwa 5 Minuten warten und genie\u00dfen!<\/li>\n<\/ul>\n<p><a href=\"https:\/\/sentaiyuanbio.com\/wp-content\/uploads\/woocommerce_uploads\/2024\/09\/Instant-high-protein-ramen-spicy-beef-flavor-yytbao.pdf\" target=\"_blank\" rel=\"noopener\"><b>Herunterladen Instant Ramen mit hohem Proteingehalt (w\u00fcrziger Rindfleischgeschmack) SGS Bericht<\/b><\/a><\/p>","protected":false},"excerpt":{"rendered":"<p>Sentaiyuan Instant-Ramen-Nudeln mit hohem Eiwei\u00dfgehalt sind fettarm und n\u00e4hrstoffreich. 30% weniger Kohlenhydrate und 80% mehr Eiwei\u00df im Vergleich zu anderen Nudeln. Mit einem Nettogewicht von 2,19 Unzen (62 Gramm) pro Portion enth\u00e4lt jede Portion Ramen satte 32 g Protein.<\/p>","protected":false},"featured_media":5511,"template":"","meta":{"site-sidebar-layout":"default","site-content-layout":"","ast-site-content-layout":"default","site-content-style":"default","site-sidebar-style":"default","ast-global-header-display":"","ast-banner-title-visibility":"","ast-main-header-display":"","ast-hfb-above-header-display":"","ast-hfb-below-header-display":"","ast-hfb-mobile-header-display":"","site-post-title":"","ast-breadcrumbs-content":"","ast-featured-img":"","footer-sml-layout":"","ast-disable-related-posts":"","theme-transparent-header-meta":"default","adv-header-id-meta":"","stick-header-meta":"default","header-above-stick-meta":"","header-main-stick-meta":"","header-below-stick-meta":"","astra-migrate-meta-layouts":"set","ast-page-background-enabled":"default","ast-page-background-meta":{"desktop":{"background-color":"","background-image":"","background-repeat":"repeat","background-position":"center center","background-size":"auto","background-attachment":"scroll","background-type":"","background-media":"","overlay-type":"","overlay-color":"","overlay-opacity":"","overlay-gradient":""},"tablet":{"background-color":"","background-image":"","background-repeat":"repeat","background-position":"center center","background-size":"auto","background-attachment":"scroll","background-type":"","background-media":"","overlay-type":"","overlay-color":"","overlay-opacity":"","overlay-gradient":""},"mobile":{"background-color":"","background-image":"","background-repeat":"repeat","background-position":"center center","background-size":"auto","background-attachment":"scroll","background-type":"","background-media":"","overlay-type":"","overlay-color":"","overlay-opacity":"","overlay-gradient":""}},"ast-content-background-meta":{"desktop":{"background-color":"var(--ast-global-color-5)","background-image":"","background-repeat":"repeat","background-position":"center center","background-size":"auto","background-attachment":"scroll","background-type":"","background-media":"","overlay-type":"","overlay-color":"","overlay-opacity":"","overlay-gradient":""},"tablet":{"background-color":"var(--ast-global-color-5)","background-image":"","background-repeat":"repeat","background-position":"center center","background-size":"auto","background-attachment":"scroll","background-type":"","background-media":"","overlay-type":"","overlay-color":"","overlay-opacity":"","overlay-gradient":""},"mobile":{"background-color":"var(--ast-global-color-5)","background-image":"","background-repeat":"repeat","background-position":"center center","background-size":"auto","background-attachment":"scroll","background-type":"","background-media":"","overlay-type":"","overlay-color":"","overlay-opacity":"","overlay-gradient":""}}},"product_brand":[],"product_cat":[248],"product_tag":[],"class_list":{"0":"post-2786","1":"product","2":"type-product","3":"status-publish","4":"has-post-thumbnail","6":"product_cat-low-carb-high-protein-noodles","7":"desktop-align-left","8":"tablet-align-left","9":"mobile-align-left","10":"ast-product-gallery-layout-horizontal-slider","11":"ast-product-tabs-layout-horizontal","13":"first","14":"instock","15":"shipping-taxable","16":"product-type-simple"},"_links":{"self":[{"href":"https:\/\/sentaiyuanbio.com\/de\/wp-json\/wp\/v2\/product\/2786","targetHints":{"allow":["GET"]}}],"collection":[{"href":"https:\/\/sentaiyuanbio.com\/de\/wp-json\/wp\/v2\/product"}],"about":[{"href":"https:\/\/sentaiyuanbio.com\/de\/wp-json\/wp\/v2\/types\/product"}],"version-history":[{"count":0,"href":"https:\/\/sentaiyuanbio.com\/de\/wp-json\/wp\/v2\/product\/2786\/revisions"}],"wp:featuredmedia":[{"embeddable":true,"href":"https:\/\/sentaiyuanbio.com\/de\/wp-json\/wp\/v2\/media\/5511"}],"wp:attachment":[{"href":"https:\/\/sentaiyuanbio.com\/de\/wp-json\/wp\/v2\/media?parent=2786"}],"wp:term":[{"taxonomy":"product_brand","embeddable":true,"href":"https:\/\/sentaiyuanbio.com\/de\/wp-json\/wp\/v2\/product_brand?post=2786"},{"taxonomy":"product_cat","embeddable":true,"href":"https:\/\/sentaiyuanbio.com\/de\/wp-json\/wp\/v2\/product_cat?post=2786"},{"taxonomy":"product_tag","embeddable":true,"href":"https:\/\/sentaiyuanbio.com\/de\/wp-json\/wp\/v2\/product_tag?post=2786"}],"curies":[{"name":"wp","href":"https:\/\/api.w.org\/{rel}","templated":true}]}}