{"id":2800,"date":"2024-09-25T06:46:45","date_gmt":"2024-09-25T06:46:45","guid":{"rendered":"https:\/\/sentaiyuanbio.com\/?post_type=product&#038;p=2800"},"modified":"2026-02-13T08:56:19","modified_gmt":"2026-02-13T08:56:19","slug":"schweinefleisch-tonkotsu-instant-ramen","status":"publish","type":"product","link":"https:\/\/sentaiyuanbio.com\/de\/produkt\/schweinefleisch-tonkotsu-instant-ramen\/","title":{"rendered":"Ramen mit Schweinefleisch-Tonkotsu-Geschmack, Ramen mit Pflanzeneiwei\u00df"},"content":{"rendered":"<h2>Schweinefleisch Tonkotsu Instant Ramen, Pflanzenprotein Ramen Zutaten<\/h2>\n<p><strong>Ramen Zutaten:<\/strong> Vitales Weizengluten, Erbsenprotein, Weizenmehl, Buchweizenmehl, Erbsenfaserpulver, Klebereismehl, <a href=\"https:\/\/sentaiyuanbio.com\/de\/produkt\/konjak-pulver\/\" target=\"_blank\" rel=\"noopener\">Konjak-Pulver<\/a>, Xanthangummi, Natriumcarbonat.<\/p>\n<p><strong>Schweinefleisch Tonkotsu W\u00fcrzung Zutaten:<\/strong> Wei\u00dfer Kristallzucker, Salz, Maltodextrin, Zwiebelpulver, Speiseessenz, <a href=\"https:\/\/www.atamanchemicals.com\/disodium-5--ribonucleotide_u26322\/\" target=\"_blank\" rel=\"noopener\">Dinatrium-5'-Ribonukleotid<\/a>, Hydrolysiertes pflanzliches Eiwei\u00df, Knoblauchpulver, Ingwerpulver, Hefeextrakt, gemahlener Pfeffer, Siliciumdioxid.<\/p>\n<p><strong>Gem\u00fcse<\/strong>: Gr\u00fcne Zwiebel, Karotte<\/p>\n<p><strong>Enth\u00e4lt<\/strong>: Sojabohnen und Produkte auf Sojabasis.<\/p>\n<h2>N\u00e4hrwertangaben f\u00fcr Instant-Nudeln mit Schweinefleischknochen<\/h2>\n<p>&nbsp;<\/p>\n<table border=\"1\" cellspacing=\"1\">\n<tbody>\n<tr>\n<td colspan=\"2\" align=\"center\">N\u00e4hrwertangaben(62g)<\/td>\n<\/tr>\n<tr>\n<td align=\"center\" width=\"284\"><b>Energie<\/b><\/td>\n<td align=\"center\" width=\"284\">220kcal<\/td>\n<\/tr>\n<tr>\n<td align=\"center\" width=\"284\"><b>Eiwei\u00df<\/b><\/td>\n<td align=\"center\" width=\"284\">31g<\/td>\n<\/tr>\n<tr>\n<td align=\"center\" width=\"284\"><b>Fett insgesamt<\/b><\/td>\n<td align=\"center\" width=\"284\">2.5g<\/td>\n<\/tr>\n<tr>\n<td align=\"center\" width=\"284\"><b>Kohlenhydrate insgesamt<\/b><\/td>\n<td align=\"center\" width=\"284\">21g<\/td>\n<\/tr>\n<tr>\n<td align=\"center\" width=\"284\"><b>Ballaststoffe<\/b><\/td>\n<td align=\"center\" width=\"284\">5g<\/td>\n<\/tr>\n<tr>\n<td align=\"center\" width=\"284\"><strong>Kalzium<\/strong><\/td>\n<td align=\"center\" width=\"284\">50,3mg<\/td>\n<\/tr>\n<tr>\n<td align=\"center\" width=\"284\"><b>Eisen<\/b><\/td>\n<td align=\"center\" width=\"284\">5,1 mg<\/td>\n<\/tr>\n<tr>\n<td align=\"center\" width=\"284\"><b>Kalium <\/b><\/td>\n<td align=\"center\" width=\"284\">172mg<\/td>\n<\/tr>\n<tr>\n<td align=\"center\" width=\"284\"><b>Natrium<\/b><\/td>\n<td align=\"center\" width=\"284\">620mg<\/td>\n<\/tr>\n<\/tbody>\n<\/table>\n<p><img fetchpriority=\"high\" decoding=\"async\" class=\"alignnone wp-image-2809 size-full\" src=\"https:\/\/sentaiyuanbio.com\/wp-content\/uploads\/2024\/09\/Pork-Bone-Instant-Noodle-1.jpg\" alt=\"Instant-Nudeln mit Schweineknochen (1)\" width=\"750\" height=\"600\" srcset=\"https:\/\/sentaiyuanbio.com\/wp-content\/uploads\/2024\/09\/Pork-Bone-Instant-Noodle-1.jpg 750w, https:\/\/sentaiyuanbio.com\/wp-content\/uploads\/2024\/09\/Pork-Bone-Instant-Noodle-1-300x240.jpg 300w, https:\/\/sentaiyuanbio.com\/wp-content\/uploads\/2024\/09\/Pork-Bone-Instant-Noodle-1-600x480.jpg 600w\" sizes=\"(max-width: 750px) 100vw, 750px\" \/><img decoding=\"async\" class=\"alignnone wp-image-2805 size-full\" src=\"https:\/\/sentaiyuanbio.com\/wp-content\/uploads\/2024\/09\/Pork-Bone-Instant-Noodle-2.jpg\" alt=\"Instant-Nudeln mit Schweineknochen 6\" width=\"750\" height=\"413\" srcset=\"https:\/\/sentaiyuanbio.com\/wp-content\/uploads\/2024\/09\/Pork-Bone-Instant-Noodle-2.jpg 750w, https:\/\/sentaiyuanbio.com\/wp-content\/uploads\/2024\/09\/Pork-Bone-Instant-Noodle-2-300x165.jpg 300w, https:\/\/sentaiyuanbio.com\/wp-content\/uploads\/2024\/09\/Pork-Bone-Instant-Noodle-2-600x330.jpg 600w\" sizes=\"(max-width: 750px) 100vw, 750px\" \/><img decoding=\"async\" class=\"alignnone wp-image-2806 size-full\" src=\"https:\/\/sentaiyuanbio.com\/wp-content\/uploads\/2024\/09\/Pork-Bone-Instant-Noodle-3.jpg\" alt=\"Instant-Nudeln mit Schweineknochen 6\" width=\"750\" height=\"630\" srcset=\"https:\/\/sentaiyuanbio.com\/wp-content\/uploads\/2024\/09\/Pork-Bone-Instant-Noodle-3.jpg 750w, https:\/\/sentaiyuanbio.com\/wp-content\/uploads\/2024\/09\/Pork-Bone-Instant-Noodle-3-300x252.jpg 300w, https:\/\/sentaiyuanbio.com\/wp-content\/uploads\/2024\/09\/Pork-Bone-Instant-Noodle-3-600x504.jpg 600w\" sizes=\"(max-width: 750px) 100vw, 750px\" \/><img loading=\"lazy\" decoding=\"async\" class=\"alignnone wp-image-2807 size-full\" src=\"https:\/\/sentaiyuanbio.com\/wp-content\/uploads\/2024\/09\/Pork-Bone-Instant-Noodle-4.jpg\" alt=\"Instant-Nudeln mit Schweineknochen 6\" width=\"750\" height=\"450\" srcset=\"https:\/\/sentaiyuanbio.com\/wp-content\/uploads\/2024\/09\/Pork-Bone-Instant-Noodle-4.jpg 750w, https:\/\/sentaiyuanbio.com\/wp-content\/uploads\/2024\/09\/Pork-Bone-Instant-Noodle-4-300x180.jpg 300w, https:\/\/sentaiyuanbio.com\/wp-content\/uploads\/2024\/09\/Pork-Bone-Instant-Noodle-4-600x360.jpg 600w\" sizes=\"(max-width: 750px) 100vw, 750px\" \/><img loading=\"lazy\" decoding=\"async\" class=\"alignnone wp-image-2801 size-full\" src=\"https:\/\/sentaiyuanbio.com\/wp-content\/uploads\/2024\/09\/Pork-Bone-Instant-Noodle-6.jpg\" alt=\"Instant-Nudeln mit Schweineknochen (6)\" width=\"750\" height=\"525\" srcset=\"https:\/\/sentaiyuanbio.com\/wp-content\/uploads\/2024\/09\/Pork-Bone-Instant-Noodle-6.jpg 750w, https:\/\/sentaiyuanbio.com\/wp-content\/uploads\/2024\/09\/Pork-Bone-Instant-Noodle-6-300x210.jpg 300w, https:\/\/sentaiyuanbio.com\/wp-content\/uploads\/2024\/09\/Pork-Bone-Instant-Noodle-6-600x420.jpg 600w\" sizes=\"(max-width: 750px) 100vw, 750px\" \/><img loading=\"lazy\" decoding=\"async\" class=\"alignnone wp-image-2808 size-full\" src=\"https:\/\/sentaiyuanbio.com\/wp-content\/uploads\/2024\/09\/Pork-Bone-Instant-Noodle-5.jpg\" alt=\"Instant-Nudeln mit Schweineknochen 6\" width=\"750\" height=\"528\" srcset=\"https:\/\/sentaiyuanbio.com\/wp-content\/uploads\/2024\/09\/Pork-Bone-Instant-Noodle-5.jpg 750w, https:\/\/sentaiyuanbio.com\/wp-content\/uploads\/2024\/09\/Pork-Bone-Instant-Noodle-5-300x211.jpg 300w, https:\/\/sentaiyuanbio.com\/wp-content\/uploads\/2024\/09\/Pork-Bone-Instant-Noodle-5-600x422.jpg 600w\" sizes=\"(max-width: 750px) 100vw, 750px\" \/><img loading=\"lazy\" decoding=\"async\" class=\"wp-image-2804 size-full\" style=\"font-style: inherit; font-weight: 600;\" src=\"https:\/\/sentaiyuanbio.com\/wp-content\/uploads\/2024\/09\/Pork-Bone-Instant-Noodle-6-1.jpg\" alt=\"Instant-Nudeln mit Schweineknochen 6\" width=\"750\" height=\"440\" srcset=\"https:\/\/sentaiyuanbio.com\/wp-content\/uploads\/2024\/09\/Pork-Bone-Instant-Noodle-6-1.jpg 750w, https:\/\/sentaiyuanbio.com\/wp-content\/uploads\/2024\/09\/Pork-Bone-Instant-Noodle-6-1-300x176.jpg 300w, https:\/\/sentaiyuanbio.com\/wp-content\/uploads\/2024\/09\/Pork-Bone-Instant-Noodle-6-1-600x352.jpg 600w\" sizes=\"(max-width: 750px) 100vw, 750px\" \/><\/p>\n<h2>Instant-Nudeln mit hohem Proteingehalt aus Schweineknochen - Kochanleitung<\/h2>\n<ul>\n<li>Geben Sie die Pflanzenprotein-Ramen und die Gew\u00fcrzpakete in eine Sch\u00fcssel.<\/li>\n<li>Die Ramen mit kochendem Wasser \u00fcbergie\u00dfen, bis sie m\u00e4\u00dfig hei\u00df sind.<\/li>\n<li>Etwa 5 Minuten warten und genie\u00dfen!<\/li>\n<\/ul>\n<p><a href=\"https:\/\/sentaiyuanbio.com\/wp-content\/uploads\/woocommerce_uploads\/2024\/09\/Instant-high-protein-ramen-Roasted-Pork-Tonkotsu-flavor-vjumjw.pdf\" target=\"_blank\" rel=\"noopener\"><b>Herunterladen Instant Ramen mit hohem Proteingehalt (Geschmack: gebratenes Schweinefleisch Tonkatsu) SGS Bericht<\/b><\/a><\/p>","protected":false},"excerpt":{"rendered":"<p>Schweineknochen-Instantnudeln, erhalten Sie das Eiwei\u00df von 5 Eiern in nur einer unserer proteinreichen Instant-Ramen. 55 g Ramen + 5 g Gew\u00fcrz + 2 g Gem\u00fcse, 31 g Eiwei\u00df pro 62 g (2,19 Unzen). Eigenschaften: LUFTGETROCKNET, FETTARM, NICHT GEBRATEN, NICHT GENTECHNISCH VER\u00c4NDERT, WENIGER KOHLENHYDRATE.<\/p>","protected":false},"featured_media":5512,"template":"","meta":{"site-sidebar-layout":"default","site-content-layout":"","ast-site-content-layout":"default","site-content-style":"default","site-sidebar-style":"default","ast-global-header-display":"","ast-banner-title-visibility":"","ast-main-header-display":"","ast-hfb-above-header-display":"","ast-hfb-below-header-display":"","ast-hfb-mobile-header-display":"","site-post-title":"","ast-breadcrumbs-content":"","ast-featured-img":"","footer-sml-layout":"","ast-disable-related-posts":"","theme-transparent-header-meta":"default","adv-header-id-meta":"","stick-header-meta":"default","header-above-stick-meta":"","header-main-stick-meta":"","header-below-stick-meta":"","astra-migrate-meta-layouts":"set","ast-page-background-enabled":"default","ast-page-background-meta":{"desktop":{"background-color":"","background-image":"","background-repeat":"repeat","background-position":"center center","background-size":"auto","background-attachment":"scroll","background-type":"","background-media":"","overlay-type":"","overlay-color":"","overlay-opacity":"","overlay-gradient":""},"tablet":{"background-color":"","background-image":"","background-repeat":"repeat","background-position":"center center","background-size":"auto","background-attachment":"scroll","background-type":"","background-media":"","overlay-type":"","overlay-color":"","overlay-opacity":"","overlay-gradient":""},"mobile":{"background-color":"","background-image":"","background-repeat":"repeat","background-position":"center center","background-size":"auto","background-attachment":"scroll","background-type":"","background-media":"","overlay-type":"","overlay-color":"","overlay-opacity":"","overlay-gradient":""}},"ast-content-background-meta":{"desktop":{"background-color":"var(--ast-global-color-5)","background-image":"","background-repeat":"repeat","background-position":"center center","background-size":"auto","background-attachment":"scroll","background-type":"","background-media":"","overlay-type":"","overlay-color":"","overlay-opacity":"","overlay-gradient":""},"tablet":{"background-color":"var(--ast-global-color-5)","background-image":"","background-repeat":"repeat","background-position":"center center","background-size":"auto","background-attachment":"scroll","background-type":"","background-media":"","overlay-type":"","overlay-color":"","overlay-opacity":"","overlay-gradient":""},"mobile":{"background-color":"var(--ast-global-color-5)","background-image":"","background-repeat":"repeat","background-position":"center center","background-size":"auto","background-attachment":"scroll","background-type":"","background-media":"","overlay-type":"","overlay-color":"","overlay-opacity":"","overlay-gradient":""}}},"product_brand":[],"product_cat":[248],"product_tag":[],"class_list":{"0":"post-2800","1":"product","2":"type-product","3":"status-publish","4":"has-post-thumbnail","6":"product_cat-low-carb-high-protein-noodles","7":"desktop-align-left","8":"tablet-align-left","9":"mobile-align-left","10":"ast-product-gallery-layout-horizontal-slider","11":"ast-product-tabs-layout-horizontal","13":"first","14":"instock","15":"shipping-taxable","16":"product-type-simple"},"_links":{"self":[{"href":"https:\/\/sentaiyuanbio.com\/de\/wp-json\/wp\/v2\/product\/2800","targetHints":{"allow":["GET"]}}],"collection":[{"href":"https:\/\/sentaiyuanbio.com\/de\/wp-json\/wp\/v2\/product"}],"about":[{"href":"https:\/\/sentaiyuanbio.com\/de\/wp-json\/wp\/v2\/types\/product"}],"version-history":[{"count":0,"href":"https:\/\/sentaiyuanbio.com\/de\/wp-json\/wp\/v2\/product\/2800\/revisions"}],"wp:featuredmedia":[{"embeddable":true,"href":"https:\/\/sentaiyuanbio.com\/de\/wp-json\/wp\/v2\/media\/5512"}],"wp:attachment":[{"href":"https:\/\/sentaiyuanbio.com\/de\/wp-json\/wp\/v2\/media?parent=2800"}],"wp:term":[{"taxonomy":"product_brand","embeddable":true,"href":"https:\/\/sentaiyuanbio.com\/de\/wp-json\/wp\/v2\/product_brand?post=2800"},{"taxonomy":"product_cat","embeddable":true,"href":"https:\/\/sentaiyuanbio.com\/de\/wp-json\/wp\/v2\/product_cat?post=2800"},{"taxonomy":"product_tag","embeddable":true,"href":"https:\/\/sentaiyuanbio.com\/de\/wp-json\/wp\/v2\/product_tag?post=2800"}],"curies":[{"name":"wp","href":"https:\/\/api.w.org\/{rel}","templated":true}]}}