{"id":2821,"date":"2024-09-26T06:30:43","date_gmt":"2024-09-26T06:30:43","guid":{"rendered":"https:\/\/sentaiyuanbio.com\/?post_type=product&#038;p=2821"},"modified":"2026-02-13T08:55:59","modified_gmt":"2026-02-13T08:55:59","slug":"packchen-huhner-ramen-nudeln","status":"publish","type":"product","link":"https:\/\/sentaiyuanbio.com\/de\/produkt\/packchen-huhner-ramen-nudeln\/","title":{"rendered":"Ramen-Paket mit H\u00fchnergeschmack, Protein-Instantnudeln"},"content":{"rendered":"<h2>Huhn Ramen Nudeln Paket, Protein Instant Nudeln Zutaten<\/h2>\n<p><strong>Ramen-Zutaten<\/strong>: Vitales Weizengluten, Erbsenprotein, Weizenmehl, Buchweizenmehl, Erbsenfaserpulver, Klebereismehl, <a href=\"https:\/\/sentaiyuanbio.com\/de\/produkt\/konjak-pulver\/\" target=\"_blank\" rel=\"noopener\">Konjak-Pulver<\/a>, Xanthangummi, Natriumcarbonat.<\/p>\n<p><strong>H\u00fchnergew\u00fcrz Zutaten<\/strong>: Maltodextrin, wei\u00dfer Kristallzucker, Salz, Speiseessenz, Dinatrium-5'-Ribonukleotid, Knoblauchpulver, Zwiebelpulver, Ingwerpulver, hydrolisiertes pflanzliches Eiwei\u00df, <a href=\"https:\/\/biospringer.com\/en\/yeast-extract\/\" target=\"_blank\" rel=\"noopener\">Hefeextrakt<\/a>, Gew\u00fcrze (wei\u00dfer Pfeffer, Chilipulver, Currypulver, Kurkumapulver), Siliciumdioxid.<\/p>\n<p><strong>Gem\u00fcse<\/strong>: Gr\u00fcne Zwiebel, Karotte.<\/p>\n<p><strong>Enth\u00e4lt<\/strong>: Produkte auf Sojabasis.<\/p>\n<h2>H\u00e4hnchen-Ramen-Nudeln-Paket N\u00e4hrwertangaben<\/h2>\n<table border=\"1\" cellspacing=\"1\">\n<tbody>\n<tr>\n<td colspan=\"2\" align=\"center\"><strong>N\u00e4hrwertangaben(62g)<\/strong><\/td>\n<\/tr>\n<tr>\n<td align=\"center\" width=\"284\"><b>Energie<\/b><\/td>\n<td align=\"center\" width=\"284\">220kcal<\/td>\n<\/tr>\n<tr>\n<td align=\"center\" width=\"284\"><b>Eiwei\u00df<\/b><\/td>\n<td align=\"center\" width=\"284\">32g<\/td>\n<\/tr>\n<tr>\n<td align=\"center\" width=\"284\"><b>Fett insgesamt<\/b><\/td>\n<td align=\"center\" width=\"284\">2.5g<\/td>\n<\/tr>\n<tr>\n<td align=\"center\" width=\"284\"><b>Kohlenhydrate insgesamt<\/b><\/td>\n<td align=\"center\" width=\"284\">21g<\/td>\n<\/tr>\n<tr>\n<td align=\"center\" width=\"284\"><b>Ballaststoffe<\/b><\/td>\n<td align=\"center\" width=\"284\">5g<\/td>\n<\/tr>\n<tr>\n<td align=\"center\" width=\"284\"><strong>Kalzium<\/strong><\/td>\n<td align=\"center\" width=\"284\">47,8mg<\/td>\n<\/tr>\n<tr>\n<td align=\"center\" width=\"284\"><b>Eisen<\/b><\/td>\n<td align=\"center\" width=\"284\">4,9 mg<\/td>\n<\/tr>\n<tr>\n<td align=\"center\" width=\"284\"><b>Kalium<\/b><\/td>\n<td align=\"center\" width=\"284\">164mg<\/td>\n<\/tr>\n<tr>\n<td align=\"center\" width=\"284\"><b>Natrium<\/b><\/td>\n<td align=\"center\" width=\"284\">700mg<\/td>\n<\/tr>\n<\/tbody>\n<\/table>\n<p><img fetchpriority=\"high\" decoding=\"async\" class=\"alignnone wp-image-5072 size-full\" title=\"Instant-Nudeln mit H\u00fchnergeschmack\" src=\"https:\/\/sentaiyuanbio.com\/wp-content\/uploads\/2024\/09\/Instant-noodles-chicken-flavor_1.webp\" alt=\"Instant-Nudeln mit H\u00fchnergeschmack\" width=\"750\" height=\"577\" srcset=\"https:\/\/sentaiyuanbio.com\/wp-content\/uploads\/2024\/09\/Instant-noodles-chicken-flavor_1.webp 750w, https:\/\/sentaiyuanbio.com\/wp-content\/uploads\/2024\/09\/Instant-noodles-chicken-flavor_1-300x231.webp 300w, https:\/\/sentaiyuanbio.com\/wp-content\/uploads\/2024\/09\/Instant-noodles-chicken-flavor_1-600x462.webp 600w\" sizes=\"(max-width: 750px) 100vw, 750px\" \/> <img decoding=\"async\" class=\"alignnone wp-image-5073 size-full\" title=\"Instant-Nudeln mit H\u00fchnergeschmack\" src=\"https:\/\/sentaiyuanbio.com\/wp-content\/uploads\/2024\/09\/Instant-noodles-chicken-flavor_2.webp\" alt=\"Instant-Nudeln mit H\u00fchnergeschmack\" width=\"750\" height=\"476\" srcset=\"https:\/\/sentaiyuanbio.com\/wp-content\/uploads\/2024\/09\/Instant-noodles-chicken-flavor_2.webp 750w, https:\/\/sentaiyuanbio.com\/wp-content\/uploads\/2024\/09\/Instant-noodles-chicken-flavor_2-300x190.webp 300w, https:\/\/sentaiyuanbio.com\/wp-content\/uploads\/2024\/09\/Instant-noodles-chicken-flavor_2-600x381.webp 600w\" sizes=\"(max-width: 750px) 100vw, 750px\" \/> <img decoding=\"async\" class=\"alignnone wp-image-5074 size-full\" title=\"Instant-Nudeln mit H\u00fchnergeschmack\" src=\"https:\/\/sentaiyuanbio.com\/wp-content\/uploads\/2024\/09\/Instant-noodles-chicken-flavor_3.webp\" alt=\"Instant-Nudeln mit H\u00fchnergeschmack\" width=\"750\" height=\"575\" srcset=\"https:\/\/sentaiyuanbio.com\/wp-content\/uploads\/2024\/09\/Instant-noodles-chicken-flavor_3.webp 750w, https:\/\/sentaiyuanbio.com\/wp-content\/uploads\/2024\/09\/Instant-noodles-chicken-flavor_3-300x230.webp 300w, https:\/\/sentaiyuanbio.com\/wp-content\/uploads\/2024\/09\/Instant-noodles-chicken-flavor_3-600x460.webp 600w\" sizes=\"(max-width: 750px) 100vw, 750px\" \/> <img loading=\"lazy\" decoding=\"async\" class=\"alignnone wp-image-5075 size-full\" title=\"Instant-Nudeln mit H\u00fchnergeschmack\" src=\"https:\/\/sentaiyuanbio.com\/wp-content\/uploads\/2024\/09\/Instant-noodles-chicken-flavor_4.webp\" alt=\"Instant-Nudeln mit H\u00fchnergeschmack\" width=\"750\" height=\"597\" srcset=\"https:\/\/sentaiyuanbio.com\/wp-content\/uploads\/2024\/09\/Instant-noodles-chicken-flavor_4.webp 750w, https:\/\/sentaiyuanbio.com\/wp-content\/uploads\/2024\/09\/Instant-noodles-chicken-flavor_4-300x239.webp 300w, https:\/\/sentaiyuanbio.com\/wp-content\/uploads\/2024\/09\/Instant-noodles-chicken-flavor_4-600x478.webp 600w\" sizes=\"(max-width: 750px) 100vw, 750px\" \/> <img loading=\"lazy\" decoding=\"async\" class=\"alignnone wp-image-5076 size-full\" title=\"Instant-Nudeln mit H\u00fchnergeschmack\" src=\"https:\/\/sentaiyuanbio.com\/wp-content\/uploads\/2024\/09\/Instant-noodles-chicken-flavor_5.webp\" alt=\"Instant-Nudeln mit H\u00fchnergeschmack\" width=\"750\" height=\"600\" srcset=\"https:\/\/sentaiyuanbio.com\/wp-content\/uploads\/2024\/09\/Instant-noodles-chicken-flavor_5.webp 750w, https:\/\/sentaiyuanbio.com\/wp-content\/uploads\/2024\/09\/Instant-noodles-chicken-flavor_5-300x240.webp 300w, https:\/\/sentaiyuanbio.com\/wp-content\/uploads\/2024\/09\/Instant-noodles-chicken-flavor_5-600x480.webp 600w\" sizes=\"(max-width: 750px) 100vw, 750px\" \/> <img loading=\"lazy\" decoding=\"async\" class=\"alignnone wp-image-5077 size-full\" title=\"Instant-Nudeln mit H\u00fchnergeschmack\" src=\"https:\/\/sentaiyuanbio.com\/wp-content\/uploads\/2024\/09\/Instant-noodles-chicken-flavor_6.webp\" alt=\"Instant-Nudeln mit H\u00fchnergeschmack\" width=\"750\" height=\"601\" srcset=\"https:\/\/sentaiyuanbio.com\/wp-content\/uploads\/2024\/09\/Instant-noodles-chicken-flavor_6.webp 750w, https:\/\/sentaiyuanbio.com\/wp-content\/uploads\/2024\/09\/Instant-noodles-chicken-flavor_6-300x240.webp 300w, https:\/\/sentaiyuanbio.com\/wp-content\/uploads\/2024\/09\/Instant-noodles-chicken-flavor_6-600x481.webp 600w\" sizes=\"(max-width: 750px) 100vw, 750px\" \/> <img loading=\"lazy\" decoding=\"async\" class=\"alignnone wp-image-5078 size-full\" title=\"Instant-Nudeln mit H\u00fchnergeschmack\" src=\"https:\/\/sentaiyuanbio.com\/wp-content\/uploads\/2024\/09\/Instant-noodles-chicken-flavor_7.webp\" alt=\"Instant-Nudeln mit H\u00fchnergeschmack\" width=\"750\" height=\"479\" srcset=\"https:\/\/sentaiyuanbio.com\/wp-content\/uploads\/2024\/09\/Instant-noodles-chicken-flavor_7.webp 750w, https:\/\/sentaiyuanbio.com\/wp-content\/uploads\/2024\/09\/Instant-noodles-chicken-flavor_7-300x192.webp 300w, https:\/\/sentaiyuanbio.com\/wp-content\/uploads\/2024\/09\/Instant-noodles-chicken-flavor_7-600x383.webp 600w\" sizes=\"(max-width: 750px) 100vw, 750px\" \/><\/p>\n<h2><a href=\"https:\/\/sentaiyuanbio.com\/wp-content\/uploads\/woocommerce_uploads\/2024\/09\/Instant-high-protein-ramen-chicken-flavor-restsg.pdf\" target=\"_blank\" rel=\"noopener\">P\u00e4ckchen mit hohem Eiwei\u00dfgehalt und H\u00e4hnchen-Ramen-Geschmack SGS-Bericht<\/a><\/h2>\n<h3>H\u00e4hnchen-Ramen-Nudeln Paket Probe im Beutel Chemische(r) Test(s) :<\/h3>\n<table border=\"1\" cellspacing=\"1\">\n<tbody>\n<tr>\n<td width=\"284\"><b>Pr\u00fcfling(e)<\/b><\/td>\n<td width=\"284\">Einheit(en)<\/td>\n<td width=\"284\">Pr\u00fcfmethode(n)<\/td>\n<td width=\"284\">Testergebnis(e)<br \/>\n2<\/td>\n<td width=\"284\">LOQ<\/td>\n<\/tr>\n<tr>\n<td width=\"284\"><b>Fett insgesamt<\/b><\/td>\n<td width=\"284\">g\/62 g<\/td>\n<td width=\"284\">AOAC 996.06<\/td>\n<td width=\"284\">2.59<\/td>\n<td width=\"284\">0.01<\/td>\n<\/tr>\n<tr>\n<td width=\"284\"><b>Ges\u00e4ttigtes Fett<\/b><\/td>\n<td width=\"284\">g\/62 g<\/td>\n<td width=\"284\">AOAC 996.06<\/td>\n<td width=\"284\">0.626<\/td>\n<td width=\"284\">0.01<\/td>\n<\/tr>\n<tr>\n<td width=\"284\"><b>Transfette<\/b><\/td>\n<td width=\"284\">g\/62 g<\/td>\n<td width=\"284\">AOAC 996.06<\/td>\n<td width=\"284\">0.00775<\/td>\n<td width=\"284\">0.01<\/td>\n<\/tr>\n<tr>\n<td width=\"284\"><b>Cholesterin<\/b><\/td>\n<td width=\"284\">mg\/62 g<\/td>\n<td width=\"284\">AOAC 994.10<\/td>\n<td width=\"284\">ND<\/td>\n<td width=\"284\">1<\/td>\n<\/tr>\n<tr>\n<td width=\"284\"><b>Ballaststoffe<\/b><\/td>\n<td width=\"284\">g\/62 g<\/td>\n<td width=\"284\">AOAC 991.43<\/td>\n<td width=\"284\">5.02<\/td>\n<td width=\"284\">-<\/td>\n<\/tr>\n<tr>\n<td width=\"284\"><b>lron(Fe)<\/b><\/td>\n<td width=\"284\">mg\/62 g<\/td>\n<td width=\"284\">AOAC 984.27<\/td>\n<td width=\"284\">ND<\/td>\n<td width=\"284\">0.10<\/td>\n<\/tr>\n<tr>\n<td width=\"284\"><b>*Kalium(K)<\/b><\/td>\n<td width=\"284\">mg\/62 g<\/td>\n<td width=\"284\">AOAC 984.27<\/td>\n<td width=\"284\">163.6<\/td>\n<td width=\"284\">0.10<\/td>\n<\/tr>\n<tr>\n<td width=\"284\"><b>*Calcium(Ca)<\/b><\/td>\n<td width=\"284\">mg\/62 g<\/td>\n<td width=\"284\">AOAC 984.27<\/td>\n<td width=\"284\">47.8<\/td>\n<td width=\"284\">0.10<\/td>\n<\/tr>\n<tr>\n<td width=\"284\"><b>*Natrium (Na)<\/b><\/td>\n<td width=\"284\">mg\/62 g<\/td>\n<td width=\"284\">AOAC 984.27<\/td>\n<td width=\"284\">698.6<\/td>\n<td width=\"284\">0.10<\/td>\n<\/tr>\n<tr>\n<td width=\"284\"><b>*Eiwei\u00df<\/b><\/td>\n<td width=\"284\">g\/62g<\/td>\n<td width=\"284\">AOAC 979.09<\/td>\n<td width=\"284\">31.8<\/td>\n<td width=\"284\">-<\/td>\n<\/tr>\n<tr>\n<td width=\"284\"><b>Fruktose<\/b><\/td>\n<td width=\"284\">g\/62 g<\/td>\n<td width=\"284\">AOAC 982.14:1983<\/td>\n<td width=\"284\">ND<\/td>\n<td width=\"284\">0.4<\/td>\n<\/tr>\n<tr>\n<td width=\"284\"><b>Glukose<\/b><\/td>\n<td width=\"284\">g\/62g<\/td>\n<td width=\"284\">AOAC 982.14:1983<\/td>\n<td width=\"284\">1.3<\/td>\n<td width=\"284\">0.4<\/td>\n<\/tr>\n<tr>\n<td width=\"284\"><b>Saccharose<\/b><\/td>\n<td width=\"284\">g\/62 g<\/td>\n<td width=\"284\">AOAC 982.14:1983<\/td>\n<td width=\"284\">1.4<\/td>\n<td width=\"284\">0.4<\/td>\n<\/tr>\n<tr>\n<td width=\"284\"><b>Maltose<\/b><\/td>\n<td width=\"284\">g\/62 g<\/td>\n<td width=\"284\">AOAC 982.14:1983<\/td>\n<td width=\"284\">0.3<\/td>\n<td width=\"284\">0.4<\/td>\n<\/tr>\n<tr>\n<td width=\"284\"><b>Laktose<\/b><\/td>\n<td width=\"284\">g\/62 g<\/td>\n<td width=\"284\">AOAC 982.14:1983<\/td>\n<td width=\"284\">ND<\/td>\n<td width=\"284\">0.4<\/td>\n<\/tr>\n<tr>\n<td width=\"284\"><b>Gesamt (Fructose+ Glucose+ Sucrose+ Altose+ Lactose)<\/b><\/td>\n<td width=\"284\">g\/62 g<\/td>\n<td width=\"284\">AOAC 982.14:1983<\/td>\n<td width=\"284\">3.0<\/td>\n<td width=\"284\">-<\/td>\n<\/tr>\n<tr>\n<td width=\"284\"><b>*Asche<\/b><\/td>\n<td width=\"284\">g\/62 g<\/td>\n<td width=\"284\">AOAC 930.05<\/td>\n<td width=\"284\">3.8<\/td>\n<td width=\"284\">-<\/td>\n<\/tr>\n<\/tbody>\n<\/table>\n<p>Bemerkung:<br \/>\n1.ND = Nicht erkannt<br \/>\n2.LOQ = Bestimmungsgrenze<br \/>\n3.# Pr\u00fcfgegenst\u00e4nde waren nicht in der CNAS-Akkreditierungsliste f\u00fcr unser Labor enthalten.<br \/>\n4. Der Umrechnungsfaktor von Stickstoff in Eiwei\u00df betr\u00e4gt 6,25.<\/p>","protected":false},"excerpt":{"rendered":"<p>H\u00e4hnchen-Ramen-Nudeln-Paket, Protein-Instant-Nudeln sind High-Protein-Ramen, 32g Protein pro 62g Portion, fit Lifestyle, 30 % weniger Kohlenhydrate, 80% mehr Protein. Pflanzliches Eiwei\u00df Ramen, hohe Protein, luftgetrocknet, fettarm, nicht gebraten, NON-GMO, niedriger carb.<\/p>","protected":false},"featured_media":5115,"template":"","meta":{"site-sidebar-layout":"default","site-content-layout":"","ast-site-content-layout":"default","site-content-style":"default","site-sidebar-style":"default","ast-global-header-display":"","ast-banner-title-visibility":"","ast-main-header-display":"","ast-hfb-above-header-display":"","ast-hfb-below-header-display":"","ast-hfb-mobile-header-display":"","site-post-title":"","ast-breadcrumbs-content":"","ast-featured-img":"","footer-sml-layout":"","ast-disable-related-posts":"","theme-transparent-header-meta":"default","adv-header-id-meta":"","stick-header-meta":"default","header-above-stick-meta":"","header-main-stick-meta":"","header-below-stick-meta":"","astra-migrate-meta-layouts":"set","ast-page-background-enabled":"default","ast-page-background-meta":{"desktop":{"background-color":"","background-image":"","background-repeat":"repeat","background-position":"center center","background-size":"auto","background-attachment":"scroll","background-type":"","background-media":"","overlay-type":"","overlay-color":"","overlay-opacity":"","overlay-gradient":""},"tablet":{"background-color":"","background-image":"","background-repeat":"repeat","background-position":"center center","background-size":"auto","background-attachment":"scroll","background-type":"","background-media":"","overlay-type":"","overlay-color":"","overlay-opacity":"","overlay-gradient":""},"mobile":{"background-color":"","background-image":"","background-repeat":"repeat","background-position":"center center","background-size":"auto","background-attachment":"scroll","background-type":"","background-media":"","overlay-type":"","overlay-color":"","overlay-opacity":"","overlay-gradient":""}},"ast-content-background-meta":{"desktop":{"background-color":"var(--ast-global-color-5)","background-image":"","background-repeat":"repeat","background-position":"center center","background-size":"auto","background-attachment":"scroll","background-type":"","background-media":"","overlay-type":"","overlay-color":"","overlay-opacity":"","overlay-gradient":""},"tablet":{"background-color":"var(--ast-global-color-5)","background-image":"","background-repeat":"repeat","background-position":"center center","background-size":"auto","background-attachment":"scroll","background-type":"","background-media":"","overlay-type":"","overlay-color":"","overlay-opacity":"","overlay-gradient":""},"mobile":{"background-color":"var(--ast-global-color-5)","background-image":"","background-repeat":"repeat","background-position":"center center","background-size":"auto","background-attachment":"scroll","background-type":"","background-media":"","overlay-type":"","overlay-color":"","overlay-opacity":"","overlay-gradient":""}}},"product_brand":[],"product_cat":[248],"product_tag":[],"class_list":{"0":"post-2821","1":"product","2":"type-product","3":"status-publish","4":"has-post-thumbnail","6":"product_cat-low-carb-high-protein-noodles","7":"desktop-align-left","8":"tablet-align-left","9":"mobile-align-left","10":"ast-product-gallery-layout-horizontal-slider","11":"ast-product-tabs-layout-horizontal","13":"first","14":"instock","15":"shipping-taxable","16":"product-type-simple"},"_links":{"self":[{"href":"https:\/\/sentaiyuanbio.com\/de\/wp-json\/wp\/v2\/product\/2821","targetHints":{"allow":["GET"]}}],"collection":[{"href":"https:\/\/sentaiyuanbio.com\/de\/wp-json\/wp\/v2\/product"}],"about":[{"href":"https:\/\/sentaiyuanbio.com\/de\/wp-json\/wp\/v2\/types\/product"}],"version-history":[{"count":0,"href":"https:\/\/sentaiyuanbio.com\/de\/wp-json\/wp\/v2\/product\/2821\/revisions"}],"wp:featuredmedia":[{"embeddable":true,"href":"https:\/\/sentaiyuanbio.com\/de\/wp-json\/wp\/v2\/media\/5115"}],"wp:attachment":[{"href":"https:\/\/sentaiyuanbio.com\/de\/wp-json\/wp\/v2\/media?parent=2821"}],"wp:term":[{"taxonomy":"product_brand","embeddable":true,"href":"https:\/\/sentaiyuanbio.com\/de\/wp-json\/wp\/v2\/product_brand?post=2821"},{"taxonomy":"product_cat","embeddable":true,"href":"https:\/\/sentaiyuanbio.com\/de\/wp-json\/wp\/v2\/product_cat?post=2821"},{"taxonomy":"product_tag","embeddable":true,"href":"https:\/\/sentaiyuanbio.com\/de\/wp-json\/wp\/v2\/product_tag?post=2821"}],"curies":[{"name":"wp","href":"https:\/\/api.w.org\/{rel}","templated":true}]}}