{"id":2849,"date":"2024-10-08T08:34:53","date_gmt":"2024-10-08T08:34:53","guid":{"rendered":"https:\/\/sentaiyuanbio.com\/?post_type=product&#038;p=2849"},"modified":"2026-02-13T08:55:40","modified_gmt":"2026-02-13T08:55:40","slug":"instant-nudeln-mit-huhnergeschmack","status":"publish","type":"product","link":"https:\/\/sentaiyuanbio.com\/de\/produkt\/instant-nudeln-mit-huhnergeschmack\/","title":{"rendered":"Instant-Nudelsch\u00fcssel mit H\u00fchnergeschmack, Pflanzenprotein-Ramen"},"content":{"rendered":"<h2>Instant-Nudeln mit H\u00fchnergeschmack, pflanzliche Protein-Ramen-Zutat<\/h2>\n<p><strong>Ramen-Zutaten<\/strong>: Vitales Weizengluten, Erbsenprotein, Weizenmehl, Buchweizenmehl, Erbsenfaserpulver, Klebereismehl, <a href=\"https:\/\/sentaiyuanbio.com\/de\/produkt\/konjak-pulver\/\" target=\"_blank\" rel=\"noopener\">Konjak-Pulver<\/a>, Xanthangummi, Natriumcarbonat.<\/p>\n<p><strong>H\u00fchnergew\u00fcrz Zutaten<\/strong>: Maltodextrin, wei\u00dfer Kristallzucker, Salz, Speiseessenz, Dinatrium-5'-Ribonukleotid, Knoblauchpulver, Zwiebelpulver, Ingwerpulver, hydrolisiertes pflanzliches Eiwei\u00df,\u00a0<a href=\"https:\/\/biospringer.com\/en\/yeast-extract\/\" target=\"_blank\" rel=\"noopener\">Hefeextrakt<\/a>, Gew\u00fcrze (wei\u00dfer Pfeffer, Chilipulver, Currypulver, Kurkumapulver), Siliciumdioxid.<\/p>\n<p><strong>Gem\u00fcse<\/strong>: Gr\u00fcne Zwiebel, Karotte.<\/p>\n<p><strong>Enth\u00e4lt<\/strong>: Produkte auf Sojabasis.<\/p>\n<h2>Instant-Nudeln mit H\u00fchnergeschmack N\u00e4hrwertangaben<\/h2>\n<table border=\"1\" cellspacing=\"1\">\n<tbody>\n<tr>\n<td colspan=\"2\" align=\"center\"><strong>N\u00e4hrwertangaben(62g)<\/strong><\/td>\n<\/tr>\n<tr>\n<td align=\"center\" width=\"284\"><b>Energie<\/b><\/td>\n<td align=\"center\" width=\"284\">220kcal<\/td>\n<\/tr>\n<tr>\n<td align=\"center\" width=\"284\"><b>Eiwei\u00df<\/b><\/td>\n<td align=\"center\" width=\"284\">32g<\/td>\n<\/tr>\n<tr>\n<td align=\"center\" width=\"284\"><b>Fett insgesamt<\/b><\/td>\n<td align=\"center\" width=\"284\">2.5g<\/td>\n<\/tr>\n<tr>\n<td align=\"center\" width=\"284\"><b>Kohlenhydrate insgesamt<\/b><\/td>\n<td align=\"center\" width=\"284\">21g<\/td>\n<\/tr>\n<tr>\n<td align=\"center\" width=\"284\"><b>Ballaststoffe<\/b><\/td>\n<td align=\"center\" width=\"284\">5g<\/td>\n<\/tr>\n<tr>\n<td align=\"center\" width=\"284\"><strong>Kalzium<\/strong><\/td>\n<td align=\"center\" width=\"284\">47,8mg<\/td>\n<\/tr>\n<tr>\n<td align=\"center\" width=\"284\"><b>Eisen<\/b><\/td>\n<td align=\"center\" width=\"284\">4,9 mg<\/td>\n<\/tr>\n<tr>\n<td align=\"center\" width=\"284\"><b>Kalium<\/b><\/td>\n<td align=\"center\" width=\"284\">164mg<\/td>\n<\/tr>\n<tr>\n<td align=\"center\" width=\"284\"><b>Natrium<\/b><\/td>\n<td align=\"center\" width=\"284\">700mg<\/td>\n<\/tr>\n<\/tbody>\n<\/table>\n<p><img fetchpriority=\"high\" decoding=\"async\" class=\"alignnone wp-image-2854 size-full\" title=\"Instant-Nudelschale mit H\u00fchnergeschmack\" src=\"https:\/\/sentaiyuanbio.com\/wp-content\/uploads\/2024\/10\/chicken-flavour-cup-noodles-1.jpg\" alt=\"Instant-Nudelschale mit H\u00fchnergeschmack\" width=\"750\" height=\"601\" srcset=\"https:\/\/sentaiyuanbio.com\/wp-content\/uploads\/2024\/10\/chicken-flavour-cup-noodles-1.jpg 750w, https:\/\/sentaiyuanbio.com\/wp-content\/uploads\/2024\/10\/chicken-flavour-cup-noodles-1-300x240.jpg 300w, https:\/\/sentaiyuanbio.com\/wp-content\/uploads\/2024\/10\/chicken-flavour-cup-noodles-1-600x481.jpg 600w\" sizes=\"(max-width: 750px) 100vw, 750px\" \/><br \/>\n<img decoding=\"async\" class=\"alignnone wp-image-2855 size-full\" title=\"Instant-Nudelschale mit H\u00fchnergeschmack\" src=\"https:\/\/sentaiyuanbio.com\/wp-content\/uploads\/2024\/10\/chicken-flavour-cup-noodles-2.jpg\" alt=\"Instant-Nudelschale mit H\u00fchnergeschmack\" width=\"750\" height=\"657\" srcset=\"https:\/\/sentaiyuanbio.com\/wp-content\/uploads\/2024\/10\/chicken-flavour-cup-noodles-2.jpg 750w, https:\/\/sentaiyuanbio.com\/wp-content\/uploads\/2024\/10\/chicken-flavour-cup-noodles-2-300x263.jpg 300w, https:\/\/sentaiyuanbio.com\/wp-content\/uploads\/2024\/10\/chicken-flavour-cup-noodles-2-600x526.jpg 600w\" sizes=\"(max-width: 750px) 100vw, 750px\" \/><br \/>\n<img decoding=\"async\" class=\"alignnone wp-image-2856 size-full\" title=\"Instant-Nudelschale mit H\u00fchnergeschmack\" src=\"https:\/\/sentaiyuanbio.com\/wp-content\/uploads\/2024\/10\/chicken-flavour-cup-noodles-3.jpg\" alt=\"Instant-Nudelschale mit H\u00fchnergeschmack\" width=\"750\" height=\"338\" srcset=\"https:\/\/sentaiyuanbio.com\/wp-content\/uploads\/2024\/10\/chicken-flavour-cup-noodles-3.jpg 750w, https:\/\/sentaiyuanbio.com\/wp-content\/uploads\/2024\/10\/chicken-flavour-cup-noodles-3-300x135.jpg 300w, https:\/\/sentaiyuanbio.com\/wp-content\/uploads\/2024\/10\/chicken-flavour-cup-noodles-3-600x270.jpg 600w\" sizes=\"(max-width: 750px) 100vw, 750px\" \/><br \/>\n<img loading=\"lazy\" decoding=\"async\" class=\"alignnone wp-image-2857 size-full\" title=\"Instant-Nudelschale mit H\u00fchnergeschmack\" src=\"https:\/\/sentaiyuanbio.com\/wp-content\/uploads\/2024\/10\/chicken-flavour-cup-noodles-4.jpg\" alt=\"Instant-Nudelschale mit H\u00fchnergeschmack\" width=\"750\" height=\"412\" srcset=\"https:\/\/sentaiyuanbio.com\/wp-content\/uploads\/2024\/10\/chicken-flavour-cup-noodles-4.jpg 750w, https:\/\/sentaiyuanbio.com\/wp-content\/uploads\/2024\/10\/chicken-flavour-cup-noodles-4-300x165.jpg 300w, https:\/\/sentaiyuanbio.com\/wp-content\/uploads\/2024\/10\/chicken-flavour-cup-noodles-4-600x330.jpg 600w\" sizes=\"(max-width: 750px) 100vw, 750px\" \/><br \/>\n<img loading=\"lazy\" decoding=\"async\" class=\"alignnone wp-image-2858 size-full\" src=\"https:\/\/sentaiyuanbio.com\/wp-content\/uploads\/2024\/10\/chicken-flavour-cup-noodles-5.jpg\" alt=\"Pflanzeneiwei\u00df-Ramen\" width=\"750\" height=\"366\" srcset=\"https:\/\/sentaiyuanbio.com\/wp-content\/uploads\/2024\/10\/chicken-flavour-cup-noodles-5.jpg 750w, https:\/\/sentaiyuanbio.com\/wp-content\/uploads\/2024\/10\/chicken-flavour-cup-noodles-5-300x146.jpg 300w, https:\/\/sentaiyuanbio.com\/wp-content\/uploads\/2024\/10\/chicken-flavour-cup-noodles-5-600x293.jpg 600w\" sizes=\"(max-width: 750px) 100vw, 750px\" \/><br \/>\n<img loading=\"lazy\" decoding=\"async\" class=\"alignnone wp-image-2859 size-full\" src=\"https:\/\/sentaiyuanbio.com\/wp-content\/uploads\/2024\/10\/chicken-flavour-cup-noodles-6.jpg\" alt=\"Pflanzeneiwei\u00df-Ramen\" width=\"750\" height=\"470\" srcset=\"https:\/\/sentaiyuanbio.com\/wp-content\/uploads\/2024\/10\/chicken-flavour-cup-noodles-6.jpg 750w, https:\/\/sentaiyuanbio.com\/wp-content\/uploads\/2024\/10\/chicken-flavour-cup-noodles-6-300x188.jpg 300w, https:\/\/sentaiyuanbio.com\/wp-content\/uploads\/2024\/10\/chicken-flavour-cup-noodles-6-600x376.jpg 600w\" sizes=\"(max-width: 750px) 100vw, 750px\" \/><br \/>\n<img loading=\"lazy\" decoding=\"async\" class=\"alignnone wp-image-2860 size-full\" src=\"https:\/\/sentaiyuanbio.com\/wp-content\/uploads\/2024\/10\/chicken-flavour-cup-noodles-7.jpg\" alt=\"Pflanzeneiwei\u00df-Ramen\" width=\"750\" height=\"534\" srcset=\"https:\/\/sentaiyuanbio.com\/wp-content\/uploads\/2024\/10\/chicken-flavour-cup-noodles-7.jpg 750w, https:\/\/sentaiyuanbio.com\/wp-content\/uploads\/2024\/10\/chicken-flavour-cup-noodles-7-300x214.jpg 300w, https:\/\/sentaiyuanbio.com\/wp-content\/uploads\/2024\/10\/chicken-flavour-cup-noodles-7-600x427.jpg 600w\" sizes=\"(max-width: 750px) 100vw, 750px\" \/><\/p>","protected":false},"excerpt":{"rendered":"<p>H\u00e4hnchengeschmack Instant-Nudeln Sch\u00fcssel, Pflanzenprotein Ramen, H\u00e4hnchengeschmack ist High-Protein Ramen, 32g Protein pro 62g Portion, fit Lebensstil, 30 % weniger Kohlenhydrate, 80% mehr Protein. Pflanzliches Eiwei\u00df Ramen, hohe Protein, luftgetrocknet, fettarm, nicht gebraten, NON-GMO, niedriger carb.<\/p>","protected":false},"featured_media":5197,"template":"","meta":{"site-sidebar-layout":"default","site-content-layout":"","ast-site-content-layout":"default","site-content-style":"default","site-sidebar-style":"default","ast-global-header-display":"","ast-banner-title-visibility":"","ast-main-header-display":"","ast-hfb-above-header-display":"","ast-hfb-below-header-display":"","ast-hfb-mobile-header-display":"","site-post-title":"","ast-breadcrumbs-content":"","ast-featured-img":"","footer-sml-layout":"","ast-disable-related-posts":"","theme-transparent-header-meta":"default","adv-header-id-meta":"","stick-header-meta":"default","header-above-stick-meta":"","header-main-stick-meta":"","header-below-stick-meta":"","astra-migrate-meta-layouts":"set","ast-page-background-enabled":"default","ast-page-background-meta":{"desktop":{"background-color":"","background-image":"","background-repeat":"repeat","background-position":"center center","background-size":"auto","background-attachment":"scroll","background-type":"","background-media":"","overlay-type":"","overlay-color":"","overlay-opacity":"","overlay-gradient":""},"tablet":{"background-color":"","background-image":"","background-repeat":"repeat","background-position":"center center","background-size":"auto","background-attachment":"scroll","background-type":"","background-media":"","overlay-type":"","overlay-color":"","overlay-opacity":"","overlay-gradient":""},"mobile":{"background-color":"","background-image":"","background-repeat":"repeat","background-position":"center center","background-size":"auto","background-attachment":"scroll","background-type":"","background-media":"","overlay-type":"","overlay-color":"","overlay-opacity":"","overlay-gradient":""}},"ast-content-background-meta":{"desktop":{"background-color":"var(--ast-global-color-5)","background-image":"","background-repeat":"repeat","background-position":"center center","background-size":"auto","background-attachment":"scroll","background-type":"","background-media":"","overlay-type":"","overlay-color":"","overlay-opacity":"","overlay-gradient":""},"tablet":{"background-color":"var(--ast-global-color-5)","background-image":"","background-repeat":"repeat","background-position":"center center","background-size":"auto","background-attachment":"scroll","background-type":"","background-media":"","overlay-type":"","overlay-color":"","overlay-opacity":"","overlay-gradient":""},"mobile":{"background-color":"var(--ast-global-color-5)","background-image":"","background-repeat":"repeat","background-position":"center center","background-size":"auto","background-attachment":"scroll","background-type":"","background-media":"","overlay-type":"","overlay-color":"","overlay-opacity":"","overlay-gradient":""}}},"product_brand":[],"product_cat":[248],"product_tag":[],"class_list":{"0":"post-2849","1":"product","2":"type-product","3":"status-publish","4":"has-post-thumbnail","6":"product_cat-low-carb-high-protein-noodles","7":"desktop-align-left","8":"tablet-align-left","9":"mobile-align-left","10":"ast-product-gallery-layout-horizontal-slider","11":"ast-product-tabs-layout-horizontal","13":"first","14":"instock","15":"shipping-taxable","16":"product-type-simple"},"_links":{"self":[{"href":"https:\/\/sentaiyuanbio.com\/de\/wp-json\/wp\/v2\/product\/2849","targetHints":{"allow":["GET"]}}],"collection":[{"href":"https:\/\/sentaiyuanbio.com\/de\/wp-json\/wp\/v2\/product"}],"about":[{"href":"https:\/\/sentaiyuanbio.com\/de\/wp-json\/wp\/v2\/types\/product"}],"version-history":[{"count":0,"href":"https:\/\/sentaiyuanbio.com\/de\/wp-json\/wp\/v2\/product\/2849\/revisions"}],"wp:featuredmedia":[{"embeddable":true,"href":"https:\/\/sentaiyuanbio.com\/de\/wp-json\/wp\/v2\/media\/5197"}],"wp:attachment":[{"href":"https:\/\/sentaiyuanbio.com\/de\/wp-json\/wp\/v2\/media?parent=2849"}],"wp:term":[{"taxonomy":"product_brand","embeddable":true,"href":"https:\/\/sentaiyuanbio.com\/de\/wp-json\/wp\/v2\/product_brand?post=2849"},{"taxonomy":"product_cat","embeddable":true,"href":"https:\/\/sentaiyuanbio.com\/de\/wp-json\/wp\/v2\/product_cat?post=2849"},{"taxonomy":"product_tag","embeddable":true,"href":"https:\/\/sentaiyuanbio.com\/de\/wp-json\/wp\/v2\/product_tag?post=2849"}],"curies":[{"name":"wp","href":"https:\/\/api.w.org\/{rel}","templated":true}]}}