{"id":2861,"date":"2024-10-08T09:42:16","date_gmt":"2024-10-08T09:42:16","guid":{"rendered":"https:\/\/sentaiyuanbio.com\/?post_type=product&#038;p=2861"},"modified":"2026-02-13T08:55:18","modified_gmt":"2026-02-13T08:55:18","slug":"instant-nudeln-mit-rindfleischgeschmack","status":"publish","type":"product","link":"https:\/\/sentaiyuanbio.com\/de\/produkt\/instant-nudeln-mit-rindfleischgeschmack\/","title":{"rendered":"Instant-Nudelsch\u00fcssel mit Rindfleischgeschmack, Pflanzenprotein-Ramen"},"content":{"rendered":"<h2>Instant-Nudeln mit Rindfleischgeschmack, pflanzliche Protein-Ramen-Zutat<\/h2>\n<p>Ramen Zutaten: Vitales Weizengluten, Erbsenprotein, Weizenmehl, Buchweizenmehl, Erbsenfaserpulver, Klebereismehl, <a href=\"https:\/\/sentaiyuanbio.com\/de\/produkt\/konjak-pulver\/\" target=\"_blank\" rel=\"noopener\">Konjak-Pulver<\/a>,\u00a0<a href=\"https:\/\/hethstia.com\/konjac-powder-vs-xanthan-gum\/\" target=\"_blank\" rel=\"noopener\">Xanthangummi<\/a>, Natriumcarbonat.<\/p>\n<p>Rindfleisch Gew\u00fcrz: Maltodextrin, Salz, wei\u00dfer Kristallzucker, Kokosnusspulver, Speiseessenz, Dinatrium-5'-Ribonukleotid, hydrolisiertes pflanzliches Eiwei\u00df, Zwiebelpulver, Chilipulver, Knoblauchpulver, Hefeextrakt, Gew\u00fcrze (Currypulver, gemahlener Pfeffer),\u00a0<a href=\"https:\/\/www.healthline.com\/health\/food-nutrition\/is-silicon-dioxide-in-supplements-safe\" target=\"_blank\" rel=\"noopener\">Siliziumdioxid<\/a>.<\/p>\n<p>Gem\u00fcse: Gr\u00fcne Zwiebel, Karotte.<\/p>\n<p>Enth\u00e4lt: Produkte auf Sojabasis<\/p>\n<h2>Instant Shirataki-Nudeln N\u00e4hrwertangaben<\/h2>\n<table border=\"1\" cellspacing=\"1\">\n<tbody>\n<tr>\n<td colspan=\"2\" align=\"center\">N\u00e4hrwertangaben(62g)<\/td>\n<\/tr>\n<tr>\n<td align=\"center\" width=\"284\"><b>Energie<\/b><\/td>\n<td align=\"center\" width=\"284\">230kcal<\/td>\n<\/tr>\n<tr>\n<td align=\"center\" width=\"284\"><b>Eiwei\u00df<\/b><\/td>\n<td align=\"center\" width=\"284\">32g<\/td>\n<\/tr>\n<tr>\n<td align=\"center\" width=\"284\"><b>Fett insgesamt<\/b><\/td>\n<td align=\"center\" width=\"284\">3g<\/td>\n<\/tr>\n<tr>\n<td align=\"center\" width=\"284\"><b>Kohlenhydrate insgesamt<\/b><\/td>\n<td align=\"center\" width=\"284\">21g<\/td>\n<\/tr>\n<tr>\n<td align=\"center\" width=\"284\"><b>Ballaststoffe<\/b><\/td>\n<td align=\"center\" width=\"284\">5g<\/td>\n<\/tr>\n<tr>\n<td align=\"center\" width=\"284\"><b>Natrium<\/b><\/td>\n<td align=\"center\" width=\"284\">630mg<\/td>\n<\/tr>\n<\/tbody>\n<\/table>\n<p><img fetchpriority=\"high\" decoding=\"async\" class=\"alignnone wp-image-2872 size-full\" title=\"Instant-Nudeln mit Rindfleischgeschmack Schale\" src=\"https:\/\/sentaiyuanbio.com\/wp-content\/uploads\/2024\/10\/Beef-Ramen-Noodles-Cup-1.jpg\" alt=\"Pflanzenprotein-Ramen\" width=\"750\" height=\"601\" srcset=\"https:\/\/sentaiyuanbio.com\/wp-content\/uploads\/2024\/10\/Beef-Ramen-Noodles-Cup-1.jpg 750w, https:\/\/sentaiyuanbio.com\/wp-content\/uploads\/2024\/10\/Beef-Ramen-Noodles-Cup-1-300x240.jpg 300w, https:\/\/sentaiyuanbio.com\/wp-content\/uploads\/2024\/10\/Beef-Ramen-Noodles-Cup-1-600x481.jpg 600w\" sizes=\"(max-width: 750px) 100vw, 750px\" \/><img decoding=\"async\" class=\"alignnone wp-image-2871 size-full\" title=\"Instant-Nudeln mit Rindfleischgeschmack Schale\" src=\"https:\/\/sentaiyuanbio.com\/wp-content\/uploads\/2024\/10\/Beef-Ramen-Noodles-Cup-2.jpg\" alt=\"Pflanzenprotein-Ramen\" width=\"750\" height=\"657\" srcset=\"https:\/\/sentaiyuanbio.com\/wp-content\/uploads\/2024\/10\/Beef-Ramen-Noodles-Cup-2.jpg 750w, https:\/\/sentaiyuanbio.com\/wp-content\/uploads\/2024\/10\/Beef-Ramen-Noodles-Cup-2-300x263.jpg 300w, https:\/\/sentaiyuanbio.com\/wp-content\/uploads\/2024\/10\/Beef-Ramen-Noodles-Cup-2-600x526.jpg 600w\" sizes=\"(max-width: 750px) 100vw, 750px\" \/><img decoding=\"async\" class=\"alignnone wp-image-2870 size-full\" title=\"Instant-Nudeln mit Rindfleischgeschmack Schale\" src=\"https:\/\/sentaiyuanbio.com\/wp-content\/uploads\/2024\/10\/Beef-Ramen-Noodles-Cup-3.jpg\" alt=\"Pflanzenprotein-Ramen\" width=\"750\" height=\"338\" srcset=\"https:\/\/sentaiyuanbio.com\/wp-content\/uploads\/2024\/10\/Beef-Ramen-Noodles-Cup-3.jpg 750w, https:\/\/sentaiyuanbio.com\/wp-content\/uploads\/2024\/10\/Beef-Ramen-Noodles-Cup-3-300x135.jpg 300w, https:\/\/sentaiyuanbio.com\/wp-content\/uploads\/2024\/10\/Beef-Ramen-Noodles-Cup-3-600x270.jpg 600w\" sizes=\"(max-width: 750px) 100vw, 750px\" \/><img loading=\"lazy\" decoding=\"async\" class=\"alignnone wp-image-2869 size-full\" title=\"Pflanzenprotein-Ramen\" src=\"https:\/\/sentaiyuanbio.com\/wp-content\/uploads\/2024\/10\/Beef-Ramen-Noodles-Cup-4.jpg\" alt=\"Pflanzenprotein-Ramen\" width=\"750\" height=\"412\" srcset=\"https:\/\/sentaiyuanbio.com\/wp-content\/uploads\/2024\/10\/Beef-Ramen-Noodles-Cup-4.jpg 750w, https:\/\/sentaiyuanbio.com\/wp-content\/uploads\/2024\/10\/Beef-Ramen-Noodles-Cup-4-300x165.jpg 300w, https:\/\/sentaiyuanbio.com\/wp-content\/uploads\/2024\/10\/Beef-Ramen-Noodles-Cup-4-600x330.jpg 600w\" sizes=\"(max-width: 750px) 100vw, 750px\" \/><img loading=\"lazy\" decoding=\"async\" class=\"alignnone wp-image-2868 size-full\" title=\"Instant-Nudeln mit Rindfleischgeschmack Schale\" src=\"https:\/\/sentaiyuanbio.com\/wp-content\/uploads\/2024\/10\/Beef-Ramen-Noodles-Cup-5.jpg\" alt=\"Pflanzenprotein-Ramen\" width=\"750\" height=\"366\" srcset=\"https:\/\/sentaiyuanbio.com\/wp-content\/uploads\/2024\/10\/Beef-Ramen-Noodles-Cup-5.jpg 750w, https:\/\/sentaiyuanbio.com\/wp-content\/uploads\/2024\/10\/Beef-Ramen-Noodles-Cup-5-300x146.jpg 300w, https:\/\/sentaiyuanbio.com\/wp-content\/uploads\/2024\/10\/Beef-Ramen-Noodles-Cup-5-600x293.jpg 600w\" sizes=\"(max-width: 750px) 100vw, 750px\" \/><img loading=\"lazy\" decoding=\"async\" class=\"alignnone wp-image-2867 size-full\" title=\"Pflanzenprotein-Ramen\" src=\"https:\/\/sentaiyuanbio.com\/wp-content\/uploads\/2024\/10\/Beef-Ramen-Noodles-Cup-6.jpg\" alt=\"Pflanzenprotein-Ramen\" width=\"750\" height=\"470\" srcset=\"https:\/\/sentaiyuanbio.com\/wp-content\/uploads\/2024\/10\/Beef-Ramen-Noodles-Cup-6.jpg 750w, https:\/\/sentaiyuanbio.com\/wp-content\/uploads\/2024\/10\/Beef-Ramen-Noodles-Cup-6-300x188.jpg 300w, https:\/\/sentaiyuanbio.com\/wp-content\/uploads\/2024\/10\/Beef-Ramen-Noodles-Cup-6-600x376.jpg 600w\" sizes=\"(max-width: 750px) 100vw, 750px\" \/><img loading=\"lazy\" decoding=\"async\" class=\"alignnone wp-image-2866 size-full\" title=\"Pflanzenprotein-Ramen\" src=\"https:\/\/sentaiyuanbio.com\/wp-content\/uploads\/2024\/10\/Beef-Ramen-Noodles-Cup-7.jpg\" alt=\"Pflanzenprotein-Ramen\" width=\"750\" height=\"534\" srcset=\"https:\/\/sentaiyuanbio.com\/wp-content\/uploads\/2024\/10\/Beef-Ramen-Noodles-Cup-7.jpg 750w, https:\/\/sentaiyuanbio.com\/wp-content\/uploads\/2024\/10\/Beef-Ramen-Noodles-Cup-7-300x214.jpg 300w, https:\/\/sentaiyuanbio.com\/wp-content\/uploads\/2024\/10\/Beef-Ramen-Noodles-Cup-7-600x427.jpg 600w\" sizes=\"(max-width: 750px) 100vw, 750px\" \/><\/p>","protected":false},"excerpt":{"rendered":"<p>Instantnudeln mit Rindfleischgeschmack und Pflanzenprotein-Ramen sind fettarm und n\u00e4hrstoffreich. 30% weniger Kohlenhydrate und 80% mehr Eiwei\u00df im Vergleich zu anderen Nudeln. Mit einem Nettogewicht von 2,19 Unzen (62 Gramm) pro Portion enth\u00e4lt jede Portion Ramen satte 32 g Protein.<\/p>","protected":false},"featured_media":5198,"template":"","meta":{"site-sidebar-layout":"default","site-content-layout":"","ast-site-content-layout":"default","site-content-style":"default","site-sidebar-style":"default","ast-global-header-display":"","ast-banner-title-visibility":"","ast-main-header-display":"","ast-hfb-above-header-display":"","ast-hfb-below-header-display":"","ast-hfb-mobile-header-display":"","site-post-title":"","ast-breadcrumbs-content":"","ast-featured-img":"","footer-sml-layout":"","ast-disable-related-posts":"","theme-transparent-header-meta":"default","adv-header-id-meta":"","stick-header-meta":"default","header-above-stick-meta":"","header-main-stick-meta":"","header-below-stick-meta":"","astra-migrate-meta-layouts":"set","ast-page-background-enabled":"default","ast-page-background-meta":{"desktop":{"background-color":"","background-image":"","background-repeat":"repeat","background-position":"center center","background-size":"auto","background-attachment":"scroll","background-type":"","background-media":"","overlay-type":"","overlay-color":"","overlay-opacity":"","overlay-gradient":""},"tablet":{"background-color":"","background-image":"","background-repeat":"repeat","background-position":"center center","background-size":"auto","background-attachment":"scroll","background-type":"","background-media":"","overlay-type":"","overlay-color":"","overlay-opacity":"","overlay-gradient":""},"mobile":{"background-color":"","background-image":"","background-repeat":"repeat","background-position":"center center","background-size":"auto","background-attachment":"scroll","background-type":"","background-media":"","overlay-type":"","overlay-color":"","overlay-opacity":"","overlay-gradient":""}},"ast-content-background-meta":{"desktop":{"background-color":"var(--ast-global-color-5)","background-image":"","background-repeat":"repeat","background-position":"center center","background-size":"auto","background-attachment":"scroll","background-type":"","background-media":"","overlay-type":"","overlay-color":"","overlay-opacity":"","overlay-gradient":""},"tablet":{"background-color":"var(--ast-global-color-5)","background-image":"","background-repeat":"repeat","background-position":"center center","background-size":"auto","background-attachment":"scroll","background-type":"","background-media":"","overlay-type":"","overlay-color":"","overlay-opacity":"","overlay-gradient":""},"mobile":{"background-color":"var(--ast-global-color-5)","background-image":"","background-repeat":"repeat","background-position":"center center","background-size":"auto","background-attachment":"scroll","background-type":"","background-media":"","overlay-type":"","overlay-color":"","overlay-opacity":"","overlay-gradient":""}}},"product_brand":[],"product_cat":[248],"product_tag":[],"class_list":{"0":"post-2861","1":"product","2":"type-product","3":"status-publish","4":"has-post-thumbnail","6":"product_cat-low-carb-high-protein-noodles","7":"desktop-align-left","8":"tablet-align-left","9":"mobile-align-left","10":"ast-product-gallery-layout-horizontal-slider","11":"ast-product-tabs-layout-horizontal","13":"first","14":"instock","15":"shipping-taxable","16":"product-type-simple"},"_links":{"self":[{"href":"https:\/\/sentaiyuanbio.com\/de\/wp-json\/wp\/v2\/product\/2861","targetHints":{"allow":["GET"]}}],"collection":[{"href":"https:\/\/sentaiyuanbio.com\/de\/wp-json\/wp\/v2\/product"}],"about":[{"href":"https:\/\/sentaiyuanbio.com\/de\/wp-json\/wp\/v2\/types\/product"}],"version-history":[{"count":0,"href":"https:\/\/sentaiyuanbio.com\/de\/wp-json\/wp\/v2\/product\/2861\/revisions"}],"wp:featuredmedia":[{"embeddable":true,"href":"https:\/\/sentaiyuanbio.com\/de\/wp-json\/wp\/v2\/media\/5198"}],"wp:attachment":[{"href":"https:\/\/sentaiyuanbio.com\/de\/wp-json\/wp\/v2\/media?parent=2861"}],"wp:term":[{"taxonomy":"product_brand","embeddable":true,"href":"https:\/\/sentaiyuanbio.com\/de\/wp-json\/wp\/v2\/product_brand?post=2861"},{"taxonomy":"product_cat","embeddable":true,"href":"https:\/\/sentaiyuanbio.com\/de\/wp-json\/wp\/v2\/product_cat?post=2861"},{"taxonomy":"product_tag","embeddable":true,"href":"https:\/\/sentaiyuanbio.com\/de\/wp-json\/wp\/v2\/product_tag?post=2861"}],"curies":[{"name":"wp","href":"https:\/\/api.w.org\/{rel}","templated":true}]}}