{"id":3000,"date":"2024-10-25T09:36:58","date_gmt":"2024-10-25T09:36:58","guid":{"rendered":"https:\/\/sentaiyuanbio.com\/?post_type=product&#038;p=3000"},"modified":"2025-02-26T04:13:03","modified_gmt":"2025-02-26T04:13:03","slug":"hersteller-von-konjakkautschuk","status":"publish","type":"product","link":"https:\/\/sentaiyuanbio.com\/de\/produkt\/hersteller-von-konjakkautschuk\/","title":{"rendered":"Hersteller von Konjakgummi, Hersteller von Konjak-Glucomannan"},"content":{"rendered":"<h2>Sentaiyuan: Bester Konjakgummi-Hersteller, Konjakgummi-Produzent<\/h2>\n<p><strong>Konjak-Kaugummi<\/strong> ist ein l\u00f6slicher, volumenbildender Ballaststoff aus der Konjakwurzel (Amorphophallus konjac), der dazu beitragen kann, die Regelm\u00e4\u00dfigkeit der Verdauung aufrechtzuerhalten und ein S\u00e4ttigungsgef\u00fchl zu erzeugen.<\/p>\n<p>Zum Andicken von Suppen und So\u00dfen und um Keto-Keksen einen sch\u00f6nen Crunch zu verleihen, den man mit Mandel- oder Kokosmehl nicht bekommt. Oh, und au\u00dferdem hat dieses Pulver keinen fischigen Geruch.<\/p>\n<p>Unser <strong>Konjak-Kaugummi<\/strong> wird aus der Konjakwurzel gewonnen, die auch als Glucomannan oder Teufelszunge bekannt ist. Sie hat eine extrem hohe Quellwirkung und kann bis zum 200-fachen ihres Volumens an Fl\u00fcssigkeit aufnehmen, was zu einem extrem s\u00e4ttigenden Gef\u00fchl f\u00fchrt.<\/p>\n<h2>Konjakgummi Herstellerspezifikation<\/h2>\n<table class=\"two_elementor_element\" width=\"100%\" cellspacing=\"0\" cellpadding=\"0\">\n<tbody class=\"two_elementor_element\">\n<tr class=\"firstRow two_elementor_element\">\n<td class=\"two_elementor_element\" width=\"180\" height=\"20\">Produktname<\/td>\n<td class=\"two_elementor_element\" width=\"392\">Konjakgummi Hersteller - Lebensmittelzusatzstoff Qualit\u00e4t<\/td>\n<\/tr>\n<tr class=\"two_elementor_element\">\n<td class=\"two_elementor_element\" width=\"180\" height=\"21\">Verwendung<\/td>\n<td class=\"two_elementor_element\" width=\"392\">S\u00fc\u00dfigkeiten, <a href=\"https:\/\/sentaiyuanbio.com\/de\/product-category\/konjak-pulver-gelee\/\" target=\"_blank\" rel=\"noopener\">Gelee<\/a>, Eiscreme, Kekse, Fleischprodukte, Tiernahrung, B\u00e4ckerei, Gew\u00fcrze, Kapseln<\/td>\n<\/tr>\n<tr class=\"two_elementor_element\">\n<td class=\"two_elementor_element\" width=\"180\" height=\"21\">Funktionen<\/td>\n<td class=\"two_elementor_element\" width=\"392\">Stabilisatoren, <a href=\"https:\/\/hethstia.com\/konjac-gum-as-dietary-fiber-thickener-suspending-agent-additive\/\" target=\"_blank\" rel=\"noopener\">Verdickungsmittel<\/a><\/td>\n<\/tr>\n<tr class=\"two_elementor_element\">\n<td class=\"two_elementor_element\" width=\"180\" height=\"21\">Fettgehalt<\/td>\n<td class=\"two_elementor_element\" width=\"392\">0g<\/td>\n<\/tr>\n<tr class=\"two_elementor_element\">\n<td class=\"two_elementor_element\" width=\"180\" height=\"21\">Gewicht<\/td>\n<td class=\"two_elementor_element\" width=\"392\">0,08 kg<\/td>\n<\/tr>\n<tr class=\"two_elementor_element\">\n<td class=\"two_elementor_element\" width=\"180\" height=\"21\">Haltbarkeitsdauer<\/td>\n<td class=\"two_elementor_element\" width=\"392\">24Monate<\/td>\n<\/tr>\n<tr class=\"two_elementor_element\">\n<td class=\"two_elementor_element\" width=\"180\" height=\"21\">Bescheinigungen<\/td>\n<td class=\"two_elementor_element\" width=\"392\">IFS, BRC, KOSHER, HALAL, HACCP<\/td>\n<\/tr>\n<tr class=\"two_elementor_element\">\n<td class=\"two_elementor_element\" width=\"180\" height=\"21\">Paket<\/td>\n<td class=\"two_elementor_element\" width=\"392\">Innenbeutel + Stehbeutel\/ Papierschachtel<\/td>\n<\/tr>\n<tr class=\"two_elementor_element\">\n<td class=\"two_elementor_element\" width=\"180\" height=\"21\">Lagerung<\/td>\n<td class=\"two_elementor_element\" width=\"392\">Raumtemperatur, k\u00fchler, trockener Ort, direkte Sonneneinstrahlung vermeiden<\/td>\n<\/tr>\n<tr class=\"two_elementor_element\">\n<td class=\"two_elementor_element\" width=\"180\" height=\"21\">Dienst<\/td>\n<td class=\"two_elementor_element\" width=\"392\">OEM, ODM, OBM<\/td>\n<\/tr>\n<tr class=\"two_elementor_element\">\n<td class=\"two_elementor_element\" width=\"180\" height=\"21\">Lieferfrist<\/td>\n<td class=\"two_elementor_element\" width=\"392\">15-30 Arbeitstage<\/td>\n<\/tr>\n<\/tbody>\n<\/table>\n<h2>Sentaiyuan: Der beste Konjak-Kaugummi-Hersteller in China<\/h2>\n<p><strong>Hier sind einige Merkmale und Eigenschaften:<\/strong><\/p>\n<p><strong>Kalorienarm<\/strong>: Er hat sehr wenig Kalorien und ist daher eine hervorragende Alternative f\u00fcr alle, die ihren Kalorienverbrauch senken wollen.<\/p>\n<p><strong>Wenig Kohlenhydrate<\/strong>: Er hat extrem wenig Kohlenhydrate und ist daher ein guter Ersatz f\u00fcr normalen Reis f\u00fcr Personen, die eine kohlenhydratarme Di\u00e4t einhalten. Er enth\u00e4lt nur einen kleinen Teil der Kohlenhydrate, die in normalem Reis enthalten sind.<\/p>\n<p><strong>Reich an Ballaststoffen<\/strong>: Er enth\u00e4lt viele Ballaststoffe, vor allem l\u00f6sliche Ballaststoffe namens Glucomannan. Dieser Ballaststoff ist gut f\u00fcr die Verdauung, f\u00f6rdert das S\u00e4ttigungsgef\u00fchl und kann bei der Gewichtskontrolle helfen.<\/p>\n<p><strong>Glutenfrei<\/strong>: Es ist von Natur aus glutenfrei und damit eine ausgezeichnete Wahl f\u00fcr alle, die glutenempfindlich sind oder eine glutenfreie Di\u00e4t einhalten.<\/p>\n<p><strong>F\u00f6rdert das S\u00e4ttigungsgef\u00fchl<\/strong>: Aufgrund seines hohen Ballaststoffgehalts kann er dazu beitragen, das Hungergef\u00fchl und die Portionsgr\u00f6\u00dfe zu reduzieren.<\/p>\n<p><strong>Kann bei der Gewichtskontrolle helfen<\/strong>: Aufgrund seines niedrigen Kalorien- und hohen Ballaststoffgehalts ist er eine beliebte Wahl f\u00fcr Menschen, die abnehmen oder ein gesundes Gewicht halten wollen.<\/p>\n<p>Anwendung in der chemischen Industrie: Da das durchschnittliche Molekulargewicht von Konjak Glucomannan mit 200.000 bis 2.000.000 so gro\u00df ist, ist seine Viskosit\u00e4t hoch und seine Flie\u00dff\u00e4higkeit gut, so dass es in der chemischen Industrie wie Erd\u00f6l, Farbstoffdruck Kataplasma, Terra Film, Windeln, und so weiter angewendet wurde.<\/p>\n<p><img fetchpriority=\"high\" decoding=\"async\" class=\"alignnone wp-image-3006 size-full\" src=\"https:\/\/sentaiyuanbio.com\/wp-content\/uploads\/2024\/10\/konjac-gum-manufacturer.jpg\" alt=\"Hersteller von Konjakgummi (Konjakgummi-Produzent)\" width=\"750\" height=\"550\" srcset=\"https:\/\/sentaiyuanbio.com\/wp-content\/uploads\/2024\/10\/konjac-gum-manufacturer.jpg 750w, https:\/\/sentaiyuanbio.com\/wp-content\/uploads\/2024\/10\/konjac-gum-manufacturer-300x220.jpg 300w, https:\/\/sentaiyuanbio.com\/wp-content\/uploads\/2024\/10\/konjac-gum-manufacturer-600x440.jpg 600w\" sizes=\"(max-width: 750px) 100vw, 750px\" \/><br \/>\n<img decoding=\"async\" class=\"alignnone wp-image-3007 size-full\" src=\"https:\/\/sentaiyuanbio.com\/wp-content\/uploads\/2024\/10\/konjac-gum-producer.jpg\" alt=\"Hersteller von Konjakgummi (Konjakgummi-Produzent)\" width=\"749\" height=\"602\" srcset=\"https:\/\/sentaiyuanbio.com\/wp-content\/uploads\/2024\/10\/konjac-gum-producer.jpg 749w, https:\/\/sentaiyuanbio.com\/wp-content\/uploads\/2024\/10\/konjac-gum-producer-300x241.jpg 300w, https:\/\/sentaiyuanbio.com\/wp-content\/uploads\/2024\/10\/konjac-gum-producer-600x482.jpg 600w\" sizes=\"(max-width: 749px) 100vw, 749px\" \/><\/p>","protected":false},"excerpt":{"rendered":"<p>Konjakgummi-Hersteller, Konjakgummi-Produzent, Anwendung in der Lebensmittelindustrie: Geliermittel, wird als Verdickungsmittel und Haftmittel f\u00fcr Lebensmittel verwendet, wie z.B. Gelee, Eiscreme, Haferschleim, Fleisch, Mehlspeisen, feste Getr\u00e4nke, Marmelade, etc.<\/p>","protected":false},"featured_media":3005,"template":"","meta":{"site-sidebar-layout":"default","site-content-layout":"","ast-site-content-layout":"default","site-content-style":"default","site-sidebar-style":"default","ast-global-header-display":"","ast-banner-title-visibility":"","ast-main-header-display":"","ast-hfb-above-header-display":"","ast-hfb-below-header-display":"","ast-hfb-mobile-header-display":"","site-post-title":"","ast-breadcrumbs-content":"","ast-featured-img":"","footer-sml-layout":"","ast-disable-related-posts":"","theme-transparent-header-meta":"default","adv-header-id-meta":"","stick-header-meta":"default","header-above-stick-meta":"","header-main-stick-meta":"","header-below-stick-meta":"","astra-migrate-meta-layouts":"set","ast-page-background-enabled":"default","ast-page-background-meta":{"desktop":{"background-color":"","background-image":"","background-repeat":"repeat","background-position":"center center","background-size":"auto","background-attachment":"scroll","background-type":"","background-media":"","overlay-type":"","overlay-color":"","overlay-opacity":"","overlay-gradient":""},"tablet":{"background-color":"","background-image":"","background-repeat":"repeat","background-position":"center center","background-size":"auto","background-attachment":"scroll","background-type":"","background-media":"","overlay-type":"","overlay-color":"","overlay-opacity":"","overlay-gradient":""},"mobile":{"background-color":"","background-image":"","background-repeat":"repeat","background-position":"center center","background-size":"auto","background-attachment":"scroll","background-type":"","background-media":"","overlay-type":"","overlay-color":"","overlay-opacity":"","overlay-gradient":""}},"ast-content-background-meta":{"desktop":{"background-color":"var(--ast-global-color-5)","background-image":"","background-repeat":"repeat","background-position":"center center","background-size":"auto","background-attachment":"scroll","background-type":"","background-media":"","overlay-type":"","overlay-color":"","overlay-opacity":"","overlay-gradient":""},"tablet":{"background-color":"var(--ast-global-color-5)","background-image":"","background-repeat":"repeat","background-position":"center center","background-size":"auto","background-attachment":"scroll","background-type":"","background-media":"","overlay-type":"","overlay-color":"","overlay-opacity":"","overlay-gradient":""},"mobile":{"background-color":"var(--ast-global-color-5)","background-image":"","background-repeat":"repeat","background-position":"center center","background-size":"auto","background-attachment":"scroll","background-type":"","background-media":"","overlay-type":"","overlay-color":"","overlay-opacity":"","overlay-gradient":""}}},"product_brand":[],"product_cat":[24],"product_tag":[],"class_list":{"0":"post-3000","1":"product","2":"type-product","3":"status-publish","4":"has-post-thumbnail","6":"product_cat-konjac-dietary-fiber","7":"desktop-align-left","8":"tablet-align-left","9":"mobile-align-left","10":"ast-product-gallery-layout-horizontal-slider","11":"ast-product-tabs-layout-horizontal","13":"first","14":"instock","15":"shipping-taxable","16":"product-type-simple"},"_links":{"self":[{"href":"https:\/\/sentaiyuanbio.com\/de\/wp-json\/wp\/v2\/product\/3000","targetHints":{"allow":["GET"]}}],"collection":[{"href":"https:\/\/sentaiyuanbio.com\/de\/wp-json\/wp\/v2\/product"}],"about":[{"href":"https:\/\/sentaiyuanbio.com\/de\/wp-json\/wp\/v2\/types\/product"}],"version-history":[{"count":0,"href":"https:\/\/sentaiyuanbio.com\/de\/wp-json\/wp\/v2\/product\/3000\/revisions"}],"wp:featuredmedia":[{"embeddable":true,"href":"https:\/\/sentaiyuanbio.com\/de\/wp-json\/wp\/v2\/media\/3005"}],"wp:attachment":[{"href":"https:\/\/sentaiyuanbio.com\/de\/wp-json\/wp\/v2\/media?parent=3000"}],"wp:term":[{"taxonomy":"product_brand","embeddable":true,"href":"https:\/\/sentaiyuanbio.com\/de\/wp-json\/wp\/v2\/product_brand?post=3000"},{"taxonomy":"product_cat","embeddable":true,"href":"https:\/\/sentaiyuanbio.com\/de\/wp-json\/wp\/v2\/product_cat?post=3000"},{"taxonomy":"product_tag","embeddable":true,"href":"https:\/\/sentaiyuanbio.com\/de\/wp-json\/wp\/v2\/product_tag?post=3000"}],"curies":[{"name":"wp","href":"https:\/\/api.w.org\/{rel}","templated":true}]}}