{"id":3011,"date":"2024-10-28T09:35:32","date_gmt":"2024-10-28T09:35:32","guid":{"rendered":"https:\/\/sentaiyuanbio.com\/?post_type=product&#038;p=3011"},"modified":"2025-02-26T04:13:51","modified_gmt":"2025-02-26T04:13:51","slug":"konjakmehl-yamswurzel-konjakpulver","status":"publish","type":"product","link":"https:\/\/sentaiyuanbio.com\/de\/produkt\/konjakmehl-yamswurzel-konjakpulver\/","title":{"rendered":"Konjak-Yam-Mehl, Yam Konjak-Pulver - Sentaiyuan Konjak"},"content":{"rendered":"<h2>Konjak-Yam-Mehl Spezifikation<\/h2>\n<p>Konjak-Samenmehl und Konjak-Samenpulver werden in der chemischen Industrie verwendet: Sein durchschnittliches Molekulargewicht von 200.000 bis zu 2.000.000 ist so gro\u00df, die Viskosit\u00e4t ist hoch und die Flie\u00dff\u00e4higkeit ist gut, es wurde in der chemischen Industrie wie Erd\u00f6l, der Farbstoff Druck Kataplasma, der Terra-Film, die Windel und so weiter angewendet.<\/p>\n<table class=\"two_elementor_element\" width=\"100%\" cellspacing=\"0\" cellpadding=\"0\">\n<tbody class=\"two_elementor_element\">\n<tr class=\"firstRow two_elementor_element\">\n<td class=\"two_elementor_element\" width=\"180\" height=\"20\">Produktname<\/td>\n<td class=\"two_elementor_element\" width=\"392\">Yamskonjakpulver - Lebensmittelzusatzstoffqualit\u00e4t<\/td>\n<\/tr>\n<tr class=\"two_elementor_element\">\n<td class=\"two_elementor_element\" width=\"180\" height=\"21\">Verwendung<\/td>\n<td class=\"two_elementor_element\" width=\"392\">S\u00fc\u00dfigkeiten, <a href=\"https:\/\/sentaiyuanbio.com\/de\/product-category\/konjak-pulver-gelee\/\" target=\"_blank\" rel=\"noopener\">Gelee<\/a>, Eiscreme, Kekse, Fleischprodukte, Tiernahrung, B\u00e4ckerei, Gew\u00fcrze, Kapseln<\/td>\n<\/tr>\n<tr class=\"two_elementor_element\">\n<td class=\"two_elementor_element\" width=\"180\" height=\"21\">Funktionen<\/td>\n<td class=\"two_elementor_element\" width=\"392\">Stabilisatoren, <a href=\"https:\/\/hethstia.com\/konjac-flour-as-a-food-thickener\/\" target=\"_blank\" rel=\"noopener\">Verdickungsmittel<\/a><\/td>\n<\/tr>\n<tr class=\"two_elementor_element\">\n<td class=\"two_elementor_element\" width=\"180\" height=\"21\">Fettgehalt<\/td>\n<td class=\"two_elementor_element\" width=\"392\">0g<\/td>\n<\/tr>\n<tr class=\"two_elementor_element\">\n<td class=\"two_elementor_element\" width=\"180\" height=\"21\">Gewicht<\/td>\n<td class=\"two_elementor_element\" width=\"392\">0,08 kg<\/td>\n<\/tr>\n<tr class=\"two_elementor_element\">\n<td class=\"two_elementor_element\" width=\"180\" height=\"21\">Haltbarkeitsdauer<\/td>\n<td class=\"two_elementor_element\" width=\"392\">24Monate<\/td>\n<\/tr>\n<tr class=\"two_elementor_element\">\n<td class=\"two_elementor_element\" width=\"180\" height=\"21\">Bescheinigungen<\/td>\n<td class=\"two_elementor_element\" width=\"392\">IFS, BRC, KOSHER, HALAL, HACCP<\/td>\n<\/tr>\n<tr class=\"two_elementor_element\">\n<td class=\"two_elementor_element\" width=\"180\" height=\"21\">Paket<\/td>\n<td class=\"two_elementor_element\" width=\"392\">Innenbeutel + Stehbeutel\/ Papierschachtel<\/td>\n<\/tr>\n<tr class=\"two_elementor_element\">\n<td class=\"two_elementor_element\" width=\"180\" height=\"21\">Lagerung<\/td>\n<td class=\"two_elementor_element\" width=\"392\">Raumtemperatur, k\u00fchler, trockener Ort, direkte Sonneneinstrahlung vermeiden<\/td>\n<\/tr>\n<tr class=\"two_elementor_element\">\n<td class=\"two_elementor_element\" width=\"180\" height=\"21\">Dienst<\/td>\n<td class=\"two_elementor_element\" width=\"392\">OEM, ODM, OBM<\/td>\n<\/tr>\n<tr class=\"two_elementor_element\">\n<td class=\"two_elementor_element\" width=\"180\" height=\"21\">Lieferfrist<\/td>\n<td class=\"two_elementor_element\" width=\"392\">15-30 Arbeitstage<\/td>\n<\/tr>\n<\/tbody>\n<\/table>\n<p>Yamskonjak-Pulver ist ein l\u00f6slicher, volumenbildender Ballaststoff. Es wird aus der Wurzel der Konjak-Pflanze extrahiert. Es kann dazu beitragen, die Regelm\u00e4\u00dfigkeit des Verdauungstraktes zu erhalten und ein S\u00e4ttigungsgef\u00fchl zu erzeugen.<\/p>\n<p>Es wird zum Andicken von Suppen und So\u00dfen verwendet und verleiht Keto-Keksen einen sch\u00f6nen Crunch, den man mit Mandel- oder Kokosnussmehl einfach nicht bekommt. Dieses Mehl hat auch keinen fischigen Geruch.<\/p>\n<p>Sentaiyuan Yamskonjak-Pulver hat folgende Eigenschaften: Kalorienarm, kohlenhydratarm, ballaststoffreich, glutenfrei, gelatineartige Textur, praktisch geschmacksneutral, schnell und einfach zuzubereiten, f\u00f6rdert das S\u00e4ttigungsgef\u00fchl, eignet sich f\u00fcr verschiedene Di\u00e4tvorschriften und kann bei der Gewichtskontrolle helfen.<\/p>\n<h2>Konjak-Samenpflanze<\/h2>\n<p><img fetchpriority=\"high\" decoding=\"async\" class=\"alignnone wp-image-3016 size-full\" src=\"https:\/\/sentaiyuanbio.com\/wp-content\/uploads\/2024\/10\/konjac-yam-plant.jpg\" alt=\"Konjak-Samenpflanze\" width=\"800\" height=\"624\" srcset=\"https:\/\/sentaiyuanbio.com\/wp-content\/uploads\/2024\/10\/konjac-yam-plant.jpg 800w, https:\/\/sentaiyuanbio.com\/wp-content\/uploads\/2024\/10\/konjac-yam-plant-300x234.jpg 300w, https:\/\/sentaiyuanbio.com\/wp-content\/uploads\/2024\/10\/konjac-yam-plant-768x599.jpg 768w, https:\/\/sentaiyuanbio.com\/wp-content\/uploads\/2024\/10\/konjac-yam-plant-600x468.jpg 600w\" sizes=\"(max-width: 800px) 100vw, 800px\" \/><\/p>\n<p><img decoding=\"async\" class=\"alignnone wp-image-3017 size-full\" src=\"https:\/\/sentaiyuanbio.com\/wp-content\/uploads\/2024\/10\/konjac-yam-plant-2.jpg\" alt=\"Konjak-Samenpflanze\" width=\"800\" height=\"919\" srcset=\"https:\/\/sentaiyuanbio.com\/wp-content\/uploads\/2024\/10\/konjac-yam-plant-2.jpg 800w, https:\/\/sentaiyuanbio.com\/wp-content\/uploads\/2024\/10\/konjac-yam-plant-2-261x300.jpg 261w, https:\/\/sentaiyuanbio.com\/wp-content\/uploads\/2024\/10\/konjac-yam-plant-2-768x882.jpg 768w, https:\/\/sentaiyuanbio.com\/wp-content\/uploads\/2024\/10\/konjac-yam-plant-2-522x600.jpg 522w, https:\/\/sentaiyuanbio.com\/wp-content\/uploads\/2024\/10\/konjac-yam-plant-2-600x689.jpg 600w\" sizes=\"(max-width: 800px) 100vw, 800px\" \/><\/p>\n<p><img decoding=\"async\" class=\"alignleft wp-image-3018 size-full\" src=\"https:\/\/sentaiyuanbio.com\/wp-content\/uploads\/2024\/10\/konjac-yam-plant-3.jpg\" alt=\"Konjak-Samenpflanze\" width=\"800\" height=\"1171\" srcset=\"https:\/\/sentaiyuanbio.com\/wp-content\/uploads\/2024\/10\/konjac-yam-plant-3.jpg 800w, https:\/\/sentaiyuanbio.com\/wp-content\/uploads\/2024\/10\/konjac-yam-plant-3-205x300.jpg 205w, https:\/\/sentaiyuanbio.com\/wp-content\/uploads\/2024\/10\/konjac-yam-plant-3-700x1024.jpg 700w, https:\/\/sentaiyuanbio.com\/wp-content\/uploads\/2024\/10\/konjac-yam-plant-3-768x1124.jpg 768w, https:\/\/sentaiyuanbio.com\/wp-content\/uploads\/2024\/10\/konjac-yam-plant-3-410x600.jpg 410w, https:\/\/sentaiyuanbio.com\/wp-content\/uploads\/2024\/10\/konjac-yam-plant-3-600x878.jpg 600w\" sizes=\"(max-width: 800px) 100vw, 800px\" \/><\/p>","protected":false},"excerpt":{"rendered":"<p>Sentaiyuan Konjak Yamswurzelmehl und Yamskonjakpulver werden aus den nat\u00fcrlichen Wurzeln der Konjak Yamspflanze hergestellt. Es ist reich an Ballaststoffen und kalorienarm und damit eine gute Wahl f\u00fcr alle, die ihre allgemeine Gesundheit und ihr Wohlbefinden verbessern wollen.<\/p>","protected":false},"featured_media":3012,"template":"","meta":{"site-sidebar-layout":"default","site-content-layout":"","ast-site-content-layout":"default","site-content-style":"default","site-sidebar-style":"default","ast-global-header-display":"","ast-banner-title-visibility":"","ast-main-header-display":"","ast-hfb-above-header-display":"","ast-hfb-below-header-display":"","ast-hfb-mobile-header-display":"","site-post-title":"","ast-breadcrumbs-content":"","ast-featured-img":"","footer-sml-layout":"","ast-disable-related-posts":"","theme-transparent-header-meta":"default","adv-header-id-meta":"","stick-header-meta":"default","header-above-stick-meta":"","header-main-stick-meta":"","header-below-stick-meta":"","astra-migrate-meta-layouts":"set","ast-page-background-enabled":"default","ast-page-background-meta":{"desktop":{"background-color":"","background-image":"","background-repeat":"repeat","background-position":"center center","background-size":"auto","background-attachment":"scroll","background-type":"","background-media":"","overlay-type":"","overlay-color":"","overlay-opacity":"","overlay-gradient":""},"tablet":{"background-color":"","background-image":"","background-repeat":"repeat","background-position":"center center","background-size":"auto","background-attachment":"scroll","background-type":"","background-media":"","overlay-type":"","overlay-color":"","overlay-opacity":"","overlay-gradient":""},"mobile":{"background-color":"","background-image":"","background-repeat":"repeat","background-position":"center center","background-size":"auto","background-attachment":"scroll","background-type":"","background-media":"","overlay-type":"","overlay-color":"","overlay-opacity":"","overlay-gradient":""}},"ast-content-background-meta":{"desktop":{"background-color":"var(--ast-global-color-5)","background-image":"","background-repeat":"repeat","background-position":"center center","background-size":"auto","background-attachment":"scroll","background-type":"","background-media":"","overlay-type":"","overlay-color":"","overlay-opacity":"","overlay-gradient":""},"tablet":{"background-color":"var(--ast-global-color-5)","background-image":"","background-repeat":"repeat","background-position":"center center","background-size":"auto","background-attachment":"scroll","background-type":"","background-media":"","overlay-type":"","overlay-color":"","overlay-opacity":"","overlay-gradient":""},"mobile":{"background-color":"var(--ast-global-color-5)","background-image":"","background-repeat":"repeat","background-position":"center center","background-size":"auto","background-attachment":"scroll","background-type":"","background-media":"","overlay-type":"","overlay-color":"","overlay-opacity":"","overlay-gradient":""}}},"product_brand":[],"product_cat":[24],"product_tag":[],"class_list":{"0":"post-3011","1":"product","2":"type-product","3":"status-publish","4":"has-post-thumbnail","6":"product_cat-konjac-dietary-fiber","7":"desktop-align-left","8":"tablet-align-left","9":"mobile-align-left","10":"ast-product-gallery-layout-horizontal-slider","11":"ast-product-tabs-layout-horizontal","13":"first","14":"instock","15":"shipping-taxable","16":"product-type-simple"},"_links":{"self":[{"href":"https:\/\/sentaiyuanbio.com\/de\/wp-json\/wp\/v2\/product\/3011","targetHints":{"allow":["GET"]}}],"collection":[{"href":"https:\/\/sentaiyuanbio.com\/de\/wp-json\/wp\/v2\/product"}],"about":[{"href":"https:\/\/sentaiyuanbio.com\/de\/wp-json\/wp\/v2\/types\/product"}],"version-history":[{"count":0,"href":"https:\/\/sentaiyuanbio.com\/de\/wp-json\/wp\/v2\/product\/3011\/revisions"}],"wp:featuredmedia":[{"embeddable":true,"href":"https:\/\/sentaiyuanbio.com\/de\/wp-json\/wp\/v2\/media\/3012"}],"wp:attachment":[{"href":"https:\/\/sentaiyuanbio.com\/de\/wp-json\/wp\/v2\/media?parent=3011"}],"wp:term":[{"taxonomy":"product_brand","embeddable":true,"href":"https:\/\/sentaiyuanbio.com\/de\/wp-json\/wp\/v2\/product_brand?post=3011"},{"taxonomy":"product_cat","embeddable":true,"href":"https:\/\/sentaiyuanbio.com\/de\/wp-json\/wp\/v2\/product_cat?post=3011"},{"taxonomy":"product_tag","embeddable":true,"href":"https:\/\/sentaiyuanbio.com\/de\/wp-json\/wp\/v2\/product_tag?post=3011"}],"curies":[{"name":"wp","href":"https:\/\/api.w.org\/{rel}","templated":true}]}}