{"id":3033,"date":"2024-11-01T08:16:00","date_gmt":"2024-11-01T08:16:00","guid":{"rendered":"https:\/\/sentaiyuanbio.com\/?post_type=product&#038;p=3033"},"modified":"2026-01-06T02:43:01","modified_gmt":"2026-01-06T02:43:01","slug":"konnyaku-pulver-gelee-konjak-pulver-gelee","status":"publish","type":"product","link":"https:\/\/sentaiyuanbio.com\/de\/produkt\/konnyaku-pulver-gelee-konjak-pulver-gelee\/","title":{"rendered":"Konnyaku-Pulver-Gelee, Konjak-Pulver-Gelee"},"content":{"rendered":"<h2>Konnyaku-Pulver-Gelee Beschreibung<\/h2>\n<p>Sentaiyuan's neuestes Konjak-Pulver-Gelee, erh\u00e4ltlich in den Geschmacksrichtungen Erdbeere, Apfel, Gr\u00fcne Traube und Passionsfrucht, ist perfekt f\u00fcr hei\u00dfe Sommertage. Diese Packung enth\u00e4lt 150 Gramm Konjak-Gelee mit Erdbeergeschmack - nur 3 kcal pro 100 ml!<\/p>\n<p>Unser Konnyaku-Gelee ist reich an Kollagen, das die Gesundheit von Muskeln und Gelenken f\u00f6rdert und Haut, Haaren und N\u00e4geln Vitalit\u00e4t verleiht.<\/p>\n<h2>Konnyaku-Gelee-Pulver Zutaten<\/h2>\n<table border=\"1\" cellspacing=\"1\">\n<tbody>\n<tr>\n<td align=\"center\" width=\"284\">N\u00e4hrwertangaben<\/td>\n<td align=\"center\" width=\"284\">Pro 100ml<\/td>\n<td align=\"center\" width=\"284\">Pro 150ml Portion<\/td>\n<\/tr>\n<tr>\n<td align=\"center\" width=\"284\">Energie<\/td>\n<td align=\"center\" width=\"284\">3Kcal<\/td>\n<td align=\"center\" width=\"284\">7Kcal<\/td>\n<\/tr>\n<tr>\n<td align=\"center\" width=\"284\">Eiwei\u00df<\/td>\n<td align=\"center\" width=\"284\">&lt;1g<\/td>\n<td align=\"center\" width=\"284\">2g<\/td>\n<\/tr>\n<tr>\n<td align=\"center\" width=\"284\">Fett insgesamt<\/td>\n<td align=\"center\" width=\"284\">0g<\/td>\n<td align=\"center\" width=\"284\">0g<\/td>\n<\/tr>\n<tr>\n<td align=\"center\" width=\"284\">Transfette<\/td>\n<td align=\"center\" width=\"284\">0g<\/td>\n<td align=\"center\" width=\"284\">0g<\/td>\n<\/tr>\n<tr>\n<td align=\"center\" width=\"284\">Kohlenhydrate insgesamt<\/td>\n<td align=\"center\" width=\"284\">&lt;1g<\/td>\n<td align=\"center\" width=\"284\">&lt;1g<\/td>\n<\/tr>\n<tr>\n<td align=\"center\" width=\"284\">Ballaststoffe<\/td>\n<td align=\"center\" width=\"284\">0g<\/td>\n<td align=\"center\" width=\"284\">0g<\/td>\n<\/tr>\n<tr>\n<td align=\"center\" width=\"284\">Natrium<\/td>\n<td align=\"center\" width=\"284\">10mg<\/td>\n<td align=\"center\" width=\"284\">20mg<\/td>\n<\/tr>\n<tr>\n<td align=\"center\" width=\"284\">Zucker<\/td>\n<td align=\"center\" width=\"284\">0g<\/td>\n<td align=\"center\" width=\"284\">0g<\/td>\n<\/tr>\n<tr>\n<td align=\"center\" width=\"284\">Vitamin C<\/td>\n<td align=\"center\" width=\"284\">215mg<\/td>\n<td align=\"center\" width=\"284\">400mg<\/td>\n<\/tr>\n<\/tbody>\n<\/table>\n<p><img fetchpriority=\"high\" decoding=\"async\" class=\"alignnone wp-image-3590 size-full\" src=\"https:\/\/sentaiyuanbio.com\/wp-content\/uploads\/2024\/11\/Strawberry-Konjac-Jelly-11.webp\" alt=\"Erdbeer-Konjak-Gelee, Konjak-Gelee Gro\u00dfhandel \" width=\"750\" height=\"487\" srcset=\"https:\/\/sentaiyuanbio.com\/wp-content\/uploads\/2024\/11\/Strawberry-Konjac-Jelly-11.webp 750w, https:\/\/sentaiyuanbio.com\/wp-content\/uploads\/2024\/11\/Strawberry-Konjac-Jelly-11-300x195.webp 300w, https:\/\/sentaiyuanbio.com\/wp-content\/uploads\/2024\/11\/Strawberry-Konjac-Jelly-11-600x390.webp 600w\" sizes=\"(max-width: 750px) 100vw, 750px\" \/><img decoding=\"async\" class=\"alignnone wp-image-3591 size-full\" src=\"https:\/\/sentaiyuanbio.com\/wp-content\/uploads\/2024\/11\/Strawberry-Konjac-Jelly-22.webp\" alt=\"Erdbeer-Konjak-Gelee, Konjak-Gelee Gro\u00dfhandel \" width=\"750\" height=\"415\" srcset=\"https:\/\/sentaiyuanbio.com\/wp-content\/uploads\/2024\/11\/Strawberry-Konjac-Jelly-22.webp 750w, https:\/\/sentaiyuanbio.com\/wp-content\/uploads\/2024\/11\/Strawberry-Konjac-Jelly-22-300x166.webp 300w, https:\/\/sentaiyuanbio.com\/wp-content\/uploads\/2024\/11\/Strawberry-Konjac-Jelly-22-600x332.webp 600w\" sizes=\"(max-width: 750px) 100vw, 750px\" \/><img decoding=\"async\" class=\"alignnone wp-image-3592 size-full\" src=\"https:\/\/sentaiyuanbio.com\/wp-content\/uploads\/2024\/11\/Strawberry-Konjac-Jelly-33.webp\" alt=\"Erdbeer-Konjak-Gelee, Konjak-Gelee Gro\u00dfhandel \" width=\"750\" height=\"439\" srcset=\"https:\/\/sentaiyuanbio.com\/wp-content\/uploads\/2024\/11\/Strawberry-Konjac-Jelly-33.webp 750w, https:\/\/sentaiyuanbio.com\/wp-content\/uploads\/2024\/11\/Strawberry-Konjac-Jelly-33-300x176.webp 300w, https:\/\/sentaiyuanbio.com\/wp-content\/uploads\/2024\/11\/Strawberry-Konjac-Jelly-33-600x351.webp 600w\" sizes=\"(max-width: 750px) 100vw, 750px\" \/><img loading=\"lazy\" decoding=\"async\" class=\"alignnone wp-image-3593 size-full\" src=\"https:\/\/sentaiyuanbio.com\/wp-content\/uploads\/2024\/11\/Strawberry-Konjac-Jelly-44.webp\" alt=\"Erdbeer-Konjak-Gelee, Konjak-Gelee Gro\u00dfhandel \" width=\"750\" height=\"459\" srcset=\"https:\/\/sentaiyuanbio.com\/wp-content\/uploads\/2024\/11\/Strawberry-Konjac-Jelly-44.webp 750w, https:\/\/sentaiyuanbio.com\/wp-content\/uploads\/2024\/11\/Strawberry-Konjac-Jelly-44-300x184.webp 300w, https:\/\/sentaiyuanbio.com\/wp-content\/uploads\/2024\/11\/Strawberry-Konjac-Jelly-44-600x367.webp 600w\" sizes=\"(max-width: 750px) 100vw, 750px\" \/><img loading=\"lazy\" decoding=\"async\" class=\"alignnone wp-image-3594 size-full\" src=\"https:\/\/sentaiyuanbio.com\/wp-content\/uploads\/2024\/11\/Strawberry-Konjac-Jelly-55.webp\" alt=\"Erdbeer-Konjak-Gelee, Konjak-Gelee Gro\u00dfhandel \" width=\"750\" height=\"568\" srcset=\"https:\/\/sentaiyuanbio.com\/wp-content\/uploads\/2024\/11\/Strawberry-Konjac-Jelly-55.webp 750w, https:\/\/sentaiyuanbio.com\/wp-content\/uploads\/2024\/11\/Strawberry-Konjac-Jelly-55-300x227.webp 300w, https:\/\/sentaiyuanbio.com\/wp-content\/uploads\/2024\/11\/Strawberry-Konjac-Jelly-55-600x454.webp 600w\" sizes=\"(max-width: 750px) 100vw, 750px\" \/><\/p>","protected":false},"excerpt":{"rendered":"<p>Unser Konnyaku-Pulvergelee ist in verschiedenen neuen Geschmacksrichtungen erh\u00e4ltlich, darunter gr\u00fcne Traube, Erdbeere, Apfel und Passionsfrucht.<\/p>\n<p>Rezept f\u00fcr Konnyaku-Gelee-Pulver: Wasser, Apfel-, Erdbeer-, gr\u00fcner Trauben- oder Maracujasaftkonzentrat, <a href=\"https:\/\/www.healthline.com\/nutrition\/erythritol\" target=\"_blank\" rel=\"noopener\">Erythritol<\/a>, <a href=\"https:\/\/sentaiyuanbio.com\/de\/produkt\/konjak-pulver\/\" target=\"_blank\" rel=\"noopener\">Konjak-Pulver<\/a>, Carrageenan, Zitronens\u00e4ure, Kaliumchlorid, Kaliumsorbat und Vitamin C.<\/p>","protected":false},"featured_media":4309,"template":"","meta":{"site-sidebar-layout":"default","site-content-layout":"","ast-site-content-layout":"default","site-content-style":"default","site-sidebar-style":"default","ast-global-header-display":"","ast-banner-title-visibility":"","ast-main-header-display":"","ast-hfb-above-header-display":"","ast-hfb-below-header-display":"","ast-hfb-mobile-header-display":"","site-post-title":"","ast-breadcrumbs-content":"","ast-featured-img":"","footer-sml-layout":"","ast-disable-related-posts":"","theme-transparent-header-meta":"default","adv-header-id-meta":"","stick-header-meta":"default","header-above-stick-meta":"","header-main-stick-meta":"","header-below-stick-meta":"","astra-migrate-meta-layouts":"set","ast-page-background-enabled":"default","ast-page-background-meta":{"desktop":{"background-color":"","background-image":"","background-repeat":"repeat","background-position":"center center","background-size":"auto","background-attachment":"scroll","background-type":"","background-media":"","overlay-type":"","overlay-color":"","overlay-opacity":"","overlay-gradient":""},"tablet":{"background-color":"","background-image":"","background-repeat":"repeat","background-position":"center center","background-size":"auto","background-attachment":"scroll","background-type":"","background-media":"","overlay-type":"","overlay-color":"","overlay-opacity":"","overlay-gradient":""},"mobile":{"background-color":"","background-image":"","background-repeat":"repeat","background-position":"center center","background-size":"auto","background-attachment":"scroll","background-type":"","background-media":"","overlay-type":"","overlay-color":"","overlay-opacity":"","overlay-gradient":""}},"ast-content-background-meta":{"desktop":{"background-color":"var(--ast-global-color-5)","background-image":"","background-repeat":"repeat","background-position":"center center","background-size":"auto","background-attachment":"scroll","background-type":"","background-media":"","overlay-type":"","overlay-color":"","overlay-opacity":"","overlay-gradient":""},"tablet":{"background-color":"var(--ast-global-color-5)","background-image":"","background-repeat":"repeat","background-position":"center center","background-size":"auto","background-attachment":"scroll","background-type":"","background-media":"","overlay-type":"","overlay-color":"","overlay-opacity":"","overlay-gradient":""},"mobile":{"background-color":"var(--ast-global-color-5)","background-image":"","background-repeat":"repeat","background-position":"center center","background-size":"auto","background-attachment":"scroll","background-type":"","background-media":"","overlay-type":"","overlay-color":"","overlay-opacity":"","overlay-gradient":""}}},"product_brand":[],"product_cat":[52],"product_tag":[53],"class_list":{"0":"post-3033","1":"product","2":"type-product","3":"status-publish","4":"has-post-thumbnail","6":"product_cat-konjac-powder-jelly","7":"product_tag-konjac-jelly-snack","8":"desktop-align-left","9":"tablet-align-left","10":"mobile-align-left","11":"ast-product-gallery-layout-horizontal-slider","12":"ast-product-tabs-layout-horizontal","14":"first","15":"instock","16":"shipping-taxable","17":"product-type-simple"},"_links":{"self":[{"href":"https:\/\/sentaiyuanbio.com\/de\/wp-json\/wp\/v2\/product\/3033","targetHints":{"allow":["GET"]}}],"collection":[{"href":"https:\/\/sentaiyuanbio.com\/de\/wp-json\/wp\/v2\/product"}],"about":[{"href":"https:\/\/sentaiyuanbio.com\/de\/wp-json\/wp\/v2\/types\/product"}],"version-history":[{"count":0,"href":"https:\/\/sentaiyuanbio.com\/de\/wp-json\/wp\/v2\/product\/3033\/revisions"}],"wp:featuredmedia":[{"embeddable":true,"href":"https:\/\/sentaiyuanbio.com\/de\/wp-json\/wp\/v2\/media\/4309"}],"wp:attachment":[{"href":"https:\/\/sentaiyuanbio.com\/de\/wp-json\/wp\/v2\/media?parent=3033"}],"wp:term":[{"taxonomy":"product_brand","embeddable":true,"href":"https:\/\/sentaiyuanbio.com\/de\/wp-json\/wp\/v2\/product_brand?post=3033"},{"taxonomy":"product_cat","embeddable":true,"href":"https:\/\/sentaiyuanbio.com\/de\/wp-json\/wp\/v2\/product_cat?post=3033"},{"taxonomy":"product_tag","embeddable":true,"href":"https:\/\/sentaiyuanbio.com\/de\/wp-json\/wp\/v2\/product_tag?post=3033"}],"curies":[{"name":"wp","href":"https:\/\/api.w.org\/{rel}","templated":true}]}}