{"id":3123,"date":"2024-11-08T06:55:17","date_gmt":"2024-11-08T06:55:17","guid":{"rendered":"https:\/\/sentaiyuanbio.com\/?post_type=product&#038;p=3123"},"modified":"2026-01-06T02:42:41","modified_gmt":"2026-01-06T02:42:41","slug":"konjak-gelee-beutel-zuckerfrei","status":"publish","type":"product","link":"https:\/\/sentaiyuanbio.com\/de\/produkt\/konjak-gelee-beutel-zuckerfrei\/","title":{"rendered":"Passionsfrucht-Konjak-Gelee, Konjak-Gelee-Beutel"},"content":{"rendered":"<h2>Passionsfrucht-Konjak-Gelee-Geschmack Zutaten<\/h2>\n<p>Wasser, Maracujasaftkonzentrat, Erythrit, Konjakpulver, Carrageen, Zitronens\u00e4ure, Kaliumchlorid, Kaliumsorbat und Vitamin C.<\/p>\n<h2>Konjak-Gelee-Beutel mit Mango-Geschmack Zutaten<\/h2>\n<p>Wasser, Mangosaftkonzentrat, Erythrit, Konjakpulver, Carrageen, Zitronens\u00e4ure, Kaliumchlorid, Kaliumsorbat und Vitamin C.<\/p>\n<h2>Konjak-Gelee-Beutel mit Orangengeschmack Zutaten<\/h2>\n<p>Wasser, Orangensaftkonzentrat, Erythrit, Konjakpulver, Carrageen, Zitronens\u00e4ure, Kaliumchlorid, Kaliumsorbat, Vitamin C und Kollagenpeptid.<\/p>\n<h2>Zuckerfreies Konjak-Gelee Pfirsich-Geschmack Zutaten<\/h2>\n<p>Wasser, Pfirsichsaftkonzentrat, Erythrit, Konjakpulver, Carrageen, Zitronens\u00e4ure, Kaliumchlorid, Kaliumsorbat und Vitamin C.<\/p>\n<h2>Zuckerfreies Konjak-Gelee Pfirsich-Geschmack Zutaten<\/h2>\n<p>Wasser, konzentrierter gr\u00fcner Traubensaft, Erythritol, <a href=\"https:\/\/www.webmd.com\/vitamins\/ai\/ingredientmono-1606\/collagen-peptides\" target=\"_blank\" rel=\"noopener\">Kollagen-Peptid<\/a>, Vitamin C, Konjakpulver, Carrageen, Zitronens\u00e4ure, Kaliumchlorid und Kaliumsorbat.<\/p>\n<p><img fetchpriority=\"high\" decoding=\"async\" class=\"alignnone wp-image-3563 size-full\" src=\"https:\/\/sentaiyuanbio.com\/wp-content\/uploads\/2024\/11\/Konjac-jelly-pouches-1.webp\" alt=\"Konjac-Gelee-Beutel\" width=\"750\" height=\"487\" srcset=\"https:\/\/sentaiyuanbio.com\/wp-content\/uploads\/2024\/11\/Konjac-jelly-pouches-1.webp 750w, https:\/\/sentaiyuanbio.com\/wp-content\/uploads\/2024\/11\/Konjac-jelly-pouches-1-300x195.webp 300w, https:\/\/sentaiyuanbio.com\/wp-content\/uploads\/2024\/11\/Konjac-jelly-pouches-1-600x390.webp 600w\" sizes=\"(max-width: 750px) 100vw, 750px\" \/><img decoding=\"async\" class=\"alignnone wp-image-3564 size-full\" style=\"font-style: inherit; font-weight: 600;\" src=\"https:\/\/sentaiyuanbio.com\/wp-content\/uploads\/2024\/11\/Konjac-jelly-pouches-2.webp\" alt=\"Konjac-Gelee-Beutel\" width=\"750\" height=\"415\" srcset=\"https:\/\/sentaiyuanbio.com\/wp-content\/uploads\/2024\/11\/Konjac-jelly-pouches-2.webp 750w, https:\/\/sentaiyuanbio.com\/wp-content\/uploads\/2024\/11\/Konjac-jelly-pouches-2-300x166.webp 300w, https:\/\/sentaiyuanbio.com\/wp-content\/uploads\/2024\/11\/Konjac-jelly-pouches-2-600x332.webp 600w\" sizes=\"(max-width: 750px) 100vw, 750px\" \/><img decoding=\"async\" class=\"alignnone wp-image-3565 size-full\" src=\"https:\/\/sentaiyuanbio.com\/wp-content\/uploads\/2024\/11\/Konjac-jelly-pouches-3.webp\" alt=\"Konjac-Gelee-Beutel\" width=\"750\" height=\"439\" srcset=\"https:\/\/sentaiyuanbio.com\/wp-content\/uploads\/2024\/11\/Konjac-jelly-pouches-3.webp 750w, https:\/\/sentaiyuanbio.com\/wp-content\/uploads\/2024\/11\/Konjac-jelly-pouches-3-300x176.webp 300w, https:\/\/sentaiyuanbio.com\/wp-content\/uploads\/2024\/11\/Konjac-jelly-pouches-3-600x351.webp 600w\" sizes=\"(max-width: 750px) 100vw, 750px\" \/><img loading=\"lazy\" decoding=\"async\" class=\"alignnone wp-image-3566 size-full\" src=\"https:\/\/sentaiyuanbio.com\/wp-content\/uploads\/2024\/11\/Konjac-jelly-pouches-4.webp\" alt=\"Konnyaku-Pulver-Gelee, Konjak-Pulver-Gelee\" width=\"750\" height=\"459\" srcset=\"https:\/\/sentaiyuanbio.com\/wp-content\/uploads\/2024\/11\/Konjac-jelly-pouches-4.webp 750w, https:\/\/sentaiyuanbio.com\/wp-content\/uploads\/2024\/11\/Konjac-jelly-pouches-4-300x184.webp 300w, https:\/\/sentaiyuanbio.com\/wp-content\/uploads\/2024\/11\/Konjac-jelly-pouches-4-600x367.webp 600w\" sizes=\"(max-width: 750px) 100vw, 750px\" \/><img loading=\"lazy\" decoding=\"async\" class=\"alignnone wp-image-3567 size-full\" style=\"font-style: inherit; font-weight: 600;\" src=\"https:\/\/sentaiyuanbio.com\/wp-content\/uploads\/2024\/11\/Konjac-jelly-pouches-5.webp\" alt=\"Konnyaku-Pulver-Gelee, Konjak-Pulver-Gelee\" width=\"750\" height=\"568\" srcset=\"https:\/\/sentaiyuanbio.com\/wp-content\/uploads\/2024\/11\/Konjac-jelly-pouches-5.webp 750w, https:\/\/sentaiyuanbio.com\/wp-content\/uploads\/2024\/11\/Konjac-jelly-pouches-5-300x227.webp 300w, https:\/\/sentaiyuanbio.com\/wp-content\/uploads\/2024\/11\/Konjac-jelly-pouches-5-600x454.webp 600w\" sizes=\"(max-width: 750px) 100vw, 750px\" \/><\/p>\n<h2>Vorsicht<\/h2>\n<p>Wenn Kinder und Senioren essen, achten Sie bitte darauf, dass sie sich nicht die Kehle zuschn\u00fcren, wenn die Eltern dabei sind. Wenn Sie einmal frieren, wird es schwieriger sein. Nicht einfrieren. In der T\u00fcte k\u00f6nnen sich Wassertr\u00f6pfchen befinden, aber die Qualit\u00e4t ist kein Problem. Zu viel Essen kann den Magen verderben. Kleine schwarze Punkte sind selten zu sehen. Es handelt sich um eine Konjak-Schale, daher gibt es keine Probleme mit der Qualit\u00e4t.<\/p>","protected":false},"excerpt":{"rendered":"<p>Diese Konjak-Gelee-Beutel sind der perfekte Snack f\u00fcr unterwegs. Sie gelten auch als die L\u00f6sung, um die Lust auf S\u00fc\u00dfes zu z\u00fcgeln und sich zwischen den Mahlzeiten satt zu f\u00fchlen. Hergestellt aus <a href=\"https:\/\/sentaiyuanbio.com\/de\/produkt\/konjakwurzel-glucomannan\/\" target=\"_blank\" rel=\"noopener\">Konjakwurzel-Pulver<\/a>, Sie haben nur 7 Kalorien pro Beutel, was sie zu einem ausgezeichneten kalorienarmen Pre-Workout-Getr\u00e4nk macht. Sie werden auch mit Pfirsichen, Mango, Orangen oder Trauben hergestellt. Probieren Sie dieses Getr\u00e4nk, wenn Sie einen ges\u00fcnderen Lebensstil anstreben!<\/p>","protected":false},"featured_media":4318,"template":"","meta":{"site-sidebar-layout":"default","site-content-layout":"","ast-site-content-layout":"default","site-content-style":"default","site-sidebar-style":"default","ast-global-header-display":"","ast-banner-title-visibility":"","ast-main-header-display":"","ast-hfb-above-header-display":"","ast-hfb-below-header-display":"","ast-hfb-mobile-header-display":"","site-post-title":"","ast-breadcrumbs-content":"","ast-featured-img":"","footer-sml-layout":"","ast-disable-related-posts":"","theme-transparent-header-meta":"default","adv-header-id-meta":"","stick-header-meta":"default","header-above-stick-meta":"","header-main-stick-meta":"","header-below-stick-meta":"","astra-migrate-meta-layouts":"set","ast-page-background-enabled":"default","ast-page-background-meta":{"desktop":{"background-color":"","background-image":"","background-repeat":"repeat","background-position":"center center","background-size":"auto","background-attachment":"scroll","background-type":"","background-media":"","overlay-type":"","overlay-color":"","overlay-opacity":"","overlay-gradient":""},"tablet":{"background-color":"","background-image":"","background-repeat":"repeat","background-position":"center center","background-size":"auto","background-attachment":"scroll","background-type":"","background-media":"","overlay-type":"","overlay-color":"","overlay-opacity":"","overlay-gradient":""},"mobile":{"background-color":"","background-image":"","background-repeat":"repeat","background-position":"center center","background-size":"auto","background-attachment":"scroll","background-type":"","background-media":"","overlay-type":"","overlay-color":"","overlay-opacity":"","overlay-gradient":""}},"ast-content-background-meta":{"desktop":{"background-color":"var(--ast-global-color-5)","background-image":"","background-repeat":"repeat","background-position":"center center","background-size":"auto","background-attachment":"scroll","background-type":"","background-media":"","overlay-type":"","overlay-color":"","overlay-opacity":"","overlay-gradient":""},"tablet":{"background-color":"var(--ast-global-color-5)","background-image":"","background-repeat":"repeat","background-position":"center center","background-size":"auto","background-attachment":"scroll","background-type":"","background-media":"","overlay-type":"","overlay-color":"","overlay-opacity":"","overlay-gradient":""},"mobile":{"background-color":"var(--ast-global-color-5)","background-image":"","background-repeat":"repeat","background-position":"center center","background-size":"auto","background-attachment":"scroll","background-type":"","background-media":"","overlay-type":"","overlay-color":"","overlay-opacity":"","overlay-gradient":""}}},"product_brand":[],"product_cat":[52],"product_tag":[53],"class_list":{"0":"post-3123","1":"product","2":"type-product","3":"status-publish","4":"has-post-thumbnail","6":"product_cat-konjac-powder-jelly","7":"product_tag-konjac-jelly-snack","8":"desktop-align-left","9":"tablet-align-left","10":"mobile-align-left","11":"ast-product-gallery-layout-horizontal-slider","12":"ast-product-tabs-layout-horizontal","14":"first","15":"instock","16":"shipping-taxable","17":"product-type-simple"},"_links":{"self":[{"href":"https:\/\/sentaiyuanbio.com\/de\/wp-json\/wp\/v2\/product\/3123","targetHints":{"allow":["GET"]}}],"collection":[{"href":"https:\/\/sentaiyuanbio.com\/de\/wp-json\/wp\/v2\/product"}],"about":[{"href":"https:\/\/sentaiyuanbio.com\/de\/wp-json\/wp\/v2\/types\/product"}],"version-history":[{"count":0,"href":"https:\/\/sentaiyuanbio.com\/de\/wp-json\/wp\/v2\/product\/3123\/revisions"}],"wp:featuredmedia":[{"embeddable":true,"href":"https:\/\/sentaiyuanbio.com\/de\/wp-json\/wp\/v2\/media\/4318"}],"wp:attachment":[{"href":"https:\/\/sentaiyuanbio.com\/de\/wp-json\/wp\/v2\/media?parent=3123"}],"wp:term":[{"taxonomy":"product_brand","embeddable":true,"href":"https:\/\/sentaiyuanbio.com\/de\/wp-json\/wp\/v2\/product_brand?post=3123"},{"taxonomy":"product_cat","embeddable":true,"href":"https:\/\/sentaiyuanbio.com\/de\/wp-json\/wp\/v2\/product_cat?post=3123"},{"taxonomy":"product_tag","embeddable":true,"href":"https:\/\/sentaiyuanbio.com\/de\/wp-json\/wp\/v2\/product_tag?post=3123"}],"curies":[{"name":"wp","href":"https:\/\/api.w.org\/{rel}","templated":true}]}}