{"id":3222,"date":"2024-11-18T08:34:00","date_gmt":"2024-11-18T08:34:00","guid":{"rendered":"https:\/\/sentaiyuanbio.com\/?post_type=product&#038;p=3222"},"modified":"2026-01-06T02:42:03","modified_gmt":"2026-01-06T02:42:03","slug":"konjak-gelee-lose-konjak-gelee-traube","status":"publish","type":"product","link":"https:\/\/sentaiyuanbio.com\/de\/produkt\/konjak-gelee-lose-konjak-gelee-traube\/","title":{"rendered":"Bestes Konjak-Gelee lose, Konjak-Gelee Traube"},"content":{"rendered":"<h2>Eine Vielzahl von Geschmacksrichtungen f\u00fcr alle Geschm\u00e4cker<\/h2>\n<p>Genie\u00dfen Sie den vollen Geschmack unseres Konjak-Gelees in den Sorten Pfirsich, Mango, Litschi, Traube, Erdbeere, Orange, Passionsfrucht und Apfel. Jede Geschmacksrichtung bietet ein einzigartiges Geschmackserlebnis und stillt Ihren Hei\u00dfhunger mit jedem Bissen.<\/p>\n<h2>Wichtigste Vorteile der Inhaltsstoffe<\/h2>\n<p>Wasser, Pfirsich-, Mango-, Litschi, Trauben-, Erdbeer-, Orangen-, Passionsfrucht- oder Apfelsaftkonzentrat, Erythritol, <a href=\"https:\/\/sentaiyuanbio.com\/de\/produkt\/konjak-pulver\/\" target=\"_blank\" rel=\"noopener\">Konjak-Pulver<\/a>, Carrageenan, Zitronens\u00e4ure, <a href=\"https:\/\/pubchem.ncbi.nlm.nih.gov\/compound\/Potassium-Chloride\" target=\"_blank\" rel=\"noopener\">Kaliumchlorid<\/a>, Kaliumsorbat und Vitamin C.<\/p>\n<table border=\"1\" cellspacing=\"1\">\n<tbody>\n<tr>\n<td align=\"center\" width=\"284\">N\u00e4hrwertangaben<\/td>\n<td align=\"center\" width=\"284\">Pro 100ml<\/td>\n<td align=\"center\" width=\"284\">Pro 150ml Portion<\/td>\n<\/tr>\n<tr>\n<td align=\"center\" width=\"284\">Energie<\/td>\n<td align=\"center\" width=\"284\">2Kcal<\/td>\n<td align=\"center\" width=\"284\">7Kcal<\/td>\n<\/tr>\n<tr>\n<td align=\"center\" width=\"284\">Eiwei\u00df<\/td>\n<td align=\"center\" width=\"284\">&lt;0.1g<\/td>\n<td align=\"center\" width=\"284\">&lt;0.15g<\/td>\n<\/tr>\n<tr>\n<td align=\"center\" width=\"284\">Fett insgesamt<\/td>\n<td align=\"center\" width=\"284\">0g<\/td>\n<td align=\"center\" width=\"284\">0g<\/td>\n<\/tr>\n<tr>\n<td align=\"center\" width=\"284\">Transfette<\/td>\n<td align=\"center\" width=\"284\">0g<\/td>\n<td align=\"center\" width=\"284\">0g<\/td>\n<\/tr>\n<tr>\n<td align=\"center\" width=\"284\">Kohlenhydrate insgesamt<\/td>\n<td align=\"center\" width=\"284\">0.7g<\/td>\n<td align=\"center\" width=\"284\">1g<\/td>\n<\/tr>\n<tr>\n<td align=\"center\" width=\"284\">Ballaststoffe<\/td>\n<td align=\"center\" width=\"284\">0g<\/td>\n<td align=\"center\" width=\"284\">0g<\/td>\n<\/tr>\n<tr>\n<td align=\"center\" width=\"284\">Natrium<\/td>\n<td align=\"center\" width=\"284\">10mg<\/td>\n<td align=\"center\" width=\"284\">20mg<\/td>\n<\/tr>\n<tr>\n<td align=\"center\" width=\"284\">Zucker<\/td>\n<td align=\"center\" width=\"284\">0g<\/td>\n<td align=\"center\" width=\"284\">0g<\/td>\n<\/tr>\n<tr>\n<td align=\"center\" width=\"284\">Vitamin C<\/td>\n<td align=\"center\" width=\"284\">237mg<\/td>\n<td align=\"center\" width=\"284\">400mg<\/td>\n<\/tr>\n<\/tbody>\n<\/table>\n<p>Konjak-Gelee wird aus der Konjak-Pflanze hergestellt, die kalorien- und ballaststoffarm ist, ein starkes S\u00e4ttigungsgef\u00fchl vermittelt, die Verdauung und Darmgesundheit f\u00f6rdert, den Blutzucker reguliert, die Ern\u00e4hrung erg\u00e4nzt und bei der Gewichtsabnahme hilft.<\/p>\n<p><img fetchpriority=\"high\" decoding=\"async\" class=\"alignnone wp-image-3614 size-full\" src=\"https:\/\/sentaiyuanbio.com\/wp-content\/uploads\/2024\/11\/Konjac-jelly-grape1_1.webp\" alt=\"Konjak-Gelee-Traube\" width=\"750\" height=\"612\" srcset=\"https:\/\/sentaiyuanbio.com\/wp-content\/uploads\/2024\/11\/Konjac-jelly-grape1_1.webp 750w, https:\/\/sentaiyuanbio.com\/wp-content\/uploads\/2024\/11\/Konjac-jelly-grape1_1-300x245.webp 300w, https:\/\/sentaiyuanbio.com\/wp-content\/uploads\/2024\/11\/Konjac-jelly-grape1_1-600x490.webp 600w\" sizes=\"(max-width: 750px) 100vw, 750px\" \/> <img decoding=\"async\" class=\"alignnone wp-image-3615 size-full\" src=\"https:\/\/sentaiyuanbio.com\/wp-content\/uploads\/2024\/11\/Konjac-jelly-grape2_2.webp\" alt=\"Konjak-Gelee-Traube\" width=\"750\" height=\"631\" srcset=\"https:\/\/sentaiyuanbio.com\/wp-content\/uploads\/2024\/11\/Konjac-jelly-grape2_2.webp 750w, https:\/\/sentaiyuanbio.com\/wp-content\/uploads\/2024\/11\/Konjac-jelly-grape2_2-300x252.webp 300w, https:\/\/sentaiyuanbio.com\/wp-content\/uploads\/2024\/11\/Konjac-jelly-grape2_2-600x505.webp 600w\" sizes=\"(max-width: 750px) 100vw, 750px\" \/> <img decoding=\"async\" class=\"alignnone wp-image-3616 size-full\" src=\"https:\/\/sentaiyuanbio.com\/wp-content\/uploads\/2024\/11\/Konjac-jelly-grape3_3.webp\" alt=\"Konjak-Gelee-Traube\" width=\"750\" height=\"619\" srcset=\"https:\/\/sentaiyuanbio.com\/wp-content\/uploads\/2024\/11\/Konjac-jelly-grape3_3.webp 750w, https:\/\/sentaiyuanbio.com\/wp-content\/uploads\/2024\/11\/Konjac-jelly-grape3_3-300x248.webp 300w, https:\/\/sentaiyuanbio.com\/wp-content\/uploads\/2024\/11\/Konjac-jelly-grape3_3-600x495.webp 600w\" sizes=\"(max-width: 750px) 100vw, 750px\" \/> <img loading=\"lazy\" decoding=\"async\" class=\"alignnone wp-image-3617 size-full\" src=\"https:\/\/sentaiyuanbio.com\/wp-content\/uploads\/2024\/11\/Konjac-jelly-grape4_4.webp\" alt=\"Konjak-Gelee-Traube\" width=\"750\" height=\"613\" srcset=\"https:\/\/sentaiyuanbio.com\/wp-content\/uploads\/2024\/11\/Konjac-jelly-grape4_4.webp 750w, https:\/\/sentaiyuanbio.com\/wp-content\/uploads\/2024\/11\/Konjac-jelly-grape4_4-300x245.webp 300w, https:\/\/sentaiyuanbio.com\/wp-content\/uploads\/2024\/11\/Konjac-jelly-grape4_4-600x490.webp 600w\" sizes=\"(max-width: 750px) 100vw, 750px\" \/> <img loading=\"lazy\" decoding=\"async\" class=\"alignnone wp-image-3618 size-full\" src=\"https:\/\/sentaiyuanbio.com\/wp-content\/uploads\/2024\/11\/Konjac-jelly-grape5_5.webp\" alt=\"Konjak-Gelee-Traube\" width=\"750\" height=\"530\" srcset=\"https:\/\/sentaiyuanbio.com\/wp-content\/uploads\/2024\/11\/Konjac-jelly-grape5_5.webp 750w, https:\/\/sentaiyuanbio.com\/wp-content\/uploads\/2024\/11\/Konjac-jelly-grape5_5-300x212.webp 300w, https:\/\/sentaiyuanbio.com\/wp-content\/uploads\/2024\/11\/Konjac-jelly-grape5_5-600x424.webp 600w\" sizes=\"(max-width: 750px) 100vw, 750px\" \/><\/p>\n<h2>Leicht zu tragen<\/h2>\n<p>Unser Konjak-Gelee ist perfekt f\u00fcr den Verzehr unterwegs. Es wird in einem praktischen, kompakten Schluckbeutel geliefert, der leicht in Ihre Handtasche oder Ihren Geldbeutel passt, was es zu einem erfrischenden, leckeren Snack macht - jederzeit und \u00fcberall.<\/p>","protected":false},"excerpt":{"rendered":"<p>Erleben Sie den erfrischenden Geschmack von Sentaiyuan Konjak-Gelee Bulk, erh\u00e4ltlich in verschiedenen Geschmacksrichtungen wie Pfirsich, Mango, Litschi und Traube.<br \/>\nDiese tragbaren, gesunden und unkomplizierten Gelees sind perfekt f\u00fcr einen gesch\u00e4ftigen Lebensstil. Kontaktieren Sie uns jetzt, um zu bestellen, und wir geben Ihnen das niedrigste MOQ!<\/p>","protected":false},"featured_media":4292,"template":"","meta":{"site-sidebar-layout":"default","site-content-layout":"","ast-site-content-layout":"default","site-content-style":"default","site-sidebar-style":"default","ast-global-header-display":"","ast-banner-title-visibility":"","ast-main-header-display":"","ast-hfb-above-header-display":"","ast-hfb-below-header-display":"","ast-hfb-mobile-header-display":"","site-post-title":"","ast-breadcrumbs-content":"","ast-featured-img":"","footer-sml-layout":"","ast-disable-related-posts":"","theme-transparent-header-meta":"default","adv-header-id-meta":"","stick-header-meta":"default","header-above-stick-meta":"","header-main-stick-meta":"","header-below-stick-meta":"","astra-migrate-meta-layouts":"set","ast-page-background-enabled":"default","ast-page-background-meta":{"desktop":{"background-color":"","background-image":"","background-repeat":"repeat","background-position":"center center","background-size":"auto","background-attachment":"scroll","background-type":"","background-media":"","overlay-type":"","overlay-color":"","overlay-opacity":"","overlay-gradient":""},"tablet":{"background-color":"","background-image":"","background-repeat":"repeat","background-position":"center center","background-size":"auto","background-attachment":"scroll","background-type":"","background-media":"","overlay-type":"","overlay-color":"","overlay-opacity":"","overlay-gradient":""},"mobile":{"background-color":"","background-image":"","background-repeat":"repeat","background-position":"center center","background-size":"auto","background-attachment":"scroll","background-type":"","background-media":"","overlay-type":"","overlay-color":"","overlay-opacity":"","overlay-gradient":""}},"ast-content-background-meta":{"desktop":{"background-color":"var(--ast-global-color-5)","background-image":"","background-repeat":"repeat","background-position":"center center","background-size":"auto","background-attachment":"scroll","background-type":"","background-media":"","overlay-type":"","overlay-color":"","overlay-opacity":"","overlay-gradient":""},"tablet":{"background-color":"var(--ast-global-color-5)","background-image":"","background-repeat":"repeat","background-position":"center center","background-size":"auto","background-attachment":"scroll","background-type":"","background-media":"","overlay-type":"","overlay-color":"","overlay-opacity":"","overlay-gradient":""},"mobile":{"background-color":"var(--ast-global-color-5)","background-image":"","background-repeat":"repeat","background-position":"center center","background-size":"auto","background-attachment":"scroll","background-type":"","background-media":"","overlay-type":"","overlay-color":"","overlay-opacity":"","overlay-gradient":""}}},"product_brand":[],"product_cat":[52],"product_tag":[53],"class_list":{"0":"post-3222","1":"product","2":"type-product","3":"status-publish","4":"has-post-thumbnail","6":"product_cat-konjac-powder-jelly","7":"product_tag-konjac-jelly-snack","8":"desktop-align-left","9":"tablet-align-left","10":"mobile-align-left","11":"ast-product-gallery-layout-horizontal-slider","12":"ast-product-tabs-layout-horizontal","14":"first","15":"instock","16":"shipping-taxable","17":"product-type-simple"},"_links":{"self":[{"href":"https:\/\/sentaiyuanbio.com\/de\/wp-json\/wp\/v2\/product\/3222","targetHints":{"allow":["GET"]}}],"collection":[{"href":"https:\/\/sentaiyuanbio.com\/de\/wp-json\/wp\/v2\/product"}],"about":[{"href":"https:\/\/sentaiyuanbio.com\/de\/wp-json\/wp\/v2\/types\/product"}],"version-history":[{"count":0,"href":"https:\/\/sentaiyuanbio.com\/de\/wp-json\/wp\/v2\/product\/3222\/revisions"}],"wp:featuredmedia":[{"embeddable":true,"href":"https:\/\/sentaiyuanbio.com\/de\/wp-json\/wp\/v2\/media\/4292"}],"wp:attachment":[{"href":"https:\/\/sentaiyuanbio.com\/de\/wp-json\/wp\/v2\/media?parent=3222"}],"wp:term":[{"taxonomy":"product_brand","embeddable":true,"href":"https:\/\/sentaiyuanbio.com\/de\/wp-json\/wp\/v2\/product_brand?post=3222"},{"taxonomy":"product_cat","embeddable":true,"href":"https:\/\/sentaiyuanbio.com\/de\/wp-json\/wp\/v2\/product_cat?post=3222"},{"taxonomy":"product_tag","embeddable":true,"href":"https:\/\/sentaiyuanbio.com\/de\/wp-json\/wp\/v2\/product_tag?post=3222"}],"curies":[{"name":"wp","href":"https:\/\/api.w.org\/{rel}","templated":true}]}}