{"id":3799,"date":"2025-02-18T09:50:48","date_gmt":"2025-02-18T09:50:48","guid":{"rendered":"https:\/\/sentaiyuanbio.com\/?post_type=product&#038;p=3799"},"modified":"2025-08-12T09:14:53","modified_gmt":"2025-08-12T09:14:53","slug":"shirataki-reis-1kg","status":"publish","type":"product","link":"https:\/\/sentaiyuanbio.com\/de\/produkt\/shirataki-reis-1kg\/","title":{"rendered":"Shirataki-Reis 1kg trocken Gro\u00dfhandel"},"content":{"rendered":"<h2>Shirataki-Reis 1kg Spezifikation<\/h2>\n<table width=\"100%\" cellspacing=\"0\" cellpadding=\"0\">\n<colgroup>\n<col style=\"width: 180px;\" width=\"215\" \/>\n<col style=\"width: 383px;\" width=\"383\" \/> <\/colgroup>\n<tbody>\n<tr style=\"height: 20px;\">\n<td width=\"180\" height=\"20\">Produktname<\/td>\n<td width=\"392\">Trockener Shirataki-Reis 1kg<\/td>\n<\/tr>\n<tr style=\"height: 20px;\">\n<td width=\"180\" height=\"21\">Hauptbestandteil<\/td>\n<td width=\"392\">Konjakmehl, Wasser<\/td>\n<\/tr>\n<tr style=\"height: 39px;\">\n<td width=\"180\" height=\"39\">Merkmal<\/td>\n<td width=\"392\">Geruchsneutral, kalorienarm, kohlenhydratarm, glutenfrei, zuckerfrei, fettfrei, GMO-frei, ballaststoffreich<\/td>\n<\/tr>\n<tr style=\"height: 41px;\">\n<td width=\"180\" height=\"41\">Funktionen<\/td>\n<td width=\"392\">Vegetarische Ern\u00e4hrung, Gewichtsabnahme, erh\u00f6htes S\u00e4ttigungsgef\u00fchl<\/td>\n<\/tr>\n<tr style=\"height: 20px;\">\n<td width=\"180\" height=\"21\">Ballaststoffe<\/td>\n<td width=\"392\">2,8g\/100g<\/td>\n<\/tr>\n<tr style=\"height: 20px;\">\n<td width=\"180\" height=\"21\">Kochzeit<\/td>\n<td width=\"392\">8 Minute<\/td>\n<\/tr>\n<tr style=\"height: 20px;\">\n<td width=\"180\" height=\"21\">Fettgehalt<\/td>\n<td width=\"392\">&lt;0,1g\/100g<\/td>\n<\/tr>\n<tr style=\"height: 20px;\">\n<td width=\"180\" height=\"21\">Gewicht<\/td>\n<td width=\"392\">1kg<\/td>\n<\/tr>\n<tr style=\"height: 20px;\">\n<td width=\"180\" height=\"21\">Haltbarkeitsdauer<\/td>\n<td width=\"392\">24Monate<\/td>\n<\/tr>\n<tr style=\"height: 20px;\">\n<td width=\"180\" height=\"21\">Bescheinigungen<\/td>\n<td width=\"392\">IFS, BRC, KOSHER, HALAL, HACCP<\/td>\n<\/tr>\n<tr style=\"height: 20px;\">\n<td width=\"180\" height=\"21\">Paket<\/td>\n<td width=\"392\">Innenbeutel + Stehbeutel\/ Papierschachtel<\/td>\n<\/tr>\n<tr style=\"height: 20px;\">\n<td width=\"180\" height=\"21\">Lagerung<\/td>\n<td width=\"392\">Raumtemperatur, ein k\u00fchler, trockener Ort, direkte Sonneneinstrahlung vermeiden<\/td>\n<\/tr>\n<tr style=\"height: 20px;\">\n<td width=\"180\" height=\"21\">Dienst<\/td>\n<td width=\"392\">OEM, ODM, OBM<\/td>\n<\/tr>\n<tr style=\"height: 20px;\">\n<td width=\"180\" height=\"21\">Lieferfrist<\/td>\n<td width=\"392\">15-30 Arbeitstage<\/td>\n<\/tr>\n<\/tbody>\n<\/table>\n<h2>GESUNDHEITLICHE VORTEILE von trockenem Shirataki-Reis 1kg<\/h2>\n<ul>\n<li>Wenig Kalorien und Kohlenhydrate<\/li>\n<li>Reich an l\u00f6slichen Ballaststoffen (Glucomannan)<\/li>\n<li>Hilft bei der Kontrolle des Blutzuckerspiegels<\/li>\n<li>Hilfe bei der Gewichtsabnahme<\/li>\n<li>Verbessert die Darmgesundheit<\/li>\n<li>Glutenfrei und getreidefrei<\/li>\n<li>Niedriger glyk\u00e4mischer Index<\/li>\n<li>M\u00f6gliche Vorteile f\u00fcr die Herzgesundheit<\/li>\n<\/ul>\n<h2>Glyk\u00e4mischer Index und Einkaufsf\u00fchrer f\u00fcr Shirataki-Reis<\/h2>\n<h3>Glyk\u00e4mischer Index (GI) von Shirataki-Reis<\/h3>\n<p>Die <a href=\"https:\/\/www.healthline.com\/nutrition\/glycemic-index\" target=\"_blank\" rel=\"noopener\">glyk\u00e4mischer Index<\/a> Der glyk\u00e4mische Index von Shirataki-Reis ist sehr niedrig, er betr\u00e4gt 17 und die glyk\u00e4mische Last 0. Das liegt daran, dass Shirataki-Reis haupts\u00e4chlich aus wasserl\u00f6slichen Ballaststoffen besteht und fast keine verdaulichen Kohlenhydrate enth\u00e4lt. Es handelt sich um ein Lebensmittel mit einem niedrigen glyk\u00e4mischen Index und einer niedrigen glyk\u00e4mischen Last, so dass es nicht zu einem erheblichen Anstieg des Blutzuckerspiegels kommt.<\/p>\n<h3>Shirataki-Reis-Einkaufsf\u00fchrer<\/h3>\n<p><strong>1. Pr\u00fcfung des Aussehens<\/strong><br \/>\nFarbe: Hochwertiger Shirataki-Reis hat in der Regel eine nat\u00fcrliche, cremefarbene oder milchig-wei\u00dfe Farbe. Ist die Farbe zu wei\u00df oder weist sie anormale Farbver\u00e4nderungen auf, k\u00f6nnen Bleichmittel oder andere Chemikalien zugesetzt worden sein.<br \/>\nDie Form: Die K\u00f6rner sollten gleichm\u00e4\u00dfig und vollst\u00e4ndig sein, ohne offensichtliche Sch\u00e4den oder Verformungen.<\/p>\n<p><strong>2. Texturpr\u00fcfung<\/strong><br \/>\nElastizit\u00e4t: Dr\u00fccken Sie vorsichtig auf den Konjakreis, Sie sollten eine gewisse Elastizit\u00e4t und Z\u00e4higkeit sp\u00fcren, und er wird nicht leicht brechen oder kleben.<br \/>\nGlatte Oberfl\u00e4che: Die Oberfl\u00e4che von gutem Konjak-Reis sollte glatt sein, und es sollte keine Rauheit oder ein Fremdk\u00f6rpergef\u00fchl geben.<\/p>\n<p><strong>3. Riechen Sie<\/strong><br \/>\nNat\u00fcrlicher Duft: Frischer Shirataki-Reis sollte einen leichten, nat\u00fcrlichen Duft haben und keine besonderen Ger\u00fcche aufweisen, wie z. B. schimmelig, sauer oder andere anormale Ger\u00fcche.<\/p>\n<p><strong>4. Liste der Inhaltsstoffe<\/strong><br \/>\nReinheit: Versuchen Sie, Produkte mit einfachen Zutaten zu w\u00e4hlen, vorzugsweise nur <a href=\"https:\/\/sentaiyuanbio.com\/de\/produkt\/konjakmehl-yamswurzel-konjakpulver\/\" target=\"_blank\" rel=\"noopener\">Konjak-Pulver<\/a> und andere notwendige Zusatzstoffe (z. B. eine kleine Menge Zitronens\u00e4ure zur Verbesserung des Geschmacks).<br \/>\nKeine Zusatzstoffe: Vermeiden Sie den Kauf von Produkten mit zu vielen k\u00fcnstlichen Farbstoffen, Aromen oder anderen unn\u00f6tigen Zusatzstoffen.<\/p>\n<p><strong>5. Unversehrtheit der Verpackung<\/strong><br \/>\nVersiegelung: Pr\u00fcfen Sie, ob die Verpackung besch\u00e4digt oder undicht ist. Eine gute Versiegelung kann wirksam verhindern, dass das Produkt feucht wird und sich verschlechtert.<br \/>\nDurchsichtigkeit: Bei einigen hochwertigen Shirataki-Reisarten werden transparente Verpackungen verwendet, so dass der Zustand des Produkts direkt beobachtet werden kann.<\/p>","protected":false},"excerpt":{"rendered":"<p>Shirataki Reis 1kg, es ist 97% Wasser, 3% Ballaststoffe, und Protein, Fett und Kalzium Spuren. Somit ist er ein schuldfreier Reisersatz mit null Kalorien und fast null Kohlenhydraten.<br \/>\nGenie\u00dfen Sie k\u00f6stlichen Shirataki-Reis ohne schlechtes Gewissen. Von der Gewichtskontrolle \u00fcber die Kontrolle des Blutzuckerspiegels bis hin zur Senkung des Cholesterinspiegels und der Verbesserung der Verdauung - dieser Reisersatz ist Ihr langfristiger Weg zu einer guten Gesundheit.<\/p>","protected":false},"featured_media":4215,"template":"","meta":{"site-sidebar-layout":"default","site-content-layout":"","ast-site-content-layout":"default","site-content-style":"default","site-sidebar-style":"default","ast-global-header-display":"","ast-banner-title-visibility":"","ast-main-header-display":"","ast-hfb-above-header-display":"","ast-hfb-below-header-display":"","ast-hfb-mobile-header-display":"","site-post-title":"","ast-breadcrumbs-content":"","ast-featured-img":"","footer-sml-layout":"","ast-disable-related-posts":"","theme-transparent-header-meta":"default","adv-header-id-meta":"","stick-header-meta":"default","header-above-stick-meta":"","header-main-stick-meta":"","header-below-stick-meta":"","astra-migrate-meta-layouts":"set","ast-page-background-enabled":"default","ast-page-background-meta":{"desktop":{"background-color":"","background-image":"","background-repeat":"repeat","background-position":"center center","background-size":"auto","background-attachment":"scroll","background-type":"","background-media":"","overlay-type":"","overlay-color":"","overlay-opacity":"","overlay-gradient":""},"tablet":{"background-color":"","background-image":"","background-repeat":"repeat","background-position":"center center","background-size":"auto","background-attachment":"scroll","background-type":"","background-media":"","overlay-type":"","overlay-color":"","overlay-opacity":"","overlay-gradient":""},"mobile":{"background-color":"","background-image":"","background-repeat":"repeat","background-position":"center center","background-size":"auto","background-attachment":"scroll","background-type":"","background-media":"","overlay-type":"","overlay-color":"","overlay-opacity":"","overlay-gradient":""}},"ast-content-background-meta":{"desktop":{"background-color":"var(--ast-global-color-5)","background-image":"","background-repeat":"repeat","background-position":"center center","background-size":"auto","background-attachment":"scroll","background-type":"","background-media":"","overlay-type":"","overlay-color":"","overlay-opacity":"","overlay-gradient":""},"tablet":{"background-color":"var(--ast-global-color-5)","background-image":"","background-repeat":"repeat","background-position":"center center","background-size":"auto","background-attachment":"scroll","background-type":"","background-media":"","overlay-type":"","overlay-color":"","overlay-opacity":"","overlay-gradient":""},"mobile":{"background-color":"var(--ast-global-color-5)","background-image":"","background-repeat":"repeat","background-position":"center center","background-size":"auto","background-attachment":"scroll","background-type":"","background-media":"","overlay-type":"","overlay-color":"","overlay-opacity":"","overlay-gradient":""}}},"product_brand":[],"product_cat":[50],"product_tag":[37],"class_list":{"0":"post-3799","1":"product","2":"type-product","3":"status-publish","4":"has-post-thumbnail","6":"product_cat-shirataki-dried-rice","7":"product_tag-konjac-rice","8":"desktop-align-left","9":"tablet-align-left","10":"mobile-align-left","11":"ast-product-gallery-layout-horizontal-slider","12":"ast-product-tabs-layout-horizontal","14":"first","15":"instock","16":"shipping-taxable","17":"product-type-simple"},"_links":{"self":[{"href":"https:\/\/sentaiyuanbio.com\/de\/wp-json\/wp\/v2\/product\/3799","targetHints":{"allow":["GET"]}}],"collection":[{"href":"https:\/\/sentaiyuanbio.com\/de\/wp-json\/wp\/v2\/product"}],"about":[{"href":"https:\/\/sentaiyuanbio.com\/de\/wp-json\/wp\/v2\/types\/product"}],"version-history":[{"count":0,"href":"https:\/\/sentaiyuanbio.com\/de\/wp-json\/wp\/v2\/product\/3799\/revisions"}],"wp:featuredmedia":[{"embeddable":true,"href":"https:\/\/sentaiyuanbio.com\/de\/wp-json\/wp\/v2\/media\/4215"}],"wp:attachment":[{"href":"https:\/\/sentaiyuanbio.com\/de\/wp-json\/wp\/v2\/media?parent=3799"}],"wp:term":[{"taxonomy":"product_brand","embeddable":true,"href":"https:\/\/sentaiyuanbio.com\/de\/wp-json\/wp\/v2\/product_brand?post=3799"},{"taxonomy":"product_cat","embeddable":true,"href":"https:\/\/sentaiyuanbio.com\/de\/wp-json\/wp\/v2\/product_cat?post=3799"},{"taxonomy":"product_tag","embeddable":true,"href":"https:\/\/sentaiyuanbio.com\/de\/wp-json\/wp\/v2\/product_tag?post=3799"}],"curies":[{"name":"wp","href":"https:\/\/api.w.org\/{rel}","templated":true}]}}