{"id":4332,"date":"2025-02-27T07:28:49","date_gmt":"2025-02-27T07:28:49","guid":{"rendered":"https:\/\/sentaiyuanbio.com\/?post_type=product&#038;p=4332"},"modified":"2026-01-06T02:15:56","modified_gmt":"2026-01-06T02:15:56","slug":"shirataki-fettuccine-nudeln-original","status":"publish","type":"product","link":"https:\/\/sentaiyuanbio.com\/de\/produkt\/shirataki-fettuccine-nudeln-original\/","title":{"rendered":"Shirataki Fettuccine Nudeln Original, Konjak Trockennudeln"},"content":{"rendered":"<h2>Shirataki Fettuccine-Nudeln Original-Geschmack Beschreibung<\/h2>\n<p>Diese Shirataki-Fettuccine-Nudeln werden aus der beliebten Konjak-Pflanze hergestellt, die in Sichuan, China, beheimatet ist, und bringen einen reichhaltigen N\u00e4hrstoffgehalt auf Ihren Tisch. Der hohe Ballaststoffgehalt sorgt daf\u00fcr, dass Sie satt und zufrieden bleiben, so dass Sie die wahre Essenz der Pasta ohne Kalorienschuld genie\u00dfen k\u00f6nnen.<\/p>\n<p>Ob Sie auf einer <a href=\"https:\/\/www.webmd.com\/diet\/ss\/slideshow-ketogenic-diet\" target=\"_blank\" rel=\"noopener\">Keto-Di\u00e4t<\/a> oder einfach auf der Suche nach einer ges\u00fcnderen Alternative sind, ist dies Ihre Reise zu exquisitem, schuldfreiem Genuss.<\/p>\n<p>Unsere Shirataki-Nudeln sind ein k\u00f6stliches Elixier f\u00fcr glutenfreie Esser und haben den authentischen Geschmack und das Aroma traditioneller Nudeln ohne Gluten.<\/p>\n<table>\n<tbody>\n<tr>\n<td>Produktname<\/td>\n<td>Shirataki Fettuccine-Nudeln Original-Geschmack<\/td>\n<\/tr>\n<tr>\n<td>Hauptbestandteil<\/td>\n<td><a href=\"https:\/\/sentaiyuanbio.com\/de\/produkt\/konjak-pulver\/\" target=\"_blank\" rel=\"noopener\">Konjak-Pulver<\/a>, Tapiokapulver, Wasser<\/td>\n<\/tr>\n<tr>\n<td>Geschm\u00e4cker<\/td>\n<td>Original, Spinat, Seetang, Karotte, Haferflocken<\/td>\n<\/tr>\n<tr>\n<td>Merkmal<\/td>\n<td>Geruchsneutral, kalorienarm, kohlenhydratarm, glutenfrei, zuckerfrei, fettfrei, GMO-frei, ballaststoffreich<\/td>\n<\/tr>\n<tr>\n<td>Funktionen<\/td>\n<td>Vegetarische Ern\u00e4hrung, Gewichtsabnahme, S\u00e4ttigung erh\u00f6hen<\/td>\n<\/tr>\n<tr>\n<td>Ballaststoffe<\/td>\n<td>2,8g\/100g<\/td>\n<\/tr>\n<tr>\n<td>Gewicht<\/td>\n<td>0,08 kg<\/td>\n<\/tr>\n<tr>\n<td>Kochzeit<\/td>\n<td>10 Minuten<\/td>\n<\/tr>\n<tr>\n<td>Haltbarkeitsdauer<\/td>\n<td>24Monate<\/td>\n<\/tr>\n<\/tbody>\n<\/table>\n<p><img fetchpriority=\"high\" decoding=\"async\" class=\"alignleft wp-image-4342 size-full\" src=\"https:\/\/sentaiyuanbio.com\/wp-content\/uploads\/2025\/02\/Konjac-Dry-Noodles-Nutrition-Facts.webp\" alt=\"Konjac Trockennudeln N\u00e4hrwertangaben\" width=\"600\" height=\"600\" srcset=\"https:\/\/sentaiyuanbio.com\/wp-content\/uploads\/2025\/02\/Konjac-Dry-Noodles-Nutrition-Facts.webp 600w, https:\/\/sentaiyuanbio.com\/wp-content\/uploads\/2025\/02\/Konjac-Dry-Noodles-Nutrition-Facts-100x100.webp 100w, https:\/\/sentaiyuanbio.com\/wp-content\/uploads\/2025\/02\/Konjac-Dry-Noodles-Nutrition-Facts-300x300.webp 300w, https:\/\/sentaiyuanbio.com\/wp-content\/uploads\/2025\/02\/Konjac-Dry-Noodles-Nutrition-Facts-150x150.webp 150w\" sizes=\"(max-width: 600px) 100vw, 600px\" \/><img decoding=\"async\" class=\"alignleft wp-image-4341 size-full\" src=\"https:\/\/sentaiyuanbio.com\/wp-content\/uploads\/2025\/02\/Konjac-Dry-Noodles.webp\" alt=\"Konjac Trocken-Nudeln\" width=\"600\" height=\"600\" srcset=\"https:\/\/sentaiyuanbio.com\/wp-content\/uploads\/2025\/02\/Konjac-Dry-Noodles.webp 600w, https:\/\/sentaiyuanbio.com\/wp-content\/uploads\/2025\/02\/Konjac-Dry-Noodles-100x100.webp 100w, https:\/\/sentaiyuanbio.com\/wp-content\/uploads\/2025\/02\/Konjac-Dry-Noodles-300x300.webp 300w, https:\/\/sentaiyuanbio.com\/wp-content\/uploads\/2025\/02\/Konjac-Dry-Noodles-150x150.webp 150w\" sizes=\"(max-width: 600px) 100vw, 600px\" \/><\/p>\n<p>&nbsp;<\/p>","protected":false},"excerpt":{"rendered":"<p>Unsere Shirataki-Fettuccine-Nudeln mit Originalgeschmack sind kalorienarm, reich an Ballaststoffen, ballaststoffreich f\u00fcr eine bessere Verdauung, lange haltbar und haben eine einzigartige Textur und einen Geschmack, der Ihre Geschmacksknospen \u00fcberzeugt. Probieren Sie die gesunden, kalorienarmen und glutenfreien Konjak-Nudeln von Sentaiyuan!<\/p>","protected":false},"featured_media":4336,"template":"","meta":{"site-sidebar-layout":"default","site-content-layout":"","ast-site-content-layout":"default","site-content-style":"default","site-sidebar-style":"default","ast-global-header-display":"","ast-banner-title-visibility":"","ast-main-header-display":"","ast-hfb-above-header-display":"","ast-hfb-below-header-display":"","ast-hfb-mobile-header-display":"","site-post-title":"","ast-breadcrumbs-content":"","ast-featured-img":"","footer-sml-layout":"","ast-disable-related-posts":"","theme-transparent-header-meta":"default","adv-header-id-meta":"","stick-header-meta":"default","header-above-stick-meta":"","header-main-stick-meta":"","header-below-stick-meta":"","astra-migrate-meta-layouts":"set","ast-page-background-enabled":"default","ast-page-background-meta":{"desktop":{"background-color":"","background-image":"","background-repeat":"repeat","background-position":"center center","background-size":"auto","background-attachment":"scroll","background-type":"","background-media":"","overlay-type":"","overlay-color":"","overlay-opacity":"","overlay-gradient":""},"tablet":{"background-color":"","background-image":"","background-repeat":"repeat","background-position":"center center","background-size":"auto","background-attachment":"scroll","background-type":"","background-media":"","overlay-type":"","overlay-color":"","overlay-opacity":"","overlay-gradient":""},"mobile":{"background-color":"","background-image":"","background-repeat":"repeat","background-position":"center center","background-size":"auto","background-attachment":"scroll","background-type":"","background-media":"","overlay-type":"","overlay-color":"","overlay-opacity":"","overlay-gradient":""}},"ast-content-background-meta":{"desktop":{"background-color":"var(--ast-global-color-5)","background-image":"","background-repeat":"repeat","background-position":"center center","background-size":"auto","background-attachment":"scroll","background-type":"","background-media":"","overlay-type":"","overlay-color":"","overlay-opacity":"","overlay-gradient":""},"tablet":{"background-color":"var(--ast-global-color-5)","background-image":"","background-repeat":"repeat","background-position":"center center","background-size":"auto","background-attachment":"scroll","background-type":"","background-media":"","overlay-type":"","overlay-color":"","overlay-opacity":"","overlay-gradient":""},"mobile":{"background-color":"var(--ast-global-color-5)","background-image":"","background-repeat":"repeat","background-position":"center center","background-size":"auto","background-attachment":"scroll","background-type":"","background-media":"","overlay-type":"","overlay-color":"","overlay-opacity":"","overlay-gradient":""}}},"product_brand":[],"product_cat":[249],"product_tag":[32],"class_list":{"0":"post-4332","1":"product","2":"type-product","3":"status-publish","4":"has-post-thumbnail","6":"product_cat-dry-shirataki-noodles","7":"product_tag-konjac-pasta","8":"desktop-align-left","9":"tablet-align-left","10":"mobile-align-left","11":"ast-product-gallery-layout-horizontal-slider","12":"ast-product-tabs-layout-horizontal","14":"first","15":"instock","16":"shipping-taxable","17":"product-type-simple"},"_links":{"self":[{"href":"https:\/\/sentaiyuanbio.com\/de\/wp-json\/wp\/v2\/product\/4332","targetHints":{"allow":["GET"]}}],"collection":[{"href":"https:\/\/sentaiyuanbio.com\/de\/wp-json\/wp\/v2\/product"}],"about":[{"href":"https:\/\/sentaiyuanbio.com\/de\/wp-json\/wp\/v2\/types\/product"}],"version-history":[{"count":0,"href":"https:\/\/sentaiyuanbio.com\/de\/wp-json\/wp\/v2\/product\/4332\/revisions"}],"wp:featuredmedia":[{"embeddable":true,"href":"https:\/\/sentaiyuanbio.com\/de\/wp-json\/wp\/v2\/media\/4336"}],"wp:attachment":[{"href":"https:\/\/sentaiyuanbio.com\/de\/wp-json\/wp\/v2\/media?parent=4332"}],"wp:term":[{"taxonomy":"product_brand","embeddable":true,"href":"https:\/\/sentaiyuanbio.com\/de\/wp-json\/wp\/v2\/product_brand?post=4332"},{"taxonomy":"product_cat","embeddable":true,"href":"https:\/\/sentaiyuanbio.com\/de\/wp-json\/wp\/v2\/product_cat?post=4332"},{"taxonomy":"product_tag","embeddable":true,"href":"https:\/\/sentaiyuanbio.com\/de\/wp-json\/wp\/v2\/product_tag?post=4332"}],"curies":[{"name":"wp","href":"https:\/\/api.w.org\/{rel}","templated":true}]}}