{"id":4343,"date":"2025-02-27T08:00:42","date_gmt":"2025-02-27T08:00:42","guid":{"rendered":"https:\/\/sentaiyuanbio.com\/?post_type=product&#038;p=4343"},"modified":"2026-01-06T02:25:20","modified_gmt":"2026-01-06T02:25:20","slug":"shirataki-spaghetti-nudeln-trocken","status":"publish","type":"product","link":"https:\/\/sentaiyuanbio.com\/de\/produkt\/shirataki-spaghetti-nudeln-trocken\/","title":{"rendered":"Shirataki Spaghetti-Nudeln, Trockene Shirataki-Nudeln"},"content":{"rendered":"<h2>Trockene Shirataki-Spaghetti-Nudeln Beschreibung<\/h2>\n<p>Trockene Shirataki-Spaghetti-Nudeln, manchmal\u00a0<span style=\"box-sizing: border-box;\">genannt.\u00a0<a href=\"https:\/\/sentaiyuanbio.com\/de\/product-category\/konjak-nudeln\/\" target=\"_blank\" rel=\"noopener\">Konjaknudeln<\/a>, sind<\/span>\u00a0eine Art Nudelersatz, der aus der Konjak-Pflanze hergestellt wird und wenig Kalorien und Kohlenhydrate enth\u00e4lt. Hier sind einige seiner Vorteile:<\/p>\n<ul>\n<li>Kalorienarm<\/li>\n<li>Wenig Kohlenhydrate<\/li>\n<li>Reich an Ballaststoffen<\/li>\n<li>Glutenfrei<\/li>\n<li>Vielseitig und anpassungsf\u00e4hig<\/li>\n<li>Gewichtskontrolle<\/li>\n<li>Leicht zu kochen<\/li>\n<\/ul>\n<p>Jede 100-g-Portion enth\u00e4lt 2,8 g Ballaststoffe, nur 25 kcal Energie und kein Fett. Das macht es perfekt f\u00fcr alle, die abnehmen wollen, sich vegetarisch ern\u00e4hren oder ihr S\u00e4ttigungsgef\u00fchl verbessern wollen.<\/p>\n<table>\n<tbody>\n<tr>\n<td>Produktname<\/td>\n<td>Trockene Shirataki-Spaghetti-Nudeln Original-Geschmack<\/td>\n<\/tr>\n<tr>\n<td>Hauptbestandteil<\/td>\n<td>Konjakpulver, Tapiokapulver, Wasser<\/td>\n<\/tr>\n<tr>\n<td>Geschm\u00e4cker<\/td>\n<td>Original, Spinat, Seetang, Karotte, Haferflocken<\/td>\n<\/tr>\n<tr>\n<td>Merkmal<\/td>\n<td>Geruchsneutral, kalorienarm, kohlenhydratarm, glutenfrei, zuckerfrei, fettfrei, GMO-frei, ballaststoffreich<\/td>\n<\/tr>\n<tr>\n<td>Funktionen<\/td>\n<td>Vegetarische Ern\u00e4hrung, Gewichtsabnahme, S\u00e4ttigung erh\u00f6hen<\/td>\n<\/tr>\n<tr>\n<td>Ballaststoffe<\/td>\n<td>2,8g\/100g<\/td>\n<\/tr>\n<tr>\n<td>Kalorien<\/td>\n<td>25Kcal\/100g<\/td>\n<\/tr>\n<tr>\n<td>Fettgehalt<\/td>\n<td>0<\/td>\n<\/tr>\n<tr>\n<td>Gewicht<\/td>\n<td>80g<\/td>\n<\/tr>\n<tr>\n<td>Kochzeit<\/td>\n<td>10 Minuten<\/td>\n<\/tr>\n<tr>\n<td>Haltbarkeitsdauer<\/td>\n<td>24 Monate<\/td>\n<\/tr>\n<\/tbody>\n<\/table>\n<p><img fetchpriority=\"high\" decoding=\"async\" class=\"alignnone wp-image-4352 size-full\" src=\"https:\/\/sentaiyuanbio.com\/wp-content\/uploads\/2025\/02\/Dry-Konjac-Spaghetti-Noodles.webp\" alt=\"Trockene Konjac-Spaghetti-Nudeln\" width=\"600\" height=\"600\" srcset=\"https:\/\/sentaiyuanbio.com\/wp-content\/uploads\/2025\/02\/Dry-Konjac-Spaghetti-Noodles.webp 600w, https:\/\/sentaiyuanbio.com\/wp-content\/uploads\/2025\/02\/Dry-Konjac-Spaghetti-Noodles-100x100.webp 100w, https:\/\/sentaiyuanbio.com\/wp-content\/uploads\/2025\/02\/Dry-Konjac-Spaghetti-Noodles-300x300.webp 300w, https:\/\/sentaiyuanbio.com\/wp-content\/uploads\/2025\/02\/Dry-Konjac-Spaghetti-Noodles-150x150.webp 150w\" sizes=\"(max-width: 600px) 100vw, 600px\" \/><\/p>","protected":false},"excerpt":{"rendered":"<p>Unsere trockenen Shirataki-Spaghetti-Nudeln werden aus den besten Zutaten hergestellt und sind in einer Vielzahl von Geschmacksrichtungen erh\u00e4ltlich, darunter Original, Spinat, Algen, Karotte und Hafer, und k\u00f6nnen ganz nach Ihrem Geschmack angepasst werden. Unsere Konjak-Spaghetti sind au\u00dferdem 100% vegan, glutenfrei und enthalten keine k\u00fcnstlichen Farb- oder Konservierungsstoffe. In nur 10 Minuten gekocht und schon kann's losgehen!<\/p>","protected":false},"featured_media":4351,"template":"","meta":{"site-sidebar-layout":"default","site-content-layout":"","ast-site-content-layout":"default","site-content-style":"default","site-sidebar-style":"default","ast-global-header-display":"","ast-banner-title-visibility":"","ast-main-header-display":"","ast-hfb-above-header-display":"","ast-hfb-below-header-display":"","ast-hfb-mobile-header-display":"","site-post-title":"","ast-breadcrumbs-content":"","ast-featured-img":"","footer-sml-layout":"","ast-disable-related-posts":"","theme-transparent-header-meta":"default","adv-header-id-meta":"","stick-header-meta":"default","header-above-stick-meta":"","header-main-stick-meta":"","header-below-stick-meta":"","astra-migrate-meta-layouts":"set","ast-page-background-enabled":"default","ast-page-background-meta":{"desktop":{"background-color":"","background-image":"","background-repeat":"repeat","background-position":"center center","background-size":"auto","background-attachment":"scroll","background-type":"","background-media":"","overlay-type":"","overlay-color":"","overlay-opacity":"","overlay-gradient":""},"tablet":{"background-color":"","background-image":"","background-repeat":"repeat","background-position":"center center","background-size":"auto","background-attachment":"scroll","background-type":"","background-media":"","overlay-type":"","overlay-color":"","overlay-opacity":"","overlay-gradient":""},"mobile":{"background-color":"","background-image":"","background-repeat":"repeat","background-position":"center center","background-size":"auto","background-attachment":"scroll","background-type":"","background-media":"","overlay-type":"","overlay-color":"","overlay-opacity":"","overlay-gradient":""}},"ast-content-background-meta":{"desktop":{"background-color":"var(--ast-global-color-5)","background-image":"","background-repeat":"repeat","background-position":"center center","background-size":"auto","background-attachment":"scroll","background-type":"","background-media":"","overlay-type":"","overlay-color":"","overlay-opacity":"","overlay-gradient":""},"tablet":{"background-color":"var(--ast-global-color-5)","background-image":"","background-repeat":"repeat","background-position":"center center","background-size":"auto","background-attachment":"scroll","background-type":"","background-media":"","overlay-type":"","overlay-color":"","overlay-opacity":"","overlay-gradient":""},"mobile":{"background-color":"var(--ast-global-color-5)","background-image":"","background-repeat":"repeat","background-position":"center center","background-size":"auto","background-attachment":"scroll","background-type":"","background-media":"","overlay-type":"","overlay-color":"","overlay-opacity":"","overlay-gradient":""}}},"product_brand":[],"product_cat":[249],"product_tag":[29],"class_list":{"0":"post-4343","1":"product","2":"type-product","3":"status-publish","4":"has-post-thumbnail","6":"product_cat-dry-shirataki-noodles","7":"product_tag-konjac-spaghetti","8":"desktop-align-left","9":"tablet-align-left","10":"mobile-align-left","11":"ast-product-gallery-layout-horizontal-slider","12":"ast-product-tabs-layout-horizontal","14":"first","15":"instock","16":"shipping-taxable","17":"product-type-simple"},"_links":{"self":[{"href":"https:\/\/sentaiyuanbio.com\/de\/wp-json\/wp\/v2\/product\/4343","targetHints":{"allow":["GET"]}}],"collection":[{"href":"https:\/\/sentaiyuanbio.com\/de\/wp-json\/wp\/v2\/product"}],"about":[{"href":"https:\/\/sentaiyuanbio.com\/de\/wp-json\/wp\/v2\/types\/product"}],"version-history":[{"count":0,"href":"https:\/\/sentaiyuanbio.com\/de\/wp-json\/wp\/v2\/product\/4343\/revisions"}],"wp:featuredmedia":[{"embeddable":true,"href":"https:\/\/sentaiyuanbio.com\/de\/wp-json\/wp\/v2\/media\/4351"}],"wp:attachment":[{"href":"https:\/\/sentaiyuanbio.com\/de\/wp-json\/wp\/v2\/media?parent=4343"}],"wp:term":[{"taxonomy":"product_brand","embeddable":true,"href":"https:\/\/sentaiyuanbio.com\/de\/wp-json\/wp\/v2\/product_brand?post=4343"},{"taxonomy":"product_cat","embeddable":true,"href":"https:\/\/sentaiyuanbio.com\/de\/wp-json\/wp\/v2\/product_cat?post=4343"},{"taxonomy":"product_tag","embeddable":true,"href":"https:\/\/sentaiyuanbio.com\/de\/wp-json\/wp\/v2\/product_tag?post=4343"}],"curies":[{"name":"wp","href":"https:\/\/api.w.org\/{rel}","templated":true}]}}