{"id":4353,"date":"2025-02-27T09:24:51","date_gmt":"2025-02-27T09:24:51","guid":{"rendered":"https:\/\/sentaiyuanbio.com\/?post_type=product&#038;p=4353"},"modified":"2026-01-06T02:28:38","modified_gmt":"2026-01-06T02:28:38","slug":"konjak-meeresalgennudeln-trocken","status":"publish","type":"product","link":"https:\/\/sentaiyuanbio.com\/de\/produkt\/konjak-meeresalgennudeln-trocken\/","title":{"rendered":"Konjak-Seetang-Nudeln, trockene Shirataki-Seetang-Nudeln"},"content":{"rendered":"<h2>Trockene Konjak-Seetang-Nudeln Beschreibung<\/h2>\n<p>Die Konjak-Algennudeln sind sehr kalorienarm, was sie zu einer beliebten Wahl f\u00fcr Menschen macht, die ihre Kalorienzufuhr einschr\u00e4nken wollen. Eine Portion getrockneter Shirataki-Algennudeln ist sehr kalorienarm im Vergleich zu herk\u00f6mmlichen Weizennudeln, die viel mehr Kalorien haben.<\/p>\n<p>Da er nur sehr wenige Kohlenhydrate enth\u00e4lt, kann er auch von Menschen verzehrt werden, die eine kohlenhydratarme oder ketogene Di\u00e4t einhalten.<\/p>\n<p>Da sie reich an nahrhaften Ballaststoffen sind, k\u00f6nnen sie eine bessere Verdauung und S\u00e4ttigung f\u00f6rdern. Auch die Regelm\u00e4\u00dfigkeit des Stuhlgangs und die verbesserte Darmgesundheit sind auf den hohen Ballaststoffgehalt der Konjak-Nudeln zur\u00fcckzuf\u00fchren.<\/p>\n<p>Da sie glutenfrei ist, kann sie auch von Menschen genossen werden, die empfindlich auf Gluten reagieren oder eine glutenfreie Di\u00e4t einhalten m\u00fcssen. Es ist eine pasta\u00e4hnliche Alternative f\u00fcr alle, die Gluten nicht meiden k\u00f6nnen, aber dennoch Nudelgerichte genie\u00dfen m\u00f6chten.<\/p>\n<p>Aufgrund seiner geringen <a href=\"https:\/\/www.diabetes.ca\/DiabetesCanadaWebsite\/media\/Managing-My-Diabetes\/Tools%20and%20Resources\/glycemic-index-food-guide.pdf?ext=.pdf\" target=\"_blank\" rel=\"noopener\">glyk\u00e4mischer Index<\/a>, Der Verzehr f\u00fchrt also nicht zu einem starken Anstieg des Blutzuckerspiegels. Dies kann f\u00fcr Menschen hilfreich sein, die an Diabetes leiden oder versuchen, ihren Blutzuckerspiegel auszugleichen.<\/p>\n<p>Aufgrund seines geringen Kalorien- und hohen Ballaststoffgehalts ist es eine gute Wahl zur Gewichtskontrolle. Es kann eine s\u00e4ttigende, herzhafte Mahlzeit sein, die dazu beitr\u00e4gt, die Gesamtkalorienzufuhr zu reduzieren, und so bei der Gewichtsabnahme und der Portionskontrolle hilft.<\/p>\n<table style=\"font-size: 16px; font-style: normal;\">\n<tbody>\n<tr>\n<td>Produktname<\/td>\n<td>Trockene Konjak-Seetang-Nudeln, Trockene Shirataki-Seetang-Nudeln<\/td>\n<\/tr>\n<tr>\n<td>Hauptbestandteil<\/td>\n<td><a href=\"https:\/\/sentaiyuanbio.com\/de\/produkt\/konjak-pulver\/\" target=\"_blank\" rel=\"noopener\">Konjak-Pulver<\/a>, Tapiokapulver, Wasser<\/td>\n<\/tr>\n<tr>\n<td>Geschm\u00e4cker<\/td>\n<td>Original, Spinat, Seetang, Karotte, Haferflocken<\/td>\n<\/tr>\n<tr>\n<td>Merkmal<\/td>\n<td>Geruchsneutral, kalorienarm, kohlenhydratarm, glutenfrei, zuckerfrei, fettfrei, GMO-frei, ballaststoffreich<\/td>\n<\/tr>\n<tr>\n<td>Funktionen<\/td>\n<td>Vegetarische Ern\u00e4hrung, Gewichtsabnahme, S\u00e4ttigung erh\u00f6hen<\/td>\n<\/tr>\n<tr>\n<td>Ballaststoffe<\/td>\n<td>2,8g\/100g<\/td>\n<\/tr>\n<tr>\n<td>Kalorien<\/td>\n<td>25Kcal\/100g<\/td>\n<\/tr>\n<tr>\n<td>Fettgehalt<\/td>\n<td>0<\/td>\n<\/tr>\n<tr>\n<td>Gewicht<\/td>\n<td>80g<\/td>\n<\/tr>\n<tr>\n<td>Kochzeit<\/td>\n<td>10 Minuten<\/td>\n<\/tr>\n<tr>\n<td>Haltbarkeitsdauer<\/td>\n<td>24 Monate<\/td>\n<\/tr>\n<\/tbody>\n<\/table>\n<h2>Leicht zu kochen<\/h2>\n<p>Getrocknete Konjaknudeln aus Meeresalgen lassen sich schnell und einfach zubereiten, so dass Sie im Handumdrehen eine gesunde und k\u00f6stliche Mahlzeit erhalten.<br \/>\nGesp\u00fclte Spaghetti in einen Topf mit kochendem Wasser geben und 10 Minuten kochen, dann abgie\u00dfen.<br \/>\nKombinieren Sie die Nudeln mit Ihrer Lieblingsso\u00dfe, dem Gem\u00fcse, den Proteinen und den Gew\u00fcrzen und r\u00fchren Sie gut um, damit sie sich gleichm\u00e4\u00dfig verteilen.<\/p>\n<style>.embed-container { position: relative; padding-bottom: 56.25%; height: 0; overflow: hidden; max-width: 100%; } .embed-container iframe, .embed-container object, .embed-container embed { position: absolute; top: 0; left: 0; width: 100%; height: 100%; }<\/style>\n<div class=\"embed-container\"><iframe src=\"https:\/\/www.youtube.com\/embed\/zuGhC6Jdsv4\" frameborder=\"0\" allowfullscreen=\"allowfullscreen\"><\/iframe><\/div>","protected":false},"excerpt":{"rendered":"<p>Trockene Konjak-Algennudeln sind nicht nur glutenfrei und halal-konform, sondern auch nahrhaft und eine gute Wahl f\u00fcr alle, die sich gesund ern\u00e4hren wollen.<br \/>\nSie k\u00f6nnen unsere Nudeln in gro\u00dfen Mengen kaufen und sie Ihren Kunden zu g\u00fcnstigen Preisen anbieten.<\/p>","protected":false},"featured_media":4361,"template":"","meta":{"site-sidebar-layout":"default","site-content-layout":"","ast-site-content-layout":"default","site-content-style":"default","site-sidebar-style":"default","ast-global-header-display":"","ast-banner-title-visibility":"","ast-main-header-display":"","ast-hfb-above-header-display":"","ast-hfb-below-header-display":"","ast-hfb-mobile-header-display":"","site-post-title":"","ast-breadcrumbs-content":"","ast-featured-img":"","footer-sml-layout":"","ast-disable-related-posts":"","theme-transparent-header-meta":"default","adv-header-id-meta":"","stick-header-meta":"default","header-above-stick-meta":"","header-main-stick-meta":"","header-below-stick-meta":"","astra-migrate-meta-layouts":"set","ast-page-background-enabled":"default","ast-page-background-meta":{"desktop":{"background-color":"","background-image":"","background-repeat":"repeat","background-position":"center center","background-size":"auto","background-attachment":"scroll","background-type":"","background-media":"","overlay-type":"","overlay-color":"","overlay-opacity":"","overlay-gradient":""},"tablet":{"background-color":"","background-image":"","background-repeat":"repeat","background-position":"center center","background-size":"auto","background-attachment":"scroll","background-type":"","background-media":"","overlay-type":"","overlay-color":"","overlay-opacity":"","overlay-gradient":""},"mobile":{"background-color":"","background-image":"","background-repeat":"repeat","background-position":"center center","background-size":"auto","background-attachment":"scroll","background-type":"","background-media":"","overlay-type":"","overlay-color":"","overlay-opacity":"","overlay-gradient":""}},"ast-content-background-meta":{"desktop":{"background-color":"var(--ast-global-color-5)","background-image":"","background-repeat":"repeat","background-position":"center center","background-size":"auto","background-attachment":"scroll","background-type":"","background-media":"","overlay-type":"","overlay-color":"","overlay-opacity":"","overlay-gradient":""},"tablet":{"background-color":"var(--ast-global-color-5)","background-image":"","background-repeat":"repeat","background-position":"center center","background-size":"auto","background-attachment":"scroll","background-type":"","background-media":"","overlay-type":"","overlay-color":"","overlay-opacity":"","overlay-gradient":""},"mobile":{"background-color":"var(--ast-global-color-5)","background-image":"","background-repeat":"repeat","background-position":"center center","background-size":"auto","background-attachment":"scroll","background-type":"","background-media":"","overlay-type":"","overlay-color":"","overlay-opacity":"","overlay-gradient":""}}},"product_brand":[],"product_cat":[249],"product_tag":[29],"class_list":{"0":"post-4353","1":"product","2":"type-product","3":"status-publish","4":"has-post-thumbnail","6":"product_cat-dry-shirataki-noodles","7":"product_tag-konjac-spaghetti","8":"desktop-align-left","9":"tablet-align-left","10":"mobile-align-left","11":"ast-product-gallery-layout-horizontal-slider","12":"ast-product-tabs-layout-horizontal","14":"first","15":"instock","16":"shipping-taxable","17":"product-type-simple"},"_links":{"self":[{"href":"https:\/\/sentaiyuanbio.com\/de\/wp-json\/wp\/v2\/product\/4353","targetHints":{"allow":["GET"]}}],"collection":[{"href":"https:\/\/sentaiyuanbio.com\/de\/wp-json\/wp\/v2\/product"}],"about":[{"href":"https:\/\/sentaiyuanbio.com\/de\/wp-json\/wp\/v2\/types\/product"}],"version-history":[{"count":0,"href":"https:\/\/sentaiyuanbio.com\/de\/wp-json\/wp\/v2\/product\/4353\/revisions"}],"wp:featuredmedia":[{"embeddable":true,"href":"https:\/\/sentaiyuanbio.com\/de\/wp-json\/wp\/v2\/media\/4361"}],"wp:attachment":[{"href":"https:\/\/sentaiyuanbio.com\/de\/wp-json\/wp\/v2\/media?parent=4353"}],"wp:term":[{"taxonomy":"product_brand","embeddable":true,"href":"https:\/\/sentaiyuanbio.com\/de\/wp-json\/wp\/v2\/product_brand?post=4353"},{"taxonomy":"product_cat","embeddable":true,"href":"https:\/\/sentaiyuanbio.com\/de\/wp-json\/wp\/v2\/product_cat?post=4353"},{"taxonomy":"product_tag","embeddable":true,"href":"https:\/\/sentaiyuanbio.com\/de\/wp-json\/wp\/v2\/product_tag?post=4353"}],"curies":[{"name":"wp","href":"https:\/\/api.w.org\/{rel}","templated":true}]}}