{"id":4364,"date":"2025-02-28T02:39:09","date_gmt":"2025-02-28T02:39:09","guid":{"rendered":"https:\/\/sentaiyuanbio.com\/?post_type=product&#038;p=4364"},"modified":"2026-01-06T02:15:35","modified_gmt":"2026-01-06T02:15:35","slug":"hafer-konjak-nudeln-fettuccine","status":"publish","type":"product","link":"https:\/\/sentaiyuanbio.com\/de\/produkt\/hafer-konjak-nudeln-fettuccine\/","title":{"rendered":"Hafer Konjak Nudeln Fettuccine, Konjak Nudeln mit Haferfaser"},"content":{"rendered":"<h2>Hafer Konjak Nudeln Fettuccine Beschreibung<\/h2>\n<p>Konjak-Nudeln sind auch als Shirataki-Nudeln bekannt. Konjak-Nudeln sind durchsichtig und geleeartig, ohne erkennbaren Geschmack, nehmen aber den Hauptgeschmack der Suppe oder des Gerichts auf, zu dem sie hinzugef\u00fcgt werden.<br \/>\nHafer Konjak Nudeln Fettuccine sind aus nat\u00fcrlichen l\u00f6slichen Ballaststoffen hergestellt - <a href=\"https:\/\/sentaiyuanbio.com\/de\/produkt\/hersteller-von-konjakkautschuk\/\" target=\"_blank\" rel=\"noopener\">Glucomannan<\/a> und Wasser und sind ein nat\u00fcrliches Lebensmittel mit extrem niedrigem Kohlenhydrat- und Glyk\u00e4miegehalt.<br \/>\nGlucomannan hat die h\u00f6chste Viskosit\u00e4t <a href=\"https:\/\/www.mayoclinic.org\/healthy-lifestyle\/nutrition-and-healthy-eating\/in-depth\/fiber\/art-20043983\" target=\"_blank\" rel=\"noopener\">l\u00f6sliche Ballaststoffe<\/a> in der Natur.<br \/>\nNeben den Nudelformen gibt es auch verschiedene Formen von Konjak-Nudeln, wie Fadennudeln und R\u00f6hrennudeln.<br \/>\nGetrocknete Hafer-Konjak-Nudeln Fettuccine k\u00f6nnen bei Raumtemperatur zwei Jahre lang gelagert werden, nicht im K\u00fchlschrank aufbewahren.<\/p>\n<table>\n<tbody>\n<tr>\n<td>Produktname<\/td>\n<td>Hafer Konjak Nudeln Fettuccine, Konjak Nudeln mit Haferfaser<\/td>\n<\/tr>\n<tr>\n<td>Hauptbestandteil<\/td>\n<td>Konjakpulver, Tapiokapulver, Wasser<\/td>\n<\/tr>\n<tr>\n<td>Geschm\u00e4cker<\/td>\n<td>Original, Spinat, Seetang, Karotte, Haferflocken<\/td>\n<\/tr>\n<tr>\n<td>Merkmal<\/td>\n<td>Geruchsneutral, kalorienarm, kohlenhydratarm, glutenfrei, zuckerfrei, fettfrei, GMO-frei, ballaststoffreich<\/td>\n<\/tr>\n<tr>\n<td>Funktionen<\/td>\n<td>Vegetarische Ern\u00e4hrung, Gewichtsabnahme, S\u00e4ttigung erh\u00f6hen<\/td>\n<\/tr>\n<tr>\n<td>Ballaststoffe<\/td>\n<td>2,8g\/100g<\/td>\n<\/tr>\n<tr>\n<td>Kalorien<\/td>\n<td>25Kcal\/100g<\/td>\n<\/tr>\n<tr>\n<td>Fettgehalt<\/td>\n<td>0<\/td>\n<\/tr>\n<tr>\n<td>Gewicht<\/td>\n<td>80g<\/td>\n<\/tr>\n<tr>\n<td>Kochzeit<\/td>\n<td>10 Minuten<\/td>\n<\/tr>\n<tr>\n<td>Haltbarkeitsdauer<\/td>\n<td>24 Monate<\/td>\n<\/tr>\n<\/tbody>\n<\/table>\n<h2>Trockene Hafer Konjak-Nudeln Charakteristisch<\/h2>\n<p>Hier sind einige Vorteile davon:<\/p>\n<ul>\n<li>Kalorienarm<\/li>\n<li>Wenig Kohlenhydrate<\/li>\n<li>Reich an Ballaststoffen<\/li>\n<li>Glutenfrei<\/li>\n<li>Blutzuckermanagement<\/li>\n<li>Vielseitig und anpassungsf\u00e4hig<\/li>\n<li>Gewichtskontrolle<\/li>\n<li>Leicht zu kochen<\/li>\n<\/ul>\n<h2>Wie man kocht<\/h2>\n<style>.embed-container { position: relative; padding-bottom: 56.25%; height: 0; overflow: hidden; max-width: 100%; } .embed-container iframe, .embed-container object, .embed-container embed { position: absolute; top: 0; left: 0; width: 100%; height: 100%; }<\/style>\n<div class=\"embed-container\"><iframe src=\"https:\/\/www.youtube.com\/embed\/KCbiRjui6ac\" frameborder=\"0\" allowfullscreen=\"allowfullscreen\"><\/iframe><\/div>","protected":false},"excerpt":{"rendered":"<p>Sentaiyuan Sugar Free gesunde trockene Hafer-Konjak-Nudeln Fettuccine sind perfekt f\u00fcr alle, die eine kalorienarme, kohlenhydratarme und glutenfreie Alternative zu herk\u00f6mmlichen Nudeln suchen. Hergestellt aus der Wurzel der Konjak-Pflanze, sind diese Nudeln nicht nur lecker, sondern auch unglaublich gesund.<\/p>","protected":false},"featured_media":4368,"template":"","meta":{"site-sidebar-layout":"default","site-content-layout":"","ast-site-content-layout":"default","site-content-style":"default","site-sidebar-style":"default","ast-global-header-display":"","ast-banner-title-visibility":"","ast-main-header-display":"","ast-hfb-above-header-display":"","ast-hfb-below-header-display":"","ast-hfb-mobile-header-display":"","site-post-title":"","ast-breadcrumbs-content":"","ast-featured-img":"","footer-sml-layout":"","ast-disable-related-posts":"","theme-transparent-header-meta":"default","adv-header-id-meta":"","stick-header-meta":"default","header-above-stick-meta":"","header-main-stick-meta":"","header-below-stick-meta":"","astra-migrate-meta-layouts":"set","ast-page-background-enabled":"default","ast-page-background-meta":{"desktop":{"background-color":"","background-image":"","background-repeat":"repeat","background-position":"center center","background-size":"auto","background-attachment":"scroll","background-type":"","background-media":"","overlay-type":"","overlay-color":"","overlay-opacity":"","overlay-gradient":""},"tablet":{"background-color":"","background-image":"","background-repeat":"repeat","background-position":"center center","background-size":"auto","background-attachment":"scroll","background-type":"","background-media":"","overlay-type":"","overlay-color":"","overlay-opacity":"","overlay-gradient":""},"mobile":{"background-color":"","background-image":"","background-repeat":"repeat","background-position":"center center","background-size":"auto","background-attachment":"scroll","background-type":"","background-media":"","overlay-type":"","overlay-color":"","overlay-opacity":"","overlay-gradient":""}},"ast-content-background-meta":{"desktop":{"background-color":"var(--ast-global-color-5)","background-image":"","background-repeat":"repeat","background-position":"center center","background-size":"auto","background-attachment":"scroll","background-type":"","background-media":"","overlay-type":"","overlay-color":"","overlay-opacity":"","overlay-gradient":""},"tablet":{"background-color":"var(--ast-global-color-5)","background-image":"","background-repeat":"repeat","background-position":"center center","background-size":"auto","background-attachment":"scroll","background-type":"","background-media":"","overlay-type":"","overlay-color":"","overlay-opacity":"","overlay-gradient":""},"mobile":{"background-color":"var(--ast-global-color-5)","background-image":"","background-repeat":"repeat","background-position":"center center","background-size":"auto","background-attachment":"scroll","background-type":"","background-media":"","overlay-type":"","overlay-color":"","overlay-opacity":"","overlay-gradient":""}}},"product_brand":[],"product_cat":[249],"product_tag":[32],"class_list":{"0":"post-4364","1":"product","2":"type-product","3":"status-publish","4":"has-post-thumbnail","6":"product_cat-dry-shirataki-noodles","7":"product_tag-konjac-pasta","8":"desktop-align-left","9":"tablet-align-left","10":"mobile-align-left","11":"ast-product-gallery-layout-horizontal-slider","12":"ast-product-tabs-layout-horizontal","14":"first","15":"instock","16":"shipping-taxable","17":"product-type-simple"},"_links":{"self":[{"href":"https:\/\/sentaiyuanbio.com\/de\/wp-json\/wp\/v2\/product\/4364","targetHints":{"allow":["GET"]}}],"collection":[{"href":"https:\/\/sentaiyuanbio.com\/de\/wp-json\/wp\/v2\/product"}],"about":[{"href":"https:\/\/sentaiyuanbio.com\/de\/wp-json\/wp\/v2\/types\/product"}],"version-history":[{"count":0,"href":"https:\/\/sentaiyuanbio.com\/de\/wp-json\/wp\/v2\/product\/4364\/revisions"}],"wp:featuredmedia":[{"embeddable":true,"href":"https:\/\/sentaiyuanbio.com\/de\/wp-json\/wp\/v2\/media\/4368"}],"wp:attachment":[{"href":"https:\/\/sentaiyuanbio.com\/de\/wp-json\/wp\/v2\/media?parent=4364"}],"wp:term":[{"taxonomy":"product_brand","embeddable":true,"href":"https:\/\/sentaiyuanbio.com\/de\/wp-json\/wp\/v2\/product_brand?post=4364"},{"taxonomy":"product_cat","embeddable":true,"href":"https:\/\/sentaiyuanbio.com\/de\/wp-json\/wp\/v2\/product_cat?post=4364"},{"taxonomy":"product_tag","embeddable":true,"href":"https:\/\/sentaiyuanbio.com\/de\/wp-json\/wp\/v2\/product_tag?post=4364"}],"curies":[{"name":"wp","href":"https:\/\/api.w.org\/{rel}","templated":true}]}}