{"id":4383,"date":"2025-02-28T05:56:16","date_gmt":"2025-02-28T05:56:16","guid":{"rendered":"https:\/\/sentaiyuanbio.com\/?post_type=product&#038;p=4383"},"modified":"2025-02-28T08:28:31","modified_gmt":"2025-02-28T08:28:31","slug":"trockene-konjac-nudeln-spaghetti","status":"publish","type":"product","link":"https:\/\/sentaiyuanbio.com\/de\/produkt\/trockene-konjac-nudeln-spaghetti\/","title":{"rendered":"Getrocknete Konjak-Nudeln Bulk, Trockene Shirataki-Nudeln Karottengeschmack"},"content":{"rendered":"<h2>Trockene Konjak-Nudeln Spaghetti Karotten-Geschmack Beschreibung<\/h2>\n<p>Trockene Konjaknudeln Spaghetti werden aus Wasser und der pulverisierten Wurzel der Konjakpflanze hergestellt. Dieser Rohstoff zeichnet sich durch einen geringen Gehalt an Kohlenhydraten, Fetten und Proteinen und einen hohen Gehalt an wertvollen Pflanzenfasern, den sogenannten <a href=\"https:\/\/sentaiyuanbio.com\/de\/produkt\/hersteller-von-konjakkautschuk\/\" target=\"_blank\" rel=\"noopener\">Glucomannan<\/a>. Diese Nudeln enthalten keine Allergene oder Konservierungsstoffe.<br \/>\nDurch die Zugabe von Karottenpulver erhalten die Nudeln einen feinen s\u00fc\u00dfen Geschmack und eine attraktive gelbe Farbe. Unsere Konjak-Nudeln nehmen den Geschmack von Gew\u00fcrzen perfekt auf, sodass sie eine Vielzahl von Zutaten erg\u00e4nzen.<\/p>\n<table>\n<tbody>\n<tr>\n<td>Produktname<\/td>\n<td>Trockene Konjak-Nudeln Spaghetti Karotten-Geschmack, Shirataki-Spaghetti<\/td>\n<\/tr>\n<tr>\n<td>Hauptbestandteil<\/td>\n<td>Konjakpulver, Tapiokapulver, Wasser<\/td>\n<\/tr>\n<tr>\n<td>Geschm\u00e4cker<\/td>\n<td>Original, Spinat, Seetang, Karotte, Haferflocken<\/td>\n<\/tr>\n<tr>\n<td>Merkmal<\/td>\n<td>Geruchsneutral, kalorienarm, kohlenhydratarm, glutenfrei, zuckerfrei, fettfrei, GMO-frei, ballaststoffreich<\/td>\n<\/tr>\n<tr>\n<td>Funktionen<\/td>\n<td>Vegetarische Ern\u00e4hrung, Gewichtsabnahme, S\u00e4ttigung erh\u00f6hen<\/td>\n<\/tr>\n<tr>\n<td>Ballaststoffe<\/td>\n<td>2,8g\/100g<\/td>\n<\/tr>\n<tr>\n<td>Kalorien<\/td>\n<td>25Kcal\/100g<\/td>\n<\/tr>\n<tr>\n<td>Fettgehalt<\/td>\n<td>0<\/td>\n<\/tr>\n<tr>\n<td>Gewicht<\/td>\n<td>80g<\/td>\n<\/tr>\n<tr>\n<td>Kochzeit<\/td>\n<td>10 Minuten<\/td>\n<\/tr>\n<tr>\n<td>Haltbarkeitsdauer<\/td>\n<td>24 Monate<\/td>\n<\/tr>\n<\/tbody>\n<\/table>\n<h2>Die wichtigsten Merkmale unserer Nudeln:<\/h2>\n<ul>\n<li>Ideal f\u00fcr Di\u00e4twillige - 100 g unserer Konjak-Karotten-Nudeln enthalten nur 20 kcal. Das ist etwa 6 Mal weniger als 100 g gekochte Weizennudeln.<\/li>\n<li>Niedriger glyk\u00e4mischer Index - Konjak-Nudeln enthalten keinen Zucker, der<br \/>\nder Kohlenhydratgehalt pro 100 g des Erzeugnisses 2,8 g nicht \u00fcberschreitet und der <a href=\"https:\/\/www.verywellhealth.com\/glycemic-index-chart-for-common-foods-1087476\" target=\"_blank\" rel=\"noopener\">glyk\u00e4mischer Index<\/a> niedrig ist. Menschen, die eine Di\u00e4t mit niedrigem glyk\u00e4mischen Index einhalten, k\u00f6nnen diese Nudeln essen.<\/li>\n<li>Vegetarische Rezepte - Unsere Nudeln enthalten keine Stoffe tierischen Ursprungs und eignen sich daher perfekt f\u00fcr vegetarische Suppen und vegane Gerichte.<\/li>\n<li>Geeignet f\u00fcr eine Vielzahl von Gerichten - Der universelle Geschmack von Konjak-Nudeln eignet sich sowohl f\u00fcr Suppen als auch f\u00fcr klassische Nudelgerichte.<\/li>\n<\/ul>\n<h2>Wie man kocht<\/h2>\n<p>Die Zubereitung von trockenen Konjak-Nudeln ist sehr einfach und kann von jeder Hausfrau durchgef\u00fchrt werden. Weichen Sie die getrockneten Nudeln einfach 5 Minuten in hei\u00dfem Wasser ein, sp\u00fclen Sie sie dann 2-3 Minuten unter flie\u00dfendem Wasser ab, f\u00fcgen Sie sie zu Suppen hinzu oder geben Sie sie in eine Pfanne mit Ihrer Lieblingsso\u00dfe und braten Sie sie zwei Minuten lang unter R\u00fchren an.<\/p>\n<style>.embed-container { position: relative; padding-bottom: 56.25%; height: 0; overflow: hidden; max-width: 100%; } .embed-container iframe, .embed-container object, .embed-container embed { position: absolute; top: 0; left: 0; width: 100%; height: 100%; }<\/style>\n<div class=\"embed-container\"><iframe src=\"https:\/\/www.youtube.com\/embed\/WgphpfRnFp8\" frameborder=\"0\" allowfullscreen=\"allowfullscreen\"><\/iframe><\/div>","protected":false},"excerpt":{"rendered":"<p>Die trockenen Konjak-Nudeln Spaghetti mit Karottengeschmack sind eine kalorienarme Alternative zu den traditionellen italienischen Nudeln. Sie basieren auf Konjakmehl und Karottenmehl. Sie sind bekannt f\u00fcr ihren niedrigen glyk\u00e4mischen Index und ihren geringen Fettgehalt.<\/p>","protected":false},"featured_media":4384,"template":"","meta":{"site-sidebar-layout":"default","site-content-layout":"","ast-site-content-layout":"default","site-content-style":"default","site-sidebar-style":"default","ast-global-header-display":"","ast-banner-title-visibility":"","ast-main-header-display":"","ast-hfb-above-header-display":"","ast-hfb-below-header-display":"","ast-hfb-mobile-header-display":"","site-post-title":"","ast-breadcrumbs-content":"","ast-featured-img":"","footer-sml-layout":"","ast-disable-related-posts":"","theme-transparent-header-meta":"default","adv-header-id-meta":"","stick-header-meta":"default","header-above-stick-meta":"","header-main-stick-meta":"","header-below-stick-meta":"","astra-migrate-meta-layouts":"set","ast-page-background-enabled":"default","ast-page-background-meta":{"desktop":{"background-color":"","background-image":"","background-repeat":"repeat","background-position":"center center","background-size":"auto","background-attachment":"scroll","background-type":"","background-media":"","overlay-type":"","overlay-color":"","overlay-opacity":"","overlay-gradient":""},"tablet":{"background-color":"","background-image":"","background-repeat":"repeat","background-position":"center center","background-size":"auto","background-attachment":"scroll","background-type":"","background-media":"","overlay-type":"","overlay-color":"","overlay-opacity":"","overlay-gradient":""},"mobile":{"background-color":"","background-image":"","background-repeat":"repeat","background-position":"center center","background-size":"auto","background-attachment":"scroll","background-type":"","background-media":"","overlay-type":"","overlay-color":"","overlay-opacity":"","overlay-gradient":""}},"ast-content-background-meta":{"desktop":{"background-color":"var(--ast-global-color-5)","background-image":"","background-repeat":"repeat","background-position":"center center","background-size":"auto","background-attachment":"scroll","background-type":"","background-media":"","overlay-type":"","overlay-color":"","overlay-opacity":"","overlay-gradient":""},"tablet":{"background-color":"var(--ast-global-color-5)","background-image":"","background-repeat":"repeat","background-position":"center center","background-size":"auto","background-attachment":"scroll","background-type":"","background-media":"","overlay-type":"","overlay-color":"","overlay-opacity":"","overlay-gradient":""},"mobile":{"background-color":"var(--ast-global-color-5)","background-image":"","background-repeat":"repeat","background-position":"center center","background-size":"auto","background-attachment":"scroll","background-type":"","background-media":"","overlay-type":"","overlay-color":"","overlay-opacity":"","overlay-gradient":""}}},"product_brand":[],"product_cat":[249],"product_tag":[],"class_list":{"0":"post-4383","1":"product","2":"type-product","3":"status-publish","4":"has-post-thumbnail","6":"product_cat-dry-shirataki-noodles","7":"desktop-align-left","8":"tablet-align-left","9":"mobile-align-left","10":"ast-product-gallery-layout-horizontal-slider","11":"ast-product-tabs-layout-horizontal","13":"first","14":"instock","15":"shipping-taxable","16":"product-type-simple"},"_links":{"self":[{"href":"https:\/\/sentaiyuanbio.com\/de\/wp-json\/wp\/v2\/product\/4383","targetHints":{"allow":["GET"]}}],"collection":[{"href":"https:\/\/sentaiyuanbio.com\/de\/wp-json\/wp\/v2\/product"}],"about":[{"href":"https:\/\/sentaiyuanbio.com\/de\/wp-json\/wp\/v2\/types\/product"}],"version-history":[{"count":0,"href":"https:\/\/sentaiyuanbio.com\/de\/wp-json\/wp\/v2\/product\/4383\/revisions"}],"wp:featuredmedia":[{"embeddable":true,"href":"https:\/\/sentaiyuanbio.com\/de\/wp-json\/wp\/v2\/media\/4384"}],"wp:attachment":[{"href":"https:\/\/sentaiyuanbio.com\/de\/wp-json\/wp\/v2\/media?parent=4383"}],"wp:term":[{"taxonomy":"product_brand","embeddable":true,"href":"https:\/\/sentaiyuanbio.com\/de\/wp-json\/wp\/v2\/product_brand?post=4383"},{"taxonomy":"product_cat","embeddable":true,"href":"https:\/\/sentaiyuanbio.com\/de\/wp-json\/wp\/v2\/product_cat?post=4383"},{"taxonomy":"product_tag","embeddable":true,"href":"https:\/\/sentaiyuanbio.com\/de\/wp-json\/wp\/v2\/product_tag?post=4383"}],"curies":[{"name":"wp","href":"https:\/\/api.w.org\/{rel}","templated":true}]}}