{"id":4392,"date":"2025-02-28T06:34:50","date_gmt":"2025-02-28T06:34:50","guid":{"rendered":"https:\/\/sentaiyuanbio.com\/?post_type=product&#038;p=4392"},"modified":"2026-01-06T02:25:59","modified_gmt":"2026-01-06T02:25:59","slug":"hafer-konjak-nudeln-spaghetti","status":"publish","type":"product","link":"https:\/\/sentaiyuanbio.com\/de\/produkt\/hafer-konjak-nudeln-spaghetti\/","title":{"rendered":"Hafer getrocknete Konjak-Nudeln lose, Shirataki-Haferfasernudeln"},"content":{"rendered":"<h2>Hafer-Konjak-Nudeln Spaghetti Beschreibung<\/h2>\n<p>Erg\u00e4nzen Sie jede Di\u00e4t mit Hafer-Konjak-Nudeln Spaghetti, es ist so gesund wie alle Nudeln, aber mit Hafer f\u00fcr einen h\u00f6heren Gehalt an Ballaststoffen hinzugef\u00fcgt.<\/p>\n<p>Konjak-Hafer-Nudeln werden aus Haferfasern und Konjak-Fasern (Glucomannan) hergestellt und enthalten sowohl <a href=\"https:\/\/www.healthline.com\/health\/soluble-vs-insoluble-fiber\" target=\"_blank\" rel=\"noopener\">l\u00f6sliche Ballaststoffe<\/a> Konjak-Glucomannan und unl\u00f6sliche Haferfasern.<\/p>\n<p>Sentaiyuan hat hart daran gearbeitet, die Textur der Nudeln zu verbessern und sie gleichzeitig kalorienarm zu halten. Wir haben festgestellt, dass durch die Zugabe von Haferfasern die Textur der Konjak-Nudeln weicher wird und die Nudeln mehr Geschmack aufnehmen k\u00f6nnen.<\/p>\n<p>Wie alle unsere Nudeln werden auch die Hafer-Konjak-Nudeln sorgf\u00e4ltig zubereitet, so dass Sie sie mit Ihrer Lieblingssauce mischen, in eine Suppe geben oder mit Ihrem Lieblingsgem\u00fcse, Fleisch oder Fisch anbraten k\u00f6nnen.<br \/>\nKonjak-Hafer-Nudeln selbst haben keinen Geruch. Wenn Sie die Verpackung zum ersten Mal \u00f6ffnen, k\u00f6nnen Sie einen leichten Fischgeruch wahrnehmen, aber der l\u00e4sst sich leicht abwaschen. Weichen Sie die Nudeln einfach 5 Minuten lang in hei\u00dfem Wasser ein und sp\u00fclen Sie sie dann 2 bis 3 Minuten lang in Wasser ab, und der Geruch ist vollst\u00e4ndig verschwunden.<\/p>\n<table>\n<tbody>\n<tr>\n<td>Produktname<\/td>\n<td>Hafer Konjak Nudeln Spaghetti, Shirataki Haferfaser Nudeln<\/td>\n<\/tr>\n<tr>\n<td>Hauptbestandteil<\/td>\n<td><a href=\"https:\/\/sentaiyuanbio.com\/de\/produkt\/konjak-pulver\/\" target=\"_blank\" rel=\"noopener\">Konjak-Pulver<\/a>, Tapiokapulver, Wasser<\/td>\n<\/tr>\n<tr>\n<td>Geschm\u00e4cker<\/td>\n<td>Original, Spinat, Seetang, Karotte, Haferflocken<\/td>\n<\/tr>\n<tr>\n<td>Merkmal<\/td>\n<td>Geruchsneutral, kalorienarm, kohlenhydratarm, glutenfrei, zuckerfrei, fettfrei, GMO-frei, ballaststoffreich<\/td>\n<\/tr>\n<tr>\n<td>Funktionen<\/td>\n<td>Vegetarische Ern\u00e4hrung, Gewichtsabnahme, S\u00e4ttigung erh\u00f6hen<\/td>\n<\/tr>\n<tr>\n<td>Ballaststoffe<\/td>\n<td>2,8g\/100g<\/td>\n<\/tr>\n<tr>\n<td>Kalorien<\/td>\n<td>25Kcal\/100g<\/td>\n<\/tr>\n<tr>\n<td>Fettgehalt<\/td>\n<td>0<\/td>\n<\/tr>\n<tr>\n<td>Gewicht<\/td>\n<td>80g<\/td>\n<\/tr>\n<tr>\n<td>Kochzeit<\/td>\n<td>10 Minuten<\/td>\n<\/tr>\n<tr>\n<td>Haltbarkeitsdauer<\/td>\n<td>24 Monate<\/td>\n<\/tr>\n<\/tbody>\n<\/table>\n<p><img fetchpriority=\"high\" decoding=\"async\" class=\"alignnone wp-image-4402 size-full\" src=\"https:\/\/sentaiyuanbio.com\/wp-content\/uploads\/2025\/02\/Shirataki-Oat-Fiber-Noodles-2.webp\" alt=\"Shirataki-Haferfaser-Nudeln\" width=\"1000\" height=\"1000\" srcset=\"https:\/\/sentaiyuanbio.com\/wp-content\/uploads\/2025\/02\/Shirataki-Oat-Fiber-Noodles-2.webp 1000w, https:\/\/sentaiyuanbio.com\/wp-content\/uploads\/2025\/02\/Shirataki-Oat-Fiber-Noodles-2-600x600.webp 600w, https:\/\/sentaiyuanbio.com\/wp-content\/uploads\/2025\/02\/Shirataki-Oat-Fiber-Noodles-2-100x100.webp 100w, https:\/\/sentaiyuanbio.com\/wp-content\/uploads\/2025\/02\/Shirataki-Oat-Fiber-Noodles-2-300x300.webp 300w, https:\/\/sentaiyuanbio.com\/wp-content\/uploads\/2025\/02\/Shirataki-Oat-Fiber-Noodles-2-150x150.webp 150w, https:\/\/sentaiyuanbio.com\/wp-content\/uploads\/2025\/02\/Shirataki-Oat-Fiber-Noodles-2-768x768.webp 768w\" sizes=\"(max-width: 1000px) 100vw, 1000px\" \/><img decoding=\"async\" class=\"alignnone wp-image-4401 size-full\" src=\"https:\/\/sentaiyuanbio.com\/wp-content\/uploads\/2025\/02\/Shirataki-Oat-Fiber-Noodles.webp\" alt=\"Shirataki-Haferfaser-Nudeln\" width=\"1000\" height=\"1000\" srcset=\"https:\/\/sentaiyuanbio.com\/wp-content\/uploads\/2025\/02\/Shirataki-Oat-Fiber-Noodles.webp 1000w, https:\/\/sentaiyuanbio.com\/wp-content\/uploads\/2025\/02\/Shirataki-Oat-Fiber-Noodles-600x600.webp 600w, https:\/\/sentaiyuanbio.com\/wp-content\/uploads\/2025\/02\/Shirataki-Oat-Fiber-Noodles-100x100.webp 100w, https:\/\/sentaiyuanbio.com\/wp-content\/uploads\/2025\/02\/Shirataki-Oat-Fiber-Noodles-300x300.webp 300w, https:\/\/sentaiyuanbio.com\/wp-content\/uploads\/2025\/02\/Shirataki-Oat-Fiber-Noodles-150x150.webp 150w, https:\/\/sentaiyuanbio.com\/wp-content\/uploads\/2025\/02\/Shirataki-Oat-Fiber-Noodles-768x768.webp 768w\" sizes=\"(max-width: 1000px) 100vw, 1000px\" \/><\/p>","protected":false},"excerpt":{"rendered":"<p>Hafer Konjak Nudeln Spaghetti sind aus der Konjak-Pflanze, 100% reine Pflanze, frei von Allergenen und enth\u00e4lt nur 25 kcal pro 100 g. Konjak-Nudeln sind glutenfreie Pasta und kalorienarmes Essen. Konjak-Nudeln unterscheiden sich von herk\u00f6mmlichen Nudeln und erm\u00f6glichen es Ihnen, gesunde Rezepte zuzubereiten und eine Di\u00e4t zur Gewichtsreduktion durchzuf\u00fchren. Sie sind perfekt f\u00fcr jede Di\u00e4t oder einen gesunden Lebensstil.<\/p>","protected":false},"featured_media":4393,"template":"","meta":{"site-sidebar-layout":"default","site-content-layout":"","ast-site-content-layout":"default","site-content-style":"default","site-sidebar-style":"default","ast-global-header-display":"","ast-banner-title-visibility":"","ast-main-header-display":"","ast-hfb-above-header-display":"","ast-hfb-below-header-display":"","ast-hfb-mobile-header-display":"","site-post-title":"","ast-breadcrumbs-content":"","ast-featured-img":"","footer-sml-layout":"","ast-disable-related-posts":"","theme-transparent-header-meta":"default","adv-header-id-meta":"","stick-header-meta":"default","header-above-stick-meta":"","header-main-stick-meta":"","header-below-stick-meta":"","astra-migrate-meta-layouts":"set","ast-page-background-enabled":"default","ast-page-background-meta":{"desktop":{"background-color":"","background-image":"","background-repeat":"repeat","background-position":"center center","background-size":"auto","background-attachment":"scroll","background-type":"","background-media":"","overlay-type":"","overlay-color":"","overlay-opacity":"","overlay-gradient":""},"tablet":{"background-color":"","background-image":"","background-repeat":"repeat","background-position":"center center","background-size":"auto","background-attachment":"scroll","background-type":"","background-media":"","overlay-type":"","overlay-color":"","overlay-opacity":"","overlay-gradient":""},"mobile":{"background-color":"","background-image":"","background-repeat":"repeat","background-position":"center center","background-size":"auto","background-attachment":"scroll","background-type":"","background-media":"","overlay-type":"","overlay-color":"","overlay-opacity":"","overlay-gradient":""}},"ast-content-background-meta":{"desktop":{"background-color":"var(--ast-global-color-5)","background-image":"","background-repeat":"repeat","background-position":"center center","background-size":"auto","background-attachment":"scroll","background-type":"","background-media":"","overlay-type":"","overlay-color":"","overlay-opacity":"","overlay-gradient":""},"tablet":{"background-color":"var(--ast-global-color-5)","background-image":"","background-repeat":"repeat","background-position":"center center","background-size":"auto","background-attachment":"scroll","background-type":"","background-media":"","overlay-type":"","overlay-color":"","overlay-opacity":"","overlay-gradient":""},"mobile":{"background-color":"var(--ast-global-color-5)","background-image":"","background-repeat":"repeat","background-position":"center center","background-size":"auto","background-attachment":"scroll","background-type":"","background-media":"","overlay-type":"","overlay-color":"","overlay-opacity":"","overlay-gradient":""}}},"product_brand":[],"product_cat":[249],"product_tag":[29],"class_list":{"0":"post-4392","1":"product","2":"type-product","3":"status-publish","4":"has-post-thumbnail","6":"product_cat-dry-shirataki-noodles","7":"product_tag-konjac-spaghetti","8":"desktop-align-left","9":"tablet-align-left","10":"mobile-align-left","11":"ast-product-gallery-layout-horizontal-slider","12":"ast-product-tabs-layout-horizontal","14":"first","15":"instock","16":"shipping-taxable","17":"product-type-simple"},"_links":{"self":[{"href":"https:\/\/sentaiyuanbio.com\/de\/wp-json\/wp\/v2\/product\/4392","targetHints":{"allow":["GET"]}}],"collection":[{"href":"https:\/\/sentaiyuanbio.com\/de\/wp-json\/wp\/v2\/product"}],"about":[{"href":"https:\/\/sentaiyuanbio.com\/de\/wp-json\/wp\/v2\/types\/product"}],"version-history":[{"count":0,"href":"https:\/\/sentaiyuanbio.com\/de\/wp-json\/wp\/v2\/product\/4392\/revisions"}],"wp:featuredmedia":[{"embeddable":true,"href":"https:\/\/sentaiyuanbio.com\/de\/wp-json\/wp\/v2\/media\/4393"}],"wp:attachment":[{"href":"https:\/\/sentaiyuanbio.com\/de\/wp-json\/wp\/v2\/media?parent=4392"}],"wp:term":[{"taxonomy":"product_brand","embeddable":true,"href":"https:\/\/sentaiyuanbio.com\/de\/wp-json\/wp\/v2\/product_brand?post=4392"},{"taxonomy":"product_cat","embeddable":true,"href":"https:\/\/sentaiyuanbio.com\/de\/wp-json\/wp\/v2\/product_cat?post=4392"},{"taxonomy":"product_tag","embeddable":true,"href":"https:\/\/sentaiyuanbio.com\/de\/wp-json\/wp\/v2\/product_tag?post=4392"}],"curies":[{"name":"wp","href":"https:\/\/api.w.org\/{rel}","templated":true}]}}