{"id":4403,"date":"2025-02-28T07:39:19","date_gmt":"2025-02-28T07:39:19","guid":{"rendered":"https:\/\/sentaiyuanbio.com\/?post_type=product&#038;p=4403"},"modified":"2026-01-06T02:25:41","modified_gmt":"2026-01-06T02:25:41","slug":"spinat-shirataki-nudeln-spaghetti","status":"publish","type":"product","link":"https:\/\/sentaiyuanbio.com\/de\/produkt\/spinat-shirataki-nudeln-spaghetti\/","title":{"rendered":"Spinat Shirataki Nudeln Spaghetti, Spinat Konjak Nudeln Bulk"},"content":{"rendered":"<h2>Spinat-Shirataki-Nudeln Spaghetti Beschreibung<\/h2>\n<p>Kalorienarme, glutenfreie Spinat-Shirataki-Nudeln mit Spinatzusatz, der f\u00fcr Geschmack, Festigkeit und eine einzigartige Farbe sorgt. Eine Portion Shirataki-Nudeln hat nur 25 kcal.<\/p>\n<p>Im Gegensatz zu herk\u00f6mmlichen Nudeln k\u00f6nnen Sie mit Shirataki-Nudeln gesunde Mahlzeiten zubereiten und eine kohlenhydratarme Di\u00e4t einhalten. Sie eignen sich perfekt f\u00fcr jede Di\u00e4t oder einfach nur, um eine gesunde Gewohnheit beizubehalten.<\/p>\n<p>Spinat-Shirataki-Nudeln sind reich an l\u00f6slichen Glucomannan-Ballaststoffen. Eine Mahlzeit pro Tag durch Shirataki-Nudeln zu ersetzen, kann die t\u00e4gliche Ballaststoffaufnahme deutlich erh\u00f6hen und eine wichtige Rolle bei der Reduzierung der t\u00e4glichen Kalorienaufnahme spielen.<\/p>\n<p>Spinat-Shirataki-Nudeln basieren auf Glucomannan aus der Konjak-Pflanze, das ein wichtiger Bestandteil einer restriktiven Di\u00e4t zur schnellen Gewichtsabnahme ist - der Verzehr von 3 Gramm <a href=\"https:\/\/en.wikipedia.org\/wiki\/Glucomannan\" target=\"_blank\" rel=\"noopener\">Glucomannan<\/a> pro Tag, aufgeteilt in 3 Portionen zu je 1 Gramm, ist hochwirksam.<\/p>\n<p>Jede Portion Glucomannan sollte mit 1-2 Tassen Wasser vor oder w\u00e4hrend einer Mahlzeit konsumiert werden.<\/p>\n<table>\n<tbody>\n<tr>\n<td>Produktname<\/td>\n<td>Spinat-Shirataki-Nudeln Spaghetti, Spinat-Konjak-Nudeln<\/td>\n<\/tr>\n<tr>\n<td>Hauptbestandteil<\/td>\n<td><a href=\"https:\/\/sentaiyuanbio.com\/de\/produkt\/konjak-pulver\/\" target=\"_blank\" rel=\"noopener\">Konjak-Pulver<\/a>, Tapiokapulver, Wasser<\/td>\n<\/tr>\n<tr>\n<td>Geschm\u00e4cker<\/td>\n<td>Original, Spinat, Seetang, Karotte, Haferflocken<\/td>\n<\/tr>\n<tr>\n<td>Merkmal<\/td>\n<td>Geruchsneutral, kalorienarm, kohlenhydratarm, glutenfrei, zuckerfrei, fettfrei, GMO-frei, ballaststoffreich<\/td>\n<\/tr>\n<tr>\n<td>Funktionen<\/td>\n<td>Vegetarische Ern\u00e4hrung, Gewichtsabnahme, S\u00e4ttigung erh\u00f6hen<\/td>\n<\/tr>\n<tr>\n<td>Ballaststoffe<\/td>\n<td>2,8g\/100g<\/td>\n<\/tr>\n<tr>\n<td>Kalorien<\/td>\n<td>25Kcal\/100g<\/td>\n<\/tr>\n<tr>\n<td>Fettgehalt<\/td>\n<td>0<\/td>\n<\/tr>\n<tr>\n<td>Gewicht<\/td>\n<td>80g<\/td>\n<\/tr>\n<tr>\n<td>Kochzeit<\/td>\n<td>10 Minuten<\/td>\n<\/tr>\n<tr>\n<td>Haltbarkeitsdauer<\/td>\n<td>24 Monate<\/td>\n<\/tr>\n<\/tbody>\n<\/table>\n<p><img fetchpriority=\"high\" decoding=\"async\" class=\"alignnone wp-image-4412 size-full\" src=\"https:\/\/sentaiyuanbio.com\/wp-content\/uploads\/2025\/02\/Spinach-Konjac-Noodles-2.webp\" alt=\"Spinat-Konjak-Nudeln\" width=\"1000\" height=\"1000\" srcset=\"https:\/\/sentaiyuanbio.com\/wp-content\/uploads\/2025\/02\/Spinach-Konjac-Noodles-2.webp 1000w, https:\/\/sentaiyuanbio.com\/wp-content\/uploads\/2025\/02\/Spinach-Konjac-Noodles-2-600x600.webp 600w, https:\/\/sentaiyuanbio.com\/wp-content\/uploads\/2025\/02\/Spinach-Konjac-Noodles-2-100x100.webp 100w, https:\/\/sentaiyuanbio.com\/wp-content\/uploads\/2025\/02\/Spinach-Konjac-Noodles-2-300x300.webp 300w, https:\/\/sentaiyuanbio.com\/wp-content\/uploads\/2025\/02\/Spinach-Konjac-Noodles-2-150x150.webp 150w, https:\/\/sentaiyuanbio.com\/wp-content\/uploads\/2025\/02\/Spinach-Konjac-Noodles-2-768x768.webp 768w\" sizes=\"(max-width: 1000px) 100vw, 1000px\" \/> <img decoding=\"async\" class=\"alignnone wp-image-4413 size-full\" src=\"https:\/\/sentaiyuanbio.com\/wp-content\/uploads\/2025\/02\/Spinach-Konjac-Noodles-1.webp\" alt=\"Spinat-Konjak-Nudeln\" width=\"1000\" height=\"1000\" srcset=\"https:\/\/sentaiyuanbio.com\/wp-content\/uploads\/2025\/02\/Spinach-Konjac-Noodles-1.webp 1000w, https:\/\/sentaiyuanbio.com\/wp-content\/uploads\/2025\/02\/Spinach-Konjac-Noodles-1-600x600.webp 600w, https:\/\/sentaiyuanbio.com\/wp-content\/uploads\/2025\/02\/Spinach-Konjac-Noodles-1-100x100.webp 100w, https:\/\/sentaiyuanbio.com\/wp-content\/uploads\/2025\/02\/Spinach-Konjac-Noodles-1-300x300.webp 300w, https:\/\/sentaiyuanbio.com\/wp-content\/uploads\/2025\/02\/Spinach-Konjac-Noodles-1-150x150.webp 150w, https:\/\/sentaiyuanbio.com\/wp-content\/uploads\/2025\/02\/Spinach-Konjac-Noodles-1-768x768.webp 768w\" sizes=\"(max-width: 1000px) 100vw, 1000px\" \/><\/p>","protected":false},"excerpt":{"rendered":"<p>Unsere Auswahl an glutenfreien, halal getrockneten Spinat-Shirataki-Nudeln ist perfekt f\u00fcr alle, die auf einen gesunden Lebensstil achten. Sie werden aus hochwertigen Zutaten hergestellt und enthalten viele wichtige N\u00e4hrstoffe. Ganz gleich, ob Sie f\u00fcr sich selbst oder Ihre Familie kochen, diese Nudeln werden Sie sicher beeindrucken.<\/p>","protected":false},"featured_media":4404,"template":"","meta":{"site-sidebar-layout":"default","site-content-layout":"","ast-site-content-layout":"default","site-content-style":"default","site-sidebar-style":"default","ast-global-header-display":"","ast-banner-title-visibility":"","ast-main-header-display":"","ast-hfb-above-header-display":"","ast-hfb-below-header-display":"","ast-hfb-mobile-header-display":"","site-post-title":"","ast-breadcrumbs-content":"","ast-featured-img":"","footer-sml-layout":"","ast-disable-related-posts":"","theme-transparent-header-meta":"default","adv-header-id-meta":"","stick-header-meta":"default","header-above-stick-meta":"","header-main-stick-meta":"","header-below-stick-meta":"","astra-migrate-meta-layouts":"set","ast-page-background-enabled":"default","ast-page-background-meta":{"desktop":{"background-color":"","background-image":"","background-repeat":"repeat","background-position":"center center","background-size":"auto","background-attachment":"scroll","background-type":"","background-media":"","overlay-type":"","overlay-color":"","overlay-opacity":"","overlay-gradient":""},"tablet":{"background-color":"","background-image":"","background-repeat":"repeat","background-position":"center center","background-size":"auto","background-attachment":"scroll","background-type":"","background-media":"","overlay-type":"","overlay-color":"","overlay-opacity":"","overlay-gradient":""},"mobile":{"background-color":"","background-image":"","background-repeat":"repeat","background-position":"center center","background-size":"auto","background-attachment":"scroll","background-type":"","background-media":"","overlay-type":"","overlay-color":"","overlay-opacity":"","overlay-gradient":""}},"ast-content-background-meta":{"desktop":{"background-color":"var(--ast-global-color-5)","background-image":"","background-repeat":"repeat","background-position":"center center","background-size":"auto","background-attachment":"scroll","background-type":"","background-media":"","overlay-type":"","overlay-color":"","overlay-opacity":"","overlay-gradient":""},"tablet":{"background-color":"var(--ast-global-color-5)","background-image":"","background-repeat":"repeat","background-position":"center center","background-size":"auto","background-attachment":"scroll","background-type":"","background-media":"","overlay-type":"","overlay-color":"","overlay-opacity":"","overlay-gradient":""},"mobile":{"background-color":"var(--ast-global-color-5)","background-image":"","background-repeat":"repeat","background-position":"center center","background-size":"auto","background-attachment":"scroll","background-type":"","background-media":"","overlay-type":"","overlay-color":"","overlay-opacity":"","overlay-gradient":""}}},"product_brand":[],"product_cat":[249],"product_tag":[29],"class_list":{"0":"post-4403","1":"product","2":"type-product","3":"status-publish","4":"has-post-thumbnail","6":"product_cat-dry-shirataki-noodles","7":"product_tag-konjac-spaghetti","8":"desktop-align-left","9":"tablet-align-left","10":"mobile-align-left","11":"ast-product-gallery-layout-horizontal-slider","12":"ast-product-tabs-layout-horizontal","14":"first","15":"instock","16":"shipping-taxable","17":"product-type-simple"},"_links":{"self":[{"href":"https:\/\/sentaiyuanbio.com\/de\/wp-json\/wp\/v2\/product\/4403","targetHints":{"allow":["GET"]}}],"collection":[{"href":"https:\/\/sentaiyuanbio.com\/de\/wp-json\/wp\/v2\/product"}],"about":[{"href":"https:\/\/sentaiyuanbio.com\/de\/wp-json\/wp\/v2\/types\/product"}],"version-history":[{"count":0,"href":"https:\/\/sentaiyuanbio.com\/de\/wp-json\/wp\/v2\/product\/4403\/revisions"}],"wp:featuredmedia":[{"embeddable":true,"href":"https:\/\/sentaiyuanbio.com\/de\/wp-json\/wp\/v2\/media\/4404"}],"wp:attachment":[{"href":"https:\/\/sentaiyuanbio.com\/de\/wp-json\/wp\/v2\/media?parent=4403"}],"wp:term":[{"taxonomy":"product_brand","embeddable":true,"href":"https:\/\/sentaiyuanbio.com\/de\/wp-json\/wp\/v2\/product_brand?post=4403"},{"taxonomy":"product_cat","embeddable":true,"href":"https:\/\/sentaiyuanbio.com\/de\/wp-json\/wp\/v2\/product_cat?post=4403"},{"taxonomy":"product_tag","embeddable":true,"href":"https:\/\/sentaiyuanbio.com\/de\/wp-json\/wp\/v2\/product_tag?post=4403"}],"curies":[{"name":"wp","href":"https:\/\/api.w.org\/{rel}","templated":true}]}}