{"id":4524,"date":"2025-03-03T09:23:44","date_gmt":"2025-03-03T09:23:44","guid":{"rendered":"https:\/\/sentaiyuanbio.com\/?post_type=product&#038;p=4524"},"modified":"2025-03-05T09:55:22","modified_gmt":"2025-03-05T09:55:22","slug":"wunder-reis-shirataki-reis","status":"publish","type":"product","link":"https:\/\/sentaiyuanbio.com\/de\/produkt\/wunder-reis-shirataki-reis\/","title":{"rendered":"Wunder-Reis, Wunder-Nudel-Shirataki-Reis"},"content":{"rendered":"<p>Miracle Rice, auch bekannt als Shirataki-Reis oder Konjak-Reis, ist eine kalorien- und kohlenhydratarme Alternative zu herk\u00f6mmlichem Reis. Er wird aus der Konjak-Pflanze hergestellt, einer Art Wurzelgem\u00fcse, das in Asien seit \u00fcber 1.000 Jahren konsumiert wird.<\/p>\n<table>\n<tbody>\n<tr>\n<td>Produktname<\/td>\n<td>Wunder-Nudel-Shirataki-Reis<\/td>\n<\/tr>\n<tr>\n<td>Hauptbestandteil<\/td>\n<td><a href=\"https:\/\/sentaiyuanbio.com\/de\/produkt\/konjak-pulver\/\" target=\"_blank\" rel=\"noopener\">Konjak-Pulver<\/a>, Wasser<\/td>\n<\/tr>\n<tr>\n<td>Geschm\u00e4cker<\/td>\n<td>Geschmacksrichtungen Original, Karotte, Haferflocken, Meeresalgen, Buchweizen, Mungobohnen und Rote Bohnen<\/td>\n<\/tr>\n<tr>\n<td>Merkmal<\/td>\n<td>Geruchsneutral, kalorienarm, kohlenhydratarm, glutenfrei, zuckerfrei, fettfrei, GMO-frei, ballaststoffreich<\/td>\n<\/tr>\n<tr>\n<td>Funktionen<\/td>\n<td>Vegetarische Ern\u00e4hrung, Gewichtsabnahme, S\u00e4ttigung erh\u00f6hen<\/td>\n<\/tr>\n<tr>\n<td>Ballaststoffe<\/td>\n<td>3g\/100g<\/td>\n<\/tr>\n<tr>\n<td>Kalorien<\/td>\n<td>6Kcal\/100g<\/td>\n<\/tr>\n<tr>\n<td>Fettgehalt<\/td>\n<td>0<\/td>\n<\/tr>\n<tr>\n<td>Gewicht<\/td>\n<td>Kundenspezifisch<\/td>\n<\/tr>\n<tr>\n<td>Kochzeit<\/td>\n<td>3 Minute<\/td>\n<\/tr>\n<tr>\n<td>Haltbarkeitsdauer<\/td>\n<td>12 Monate<\/td>\n<\/tr>\n<\/tbody>\n<\/table>\n<p>Hier sind einige der wichtigsten Merkmale von Miracle Rice:<\/p>\n<h2>Miracle Rice Hauptmerkmale<\/h2>\n<ol>\n<li>Zusammensetzung: Miracle Rice besteht aus 97% Wasser und 3% Ballaststoffen, was ihn extrem kalorien- und kohlenhydratarm macht.<\/li>\n<li>N\u00e4hrstoffgehalt: Es enth\u00e4lt nur etwa 1 Gramm Kohlenhydrate pro Portion und ist daher f\u00fcr kohlenhydratarme Di\u00e4ten geeignet. Eine Portion von 100 g hat etwa 6 Kalorien.<\/li>\n<li>Textur und Geschmack: Bei richtiger Zubereitung hat es eine elastische Textur und ist geschmacksneutral, so dass es Aromen gut aufnehmen kann.<\/li>\n<li>Di\u00e4tetische Vorteile: Es ist glutenfrei, sojafrei und wird aus nicht gentechnisch ver\u00e4nderten Zutaten hergestellt, was es zu einer guten Option f\u00fcr Menschen mit Ern\u00e4hrungseinschr\u00e4nkungen macht.<\/li>\n<li>Pr\u00e4biotische Eigenschaften: Die <a href=\"https:\/\/www.metamucil.com\/en-us\/articles\/fiber-101\/what-is-soluble-fiber\/?msclkid=2ac0ed7e93171fdbb20f8abbe7f432cb\" target=\"_blank\" rel=\"noopener\">l\u00f6sliche Ballaststoffe<\/a> in Miracle Rice wirkt als Pr\u00e4biotikum und unterst\u00fctzt die Darmgesundheit, indem es n\u00fctzliche Bakterien ern\u00e4hrt.<\/li>\n<\/ol>\n<h2>Verwendung und Zubereitung<\/h2>\n<p>Miracle Rice kann als Ersatz f\u00fcr herk\u00f6mmlichen Reis in verschiedenen Gerichten verwendet werden, z. B. in Pfannengerichten, Reispilaws und sogar in Desserts wie Milchreis. Zum Kochen sp\u00fclen Sie den Reis einfach unter flie\u00dfendem Wasser ab und braten ihn dann in einer Pfanne an, um \u00fcbersch\u00fcssige Feuchtigkeit zu entfernen, bevor Sie die Gew\u00fcrze hinzuf\u00fcgen.<\/p>\n<style>.embed-container { position: relative; padding-bottom: 56.25%; height: 0; overflow: hidden; max-width: 100%; } .embed-container iframe, .embed-container object, .embed-container embed { position: absolute; top: 0; left: 0; width: 100%; height: 100%; }<\/style>\n<div class=\"embed-container\"><iframe src=\"https:\/\/www.youtube.com\/embed\/Y9r1fgiu6-A\" frameborder=\"0\" allowfullscreen=\"allowfullscreen\"><\/iframe><\/div>\n<style>.embed-container { position: relative; padding-bottom: 56.25%; height: 0; overflow: hidden; max-width: 100%; } .embed-container iframe, .embed-container object, .embed-container embed { position: absolute; top: 0; left: 0; width: 100%; height: 100%; }<\/style>\n<div class=\"embed-container\"><iframe src=\"https:\/\/www.youtube.com\/embed\/BaWQKlIDx-U\" frameborder=\"0\" allowfullscreen=\"allowfullscreen\"><\/iframe><\/div>","protected":false},"excerpt":{"rendered":"<p>Sentaiyuan-Wunderreis wird aus Konjakmehl h\u00f6chster Qualit\u00e4t hergestellt. Er ist kalorienarm, enth\u00e4lt wenig kohlenstoffhaltiges Wasser und ist reich an Ballaststoffen. Es gibt ihn in verschiedenen Geschmacksrichtungen, darunter Original, Karotte, Haferflocken, Seegras, Buchweizen, Mungobohnen und rote Bohnen.<\/p>","protected":false},"featured_media":4530,"template":"","meta":{"site-sidebar-layout":"default","site-content-layout":"","ast-site-content-layout":"default","site-content-style":"default","site-sidebar-style":"default","ast-global-header-display":"","ast-banner-title-visibility":"","ast-main-header-display":"","ast-hfb-above-header-display":"","ast-hfb-below-header-display":"","ast-hfb-mobile-header-display":"","site-post-title":"","ast-breadcrumbs-content":"","ast-featured-img":"","footer-sml-layout":"","ast-disable-related-posts":"","theme-transparent-header-meta":"default","adv-header-id-meta":"","stick-header-meta":"default","header-above-stick-meta":"","header-main-stick-meta":"","header-below-stick-meta":"","astra-migrate-meta-layouts":"set","ast-page-background-enabled":"default","ast-page-background-meta":{"desktop":{"background-color":"","background-image":"","background-repeat":"repeat","background-position":"center center","background-size":"auto","background-attachment":"scroll","background-type":"","background-media":"","overlay-type":"","overlay-color":"","overlay-opacity":"","overlay-gradient":""},"tablet":{"background-color":"","background-image":"","background-repeat":"repeat","background-position":"center center","background-size":"auto","background-attachment":"scroll","background-type":"","background-media":"","overlay-type":"","overlay-color":"","overlay-opacity":"","overlay-gradient":""},"mobile":{"background-color":"","background-image":"","background-repeat":"repeat","background-position":"center center","background-size":"auto","background-attachment":"scroll","background-type":"","background-media":"","overlay-type":"","overlay-color":"","overlay-opacity":"","overlay-gradient":""}},"ast-content-background-meta":{"desktop":{"background-color":"var(--ast-global-color-5)","background-image":"","background-repeat":"repeat","background-position":"center center","background-size":"auto","background-attachment":"scroll","background-type":"","background-media":"","overlay-type":"","overlay-color":"","overlay-opacity":"","overlay-gradient":""},"tablet":{"background-color":"var(--ast-global-color-5)","background-image":"","background-repeat":"repeat","background-position":"center center","background-size":"auto","background-attachment":"scroll","background-type":"","background-media":"","overlay-type":"","overlay-color":"","overlay-opacity":"","overlay-gradient":""},"mobile":{"background-color":"var(--ast-global-color-5)","background-image":"","background-repeat":"repeat","background-position":"center center","background-size":"auto","background-attachment":"scroll","background-type":"","background-media":"","overlay-type":"","overlay-color":"","overlay-opacity":"","overlay-gradient":""}}},"product_brand":[],"product_cat":[250],"product_tag":[],"class_list":{"0":"post-4524","1":"product","2":"type-product","3":"status-publish","4":"has-post-thumbnail","6":"product_cat-wet-shirataki-rice","7":"desktop-align-left","8":"tablet-align-left","9":"mobile-align-left","10":"ast-product-gallery-layout-horizontal-slider","11":"ast-product-tabs-layout-horizontal","13":"first","14":"instock","15":"shipping-taxable","16":"product-type-simple"},"_links":{"self":[{"href":"https:\/\/sentaiyuanbio.com\/de\/wp-json\/wp\/v2\/product\/4524","targetHints":{"allow":["GET"]}}],"collection":[{"href":"https:\/\/sentaiyuanbio.com\/de\/wp-json\/wp\/v2\/product"}],"about":[{"href":"https:\/\/sentaiyuanbio.com\/de\/wp-json\/wp\/v2\/types\/product"}],"version-history":[{"count":0,"href":"https:\/\/sentaiyuanbio.com\/de\/wp-json\/wp\/v2\/product\/4524\/revisions"}],"wp:featuredmedia":[{"embeddable":true,"href":"https:\/\/sentaiyuanbio.com\/de\/wp-json\/wp\/v2\/media\/4530"}],"wp:attachment":[{"href":"https:\/\/sentaiyuanbio.com\/de\/wp-json\/wp\/v2\/media?parent=4524"}],"wp:term":[{"taxonomy":"product_brand","embeddable":true,"href":"https:\/\/sentaiyuanbio.com\/de\/wp-json\/wp\/v2\/product_brand?post=4524"},{"taxonomy":"product_cat","embeddable":true,"href":"https:\/\/sentaiyuanbio.com\/de\/wp-json\/wp\/v2\/product_cat?post=4524"},{"taxonomy":"product_tag","embeddable":true,"href":"https:\/\/sentaiyuanbio.com\/de\/wp-json\/wp\/v2\/product_tag?post=4524"}],"curies":[{"name":"wp","href":"https:\/\/api.w.org\/{rel}","templated":true}]}}