{"id":4534,"date":"2025-03-04T03:26:53","date_gmt":"2025-03-04T03:26:53","guid":{"rendered":"https:\/\/sentaiyuanbio.com\/?post_type=product&#038;p=4534"},"modified":"2025-03-05T09:56:20","modified_gmt":"2025-03-05T09:56:20","slug":"hafer-konjak-reis-lose","status":"publish","type":"product","link":"https:\/\/sentaiyuanbio.com\/de\/produkt\/hafer-konjak-reis-lose\/","title":{"rendered":"Hafer-Konjak-Reis lose, Shirataki-Konjak-Reis"},"content":{"rendered":"<h2>Hauptmerkmale von Hafer-Konjak-Reis in Gro\u00dfpackungen<\/h2>\n<p>Zutaten: In der Regel aus einer Kombination von Hafer, Konjak und Wasser hergestellt. Die Konjak-Komponente wird aus der Konjak-Pflanze gewonnen, die f\u00fcr ihre st\u00e4rkehaltige Knolle bekannt ist und in verschiedenen Nahrungserg\u00e4nzungsmitteln zur Gewichtsregulierung und <a href=\"https:\/\/www.betterhealth.vic.gov.au\/health\/conditionsandtreatments\/cholesterol-healthy-eating-tips\" target=\"_blank\" rel=\"noopener\">Cholesterinkontrolle<\/a>.<\/p>\n<p>Ern\u00e4hrungsphysiologische Vorteile: Es ist kalorienarm, reich an Ballaststoffen und oft gluten-, zucker- und fettfrei. Das macht ihn zu einer ausgezeichneten Wahl f\u00fcr alle, die eine kalorienarme Di\u00e4t machen oder ihren Blutzuckerspiegel kontrollieren wollen.<\/p>\n<p>Textur und Geschmack: Haferflocken-Konjakreis hat eine leicht z\u00e4he Textur, die der von herk\u00f6mmlichem Reis \u00e4hnelt, aber einen neutralen Geschmack. Er wird oft als geruchlos beschrieben, was seine Attraktivit\u00e4t als Reisersatz erh\u00f6ht.<\/p>\n<p>Einfach zuzubereiten: Es kann schnell zubereitet werden, z. B. in der Mikrowelle, in der Pfanne oder durch Kochen, was es f\u00fcr vielbesch\u00e4ftigte Menschen praktisch macht.<\/p>\n<table>\n<tbody>\n<tr>\n<td>Produktname<\/td>\n<td>Hafer-Konjak-Reis lose, Shirataki-Konjak-Reis<\/td>\n<\/tr>\n<tr>\n<td>Hauptbestandteil<\/td>\n<td><a href=\"https:\/\/sentaiyuanbio.com\/de\/produkt\/konjakmehl-yamswurzel-konjakpulver\/\" target=\"_blank\" rel=\"noopener\">Konjak-Pulver<\/a>, Wasser<\/td>\n<\/tr>\n<tr>\n<td>Geschm\u00e4cker<\/td>\n<td>Geschmacksrichtungen Original, Karotte, Haferflocken, Meeresalgen, Buchweizen, Mungobohnen und Rote Bohnen<\/td>\n<\/tr>\n<tr>\n<td>Merkmal<\/td>\n<td>Geruchsneutral, kalorienarm, kohlenhydratarm, glutenfrei, zuckerfrei, fettfrei, GMO-frei, ballaststoffreich<\/td>\n<\/tr>\n<tr>\n<td>Funktionen<\/td>\n<td>Vegetarische Ern\u00e4hrung, Gewichtsabnahme, S\u00e4ttigung erh\u00f6hen<\/td>\n<\/tr>\n<tr>\n<td>Ballaststoffe<\/td>\n<td>3g\/100g<\/td>\n<\/tr>\n<tr>\n<td>Kalorien<\/td>\n<td>6Kcal\/100g<\/td>\n<\/tr>\n<tr>\n<td>Fettgehalt<\/td>\n<td>0<\/td>\n<\/tr>\n<tr>\n<td>Gewicht<\/td>\n<td>Kundenspezifisch<\/td>\n<\/tr>\n<tr>\n<td>Kochzeit<\/td>\n<td>3 Minute<\/td>\n<\/tr>\n<tr>\n<td>Haltbarkeitsdauer<\/td>\n<td>12 Monate<\/td>\n<\/tr>\n<\/tbody>\n<\/table>\n<p>Jede 100 g enth\u00e4lt 3 g Ballaststoffe, nur 6 kcal Energie und kein Fett. Sehr geeignet f\u00fcr alle, die abnehmen wollen, Vegetarier sind oder einfach nur satt werden wollen.<\/p>\n<h2>Wie man Hafer-Konjak-Reis kocht<\/h2>\n<p>Die Zubereitung von Hafer-Konjak-Reis ist schnell und einfach, so dass Sie im Handumdrehen eine gesunde und k\u00f6stliche Mahlzeit genie\u00dfen k\u00f6nnen. Befolgen Sie diese einfachen Schritte zur Zubereitung:<\/p>\n<p>Abgie\u00dfen und absp\u00fclen: Die Packung \u00f6ffnen und die Fl\u00fcssigkeit abgie\u00dfen. Den Shirataki-Konjak-Reis 1-2 Minuten lang gr\u00fcndlich unter kaltem Wasser absp\u00fclen. Dadurch wird der alkalische und fischige Geschmack des Konjaks entfernt.<\/p>\n<p>Kochen oder braten: Obwohl der Shirataki-Konjak-Reis bereits vorgekocht ist und ohne weiteres Kochen verzehrt werden kann, kann er durch Kochen oder Braten geschmacklich verbessert werden. Zum Kochen legen Sie den abgesp\u00fclten Reis 1-2 Minuten in einen Topf mit kochendem Wasser und lassen ihn abtropfen. Zum Anbraten den abgesp\u00fclten Reis in einer beschichteten Pfanne bei mittlerer Hitze unter gelegentlichem R\u00fchren braten, bis der Reis gar ist und die restliche Feuchtigkeit verdunstet ist.<\/p>\n<p>F\u00fcgen Sie So\u00dfen und Bel\u00e4ge hinzu: Er hat einen neutralen Geschmack und ist die perfekte Grundlage f\u00fcr Ihre Lieblingspastasaucen und -bel\u00e4ge. Kombinieren Sie den Shirataki-Konjak-Reis mit Ihren Lieblingssaucen, Gem\u00fcse, Proteinen und Gew\u00fcrzen und r\u00fchren Sie gut um, um eine gleichm\u00e4\u00dfige Verteilung zu gew\u00e4hrleisten.<\/p>\n<p>Erhitzen und servieren: Wenn Ihre So\u00dfen und Garnierungen bereits hei\u00df sind, k\u00f6nnen Sie sie servieren. Wenn nicht, erhitzen Sie den Reis, die So\u00dfe und den Belag in einer Pfanne bei schwacher Hitze, bis er durch ist. Alternativ k\u00f6nnen Sie die Mischung auch 1-2 Minuten lang in der Mikrowelle erhitzen, bis sie die gew\u00fcnschte Temperatur erreicht hat.<\/p>\n<p>Garnieren und servieren: Auf einem Teller anrichten und nach Belieben mit frischen Kr\u00e4utern, K\u00e4se oder anderen Zutaten garnieren. Sofort servieren und eine k\u00f6stliche, schuldfreie Mahlzeit genie\u00dfen!<\/p>\n<p>Denken Sie daran, dass Hafer-Konjak-Reis vielseitig ist und in einer Vielzahl von Gerichten verwendet werden kann, von italienischen Klassikern bis zu asiatisch inspirierten Pfannengerichten. Scheuen Sie sich nicht, kreativ zu werden und verschiedene Geschmackskombinationen auszuprobieren, um Ihr perfektes Gericht zu finden.<\/p>\n<style>.embed-container { position: relative; padding-bottom: 56.25%; height: 0; overflow: hidden; max-width: 100%; } .embed-container iframe, .embed-container object, .embed-container embed { position: absolute; top: 0; left: 0; width: 100%; height: 100%; }<\/style>\n<div class=\"embed-container\"><iframe src=\"https:\/\/www.youtube.com\/embed\/BaWQKlIDx-U\" frameborder=\"0\" allowfullscreen=\"allowfullscreen\"><\/iframe><\/div>","protected":false},"excerpt":{"rendered":"<p>Hafer-Konjak-Reis (Wet Rice) ist eine kalorienarme, ballaststoffreiche Alternative zu herk\u00f6mmlichem Reis, die die Vorteile von Hafer und Konjak vereint. Der hohe Ballaststoffgehalt tr\u00e4gt zur S\u00e4ttigung bei, was die Gewichtskontrolle erleichtert. Reich an Ballaststoffen, die die Verdauung unterst\u00fctzen und die Gesundheit des Darms f\u00f6rdern.<\/p>","protected":false},"featured_media":4542,"template":"","meta":{"site-sidebar-layout":"default","site-content-layout":"","ast-site-content-layout":"default","site-content-style":"default","site-sidebar-style":"default","ast-global-header-display":"","ast-banner-title-visibility":"","ast-main-header-display":"","ast-hfb-above-header-display":"","ast-hfb-below-header-display":"","ast-hfb-mobile-header-display":"","site-post-title":"","ast-breadcrumbs-content":"","ast-featured-img":"","footer-sml-layout":"","ast-disable-related-posts":"","theme-transparent-header-meta":"default","adv-header-id-meta":"","stick-header-meta":"default","header-above-stick-meta":"","header-main-stick-meta":"","header-below-stick-meta":"","astra-migrate-meta-layouts":"set","ast-page-background-enabled":"default","ast-page-background-meta":{"desktop":{"background-color":"","background-image":"","background-repeat":"repeat","background-position":"center center","background-size":"auto","background-attachment":"scroll","background-type":"","background-media":"","overlay-type":"","overlay-color":"","overlay-opacity":"","overlay-gradient":""},"tablet":{"background-color":"","background-image":"","background-repeat":"repeat","background-position":"center center","background-size":"auto","background-attachment":"scroll","background-type":"","background-media":"","overlay-type":"","overlay-color":"","overlay-opacity":"","overlay-gradient":""},"mobile":{"background-color":"","background-image":"","background-repeat":"repeat","background-position":"center center","background-size":"auto","background-attachment":"scroll","background-type":"","background-media":"","overlay-type":"","overlay-color":"","overlay-opacity":"","overlay-gradient":""}},"ast-content-background-meta":{"desktop":{"background-color":"var(--ast-global-color-5)","background-image":"","background-repeat":"repeat","background-position":"center center","background-size":"auto","background-attachment":"scroll","background-type":"","background-media":"","overlay-type":"","overlay-color":"","overlay-opacity":"","overlay-gradient":""},"tablet":{"background-color":"var(--ast-global-color-5)","background-image":"","background-repeat":"repeat","background-position":"center center","background-size":"auto","background-attachment":"scroll","background-type":"","background-media":"","overlay-type":"","overlay-color":"","overlay-opacity":"","overlay-gradient":""},"mobile":{"background-color":"var(--ast-global-color-5)","background-image":"","background-repeat":"repeat","background-position":"center center","background-size":"auto","background-attachment":"scroll","background-type":"","background-media":"","overlay-type":"","overlay-color":"","overlay-opacity":"","overlay-gradient":""}}},"product_brand":[],"product_cat":[250],"product_tag":[],"class_list":{"0":"post-4534","1":"product","2":"type-product","3":"status-publish","4":"has-post-thumbnail","6":"product_cat-wet-shirataki-rice","7":"desktop-align-left","8":"tablet-align-left","9":"mobile-align-left","10":"ast-product-gallery-layout-horizontal-slider","11":"ast-product-tabs-layout-horizontal","13":"first","14":"instock","15":"shipping-taxable","16":"product-type-simple"},"_links":{"self":[{"href":"https:\/\/sentaiyuanbio.com\/de\/wp-json\/wp\/v2\/product\/4534","targetHints":{"allow":["GET"]}}],"collection":[{"href":"https:\/\/sentaiyuanbio.com\/de\/wp-json\/wp\/v2\/product"}],"about":[{"href":"https:\/\/sentaiyuanbio.com\/de\/wp-json\/wp\/v2\/types\/product"}],"version-history":[{"count":0,"href":"https:\/\/sentaiyuanbio.com\/de\/wp-json\/wp\/v2\/product\/4534\/revisions"}],"wp:featuredmedia":[{"embeddable":true,"href":"https:\/\/sentaiyuanbio.com\/de\/wp-json\/wp\/v2\/media\/4542"}],"wp:attachment":[{"href":"https:\/\/sentaiyuanbio.com\/de\/wp-json\/wp\/v2\/media?parent=4534"}],"wp:term":[{"taxonomy":"product_brand","embeddable":true,"href":"https:\/\/sentaiyuanbio.com\/de\/wp-json\/wp\/v2\/product_brand?post=4534"},{"taxonomy":"product_cat","embeddable":true,"href":"https:\/\/sentaiyuanbio.com\/de\/wp-json\/wp\/v2\/product_cat?post=4534"},{"taxonomy":"product_tag","embeddable":true,"href":"https:\/\/sentaiyuanbio.com\/de\/wp-json\/wp\/v2\/product_tag?post=4534"}],"curies":[{"name":"wp","href":"https:\/\/api.w.org\/{rel}","templated":true}]}}