{"id":4543,"date":"2025-03-04T07:04:09","date_gmt":"2025-03-04T07:04:09","guid":{"rendered":"https:\/\/sentaiyuanbio.com\/?post_type=product&#038;p=4543"},"modified":"2025-03-05T09:15:43","modified_gmt":"2025-03-05T09:15:43","slug":"seetang-shirataki-konjak-reis","status":"publish","type":"product","link":"https:\/\/sentaiyuanbio.com\/de\/produkt\/seetang-shirataki-konjak-reis\/","title":{"rendered":"Seetang Shirataki Konjak-Reis, Shirataki-Reis nass"},"content":{"rendered":"<h2>Seetang Shirataki Konjak-Reis Hauptmerkmale<\/h2>\n<p>Seetang Shirataki Konjak-Reis ist der beste Begleiter beim Fettabbau und ein perfekter Ersatz f\u00fcr Reis. Er ist fett- und kalorienarm, nur 6 kcal pro 100 Gramm, so dass Sie so viel essen k\u00f6nnen, wie Sie wollen, auch wenn Sie Ihre Aufnahme kontrollieren. Konjak macht satt, und der k\u00f6stliche Meeresgeschmack der Algen ist k\u00f6stlich, ohne dass man sich Sorgen um eine Gewichtszunahme machen muss. Man kann sie f\u00fcr Bibimbap, gebratenen Reis, Brei usw. verwenden. Sp\u00fclen Sie ihn einfach 2-3 Minuten unter flie\u00dfendem Wasser ab, um den Fischgeruch zu entfernen, kochen Sie ihn dann und f\u00fcgen Sie ihn dem Rezept Ihrer Wahl hinzu.<\/p>\n<table>\n<tbody>\n<tr>\n<td>Produktname<\/td>\n<td>Seetang Shirataki Konjak-Reis<\/td>\n<\/tr>\n<tr>\n<td>Hauptbestandteil<\/td>\n<td><a href=\"https:\/\/sentaiyuanbio.com\/de\/produkt\/konjakmehl-yamswurzel-konjakpulver\/\" target=\"_blank\" rel=\"noopener\">Konjak-Pulver<\/a>, <a href=\"https:\/\/regencyspices.hk\/products\/seaweed-ground-powder?srsltid=AfmBOopyFMW9OQcCqSg2UtTrrVRpxMW1hLqBxhhNTu-xTvyPbUEoVgHT\" target=\"_blank\" rel=\"noopener\">Seegras-Pulver<\/a>, Wasser<\/td>\n<\/tr>\n<tr>\n<td>Geschm\u00e4cker<\/td>\n<td>Geschmacksrichtungen Original, Karotte, Haferflocken, Meeresalgen, Buchweizen, Mungobohnen und Rote Bohnen<\/td>\n<\/tr>\n<tr>\n<td>Merkmal<\/td>\n<td>Geruchsneutral, kalorienarm, kohlenhydratarm, glutenfrei, zuckerfrei, fettfrei, GMO-frei, ballaststoffreich<\/td>\n<\/tr>\n<tr>\n<td>Funktionen<\/td>\n<td>Vegetarische Ern\u00e4hrung, Gewichtsabnahme, S\u00e4ttigung erh\u00f6hen<\/td>\n<\/tr>\n<tr>\n<td>Ballaststoffe<\/td>\n<td>3g\/100g<\/td>\n<\/tr>\n<tr>\n<td>Kalorien<\/td>\n<td>6Kcal\/100g<\/td>\n<\/tr>\n<tr>\n<td>Fettgehalt<\/td>\n<td>0<\/td>\n<\/tr>\n<tr>\n<td>Gewicht<\/td>\n<td>Kundenspezifisch<\/td>\n<\/tr>\n<tr>\n<td>Kochzeit<\/td>\n<td>3 Minute<\/td>\n<\/tr>\n<tr>\n<td>Haltbarkeitsdauer<\/td>\n<td>12 Monate<\/td>\n<\/tr>\n<\/tbody>\n<\/table>\n<p><img fetchpriority=\"high\" decoding=\"async\" class=\"alignnone wp-image-4555 size-full\" src=\"https:\/\/sentaiyuanbio.com\/wp-content\/uploads\/2025\/03\/Help-to-balance-diet-2.jpg\" alt=\"Seetang Shirataki Konjak-Reis, Bester Konjac-Reis\" width=\"750\" height=\"400\" srcset=\"https:\/\/sentaiyuanbio.com\/wp-content\/uploads\/2025\/03\/Help-to-balance-diet-2.jpg 750w, https:\/\/sentaiyuanbio.com\/wp-content\/uploads\/2025\/03\/Help-to-balance-diet-2-300x160.jpg 300w, https:\/\/sentaiyuanbio.com\/wp-content\/uploads\/2025\/03\/Help-to-balance-diet-2-600x320.jpg 600w\" sizes=\"(max-width: 750px) 100vw, 750px\" \/><img decoding=\"async\" class=\"alignnone wp-image-4557 size-full\" src=\"https:\/\/sentaiyuanbio.com\/wp-content\/uploads\/2025\/03\/Start-the-instant-food-era2.jpg\" alt=\"Seetang Shirataki Konjak-Reis, Bester Konjac-Reis\" width=\"750\" height=\"750\" srcset=\"https:\/\/sentaiyuanbio.com\/wp-content\/uploads\/2025\/03\/Start-the-instant-food-era2.jpg 750w, https:\/\/sentaiyuanbio.com\/wp-content\/uploads\/2025\/03\/Start-the-instant-food-era2-600x600.jpg 600w, https:\/\/sentaiyuanbio.com\/wp-content\/uploads\/2025\/03\/Start-the-instant-food-era2-100x100.jpg 100w, https:\/\/sentaiyuanbio.com\/wp-content\/uploads\/2025\/03\/Start-the-instant-food-era2-300x300.jpg 300w, https:\/\/sentaiyuanbio.com\/wp-content\/uploads\/2025\/03\/Start-the-instant-food-era2-150x150.jpg 150w\" sizes=\"(max-width: 750px) 100vw, 750px\" \/><img decoding=\"async\" class=\"alignnone wp-image-4556 size-full\" src=\"https:\/\/sentaiyuanbio.com\/wp-content\/uploads\/2025\/03\/Seaweed-Konjac-Meal-Replacement-Rice.jpg\" alt=\"Seetang Shirataki Konjak-Reis, Bester Konjac-Reis\" width=\"750\" height=\"1100\" srcset=\"https:\/\/sentaiyuanbio.com\/wp-content\/uploads\/2025\/03\/Seaweed-Konjac-Meal-Replacement-Rice.jpg 750w, https:\/\/sentaiyuanbio.com\/wp-content\/uploads\/2025\/03\/Seaweed-Konjac-Meal-Replacement-Rice-205x300.jpg 205w, https:\/\/sentaiyuanbio.com\/wp-content\/uploads\/2025\/03\/Seaweed-Konjac-Meal-Replacement-Rice-698x1024.jpg 698w, https:\/\/sentaiyuanbio.com\/wp-content\/uploads\/2025\/03\/Seaweed-Konjac-Meal-Replacement-Rice-409x600.jpg 409w, https:\/\/sentaiyuanbio.com\/wp-content\/uploads\/2025\/03\/Seaweed-Konjac-Meal-Replacement-Rice-600x880.jpg 600w\" sizes=\"(max-width: 750px) 100vw, 750px\" \/><\/p>","protected":false},"excerpt":{"rendered":"<p>Dieser Seetang-Shirataki-Konjak-Reis hat nicht nur einen einzigartigen Geschmack, sondern ist auch kalorienarm. Der niedrige Kalorien- und Kohlenhydratgehalt von Konjak ist sehr gut f\u00fcr Menschen geeignet, die abnehmen und ihr Gewicht kontrollieren wollen. Die Zugabe von Seetang verleiht nicht nur einen k\u00f6stlichen Meeresgeschmack, sondern liefert auch reichlich Vitamine und Mineralien wie Kalzium und Eisen.<\/p>","protected":false},"featured_media":4544,"template":"","meta":{"site-sidebar-layout":"default","site-content-layout":"","ast-site-content-layout":"default","site-content-style":"default","site-sidebar-style":"default","ast-global-header-display":"","ast-banner-title-visibility":"","ast-main-header-display":"","ast-hfb-above-header-display":"","ast-hfb-below-header-display":"","ast-hfb-mobile-header-display":"","site-post-title":"","ast-breadcrumbs-content":"","ast-featured-img":"","footer-sml-layout":"","ast-disable-related-posts":"","theme-transparent-header-meta":"default","adv-header-id-meta":"","stick-header-meta":"default","header-above-stick-meta":"","header-main-stick-meta":"","header-below-stick-meta":"","astra-migrate-meta-layouts":"set","ast-page-background-enabled":"default","ast-page-background-meta":{"desktop":{"background-color":"","background-image":"","background-repeat":"repeat","background-position":"center center","background-size":"auto","background-attachment":"scroll","background-type":"","background-media":"","overlay-type":"","overlay-color":"","overlay-opacity":"","overlay-gradient":""},"tablet":{"background-color":"","background-image":"","background-repeat":"repeat","background-position":"center center","background-size":"auto","background-attachment":"scroll","background-type":"","background-media":"","overlay-type":"","overlay-color":"","overlay-opacity":"","overlay-gradient":""},"mobile":{"background-color":"","background-image":"","background-repeat":"repeat","background-position":"center center","background-size":"auto","background-attachment":"scroll","background-type":"","background-media":"","overlay-type":"","overlay-color":"","overlay-opacity":"","overlay-gradient":""}},"ast-content-background-meta":{"desktop":{"background-color":"var(--ast-global-color-5)","background-image":"","background-repeat":"repeat","background-position":"center center","background-size":"auto","background-attachment":"scroll","background-type":"","background-media":"","overlay-type":"","overlay-color":"","overlay-opacity":"","overlay-gradient":""},"tablet":{"background-color":"var(--ast-global-color-5)","background-image":"","background-repeat":"repeat","background-position":"center center","background-size":"auto","background-attachment":"scroll","background-type":"","background-media":"","overlay-type":"","overlay-color":"","overlay-opacity":"","overlay-gradient":""},"mobile":{"background-color":"var(--ast-global-color-5)","background-image":"","background-repeat":"repeat","background-position":"center center","background-size":"auto","background-attachment":"scroll","background-type":"","background-media":"","overlay-type":"","overlay-color":"","overlay-opacity":"","overlay-gradient":""}}},"product_brand":[],"product_cat":[250],"product_tag":[],"class_list":{"0":"post-4543","1":"product","2":"type-product","3":"status-publish","4":"has-post-thumbnail","6":"product_cat-wet-shirataki-rice","7":"desktop-align-left","8":"tablet-align-left","9":"mobile-align-left","10":"ast-product-gallery-layout-horizontal-slider","11":"ast-product-tabs-layout-horizontal","13":"first","14":"instock","15":"shipping-taxable","16":"product-type-simple"},"_links":{"self":[{"href":"https:\/\/sentaiyuanbio.com\/de\/wp-json\/wp\/v2\/product\/4543","targetHints":{"allow":["GET"]}}],"collection":[{"href":"https:\/\/sentaiyuanbio.com\/de\/wp-json\/wp\/v2\/product"}],"about":[{"href":"https:\/\/sentaiyuanbio.com\/de\/wp-json\/wp\/v2\/types\/product"}],"version-history":[{"count":0,"href":"https:\/\/sentaiyuanbio.com\/de\/wp-json\/wp\/v2\/product\/4543\/revisions"}],"wp:featuredmedia":[{"embeddable":true,"href":"https:\/\/sentaiyuanbio.com\/de\/wp-json\/wp\/v2\/media\/4544"}],"wp:attachment":[{"href":"https:\/\/sentaiyuanbio.com\/de\/wp-json\/wp\/v2\/media?parent=4543"}],"wp:term":[{"taxonomy":"product_brand","embeddable":true,"href":"https:\/\/sentaiyuanbio.com\/de\/wp-json\/wp\/v2\/product_brand?post=4543"},{"taxonomy":"product_cat","embeddable":true,"href":"https:\/\/sentaiyuanbio.com\/de\/wp-json\/wp\/v2\/product_cat?post=4543"},{"taxonomy":"product_tag","embeddable":true,"href":"https:\/\/sentaiyuanbio.com\/de\/wp-json\/wp\/v2\/product_tag?post=4543"}],"curies":[{"name":"wp","href":"https:\/\/api.w.org\/{rel}","templated":true}]}}